{"id":65,"date":"2016-06-02T08:12:27","date_gmt":"2016-06-02T08:12:27","guid":{"rendered":"http:\/\/blog.espol.edu.ec\/gehasanc\/?page_id=65"},"modified":"2016-06-02T08:12:27","modified_gmt":"2016-06-02T08:12:27","slug":"cuidado-de-la-piel-antes-de-maquillarnos","status":"publish","type":"page","link":"https:\/\/blog.espol.edu.ec\/gehasanc\/tips-para-tener-una-piel-suave\/cuidado-de-la-piel-antes-de-maquillarnos\/","title":{"rendered":"CUIDADO DE LA PIEL ANTES DE MAQUILLARNOS..."},"content":{"rendered":"<p>&nbsp;<\/p>\n<p><img loading=\"lazy\" decoding=\"async\" class=\"wp-image-63 aligncenter\" src=\"http:\/\/blog.espol.edu.ec\/gehasanc\/files\/2016\/06\/maq-ants.png\" alt=\"maq ants\" width=\"342\" height=\"215\" \/><strong>Limpieza:<\/strong> Utiliza un gel limpiador para lavar tu rostro y cuello. Aplica el producto sobre el rostro h\u00famedo, con movimientos circulares y suaves. Enjuaga con abundante agua y seca con un pa\u00f1uelo o toalla.<\/p>\n<p>Si tienes restos de maquillaje de larga duraci\u00f3n o resistente al agua en tus ojos, aplica un desmaquillante suave espec\u00edfico para ojos y con ayuda de un algod\u00f3n elimina las impurezas sobrantes. No arrastres, s\u00f3lo realiza suaves movimientos circulares para retirar la suciedad.<\/p>\n<p>Luego, coge otro algod\u00f3n y aplica un poco de leche limpiadora y rep\u00e1rtelo por todo el rostro con suaves movimientos circulares, observar\u00e1s como eliminas todos los restos de suciedad y aportas una luminosidad y limpieza instant\u00e1nea a tu cutis.<\/p>\n<p style=\"text-align: right\"><strong>Tonifica:<\/strong> Aplica con un algod\u00f3n un t\u00f3nico equilibrante para controlar la grasa y eliminar impurezas que puedan haber quedado en tu rostro. Este producto ofrece frescor inmediato a tu piel.<\/p>\n<p><strong>Hidrata:<\/strong> Para finalizar, aplica una loci\u00f3n o crema hidratante por todo el rostro y el cuello, como base para proteger tu piel. Aseg\u00farate de que usas una crema indicada para tu tipo de piel y que contiene un alto factor de protecci\u00f3n solar, ya que aunque sea invierno los rayos del sol act\u00faan con fuerza y pueden acelerar el proceso de envejecimiento prematuro de tu piel, a la vez que la aparici\u00f3n de peque\u00f1as manchas o imperfecciones.<\/p>\n","protected":false},"excerpt":{"rendered":"<p>&nbsp; Limpieza: Utiliza un gel limpiador para lavar tu rostro y cuello. Aplica el producto sobre el rostro h\u00famedo, con movimientos circulares y suaves. Enjuaga con abundante agua y seca con un pa\u00f1uelo o toalla. Si tienes restos de maquillaje de larga duraci\u00f3n o resistente al agua en tus ojos, aplica un desmaquillante suave espec\u00edfico [&hellip;]<\/p>\n","protected":false},"author":10376,"featured_media":0,"parent":14,"menu_order":1,"comment_status":"closed","ping_status":"closed","template":"","meta":{"footnotes":""},"class_list":["post-65","page","type-page","status-publish","hentry"],"_links":{"self":[{"href":"https:\/\/blog.espol.edu.ec\/gehasanc\/wp-json\/wp\/v2\/pages\/65","targetHints":{"allow":["GET"]}}],"collection":[{"href":"https:\/\/blog.espol.edu.ec\/gehasanc\/wp-json\/wp\/v2\/pages"}],"about":[{"href":"https:\/\/blog.espol.edu.ec\/gehasanc\/wp-json\/wp\/v2\/types\/page"}],"author":[{"embeddable":true,"href":"https:\/\/blog.espol.edu.ec\/gehasanc\/wp-json\/wp\/v2\/users\/10376"}],"replies":[{"embeddable":true,"href":"https:\/\/blog.espol.edu.ec\/gehasanc\/wp-json\/wp\/v2\/comments?post=65"}],"version-history":[{"count":1,"href":"https:\/\/blog.espol.edu.ec\/gehasanc\/wp-json\/wp\/v2\/pages\/65\/revisions"}],"predecessor-version":[{"id":66,"href":"https:\/\/blog.espol.edu.ec\/gehasanc\/wp-json\/wp\/v2\/pages\/65\/revisions\/66"}],"up":[{"embeddable":true,"href":"https:\/\/blog.espol.edu.ec\/gehasanc\/wp-json\/wp\/v2\/pages\/14"}],"wp:attachment":[{"href":"https:\/\/blog.espol.edu.ec\/gehasanc\/wp-json\/wp\/v2\/media?parent=65"}],"curies":[{"name":"wp","href":"https:\/\/api.w.org\/{rel}","templated":true}]}}