{"id":9,"date":"2010-06-09T18:39:13","date_gmt":"2010-06-09T18:39:13","guid":{"rendered":"http:\/\/blog.espol.edu.ec\/geliluza\/?page_id=9"},"modified":"2010-06-09T18:39:13","modified_gmt":"2010-06-09T18:39:13","slug":"mi-puccap-piciosa","status":"publish","type":"page","link":"https:\/\/blog.espol.edu.ec\/geliluza\/mi-puccap-piciosa\/","title":{"rendered":"mI PuCcAp pIcIoSa"},"content":{"rendered":"<div id=\"main\">\n<div id=\"AdSense3\"><span style=\"color: #ff00ff\">TODA LA HISTORIA DE PUCCA Y GARU! INFORMACION SOBRE PUCCA Y GARU!<\/span><\/div>\n<\/div>\n<div id=\"main-wrapper\">\n<div id=\"Blog1\">\n<div><span style=\"color: #a528d6\">La historia de Pucca es su obsesi\u00f3n con Garu un chico al que corre constantemente solo para darle un beso. Pucca es todo un personaje. Naci\u00f3 en Corea un siete de julio de no se sabe qu\u00e9 a\u00f1o, gracias a la creatividad de Vooz, una empresa maestra en crear personajes de anim\u00e9 para videojuegos y dibujos animados en 2D y 3D.<br \/>\n<\/span><\/div>\n<div>\n<div><span style=\"color: #a528d6\"><img decoding=\"async\" src=\"http:\/\/4.bp.blogspot.com\/_DQB51FM9x0E\/R-mIi41N5uI\/AAAAAAAAAu8\/VZgw_4Eg5gA\/s400\/pucca+CON+PALITOS+2.jpg\" border=\"0\" alt=\"\" \/>PUCCA!! <\/span><\/div>\n<div><span style=\"color: #a528d6\">Mide poco m\u00e1s de un palmo, es bajita, tiene los ojos rasgados y siempre lleva su negra melena recogida en dos graciosas coletas. Pucca es una graciosa mu\u00f1equita que est\u00e1 levantando pasiones entre los amantes de los manga y otras iconograf\u00edas asi\u00e1ticas.Esta encantadora ni\u00f1ita de dulce sonrisa, es hija del due\u00f1o de un restaurante chino llamado \u201cGuh-Ryong\u201d. Entre sus hobbys est\u00e1 la gastronom\u00eda: es una mani\u00e1tica de los \u201cZazang\u201d, una especialidad coreana de tallarines negros dulces y del \u201cDakwang\u201d, un plato a base de r\u00e1banos amarillos picantes.Pero nadie es perfecto, y Pucca tampoco. Su mayor defecto es que es muy impulsiva y no para de acosar a su enamorado Garu<\/span><\/div>\n<p><span style=\"color: #a528d6\"><img decoding=\"async\" src=\"http:\/\/2.bp.blogspot.com\/_DQB51FM9x0E\/R-mItY1N5vI\/AAAAAAAAAvE\/xZg3WRjQEOQ\/s400\/GARU+CON+ESPADA.gif\" border=\"0\" alt=\"\" \/>GARU!!<br \/>\nGaru es un descendiente ninja de 10 a\u00f1os de edad quien comparte con Pucca el conocimento de las artes marciales. El gran objetivo de su vida es reconstruir el nombre de su familia. Sin embargo, desde que Pucca le declaro con su amor, ella le distrae. Familia o amor? Ese es el dilema. (Y siempre escapando de los besos de Pucca) Desde que est\u00e1 en el punto de mira amoroso de la dulce y pesada Pucca, ha tenido que dejar de lado su gran objetivo en la vida, que es la reconstrucci\u00f3n del nombre de su familia. Deber\u00e1 escoger entre el honor de su familia o seguir los latidos de su coraz\u00f3n. Pucca acosa constantemente a Garu para conseguir un beso.<br \/>\n<img loading=\"lazy\" decoding=\"async\" src=\"http:\/\/1.bp.blogspot.com\/_DQB51FM9x0E\/R-mIxI1N5wI\/AAAAAAAAAvM\/6nT0MRuQG18\/s400\/MIO+2.gif\" border=\"0\" alt=\"\" width=\"158\" height=\"144\" \/>MIO!!<br \/>\nMio es la mascota inseparable de Garu (es un gato). Siempre le sigue a todas partes y en todas sus acciones. Las pupilas de sus ojos son como las agujas de un reloj, sabr\u00e1s que hora es mediante ellas.<\/span><\/p>\n<\/div>\n<\/div>\n<\/div>\n","protected":false},"excerpt":{"rendered":"<p>TODA LA HISTORIA DE PUCCA Y GARU! INFORMACION SOBRE PUCCA Y GARU! La historia de Pucca es su obsesi\u00f3n con Garu un chico al que corre constantemente solo para darle un beso. Pucca es todo un personaje. Naci\u00f3 en Corea un siete de julio de no se sabe qu\u00e9 a\u00f1o, gracias a la creatividad de [&hellip;]<\/p>\n","protected":false},"author":4216,"featured_media":0,"parent":0,"menu_order":0,"comment_status":"open","ping_status":"open","template":"","meta":{"footnotes":""},"class_list":["post-9","page","type-page","status-publish","hentry"],"_links":{"self":[{"href":"https:\/\/blog.espol.edu.ec\/geliluza\/wp-json\/wp\/v2\/pages\/9","targetHints":{"allow":["GET"]}}],"collection":[{"href":"https:\/\/blog.espol.edu.ec\/geliluza\/wp-json\/wp\/v2\/pages"}],"about":[{"href":"https:\/\/blog.espol.edu.ec\/geliluza\/wp-json\/wp\/v2\/types\/page"}],"author":[{"embeddable":true,"href":"https:\/\/blog.espol.edu.ec\/geliluza\/wp-json\/wp\/v2\/users\/4216"}],"replies":[{"embeddable":true,"href":"https:\/\/blog.espol.edu.ec\/geliluza\/wp-json\/wp\/v2\/comments?post=9"}],"version-history":[{"count":2,"href":"https:\/\/blog.espol.edu.ec\/geliluza\/wp-json\/wp\/v2\/pages\/9\/revisions"}],"predecessor-version":[{"id":11,"href":"https:\/\/blog.espol.edu.ec\/geliluza\/wp-json\/wp\/v2\/pages\/9\/revisions\/11"}],"wp:attachment":[{"href":"https:\/\/blog.espol.edu.ec\/geliluza\/wp-json\/wp\/v2\/media?parent=9"}],"curies":[{"name":"wp","href":"https:\/\/api.w.org\/{rel}","templated":true}]}}