{"id":72,"date":"2016-05-22T20:01:33","date_gmt":"2016-05-22T20:01:33","guid":{"rendered":"http:\/\/blog.espol.edu.ec\/gemazamb\/?page_id=72"},"modified":"2016-05-24T03:24:26","modified_gmt":"2016-05-24T03:24:26","slug":"conoce-mas-de-la-fotografia","status":"publish","type":"page","link":"https:\/\/blog.espol.edu.ec\/gemazamb\/conoce-mas-de-la-fotografia\/","title":{"rendered":"Conoce m\u00e1s de la fotograf\u00eda"},"content":{"rendered":"<p><strong>C\u00f3mo hacer fotograf\u00eda art\u00edstica<\/strong><\/p>\n<p>El art\u00edculo Introducci\u00f3n a la fotograf\u00eda menciona que existen tres tipos de fot\u00f3grafos. El amateur, el t\u00e9cnico y el artista.<\/p>\n<p>En s\u00ed, la fotograf\u00eda art\u00edstica se basa en una correcta combinaci\u00f3n de la t\u00e9cnica y el concepto. El artista, al contrario del t\u00e9cnico, busca romper con clich\u00e9s y se atreve a explorar, porque, como menciona el fot\u00f3grafo Elliot Erwitt, hacer fotograf\u00eda \u201cconsiste en buscar algo interesante en un lugar com\u00fan y corriente\u201d.<\/p>\n<p>La fotograf\u00eda art\u00edstica, m\u00e1s all\u00e1 de su belleza est\u00e9tica debe desembocar en un pensamiento; suscitar una reacci\u00f3n. Plantear preguntas. Debe quedarse en la cabeza de quien la ve, debe transmitirle algo. De otra manera ser\u00e1 otra m\u00e1s de las miles de im\u00e1genes que se pasan por alto d\u00eda a d\u00eda.<\/p>\n<p><strong><img decoding=\"async\" src=\"http:\/\/www.paisajesimagenes.com\/wp-content\/uploads\/paisajes-artisticos-bellos.jpg\" alt=\"\" \/>C\u00f3mo se forma un fot\u00f3grafo<\/strong><\/p>\n<p>La \u00fanica manera de formar un fot\u00f3grafo artista es a trav\u00e9s de la preparaci\u00f3n. Este debe conocer no \u00fanicamente de la t\u00e9cnica fotogr\u00e1fica, sino sus conocimientos deben incluir filosof\u00eda, antropolog\u00eda, sociolog\u00eda, moda, literatura. El fot\u00f3grafo artista conoce a profundidad la cultura visual de su \u00e9poca, pero tambi\u00e9n sabe de la historia del arte y de cultura en general. Esto le permitir\u00e1 anclar un sin n\u00famero de referentes, seguir sin n\u00famero de huellas que le ayuden a comprender mejor la pr\u00e1ctica art\u00edstica fotogr\u00e1fica, y de paso a s\u00ed mismo.<\/p>\n<p>Como menciona el fot\u00f3grafo Thomas Demand \u201cSi juegas al ajedrez, al principio te contentas con mover las piezas seg\u00fan las reglas. Una vez que sabes hacerlo, deja de parecerte interesante\u201d.<\/p>\n<p>El fot\u00f3grafo artista deja que su obra hable sola. No necesita de explicaciones. Si bien en ocasiones algunos presentan tendencias mucho m\u00e1s abstractas que otros, el punto clave radica en su construcci\u00f3n, de qu\u00e9 manera la fotograf\u00eda habla, de qu\u00e9 manera cobra vida.<\/p>\n<p><img decoding=\"async\" src=\"http:\/\/www.villastiburon.com\/wp-content\/uploads\/2016\/02\/fotografo.jpg\" alt=\"\" \/><\/p>\n<p>&nbsp;<\/p>\n<p><em>Fuente:\u00a0https:\/\/haztefotos.wordpress.com\/actualidad-fotografica\/concepto-de-fotografia-artistica\/<\/em><\/p>\n","protected":false},"excerpt":{"rendered":"<p>C\u00f3mo hacer fotograf\u00eda art\u00edstica El art\u00edculo Introducci\u00f3n a la fotograf\u00eda menciona que existen tres tipos de fot\u00f3grafos. El amateur, el t\u00e9cnico y el artista. En s\u00ed, la fotograf\u00eda art\u00edstica se basa en una correcta combinaci\u00f3n de la t\u00e9cnica y el concepto. El artista, al contrario del t\u00e9cnico, busca romper con clich\u00e9s y se atreve a [&hellip;]<\/p>\n","protected":false},"author":10260,"featured_media":0,"parent":0,"menu_order":0,"comment_status":"closed","ping_status":"closed","template":"","meta":{"footnotes":""},"class_list":["post-72","page","type-page","status-publish","hentry"],"_links":{"self":[{"href":"https:\/\/blog.espol.edu.ec\/gemazamb\/wp-json\/wp\/v2\/pages\/72","targetHints":{"allow":["GET"]}}],"collection":[{"href":"https:\/\/blog.espol.edu.ec\/gemazamb\/wp-json\/wp\/v2\/pages"}],"about":[{"href":"https:\/\/blog.espol.edu.ec\/gemazamb\/wp-json\/wp\/v2\/types\/page"}],"author":[{"embeddable":true,"href":"https:\/\/blog.espol.edu.ec\/gemazamb\/wp-json\/wp\/v2\/users\/10260"}],"replies":[{"embeddable":true,"href":"https:\/\/blog.espol.edu.ec\/gemazamb\/wp-json\/wp\/v2\/comments?post=72"}],"version-history":[{"count":3,"href":"https:\/\/blog.espol.edu.ec\/gemazamb\/wp-json\/wp\/v2\/pages\/72\/revisions"}],"predecessor-version":[{"id":86,"href":"https:\/\/blog.espol.edu.ec\/gemazamb\/wp-json\/wp\/v2\/pages\/72\/revisions\/86"}],"wp:attachment":[{"href":"https:\/\/blog.espol.edu.ec\/gemazamb\/wp-json\/wp\/v2\/media?parent=72"}],"curies":[{"name":"wp","href":"https:\/\/api.w.org\/{rel}","templated":true}]}}