{"id":1,"date":"2009-05-20T14:00:34","date_gmt":"2009-05-20T18:00:34","guid":{"rendered":""},"modified":"2009-08-04T22:46:58","modified_gmt":"2009-08-05T02:46:58","slug":"about","status":"publish","type":"page","link":"https:\/\/blog.espol.edu.ec\/geovanny\/about\/","title":{"rendered":"Musica"},"content":{"rendered":"<p><a href=\"http:\/\/www.flickr.com\/photos\/39191788@N02\/3660845391\/\" title=\"Michael Jackson\" class=\"flickr-image aligncenter\"><img decoding=\"async\" src=\"http:\/\/farm4.static.flickr.com\/3392\/3660845391_d1995b0473.jpg\" alt=\"Michael Jackson\" class=\"\" \/><\/a><br \/>\nComo al igual que a muchos, me sorprendio que en titulares de periodicos y television aparecieran como titulares\"Icono del Pop Michael Jackson Murio\" El Universo, \"Michael Jackson Dead\" Los Angeles Times,  \"Michael Jackson Dies \" TMZ.com Y es que su muerte se puede comparar con la de Jhon Lennon, desde que se supo la tragica noticia cientos de fanaticos del cantante se agolparon a las afueras del hospital en busca de respuestas.<br \/>\nEn otros puntos tambien se produjeron concentraciones espontaneas de seguidores como en la plaza de Time square en New York donde algunos fans observaron con lagrimas en los ojos los titulares luminosos por la muerte del cantante.<br \/>\nLos paramedicos que lo atendieron informaron que al momento del arribo de la ambulancia al domicilio el artista ya no respiraba y a la llegada al hospital estaba en un coma profundo.<br \/>\nEl interprete de canciones como Thriller, Beat it, Billy Jean y The way you make me feel son solo algunas de las joyas de su legado art\u00edstico.<br \/>\n\"Thriller\", reeditado en 2008 para conmemorar los 25 a\u00f1os de su lanzamiento, es el trabajo discogr\u00e1fico m\u00e1s vendido en la historia, con m\u00e1s de 100 millones de copias en todo el mundo, ocho Grammy y casi 60 discos de platino, lo que le vali\u00f3 a Jackson la corona de monarca absoluto de la m\u00fasica pop.<br \/>\nY esta es la ultima foto del cantante<\/p>\n<p><a href=\"http:\/\/www.flickr.com\/photos\/39191788@N02\/3660977539\/\" title=\"ultima foto de michael jackson\" class=\"flickr-image aligncenter\"><img decoding=\"async\" src=\"http:\/\/farm3.static.flickr.com\/2606\/3660977539_bc3112d691.jpg\" alt=\"ultima foto de michael jackson\" class=\"\" \/><\/a><\/p>\n","protected":false},"excerpt":{"rendered":"<p>Como al igual que a muchos, me sorprendio que en titulares de periodicos y television aparecieran como titulares\"Icono del Pop Michael Jackson Murio\" El Universo, \"Michael Jackson Dead\" Los Angeles Times, \"Michael Jackson Dies \" TMZ.com Y es que su muerte se puede comparar con la de Jhon Lennon, desde que se supo la tragica [&hellip;]<\/p>\n","protected":false},"author":1567,"featured_media":0,"parent":0,"menu_order":0,"comment_status":"open","ping_status":"open","template":"","meta":{"footnotes":""},"class_list":["post-1","page","type-page","status-publish","hentry"],"_links":{"self":[{"href":"https:\/\/blog.espol.edu.ec\/geovanny\/wp-json\/wp\/v2\/pages\/1","targetHints":{"allow":["GET"]}}],"collection":[{"href":"https:\/\/blog.espol.edu.ec\/geovanny\/wp-json\/wp\/v2\/pages"}],"about":[{"href":"https:\/\/blog.espol.edu.ec\/geovanny\/wp-json\/wp\/v2\/types\/page"}],"author":[{"embeddable":true,"href":"https:\/\/blog.espol.edu.ec\/geovanny\/wp-json\/wp\/v2\/users\/1567"}],"replies":[{"embeddable":true,"href":"https:\/\/blog.espol.edu.ec\/geovanny\/wp-json\/wp\/v2\/comments?post=1"}],"version-history":[{"count":5,"href":"https:\/\/blog.espol.edu.ec\/geovanny\/wp-json\/wp\/v2\/pages\/1\/revisions"}],"predecessor-version":[{"id":69,"href":"https:\/\/blog.espol.edu.ec\/geovanny\/wp-json\/wp\/v2\/pages\/1\/revisions\/69"}],"wp:attachment":[{"href":"https:\/\/blog.espol.edu.ec\/geovanny\/wp-json\/wp\/v2\/media?parent=1"}],"curies":[{"name":"wp","href":"https:\/\/api.w.org\/{rel}","templated":true}]}}