{"id":40,"date":"2013-11-24T14:23:35","date_gmt":"2013-11-24T17:53:35","guid":{"rendered":"http:\/\/blog.espol.edu.ec\/geramald\/?page_id=40"},"modified":"2013-11-24T14:31:34","modified_gmt":"2013-11-24T18:01:34","slug":"peliculas","status":"publish","type":"page","link":"https:\/\/blog.espol.edu.ec\/geramald\/peliculas\/","title":{"rendered":"Peliculas"},"content":{"rendered":"<p>Chris Gardner (Will Smith) es un vendedor brillante y con talento, pero su empleo no le permite cubrir sus necesidades m\u00e1s b\u00e1sicas. Tanto es as\u00ed que acaban ech\u00e1ndolo, junto a su hijo de cinco a\u00f1os (Jaden Smith), de su piso de San Francisco, y ambos no tienen ning\u00fan lugar al que ir. Cuando Gardner consigue hacer unas pr\u00e1cticas en una prestigiosa corredur\u00eda de bolsa, los dos protagonistas tendr\u00e1n que afrontar muchas adversidades parar hacer realidad su sue\u00f1o de una vida mejor. <\/p>\n<p><a href=\"http:\/\/blog.espol.edu.ec\/geramald\/files\/2013\/11\/En_busca_de_la_felicidad-527305651-main.jpg\"><img loading=\"lazy\" decoding=\"async\" src=\"http:\/\/blog.espol.edu.ec\/geramald\/files\/2013\/11\/En_busca_de_la_felicidad-527305651-main.jpg\" alt=\"En_busca_de_la_felicidad-527305651-main\" width=\"160\" height=\"236\" class=\"alignnone size-full wp-image-43\" \/><\/a><\/p>\n<p><iframe loading=\"lazy\" width=\"560\" height=\"315\" src=\"\/\/www.youtube.com\/embed\/rxtGMH7OrLc\" frameborder=\"0\" allowfullscreen><\/iframe><\/p>\n","protected":false},"excerpt":{"rendered":"<p>Chris Gardner (Will Smith) es un vendedor brillante y con talento, pero su empleo no le permite cubrir sus necesidades m\u00e1s b\u00e1sicas. Tanto es as\u00ed que acaban ech\u00e1ndolo, junto a su hijo de cinco a\u00f1os (Jaden Smith), de su piso &hellip; <a href=\"https:\/\/blog.espol.edu.ec\/geramald\/peliculas\/\">Sigue leyendo <span class=\"meta-nav\">&rarr;<\/span><\/a><\/p>\n","protected":false},"author":8785,"featured_media":0,"parent":0,"menu_order":0,"comment_status":"open","ping_status":"open","template":"","meta":{"footnotes":""},"class_list":["post-40","page","type-page","status-publish","hentry"],"_links":{"self":[{"href":"https:\/\/blog.espol.edu.ec\/geramald\/wp-json\/wp\/v2\/pages\/40","targetHints":{"allow":["GET"]}}],"collection":[{"href":"https:\/\/blog.espol.edu.ec\/geramald\/wp-json\/wp\/v2\/pages"}],"about":[{"href":"https:\/\/blog.espol.edu.ec\/geramald\/wp-json\/wp\/v2\/types\/page"}],"author":[{"embeddable":true,"href":"https:\/\/blog.espol.edu.ec\/geramald\/wp-json\/wp\/v2\/users\/8785"}],"replies":[{"embeddable":true,"href":"https:\/\/blog.espol.edu.ec\/geramald\/wp-json\/wp\/v2\/comments?post=40"}],"version-history":[{"count":3,"href":"https:\/\/blog.espol.edu.ec\/geramald\/wp-json\/wp\/v2\/pages\/40\/revisions"}],"predecessor-version":[{"id":44,"href":"https:\/\/blog.espol.edu.ec\/geramald\/wp-json\/wp\/v2\/pages\/40\/revisions\/44"}],"wp:attachment":[{"href":"https:\/\/blog.espol.edu.ec\/geramald\/wp-json\/wp\/v2\/media?parent=40"}],"curies":[{"name":"wp","href":"https:\/\/api.w.org\/{rel}","templated":true}]}}