{"id":49,"date":"2013-11-24T14:56:42","date_gmt":"2013-11-24T18:26:42","guid":{"rendered":"http:\/\/blog.espol.edu.ec\/geramald\/?page_id=49"},"modified":"2013-11-24T14:57:16","modified_gmt":"2013-11-24T18:27:16","slug":"libros-recomendados","status":"publish","type":"page","link":"https:\/\/blog.espol.edu.ec\/geramald\/libros-recomendados\/","title":{"rendered":"Libros recomendados"},"content":{"rendered":"<p>1) \u201cEl cerebro de buda : la neurociencia de la felicidad, el amor y la sabidur\u00eda\u201d de Rick Hanson.<\/p>\n<p>Una perfecta combinaci\u00f3n entre neurociencia y las t\u00e9cnicas milenarias del budismo nos ofrece una visi\u00f3n hol\u00edstica de lo que realmente somos y de lo que podemos cambiar para encontrarnos mejor en nuestro d\u00eda a d\u00eda. La primera parte del libro  es una  descripci\u00f3n geogr\u00e1fica de lo que es nuestro cerebro\u2026 de su evoluci\u00f3n\u2026 de la operatividad y funciones de sus partes claves,  as\u00ed como del tipo de emociones que  corresponde a cada una de ellas.  Una clara decripci\u00f3n que nos hace y comprender la fuerza  que sigue teniendo la  herencia  de nuestros antepasados m\u00e1s primitivos  y de c\u00f3mo estos modelos siguen activ\u00e1ndose todav\u00eda  como mecanismo de defensa para nuestra supervivencia. Esta comprensi\u00f3n que los autores logran en el lector  nos responden al porqu\u00e9 de muchas de nuestras reacciones.<br \/>\n<a href=\"http:\/\/blog.espol.edu.ec\/geramald\/files\/2013\/11\/descarga1.jpg\"><img loading=\"lazy\" decoding=\"async\" src=\"http:\/\/blog.espol.edu.ec\/geramald\/files\/2013\/11\/descarga1.jpg\" alt=\"descarga1\" width=\"160\" height=\"272\" class=\"alignnone size-full wp-image-50\" \/><\/a><\/p>\n<p>2) \u201cSobre la felicidad a ultranza\u201d de Ugo Cornia.<\/p>\n<p>Perder a un ser querido es algo sumamente doloroso. Ser consciente de que a lo largo de la vida vamos a perder a muchos seres queridos es, por tanto, una de las verdades m\u00e1s duras a las que tenemos que enfrentarnos. Y, sin embargo, seguimos adelante. Y porque seguimos adelante, podemos recordar a las personas que nos faltan y convertir el sufrimiento en un hermoso recuerdo que no nos abandonar\u00e1 nunca.<\/p>\n<p><a href=\"http:\/\/blog.espol.edu.ec\/geramald\/files\/2013\/11\/descarga2.jpg\"><img loading=\"lazy\" decoding=\"async\" src=\"http:\/\/blog.espol.edu.ec\/geramald\/files\/2013\/11\/descarga2.jpg\" alt=\"descarga2\" width=\"180\" height=\"280\" class=\"alignnone size-full wp-image-51\" \/><\/a><\/p>\n<p>3) \u201cD\u00e9jate ser feliz\u201d de Carlos Go\u00f1i.<\/p>\n<p>Esta obra breve del fil\u00f3sofo Carlos Go\u00f1i hace una reflexi\u00f3n sobre qu\u00e9 significa \u201cfelicidad\u201d y qu\u00e9 podemos hacer para reconocerla en nuestra propia vida. La felicidad no es algo que se conoce, es algo que se reconoce. Muchas personas no son capaces de ver la felicidad cuando pasa por su lado. Este libro invita a reflexionar sobre nuestra propia felicidad, a encontrarla en nuestra vida corriendo los velos que nos impiden verla.<br \/>\n<a href=\"http:\/\/blog.espol.edu.ec\/geramald\/files\/2013\/11\/descarga3.jpg\"><img loading=\"lazy\" decoding=\"async\" src=\"http:\/\/blog.espol.edu.ec\/geramald\/files\/2013\/11\/descarga3.jpg\" alt=\"descarga3\" width=\"183\" height=\"276\" class=\"alignnone size-full wp-image-52\" \/><\/a><\/p>\n","protected":false},"excerpt":{"rendered":"<p>1) \u201cEl cerebro de buda : la neurociencia de la felicidad, el amor y la sabidur\u00eda\u201d de Rick Hanson. Una perfecta combinaci\u00f3n entre neurociencia y las t\u00e9cnicas milenarias del budismo nos ofrece una visi\u00f3n hol\u00edstica de lo que realmente somos &hellip; <a href=\"https:\/\/blog.espol.edu.ec\/geramald\/libros-recomendados\/\">Sigue leyendo <span class=\"meta-nav\">&rarr;<\/span><\/a><\/p>\n","protected":false},"author":8785,"featured_media":0,"parent":0,"menu_order":0,"comment_status":"open","ping_status":"open","template":"","meta":{"footnotes":""},"class_list":["post-49","page","type-page","status-publish","hentry"],"_links":{"self":[{"href":"https:\/\/blog.espol.edu.ec\/geramald\/wp-json\/wp\/v2\/pages\/49","targetHints":{"allow":["GET"]}}],"collection":[{"href":"https:\/\/blog.espol.edu.ec\/geramald\/wp-json\/wp\/v2\/pages"}],"about":[{"href":"https:\/\/blog.espol.edu.ec\/geramald\/wp-json\/wp\/v2\/types\/page"}],"author":[{"embeddable":true,"href":"https:\/\/blog.espol.edu.ec\/geramald\/wp-json\/wp\/v2\/users\/8785"}],"replies":[{"embeddable":true,"href":"https:\/\/blog.espol.edu.ec\/geramald\/wp-json\/wp\/v2\/comments?post=49"}],"version-history":[{"count":1,"href":"https:\/\/blog.espol.edu.ec\/geramald\/wp-json\/wp\/v2\/pages\/49\/revisions"}],"predecessor-version":[{"id":53,"href":"https:\/\/blog.espol.edu.ec\/geramald\/wp-json\/wp\/v2\/pages\/49\/revisions\/53"}],"wp:attachment":[{"href":"https:\/\/blog.espol.edu.ec\/geramald\/wp-json\/wp\/v2\/media?parent=49"}],"curies":[{"name":"wp","href":"https:\/\/api.w.org\/{rel}","templated":true}]}}