{"id":42,"date":"2009-08-22T18:16:05","date_gmt":"2009-08-22T23:16:05","guid":{"rendered":"http:\/\/blog.espol.edu.ec\/gerardo711\/?page_id=42"},"modified":"2009-08-22T18:32:29","modified_gmt":"2009-08-22T23:32:29","slug":"cosas-curiosas","status":"publish","type":"page","link":"https:\/\/blog.espol.edu.ec\/gerardo711\/cosas-curiosas\/","title":{"rendered":"Cosas curiosas"},"content":{"rendered":"<p>El animal mas dormil\u00f3n es el Koala, duerme 22 horas por d\u00eda.<\/p>\n<p>El \"cuac\" de un pato no produce eco y nadie sabe porqu\u00e9.<\/p>\n<p>El oso polar tiene la piel negra.<\/p>\n<p>Thomas Alva Edison tem\u00eda a la oscuridad.<\/p>\n<p>El ser humano tiene m\u00e1s de 600 m\u00fasculos. Una oruga m\u00e1s de 2,000.<\/p>\n<p>Durante la guerra civil en Estados Unidos, cuando regresaban las tropas a sus cuarteles sin tener ninguna baja, pon\u00edan en una gran pizarra '0 Killed' (cero muertos). De ah\u00ed proviene la expresi\u00f3n 'O.K.' para decir que todo esta bien.<\/p>\n<p>El nombre Jeep viene de la abreviaci\u00f3n del ej\u00e9rcito americano de \"General Purpose\" Vehicle, o sea \"G.P.\" pronunciado en ingl\u00e9s.<\/p>\n<p>El encendedor (mechero) se invent\u00f3 antes que las cerillas.<\/p>\n<p>La Coca Cola era originalmente verde.<\/p>\n<p>La silla el\u00e9ctrica fue inventada por un dentista.<\/p>\n<p>\"640 Kb -de memoria- deben ser suficientes para cualquiera\"... Bill Gates en 1981.<\/p>\n<p>En la antigua Inglaterra la gente no pod\u00eda tener sexo sin contar con el consentimiento del Rey (a menos que se tratara de un miembro de la familia real). Cuando la gente quer\u00eda tener un hijo deb\u00edan solicitar un permiso al monarca, quien les entregaba una placa que deb\u00edan colgar afuera de su puerta mientras ten\u00edan relaciones. La placa dec\u00eda (Fornication Under Consent of the King\" (F.U.C.K.). Ese es el origen de tan \"socorrida\" palabrita.<\/p>\n","protected":false},"excerpt":{"rendered":"<p>El animal mas dormil\u00f3n es el Koala, duerme 22 horas por d\u00eda. El \"cuac\" de un pato no produce eco y nadie sabe porqu\u00e9. El oso polar tiene la piel negra. Thomas Alva Edison tem\u00eda a la oscuridad. El ser humano tiene m\u00e1s de 600 m\u00fasculos. Una oruga m\u00e1s de 2,000. Durante la guerra civil [&hellip;]<\/p>\n","protected":false},"author":1914,"featured_media":0,"parent":0,"menu_order":0,"comment_status":"open","ping_status":"open","template":"","meta":{"footnotes":""},"class_list":["post-42","page","type-page","status-publish","hentry"],"_links":{"self":[{"href":"https:\/\/blog.espol.edu.ec\/gerardo711\/wp-json\/wp\/v2\/pages\/42","targetHints":{"allow":["GET"]}}],"collection":[{"href":"https:\/\/blog.espol.edu.ec\/gerardo711\/wp-json\/wp\/v2\/pages"}],"about":[{"href":"https:\/\/blog.espol.edu.ec\/gerardo711\/wp-json\/wp\/v2\/types\/page"}],"author":[{"embeddable":true,"href":"https:\/\/blog.espol.edu.ec\/gerardo711\/wp-json\/wp\/v2\/users\/1914"}],"replies":[{"embeddable":true,"href":"https:\/\/blog.espol.edu.ec\/gerardo711\/wp-json\/wp\/v2\/comments?post=42"}],"version-history":[{"count":4,"href":"https:\/\/blog.espol.edu.ec\/gerardo711\/wp-json\/wp\/v2\/pages\/42\/revisions"}],"predecessor-version":[{"id":44,"href":"https:\/\/blog.espol.edu.ec\/gerardo711\/wp-json\/wp\/v2\/pages\/42\/revisions\/44"}],"wp:attachment":[{"href":"https:\/\/blog.espol.edu.ec\/gerardo711\/wp-json\/wp\/v2\/media?parent=42"}],"curies":[{"name":"wp","href":"https:\/\/api.w.org\/{rel}","templated":true}]}}