{"id":72,"date":"2009-12-15T17:34:31","date_gmt":"2009-12-15T22:34:31","guid":{"rendered":"http:\/\/blog.espol.edu.ec\/gerardo711\/?page_id=72"},"modified":"2009-12-15T17:34:31","modified_gmt":"2009-12-15T22:34:31","slug":"asunto-circular-policia-nacional","status":"publish","type":"page","link":"https:\/\/blog.espol.edu.ec\/gerardo711\/urgentes\/asunto-circular-policia-nacional\/","title":{"rendered":"Asunto: Circular Polic\u00eda Nacional"},"content":{"rendered":"<p><img decoding=\"async\" src=\"http:\/\/www.importvelez.com.ar\/images\/Agujas.jpg\" alt=\"Cuidado!!\" \/><br \/>\nHemos recibido esta informaci\u00f3n y consideramos que ustedes deben conocerla, no queremos alarmarlos, sino prevenirlos y que tomen las precauciones pertinentes:<\/p>\n<p>Por favor revisen su silla cuando vayan al cine. La mayor\u00eda de nosotros nos sentamos en el asiento sin revisarlo.<br \/>\nMuevan el asiento varias veces para\u00a0ver si hay algo y f\u00edjese muy bien.<br \/>\nProcure ingresar a la Sala cuando haya\u00a0luz.<br \/>\nNo lo palpe con la mano, podr\u00eda encontrarse con una aguja y una nota diciendo algo como esto:<strong>'BIENVENIDO AL MUNDO REAL: YA ERES VIH POSITIVO'.<\/strong><br \/>\nEn los tel\u00e9fonos p\u00fablicos se ha detectado el mismo problema: un grupo de drogadictos deja agujas en los orificios de devoluci\u00f3n del dinero para todo aquel que introduzca la mano se infecte.<\/p>\n<p>Este mensaje ha sido enviado a todo el mundo para que nos mantengamos alejados del peligro.<\/p>\n<p>Atentamente,<br \/>\nPolic\u00eda Nacional<br \/>\nEsperamos que esta informaci\u00f3n sea de ayuda de todos y agradeceremos hacerla\u00a0extensiva a\u00a0quienes m\u00e1s puedan.<\/p>\n","protected":false},"excerpt":{"rendered":"<p>Hemos recibido esta informaci\u00f3n y consideramos que ustedes deben conocerla, no queremos alarmarlos, sino prevenirlos y que tomen las precauciones pertinentes: Por favor revisen su silla cuando vayan al cine. La mayor\u00eda de nosotros nos sentamos en el asiento sin revisarlo. Muevan el asiento varias veces para\u00a0ver si hay algo y f\u00edjese muy bien. Procure [&hellip;]<\/p>\n","protected":false},"author":1914,"featured_media":0,"parent":70,"menu_order":0,"comment_status":"open","ping_status":"open","template":"","meta":{"footnotes":""},"class_list":["post-72","page","type-page","status-publish","hentry"],"_links":{"self":[{"href":"https:\/\/blog.espol.edu.ec\/gerardo711\/wp-json\/wp\/v2\/pages\/72","targetHints":{"allow":["GET"]}}],"collection":[{"href":"https:\/\/blog.espol.edu.ec\/gerardo711\/wp-json\/wp\/v2\/pages"}],"about":[{"href":"https:\/\/blog.espol.edu.ec\/gerardo711\/wp-json\/wp\/v2\/types\/page"}],"author":[{"embeddable":true,"href":"https:\/\/blog.espol.edu.ec\/gerardo711\/wp-json\/wp\/v2\/users\/1914"}],"replies":[{"embeddable":true,"href":"https:\/\/blog.espol.edu.ec\/gerardo711\/wp-json\/wp\/v2\/comments?post=72"}],"version-history":[{"count":1,"href":"https:\/\/blog.espol.edu.ec\/gerardo711\/wp-json\/wp\/v2\/pages\/72\/revisions"}],"predecessor-version":[{"id":73,"href":"https:\/\/blog.espol.edu.ec\/gerardo711\/wp-json\/wp\/v2\/pages\/72\/revisions\/73"}],"up":[{"embeddable":true,"href":"https:\/\/blog.espol.edu.ec\/gerardo711\/wp-json\/wp\/v2\/pages\/70"}],"wp:attachment":[{"href":"https:\/\/blog.espol.edu.ec\/gerardo711\/wp-json\/wp\/v2\/media?parent=72"}],"curies":[{"name":"wp","href":"https:\/\/api.w.org\/{rel}","templated":true}]}}