{"id":81,"date":"2009-12-15T17:50:06","date_gmt":"2009-12-15T22:50:06","guid":{"rendered":"http:\/\/blog.espol.edu.ec\/gerardo711\/?page_id=81"},"modified":"2009-12-15T17:50:20","modified_gmt":"2009-12-15T22:50:20","slug":"tommy-hilfiger","status":"publish","type":"page","link":"https:\/\/blog.espol.edu.ec\/gerardo711\/urgentes\/tommy-hilfiger\/","title":{"rendered":"Tommy Hilfiger"},"content":{"rendered":"<p><span style=\"color: #ffc000;font-size: xx-large\">QUE DESCARO..!!!!<br \/>\n<\/span><\/p>\n<div>\n<div>\n<div>\n<table border=\"0\" cellspacing=\"0\" cellpadding=\"0\">\n<tbody>\n<tr>\n<td valign=\"top\">\n<blockquote>\n<div><strong><strong><span style=\"font-family: Tahoma;color: #4f81bd;font-size: small\"><span>El domingo 7 de Enero, Se publico una informaci\u00f3n sobre TOMMY HILFIGER. A pesar de la globalizaci\u00f3n y\u00a0 de la rapidez en las comunicaciones, seguimos estando atrasados, si no, lean la siguiente an\u00e9cdota:<\/span><\/span><\/strong><\/strong><strong><span style=\"font-family: Tahoma\"><span><\/p>\n<p><\/span><\/span><\/strong><strong><strong><strong><span style=\"font-family: Tahoma;color: #0070c0;font-size: small\"><span>Oprah Winfrey en uno de sus programas m\u00e1s recientes, entrevisto a <\/span><\/span><\/strong><\/strong><\/strong><span style=\"color: #0070c0\"><strong><strong><span style=\"font-family: Tahoma;font-size: small\"><span>Tommy Hilfiger<\/span><\/span><\/strong><\/strong><strong><strong><span style=\"font-family: Tahoma\"><span><span style=\"font-size: small\">,\u00a0<span style=\"color: #4f81bd\">el dise\u00f1ador de la ropa que lleva su nombre.<\/span><\/span><span style=\"color: #4f81bd\"> <\/span><\/span><\/span><\/strong><\/strong><br \/>\n<\/span><\/div>\n<div><span style=\"color: #0070c0\"> <\/span><\/div>\n<div><span style=\"color: #4f81bd\"><strong><strong><span style=\"font-family: Tahoma;font-size: small\"><span>En el show, Oprah le pregunta si de verdad \u00e9l hab\u00eda hecho el siguiente comentario:<\/span><\/span><\/strong><\/strong><br \/>\n<\/span><\/div>\n<p align=\"center\"><span style=\"font-family: Tahoma;font-size: xx-small\"><strong><strong><span style=\"font-family: Tahoma;color: #0070c0;font-size: large\"><span>'Si yo hubiera sabido que los negros americanos, los\u00a0latinos colombianos,Venezolanos cubanos, mexicanos y los asi\u00e1ticos comprar\u00edan mi ropa, no la hubiese dise\u00f1ado tan buena. Desear\u00eda que ese tipo gente no comprara mi ropa, pues esta hecha para gente cauc\u00e1sica, de clase alta... y desear\u00eda d\u00e1rsela mejor a los cerdos\u2026'<\/span><\/span><\/strong><\/strong><\/span><\/p>\n<p><span style=\"font-family: Tahoma;font-size: xx-small\"><strong><strong><\/strong><\/strong><\/span><\/p>\n<div><span style=\"font-family: Tahoma;font-size: xx-small\"><strong><strong><span style=\"font-family: Tahoma;color: #000000;font-size: small\"><span>Ante la pregunta de Winfrey de si el hab\u00eda hecho tan cruda afirmaci\u00f3n, Hilfiger respondi\u00f3 con un simple y escueto <\/span><\/span><\/strong><\/strong><\/span><br \/>\n<span style=\"font-family: Tahoma;font-size: xx-small\"><strong><strong><\/strong><\/strong> <\/span><br \/>\n<span style=\"font-family: Tahoma;font-size: xx-small\"><strong><strong><\/strong><\/strong> <\/span><br \/>\n<span style=\"font-family: Tahoma;color: #ff0000;font-size: xx-large\"><strong>\" \u00a0si...si lo dije....\"<\/strong><\/span><br \/>\n<span style=\"font-family: Tahoma;font-size: xx-small\"><strong><strong><\/strong><\/strong> <\/span><br \/>\n<span style=\"font-family: Tahoma;font-size: xx-small\"><strong><strong><\/strong><\/strong><\/span><span style=\"font-family: Tahoma;font-size: xx-small\"><span> <\/span><\/span><\/div>\n<div><strong><strong><span style=\"font-family: Tahoma;color: #00b050\"><span>Inmediatamente despu\u00e9s,\u00a0<span style=\"text-decoration: underline\"><span style=\"color: #00b050\">Oprah<\/span><\/span> le exigi\u00f3 que abandonara su show. <\/span><\/span><\/strong><\/strong><\/div>\n<\/blockquote>\n<\/td>\n<\/tr>\n<\/tbody>\n<\/table>\n<\/div>\n<\/div>\n<\/div>\n","protected":false},"excerpt":{"rendered":"<p>QUE DESCARO..!!!! El domingo 7 de Enero, Se publico una informaci\u00f3n sobre TOMMY HILFIGER. A pesar de la globalizaci\u00f3n y\u00a0 de la rapidez en las comunicaciones, seguimos estando atrasados, si no, lean la siguiente an\u00e9cdota: Oprah Winfrey en uno de sus programas m\u00e1s recientes, entrevisto a Tommy Hilfiger,\u00a0el dise\u00f1ador de la ropa que lleva su [&hellip;]<\/p>\n","protected":false},"author":1914,"featured_media":0,"parent":70,"menu_order":0,"comment_status":"open","ping_status":"open","template":"","meta":{"footnotes":""},"class_list":["post-81","page","type-page","status-publish","hentry"],"_links":{"self":[{"href":"https:\/\/blog.espol.edu.ec\/gerardo711\/wp-json\/wp\/v2\/pages\/81","targetHints":{"allow":["GET"]}}],"collection":[{"href":"https:\/\/blog.espol.edu.ec\/gerardo711\/wp-json\/wp\/v2\/pages"}],"about":[{"href":"https:\/\/blog.espol.edu.ec\/gerardo711\/wp-json\/wp\/v2\/types\/page"}],"author":[{"embeddable":true,"href":"https:\/\/blog.espol.edu.ec\/gerardo711\/wp-json\/wp\/v2\/users\/1914"}],"replies":[{"embeddable":true,"href":"https:\/\/blog.espol.edu.ec\/gerardo711\/wp-json\/wp\/v2\/comments?post=81"}],"version-history":[{"count":2,"href":"https:\/\/blog.espol.edu.ec\/gerardo711\/wp-json\/wp\/v2\/pages\/81\/revisions"}],"predecessor-version":[{"id":83,"href":"https:\/\/blog.espol.edu.ec\/gerardo711\/wp-json\/wp\/v2\/pages\/81\/revisions\/83"}],"up":[{"embeddable":true,"href":"https:\/\/blog.espol.edu.ec\/gerardo711\/wp-json\/wp\/v2\/pages\/70"}],"wp:attachment":[{"href":"https:\/\/blog.espol.edu.ec\/gerardo711\/wp-json\/wp\/v2\/media?parent=81"}],"curies":[{"name":"wp","href":"https:\/\/api.w.org\/{rel}","templated":true}]}}