{"id":1,"date":"2009-02-17T12:22:41","date_gmt":"2009-02-17T17:22:41","guid":{"rendered":""},"modified":"2009-08-18T10:40:22","modified_gmt":"2009-08-18T15:40:22","slug":"about","status":"publish","type":"page","link":"https:\/\/blog.espol.edu.ec\/gevelez\/about\/","title":{"rendered":"Acerca de MI"},"content":{"rendered":"<blockquote>\n<h2 style=\"text-align: center\"><span style=\"color: #ff0000\"><a href=\"http:\/\/blog.espol.edu.ec\/gevelez\/files\/2009\/02\/getattachment.jpg\"><img loading=\"lazy\" decoding=\"async\" class=\"aligncenter size-full wp-image-200\" src=\"http:\/\/blog.espol.edu.ec\/gevelez\/files\/2009\/02\/getattachment.jpg\" alt=\"getattachment\" width=\"166\" height=\"192\" \/><\/a><span style=\"color: #ff9900\"><\/p>\n<p class=\"MsoNormal\" style=\"margin: 0cm 0cm 10pt;text-align: center\"><span style=\"font-size: 13.5pt;color: #ff9900;font-family: &quot;Comic Sans MS&amp;quot\"><span style=\"color: #ff0000\"><span style=\"color: #ff0000\"><a href=\"http:\/\/blog.espol.edu.ec\/gevelez\/files\/2009\/03\/302ca59tnfjcan3qk7hca6bl69mcam25lcvca07eenrca8ltogxcarwh6tscanzwdkfcaostfglcap52luzcauc0pyncaann22tca4opjy4caxgoxv8cai9ex1dca50akvxca6u2jnecan6d8p1cawrxegr.jpg\"><img loading=\"lazy\" decoding=\"async\" class=\"alignnone size-medium wp-image-18\" src=\"http:\/\/blog.espol.edu.ec\/gevelez\/files\/2009\/03\/302ca59tnfjcan3qk7hca6bl69mcam25lcvca07eenrca8ltogxcarwh6tscanzwdkfcaostfglcap52luzcauc0pyncaann22tca4opjy4caxgoxv8cai9ex1dca50akvxca6u2jnecan6d8p1cawrxegr.jpg\" alt=\"\" width=\"106\" height=\"98\" \/><\/a><\/span><\/span>Todo acerca de lo que me gusta...!!! \ud83d\ude00<\/span><\/p>\n<h2 style=\"text-align: center\"><span style=\"color: #ff0000\">\u00a0 <a href=\"http:\/\/blog.espol.edu.ec\/gevelez\/files\/2009\/03\/302ca59tnfjcan3qk7hca6bl69mcam25lcvca07eenrca8ltogxcarwh6tscanzwdkfcaostfglcap52luzcauc0pyncaann22tca4opjy4caxgoxv8cai9ex1dca50akvxca6u2jnecan6d8p1cawrxegr.jpg\"><\/a><\/span><\/h2>\n<p style=\"text-align: center\"><a href=\"http:\/\/blog.espol.edu.ec\/gevelez\/files\/2009\/03\/302ca59tnfjcan3qk7hca6bl69mcam25lcvca07eenrca8ltogxcarwh6tscanzwdkfcaostfglcap52luzcauc0pyncaann22tca4opjy4caxgoxv8cai9ex1dca50akvxca6u2jnecan6d8p1cawrxegr.jpg\"><\/a><\/p>\n<p style=\"text-align: center\"><a href=\"http:\/\/www.chisten.com\/\/hi5.net\/\"><img decoding=\"async\" class=\"aligncenter\" src=\"http:\/\/images.chisten.com\/b\/imagenes\/animadas\/311l53Wx0ly65AIUCGCD818PnC800yc9YdM.gif\" alt=\"\" \/><\/a>\u00a0<\/p>\n<p style=\"text-align: center\"><span style=\"color: #ff99cc\"><span style=\"font-size: 13.5pt;color: #ff99cc;font-family: &quot;Georgia&quot;,&quot;serif&amp;quot\"><span style=\"font-size: 13.5pt;color: #ff99cc;font-family: &quot;Comic Sans MS&amp;quot\">Mi nombre es Gabriela V\u00e9lez Le\u00f3n soy de Manab\u00ed pero estudio en Guayaquil,\u00a0me gradu\u00e9 en el colegio Dr. Agust\u00edn Vera Loor con la especializaci\u00f3n de f\u00edsico matem\u00e1tico.<\/span><\/span><\/span><\/p>\n<p style=\"text-align: center\">\u00a0<\/p>\n<h2 style=\"text-align: center\">\n<h2 style=\"text-align: center\"><span style=\"font-size: 13.5pt;color: black;font-family: &quot;Comic Sans MS&amp;quot\">\u00a0<\/span><span style=\"color: #ff99cc\"><span style=\"font-size: 13.5pt;color: #ff99cc;font-family: &quot;Comic Sans MS&amp;quot\"> Tengo 20 a\u00f1os de edad, estudio en la universidad ESPOL (Escuela Superior Polit\u00e9cnica del Litoral).<\/span><\/span><\/h2>\n<h2 style=\"text-align: center\"><span style=\"color: #ff99cc\"><span style=\"font-size: 13.5pt;color: #ff99cc;font-family: &quot;Comic Sans MS&amp;quot\">Pertenezco al ICM (Instituto de Ciencias Matem\u00e1ticas) de la carrera Ingenier\u00eda en Estad\u00edsticas e Inform\u00e1tica.<\/span><\/span><\/h2>\n<h2 style=\"text-align: center\"><span style=\"color: #ff99cc\"><span style=\"font-size: 13.5pt;color: #ff99cc;font-family: &quot;Comic Sans MS&amp;quot\"><a href=\"http:\/\/blog.espol.edu.ec\/gevelez\/files\/2009\/02\/icm.gif\"><img loading=\"lazy\" decoding=\"async\" class=\"aligncenter size-full wp-image-197\" src=\"http:\/\/blog.espol.edu.ec\/gevelez\/files\/2009\/02\/icm.gif\" alt=\"icm\" width=\"104\" height=\"54\" \/><\/a><a href=\"http:\/\/blog.espol.edu.ec\/gevelez\/files\/2009\/08\/imagesb.jpg\"><img loading=\"lazy\" decoding=\"async\" class=\"aligncenter size-full wp-image-176\" src=\"http:\/\/blog.espol.edu.ec\/gevelez\/files\/2009\/08\/imagesb.jpg\" alt=\"imagesb\" width=\"120\" height=\"90\" \/><\/a><\/span><\/span><\/h2>\n<h2 style=\"text-align: center\"><span style=\"color: #ff99cc\"><span style=\"font-size: 13.5pt;color: #ff99cc;font-family: &quot;Comic Sans MS&amp;quot\">Vista mi Sitio Web si quieres saber m\u00e1s de mi...<\/span><\/span><\/h2>\n<h4 style=\"text-align: center\"><span style=\"font-size: 10.5pt;color: black;font-family: &quot;Comic Sans MS&amp;quot\"><a href=\"http:\/\/www.icm.espol.edu.ec\/estudiantes\/2007\/200709376\"><span style=\"font-weight: normal;color: purple\"><span style=\"color: #800080\"><span style=\"color: #3366ff\"><strong><\/strong><\/span><\/span><\/span><\/a><a href=\"http:\/\/www.icm.espol.edu.ec\/estudiantes\/2007\/200709376\">www.icm.espol.edu.ec\/estudiantes\/2007\/200709376<\/a><\/span><\/h4>\n<\/h2>\n<p><\/span><\/span><\/h2>\n<\/blockquote>\n","protected":false},"excerpt":{"rendered":"<p>Todo acerca de lo que me gusta...!!! \ud83d\ude00 \u00a0 \u00a0 Mi nombre es Gabriela V\u00e9lez Le\u00f3n soy de Manab\u00ed pero estudio en Guayaquil,\u00a0me gradu\u00e9 en el colegio Dr. Agust\u00edn Vera Loor con la especializaci\u00f3n de f\u00edsico matem\u00e1tico. \u00a0 \u00a0 Tengo 20 a\u00f1os de edad, estudio en la universidad ESPOL (Escuela Superior Polit\u00e9cnica del Litoral). Pertenezco [&hellip;]<\/p>\n","protected":false},"author":1391,"featured_media":0,"parent":0,"menu_order":0,"comment_status":"open","ping_status":"open","template":"","meta":{"footnotes":""},"class_list":["post-1","page","type-page","status-publish","hentry"],"_links":{"self":[{"href":"https:\/\/blog.espol.edu.ec\/gevelez\/wp-json\/wp\/v2\/pages\/1","targetHints":{"allow":["GET"]}}],"collection":[{"href":"https:\/\/blog.espol.edu.ec\/gevelez\/wp-json\/wp\/v2\/pages"}],"about":[{"href":"https:\/\/blog.espol.edu.ec\/gevelez\/wp-json\/wp\/v2\/types\/page"}],"author":[{"embeddable":true,"href":"https:\/\/blog.espol.edu.ec\/gevelez\/wp-json\/wp\/v2\/users\/1391"}],"replies":[{"embeddable":true,"href":"https:\/\/blog.espol.edu.ec\/gevelez\/wp-json\/wp\/v2\/comments?post=1"}],"version-history":[{"count":23,"href":"https:\/\/blog.espol.edu.ec\/gevelez\/wp-json\/wp\/v2\/pages\/1\/revisions"}],"predecessor-version":[{"id":16,"href":"https:\/\/blog.espol.edu.ec\/gevelez\/wp-json\/wp\/v2\/pages\/1\/revisions\/16"}],"wp:attachment":[{"href":"https:\/\/blog.espol.edu.ec\/gevelez\/wp-json\/wp\/v2\/media?parent=1"}],"curies":[{"name":"wp","href":"https:\/\/api.w.org\/{rel}","templated":true}]}}