{"id":183,"date":"2009-08-07T11:38:51","date_gmt":"2009-08-07T16:38:51","guid":{"rendered":"http:\/\/blog.espol.edu.ec\/gevelez\/?page_id=183"},"modified":"2009-08-14T17:23:36","modified_gmt":"2009-08-14T22:23:36","slug":"mickey-mouse","status":"publish","type":"page","link":"https:\/\/blog.espol.edu.ec\/gevelez\/mickey-mouse\/","title":{"rendered":"**MICKEY MOUSE**"},"content":{"rendered":"<h1 style=\"text-align: center\"><span style=\"color: #ff6600\">Mi dibujo favorito<\/span><\/h1>\n\n<p class=\"MsoNormal\" style=\"margin: 0cm 0cm 10pt\"><span style=\"font-size: 24pt;font-family: &quot;Times New Roman&quot;,&quot;serif&amp;quot\"><span style=\"color: #000000\"><span style=\"color: #ff99cc\">Mickey Mouse<\/span><\/span><\/span><\/p>\n<p class=\"MsoNormal\" style=\"margin: 0cm 0cm 0pt\"><a title=\"&quot;Estatua de Mickey Mouse en la entrada del Mickey's Philharmagic Theatre de Hong Kong Disneyland.&quot; \" href=\"http:\/\/es.wikipedia.org\/wiki\/Archivo:HK_Disneyland_Mickeys_Philhar_Magic_by_Dave_Q.jpg\"><\/a><\/p>\n<p class=\"MsoNormal\" style=\"margin: 0cm 0cm 0pt\"><span style=\"color: #ff99cc\"><span style=\"color: #000000\"><span style=\"color: #ff99cc\">Mickey Mouse (tambi\u00e9n Rat\u00f3n Mickey, Rat\u00f3n Miguelito o Miqui Maus) es un personaje<\/span> <span style=\"color: #ff99cc\">de <a title=\"Dibujos animados\" href=\"http:\/\/es.wikipedia.org\/wiki\/Dibujos_animados\"><span style=\"text-decoration: none\">dibujos animados<\/span><\/a> y emblema de la compa\u00f1\u00eda <a title=\"The Walt Disney Company\" href=\"http:\/\/es.wikipedia.org\/wiki\/The_Walt_Disney_Company\"><span style=\"text-decoration: none\">Disney<\/span><\/a>. Creado en <a title=\"1928\" href=\"http:\/\/es.wikipedia.org\/wiki\/1928\"><span style=\"text-decoration: none\">1928<\/span><\/a>, este <\/span><a title=\"Antropom\u00f3rfico\" href=\"http:\/\/es.wikipedia.org\/wiki\/Antropom%C3%B3rfico\"><span style=\"text-decoration: none\"><span style=\"color: #ff99cc\">antropom\u00f3rfico<\/span><\/span><\/a><span style=\"color: #ff99cc\"> <a title=\"Mus musculus\" href=\"http:\/\/es.wikipedia.org\/wiki\/Mus_musculus\"><span style=\"text-decoration: none\">rat\u00f3n<\/span><\/a> tiene un origen disputado. La leyenda oficial explica que fue creado por <\/span><\/span><a title=\"Walt Disney\" href=\"http:\/\/es.wikipedia.org\/wiki\/Walt_Disney\"><span style=\"color: #ff99cc\"><span style=\"text-decoration: none\">Walt<\/span><span style=\"text-decoration: none\"> <\/span><span style=\"text-decoration: none\">Disney<\/span><\/span><\/a><span style=\"color: #000000\"><span style=\"color: #ff99cc\"> durante un viaje en <a title=\"Tren\" href=\"http:\/\/es.wikipedia.org\/wiki\/Tren\"><span style=\"text-decoration: none\">tren<\/span><\/a>, y que su nombre inicial fue <em>Mortimer<\/em>, pero que cambi\u00f3 a <em>Mickey<\/em> a petici\u00f3n de su esposa, Lillian. Seg\u00fan B<\/span><span style=\"color: #ff99cc\">ob <\/span><span style=\"color: #ff99cc\">Thomas, la leyenda del nombre es ficticia, y cita el caso de un personaje llamado Mortimer Mouse, que naci\u00f3 en <a title=\"1936\" href=\"http:\/\/es.wikipedia.org\/wiki\/1936\"><span style=\"text-decoration: none\">1936<\/span><\/a>, t\u00edo de <\/span><\/span><a title=\"Minnie Mouse\" href=\"http:\/\/es.wikipedia.org\/wiki\/Minnie_Mouse\"><span style=\"color: #ff99cc\"><span style=\"text-decoration: none\">Minnie<\/span><span style=\"text-decoration: none\"> <\/span><span style=\"text-decoration: none\">Mouse<\/span><\/span><\/a><span style=\"color: #ff99cc\"><span style=\"color: #ff99cc\">.<\/span><span style=\"color: #000000\"><span style=\"color: #ff99cc\"> La versi\u00f3n m\u00e1s veros\u00edmil es<\/span> <span style=\"color: #ff99cc\">que el personaje fue creado por el<\/span> <a title=\"Dibujante\" href=\"http:\/\/es.wikipedia.org\/wiki\/Dibujante\"><span style=\"text-decoration: none\">dibujante<\/span><\/a> <\/span><a title=\"Ub Iwerks\" href=\"http:\/\/es.wikipedia.org\/wiki\/Ub_Iwerks\"><span style=\"text-decoration: none\">Ub<\/span><span style=\"text-decoration: none\"> <\/span><span style=\"text-decoration: none\">Iwerks<\/span><\/a><\/span><span style=\"color: #000000\"><span style=\"color: #ff99cc\">, a petici\u00f3n de Disney, para <\/span><span style=\"color: #ff99cc\">compensar la p\u00e9rdida de los derechos de <\/span><\/span><a title=\"Oswald, el conejo afortunado\" href=\"http:\/\/es.wikipedia.org\/wiki\/Oswald,_el_conejo_afortunado\"><span style=\"color: #ff99cc\"><span style=\"text-decoration: none\">Oswald<\/span><span style=\"text-decoration: none\">, <\/span><span style=\"text-decoration: none\">el<\/span><span style=\"text-decoration: none\"> <\/span><span style=\"text-decoration: none\">conejo<\/span><span style=\"text-decoration: none\"> <\/span><span style=\"text-decoration: none\">afortunado<\/span><\/span><\/a><span style=\"color: #000000\"><span style=\"color: #ff99cc\">, a manos de la<\/span> <a title=\"Universal\" href=\"http:\/\/es.wikipedia.org\/wiki\/Universal\"><span style=\"text-decoration: none\"><span style=\"color: #ff99cc\">Universal<\/span><\/span><\/a><span style=\"color: #ff99cc\">. Lo cierto es que Mickey no es m\u00e1s que una variaci\u00f3n del personaje de<\/span> <span style=\"color: #ff99cc\">Oswald.<\/span><\/span><sup><a href=\"http:\/\/es.wikipedia.org\/wiki\/Mickey_Mouse#cite_note-1\"><span style=\"color: #ff99cc\"><span style=\"text-decoration: none\">[<\/span><span style=\"text-decoration: none\">2]<\/span><\/span><\/a><\/sup><span style=\"color: #000000\"><span style=\"color: #ff99cc\"> A Walt Disney hay que atribuirle tanto la voz del personaje (lo di\u00f3 voz<\/span> <span style=\"color: #ff99cc\">durante 17 a\u00f1os) como la personalidad y el car\u00e1cter del rat\u00f3n:<\/span><\/span><\/span><\/p>\n<p class=\"MsoNormal\" style=\"margin: 0cm 0cm 10pt\"><span style=\"font-family: &quot;Times New Roman&quot;,&quot;serif&amp;quot\"><span style=\"font-size: small\"><span style=\"color: #000000\"><span style=\"color: #ff99cc\">Su cabeza era un c\u00edrculo con otro c\u00edrculo a modo de hocico. Su cuerpo era como una pera y ten\u00eda una cola larga; sus patas eran tubos y se las metimos en zapatos grandes para darle el aspecto de un chiquillo con el calzado de su padre<\/span>.<\/span><\/span><\/span><\/p>\n<p class=\"MsoNormal\" style=\"text-align: center\"><span style=\"font-family: &quot;Times New Roman&quot;,&quot;serif&amp;quot\"><span style=\"font-size: small\"><span style=\"color: #000000\"><a href=\"http:\/\/blog.espol.edu.ec\/gevelez\/files\/2009\/02\/7891.jpg\"><\/a><\/span><\/span><\/span>\u00a0<a href=\"http:\/\/blog.espol.edu.ec\/gevelez\/files\/2009\/02\/6831.jpg\"><img loading=\"lazy\" decoding=\"async\" class=\"size-full wp-image-88 alignright\" src=\"http:\/\/blog.espol.edu.ec\/gevelez\/files\/2009\/02\/6831.jpg\" alt=\"6831\" width=\"101\" height=\"133\" \/><\/a><\/p>\n<p><a href=\"http:\/\/blog.espol.edu.ec\/gevelez\/files\/2009\/02\/7892.jpg\"><img loading=\"lazy\" decoding=\"async\" class=\"size-full wp-image-89   alignleft\" src=\"http:\/\/blog.espol.edu.ec\/gevelez\/files\/2009\/02\/7892.jpg\" alt=\"7892\" width=\"133\" height=\"150\" \/><\/a><\/p>\n<p style=\"text-align: center\"><a href=\"http:\/\/blog.espol.edu.ec\/gevelez\/files\/2009\/02\/896.jpg\"><img loading=\"lazy\" decoding=\"async\" class=\"size-full wp-image-91     alignnone\" src=\"http:\/\/blog.espol.edu.ec\/gevelez\/files\/2009\/02\/896.jpg\" alt=\"896\" width=\"130\" height=\"94\" \/><\/a><\/p>\n<h2 style=\"text-align: center\"><span style=\"color: #ff99cc\"><span style=\"font-size: 13.5pt;color: #ff99cc;font-family: &quot;Georgia&quot;,&quot;serif&amp;quot\"><a href=\"http:\/\/blog.espol.edu.ec\/gevelez\/files\/2009\/02\/798.jpg\"><img loading=\"lazy\" decoding=\"async\" class=\"size-full wp-image-90         aligncenter\" src=\"http:\/\/blog.espol.edu.ec\/gevelez\/files\/2009\/02\/798.jpg\" alt=\"798\" width=\"100\" height=\"116\" \/><\/a><\/span><\/span><\/h2>\n<p><span lang=\"EN-US\"><\/p>\n<h4 class=\"MsoNormal\" style=\"text-align: center\"><span style=\"font-size: 12pt;font-family: 'Times New Roman','serif&quot\"><span style=\"color: #ff00ff\">REFERENCIAS BIBLIOGRAFICAS<\/span><\/span><\/h4>\n<p><\/span><\/p>\n<ul>\n<li>\n<h5><span style=\"color: #333399\">[1]\u00a0WIKIPEDIA(2009)\u201dMickey Mouse\u201d[en linea],<span style=\"color: #000000\"> <\/span><a href=\"http:\/\/www.wikimediafoundation.org\/\">Wikimedia Foundation<\/a>,obtenido el 14 de agosto de 2009, desde <a href=\"http:\/\/en.wikipedia.org\/wiki\/Mickey_Mouse\">http:\/\/en.wikipedia.org\/wiki\/Mickey_Mouse<\/a><\/span><span style=\"color: #333399\">, Guayaquil-Ecuador.<\/span><\/h5>\n<\/li>\n<\/ul>\n","protected":false},"excerpt":{"rendered":"<p>Mi dibujo favorito Mickey Mouse Mickey Mouse (tambi\u00e9n Rat\u00f3n Mickey, Rat\u00f3n Miguelito o Miqui Maus) es un personaje de dibujos animados y emblema de la compa\u00f1\u00eda Disney. Creado en 1928, este antropom\u00f3rfico rat\u00f3n tiene un origen disputado. La leyenda oficial explica que fue creado por Walt Disney durante un viaje en tren, y que su [&hellip;]<\/p>\n","protected":false},"author":1391,"featured_media":0,"parent":0,"menu_order":0,"comment_status":"open","ping_status":"open","template":"","meta":{"footnotes":""},"class_list":["post-183","page","type-page","status-publish","hentry"],"_links":{"self":[{"href":"https:\/\/blog.espol.edu.ec\/gevelez\/wp-json\/wp\/v2\/pages\/183","targetHints":{"allow":["GET"]}}],"collection":[{"href":"https:\/\/blog.espol.edu.ec\/gevelez\/wp-json\/wp\/v2\/pages"}],"about":[{"href":"https:\/\/blog.espol.edu.ec\/gevelez\/wp-json\/wp\/v2\/types\/page"}],"author":[{"embeddable":true,"href":"https:\/\/blog.espol.edu.ec\/gevelez\/wp-json\/wp\/v2\/users\/1391"}],"replies":[{"embeddable":true,"href":"https:\/\/blog.espol.edu.ec\/gevelez\/wp-json\/wp\/v2\/comments?post=183"}],"version-history":[{"count":4,"href":"https:\/\/blog.espol.edu.ec\/gevelez\/wp-json\/wp\/v2\/pages\/183\/revisions"}],"predecessor-version":[{"id":258,"href":"https:\/\/blog.espol.edu.ec\/gevelez\/wp-json\/wp\/v2\/pages\/183\/revisions\/258"}],"wp:attachment":[{"href":"https:\/\/blog.espol.edu.ec\/gevelez\/wp-json\/wp\/v2\/media?parent=183"}],"curies":[{"name":"wp","href":"https:\/\/api.w.org\/{rel}","templated":true}]}}