{"id":226,"date":"2009-08-14T17:11:19","date_gmt":"2009-08-14T22:11:19","guid":{"rendered":"http:\/\/blog.espol.edu.ec\/gevelez\/?page_id=226"},"modified":"2009-08-14T17:18:08","modified_gmt":"2009-08-14T22:18:08","slug":"el-carmen-manabi","status":"publish","type":"page","link":"https:\/\/blog.espol.edu.ec\/gevelez\/el-carmen-manabi\/","title":{"rendered":"***EL CARMEN MANABI***"},"content":{"rendered":"<h2><span style=\"font-size: large;font-family: Times New Roman\">CANTONES MANABITAS<\/span><\/h2>\n<h2><a href=\"http:\/\/blog.espol.edu.ec\/gevelez\/files\/2009\/08\/mapa-manabi1.jpg\"><img loading=\"lazy\" decoding=\"async\" class=\"aligncenter size-full wp-image-228\" src=\"http:\/\/blog.espol.edu.ec\/gevelez\/files\/2009\/08\/mapa-manabi1.jpg\" alt=\"mapa-manabi1\" width=\"314\" height=\"448\" srcset=\"https:\/\/blog.espol.edu.ec\/gevelez\/files\/2009\/08\/mapa-manabi1.jpg 314w, https:\/\/blog.espol.edu.ec\/gevelez\/files\/2009\/08\/mapa-manabi1-210x300.jpg 210w\" sizes=\"auto, (max-width: 314px) 100vw, 314px\" \/><\/a><\/h2>\n<h2><span lang=\"ES-EC\"><a href=\"http:\/\/blog.espol.edu.ec\/gevelez\/files\/2009\/08\/92_manabi.jpg\"><img loading=\"lazy\" decoding=\"async\" class=\"aligncenter size-full wp-image-231\" src=\"http:\/\/blog.espol.edu.ec\/gevelez\/files\/2009\/08\/92_manabi.jpg\" alt=\"92_manabi\" width=\"200\" height=\"200\" srcset=\"https:\/\/blog.espol.edu.ec\/gevelez\/files\/2009\/08\/92_manabi.jpg 200w, https:\/\/blog.espol.edu.ec\/gevelez\/files\/2009\/08\/92_manabi-150x150.jpg 150w\" sizes=\"auto, (max-width: 200px) 100vw, 200px\" \/><\/a><span class=\"detallefoto1\"><span><span style=\"color: #222222;font-family: Tahoma\">La provincia es la m\u00e1s privilegiada de la costa del Ecuador con sus 350 kil\u00f3metro de playas<\/span><\/span><\/span>\u00a0<\/span><\/h2>\n<h2><span lang=\"ES-EC\"><span style=\"font-size: large\"><span style=\"font-family: Times New Roman\">El Carmen<\/span><\/span><\/span><\/h2>\n<h2><span lang=\"ES-EC\"><span style=\"font-size: large\"><span style=\"font-family: Times New Roman\"><a href=\"http:\/\/blog.espol.edu.ec\/gevelez\/files\/2009\/08\/bandera.jpg\"><img loading=\"lazy\" decoding=\"async\" class=\"aligncenter size-full wp-image-246\" src=\"http:\/\/blog.espol.edu.ec\/gevelez\/files\/2009\/08\/bandera.jpg\" alt=\"bandera\" width=\"141\" height=\"87\" \/><\/a><\/span><\/span><\/span><\/h2>\n<p><span lang=\"ES-EC\"><span style=\"font-size: small\"><span style=\"font-family: Times New Roman\">Se la denomina \u201cLa Puerta de Oro de Manab\u00ed\u201d, por su producci\u00f3n de pl\u00e1tano barraganete y el cacao, \u00fanicos en<br \/>\nel pa\u00eds y exportado al mundo.<\/span><\/span><\/span><\/p>\n<p><span lang=\"ES-EC\"><span style=\"font-size: small\"><span style=\"font-family: Times New Roman\"><a href=\"http:\/\/blog.espol.edu.ec\/gevelez\/files\/2009\/08\/5kfcaqzsj93cajdllu5cauwvk6qcadjkt43calx5w3fcakz5rkccawdn8olcaa2uqokcaf0omlgca2otnrqca3nbkehca1aghf5cazohayica0ohenzcar8nmshca25hsz4cat9hth1catou356ca1ls4y81.jpg\"><img loading=\"lazy\" decoding=\"async\" class=\"size-full wp-image-239 alignleft\" src=\"http:\/\/blog.espol.edu.ec\/gevelez\/files\/2009\/08\/5kfcaqzsj93cajdllu5cauwvk6qcadjkt43calx5w3fcakz5rkccawdn8olcaa2uqokcaf0omlgca2otnrqca3nbkehca1aghf5cazohayica0ohenzcar8nmshca25hsz4cat9hth1catou356ca1ls4y81.jpg\" alt=\"5kfcaqzsj93cajdllu5cauwvk6qcadjkt43calx5w3fcakz5rkccawdn8olcaa2uqokcaf0omlgca2otnrqca3nbkehca1aghf5cazohayica0ohenzcar8nmshca25hsz4cat9hth1catou356ca1ls4y81\" width=\"123\" height=\"118\" \/><\/a><a href=\"http:\/\/blog.espol.edu.ec\/gevelez\/files\/2009\/08\/k2acah0877lca5t7xalca51rbxzcav6danacaxefd8pcaq38gv2ca0mklpmcaeqmiptca6o8sq9canmvlaicajw8ai8cad7xxi4cakjfggbca3zdgj7cawn1305caxoh65acabl5rvlca2nn5ogcab7pg1t.jpg\"><img loading=\"lazy\" decoding=\"async\" class=\"aligncenter size-full wp-image-237\" src=\"http:\/\/blog.espol.edu.ec\/gevelez\/files\/2009\/08\/k2acah0877lca5t7xalca51rbxzcav6danacaxefd8pcaq38gv2ca0mklpmcaeqmiptca6o8sq9canmvlaicajw8ai8cad7xxi4cakjfggbca3zdgj7cawn1305caxoh65acabl5rvlca2nn5ogcab7pg1t.jpg\" alt=\"k2acah0877lca5t7xalca51rbxzcav6danacaxefd8pcaq38gv2ca0mklpmcaeqmiptca6o8sq9canmvlaicajw8ai8cad7xxi4cakjfggbca3zdgj7cawn1305caxoh65acabl5rvlca2nn5ogcab7pg1t\" width=\"142\" height=\"116\" \/><\/a>\u00a0 <\/span><\/span><\/span><\/p>\n<p><span lang=\"ES-EC\"><span style=\"font-size: small\"><span style=\"font-family: Times New Roman\">Conserva muchos r\u00edos, donde se han instalado grandes balnearios, y grandes cascadas que<br \/>\nson verdaderos atractivos tur\u00edsticos.<\/span><\/span><\/span><\/p>\n<p><span lang=\"ES-EC\"><span style=\"font-size: small\"><span style=\"font-family: Times New Roman\"><a href=\"http:\/\/blog.espol.edu.ec\/gevelez\/files\/2009\/08\/cascada1.jpg\"><img loading=\"lazy\" decoding=\"async\" class=\"size-full wp-image-236 alignleft\" src=\"http:\/\/blog.espol.edu.ec\/gevelez\/files\/2009\/08\/cascada1.jpg\" alt=\"cascada1\" width=\"120\" height=\"100\" \/><\/a><a href=\"http:\/\/blog.espol.edu.ec\/gevelez\/files\/2009\/08\/8j1cayuif21cawwgduccafx850xcat9syfgcawf3m97cactztrgcak95b1rcaunpuczcad5pf90caeauw62cazjalfbcajvl6a8ca5tvlo4cavpzzymca7rmcmdcasm5lupca7s5vprcaful3vrcao3vsz1.jpg\"><img loading=\"lazy\" decoding=\"async\" class=\"size-full wp-image-244  alignleft\" src=\"http:\/\/blog.espol.edu.ec\/gevelez\/files\/2009\/08\/8j1cayuif21cawwgduccafx850xcat9syfgcawf3m97cactztrgcak95b1rcaunpuczcad5pf90caeauw62cazjalfbcajvl6a8ca5tvlo4cavpzzymca7rmcmdcasm5lupca7s5vprcaful3vrcao3vsz1.jpg\" alt=\"8j1cayuif21cawwgduccafx850xcat9syfgcawf3m97cactztrgcak95b1rcaunpuczcad5pf90caeauw62cazjalfbcajvl6a8ca5tvlo4cavpzzymca7rmcmdcasm5lupca7s5vprcaful3vrcao3vsz1\" width=\"78\" height=\"78\" \/><\/a><a href=\"http:\/\/blog.espol.edu.ec\/gevelez\/files\/2009\/08\/ni5caqm1v1fca1w4gx9cav42tvocaja99hvcaw4u5wdcaq86ak9caab7fzfcagsjoj0ca838bc6ca31uhzfcasny3uxcap0vmeicayqf017car7bruocahnd4f1cahsctkzcamqjpgacazz4t1rcaa8q90x.jpg\"><img loading=\"lazy\" decoding=\"async\" class=\"size-full wp-image-240  aligncenter\" src=\"http:\/\/blog.espol.edu.ec\/gevelez\/files\/2009\/08\/ni5caqm1v1fca1w4gx9cav42tvocaja99hvcaw4u5wdcaq86ak9caab7fzfcagsjoj0ca838bc6ca31uhzfcasny3uxcap0vmeicayqf017car7bruocahnd4f1cahsctkzcamqjpgacazz4t1rcaa8q90x.jpg\" alt=\"ni5caqm1v1fca1w4gx9cav42tvocaja99hvcaw4u5wdcaq86ak9caab7fzfcagsjoj0ca838bc6ca31uhzfcasny3uxcap0vmeicayqf017car7bruocahnd4f1cahsctkzcamqjpgacazz4t1rcaa8q90x\" width=\"131\" height=\"100\" \/><\/a><\/span><\/span><\/span><\/p>\n<p><span lang=\"ES-EC\"><span style=\"font-size: small\"><span style=\"font-family: Times New Roman\">Son famosos los \u201cparadores\u201d, restaurantes<br \/>\nal borde de la v\u00eda, donde los viajeros<br \/>\ndisfrutan de su variada comida.<\/span><\/span><\/span><\/p>\n<p><span lang=\"ES-EC\"><span style=\"font-size: small\"><span style=\"font-family: Times New Roman\">Son t\u00edpicos los bolones de queso, man\u00ed<br \/>\ny chicharr\u00f3n; el seco de gallina y \u201cguanta\u201d,<br \/>\nanimal que se cr\u00eda en las monta\u00f1as.<\/span><\/span><\/span><\/p>\n<p><span lang=\"ES-EC\"><span style=\"font-size: small\"><span style=\"font-family: Times New Roman\"><a href=\"http:\/\/blog.espol.edu.ec\/gevelez\/files\/2009\/08\/paca1.jpg\"><img loading=\"lazy\" decoding=\"async\" class=\"aligncenter size-full wp-image-248\" src=\"http:\/\/blog.espol.edu.ec\/gevelez\/files\/2009\/08\/paca1.jpg\" alt=\"paca1\" width=\"240\" height=\"158\" \/><\/a><\/span><\/span><\/span><\/p>\n<p><span lang=\"ES-EC\"><span style=\"font-size: small\"><span style=\"font-family: Times New Roman\">Municipio de El Carmen<br \/>\n(593) 05 - 2660010 \/ 2660862 \/ 2660860 \/ 2660010<\/span><\/span><\/span><\/p>\n<p>\u00a0<\/p>\n<p><span lang=\"EN-US\"><span style=\"font-size: small\"><span style=\"font-family: Times New Roman\"><a href=\"http:\/\/blog.espol.edu.ec\/gevelez\/files\/2009\/08\/canton-elcarmen.jpg\"><img loading=\"lazy\" decoding=\"async\" class=\"aligncenter size-full wp-image-229\" src=\"http:\/\/blog.espol.edu.ec\/gevelez\/files\/2009\/08\/canton-elcarmen.jpg\" alt=\"canton-elcarmen\" width=\"550\" height=\"380\" srcset=\"https:\/\/blog.espol.edu.ec\/gevelez\/files\/2009\/08\/canton-elcarmen.jpg 550w, https:\/\/blog.espol.edu.ec\/gevelez\/files\/2009\/08\/canton-elcarmen-300x207.jpg 300w\" sizes=\"auto, (max-width: 550px) 100vw, 550px\" \/><\/a><\/span><\/span><\/span><\/p>\n<div id=\"result_box\" dir=\"ltr\">\n<div id=\"result_box\" dir=\"ltr\">\n<div><span lang=\"EN-US\"><\/span><\/div>\n<div dir=\"ltr\">Es denominado \"Puerta de Oro de Manab\u00ed\", por su alta producci\u00f3n de pl\u00e1tano barraganete, \u00fanico en el pa\u00eds y se exporta al mundo.<\/div>\n<p>Conserva muchos r\u00edos, donde se han establecido grandes<br \/>\nbalnearios, la m\u00fasica y la muestra no falta. Tambi\u00e9n tiene gran<br \/>\ncascadas que son verdaderos atractivos tur\u00edsticos. Como parte de turismo tambien est\u00e1n los hipodromos.<\/p><\/div>\n<p><span lang=\"EN-US\"><span style=\"font-size: small\"><\/span><\/span><span lang=\"EN-US\"><span style=\"font-size: small\"><span style=\"font-family: Times New Roman\">\u00a0<\/span><\/span><\/span>\u00a0<\/p>\n<div dir=\"ltr\">Es denominado \"Puerta de Oro de Manab\u00ed\", por su alta producci\u00f3n de pl\u00e1tano barraganete, \u00fanico en el pa\u00eds y se exporta al mundo.<\/div>\n<p>Conserva muchos r\u00edos, donde se han establecido grandes<br \/>\nbalnearios, la m\u00fasica y la muestra no falta. Tambi\u00e9n tiene gran<br \/>\ncascadas que son verdaderos atractivos tur\u00edsticos. Como parte de turismo tambien est\u00e1n los hipodromos.<\/p>\n<p>\u00a0<\/p>\n<p style=\"text-align: center\"><a href=\"http:\/\/blog.espol.edu.ec\/gevelez\/files\/2009\/08\/ttpca36lcj8cabvw01scapd7p0bca1pisa9cabuzo8jcacoqnl7cash2zu9ca7d1isgcancfve4cab11onecaaw06rwcatdj316cas8p136ca1gw1aacafjdiggcaknzce6ca9ab8qeca6ttx7lcaie772a1.jpg\"><img loading=\"lazy\" decoding=\"async\" class=\"aligncenter size-full wp-image-251\" src=\"http:\/\/blog.espol.edu.ec\/gevelez\/files\/2009\/08\/ttpca36lcj8cabvw01scapd7p0bca1pisa9cabuzo8jcacoqnl7cash2zu9ca7d1isgcancfve4cab11onecaaw06rwcatdj316cas8p136ca1gw1aacafjdiggcaknzce6ca9ab8qeca6ttx7lcaie772a1.jpg\" alt=\"ttpca36lcj8cabvw01scapd7p0bca1pisa9cabuzo8jcacoqnl7cash2zu9ca7d1isgcancfve4cab11onecaaw06rwcatdj316cas8p136ca1gw1aacafjdiggcaknzce6ca9ab8qeca6ttx7lcaie772a1\" width=\"116\" height=\"87\" \/><\/a><\/p>\n<p>\u00a0<\/p>\n<h2><span style=\"font-size: large;font-family: Times New Roman\"><a href=\"http:\/\/blog.espol.edu.ec\/gevelez\/files\/2009\/08\/canton-elcarmen2.jpg\"><img loading=\"lazy\" decoding=\"async\" class=\"aligncenter size-full wp-image-230\" src=\"http:\/\/blog.espol.edu.ec\/gevelez\/files\/2009\/08\/canton-elcarmen2.jpg\" alt=\"canton-elcarmen2\" width=\"550\" height=\"380\" srcset=\"https:\/\/blog.espol.edu.ec\/gevelez\/files\/2009\/08\/canton-elcarmen2.jpg 550w, https:\/\/blog.espol.edu.ec\/gevelez\/files\/2009\/08\/canton-elcarmen2-300x207.jpg 300w\" sizes=\"auto, (max-width: 550px) 100vw, 550px\" \/><\/a><\/span><\/h2>\n<h2><span style=\"font-size: large;font-family: Times New Roman\">SUS VIAS<\/span><\/h2>\n<p align=\"center\"><a href=\"http:\/\/blog.espol.edu.ec\/gevelez\/files\/2009\/08\/n5dcaw080lgcam2qr2xcaby20t9cai7tuvkcacyp48eca3ycvuvca06oyygca6d2k6ica0gx0ovcaa8xvqmcauffrzecaxbqapgcazltu2ucax312a9caqa1s7zcauat5hrca0va8p8caropet9cawfprab.jpg\"><img loading=\"lazy\" decoding=\"async\" class=\"aligncenter size-full wp-image-243\" src=\"http:\/\/blog.espol.edu.ec\/gevelez\/files\/2009\/08\/n5dcaw080lgcam2qr2xcaby20t9cai7tuvkcacyp48eca3ycvuvca06oyygca6d2k6ica0gx0ovcaa8xvqmcauffrzecaxbqapgcazltu2ucax312a9caqa1s7zcauat5hrca0va8p8caropet9cawfprab.jpg\" alt=\"n5dcaw080lgcam2qr2xcaby20t9cai7tuvkcacyp48eca3ycvuvca06oyygca6d2k6ica0gx0ovcaa8xvqmcauffrzecaxbqapgcazltu2ucax312a9caqa1s7zcauat5hrca0va8p8caropet9cawfprab\" width=\"150\" height=\"130\" \/><\/a><\/p>\n<h2><span style=\"font-size: large;font-family: Times New Roman\">PLAYAS\u00a0\u00a0MANABITAS<\/span><\/h2>\n<h2><span style=\"font-size: large;font-family: Times New Roman\"><a href=\"http:\/\/blog.espol.edu.ec\/gevelez\/files\/2009\/08\/imageser1.jpg\"><img loading=\"lazy\" decoding=\"async\" class=\"aligncenter size-full wp-image-234\" src=\"http:\/\/blog.espol.edu.ec\/gevelez\/files\/2009\/08\/imageser1.jpg\" alt=\"imageser1\" width=\"150\" height=\"113\" \/><\/a><\/span><\/h2>\n<h2><span style=\"font-size: large;font-family: Times New Roman\"><a href=\"http:\/\/blog.espol.edu.ec\/gevelez\/files\/2009\/08\/playa.jpg\"><img loading=\"lazy\" decoding=\"async\" class=\"aligncenter size-full wp-image-233\" src=\"http:\/\/blog.espol.edu.ec\/gevelez\/files\/2009\/08\/playa.jpg\" alt=\"playa\" width=\"130\" height=\"98\" \/><\/a><a href=\"http:\/\/blog.espol.edu.ec\/gevelez\/files\/2009\/08\/cascada.jpg\"><\/a>\u00a0<a href=\"http:\/\/blog.espol.edu.ec\/gevelez\/files\/2009\/08\/yluca3jbwi3caqcsllvcaq9njyjcaurzdrgcaqz1hghcajvfq4xcac9deg3ca64zhn4cah5onl9ca9x90ikcalffo32caxqnuipcar1zc5eca928i2dca4s3w52cakiaqa8ca6uvw4qcadafep2caqdctyq.jpg\"><img loading=\"lazy\" decoding=\"async\" class=\"aligncenter size-full wp-image-241\" src=\"http:\/\/blog.espol.edu.ec\/gevelez\/files\/2009\/08\/yluca3jbwi3caqcsllvcaq9njyjcaurzdrgcaqz1hghcajvfq4xcac9deg3ca64zhn4cah5onl9ca9x90ikcalffo32caxqnuipcar1zc5eca928i2dca4s3w52cakiaqa8ca6uvw4qcadafep2caqdctyq.jpg\" alt=\"yluca3jbwi3caqcsllvcaq9njyjcaurzdrgcaqz1hghcajvfq4xcac9deg3ca64zhn4cah5onl9ca9x90ikcalffo32caxqnuipcar1zc5eca928i2dca4s3w52cakiaqa8ca6uvw4qcadafep2caqdctyq\" width=\"150\" height=\"113\" \/><\/a><\/span><\/h2>\n<\/div>\n<div dir=\"ltr\"><a href=\"http:\/\/blog.espol.edu.ec\/gevelez\/files\/2009\/08\/rn0caye5phaca2xq8oacau2e6hgcaq4qp6gcaqxc4srcapyi29vca03ee71caw57va3ca0dzbmucaqtpavocafslxrvca11qpkgcae1hihccac58ybrca0f6i5ica6hl0b6car004hkca923fp4caa55625.jpg\"><img loading=\"lazy\" decoding=\"async\" class=\"size-full wp-image-245   aligncenter\" src=\"http:\/\/blog.espol.edu.ec\/gevelez\/files\/2009\/08\/rn0caye5phaca2xq8oacau2e6hgcaq4qp6gcaqxc4srcapyi29vca03ee71caw57va3ca0dzbmucaqtpavocafslxrvca11qpkgcae1hihccac58ybrca0f6i5ica6hl0b6car004hkca923fp4caa55625.jpg\" alt=\"rn0caye5phaca2xq8oacau2e6hgcaq4qp6gcaqxc4srcapyi29vca03ee71caw57va3ca0dzbmucaqtpavocafslxrvca11qpkgcae1hihccac58ybrca0f6i5ica6hl0b6car004hkca923fp4caa55625\" width=\"150\" height=\"113\" \/><\/a><br \/>\n\"Dejar de los lugares\" son famosos, que son restaurantes<br \/>\nen el borde de la carretera, donde los viajeros<br \/>\ndisfrutar de su variada comida.<\/div>\n<p>Bolones de queso, carne de cerdo y cortes de man\u00ed,<br \/>\nSeco de Gallina y Guanta, que son t\u00edpicos<br \/>\nla alimentaci\u00f3n en ese lugar.<\/p>\n<div dir=\"ltr\"><a href=\"http:\/\/blog.espol.edu.ec\/gevelez\/files\/2009\/08\/zhgcaydo7fdcaqje7z6ca6c1mqhca68u44dca1xuwomca3pb3recav02a5ocaosbkvhcacfc9cccazkpf80ca4y54ercabmq065cahto6jecabmvkpccaen34oecaf7vnbncal7pt6xcaba2b6wca3bzqc9.jpg\"><img loading=\"lazy\" decoding=\"async\" class=\"size-full wp-image-249 alignleft\" src=\"http:\/\/blog.espol.edu.ec\/gevelez\/files\/2009\/08\/zhgcaydo7fdcaqje7z6ca6c1mqhca68u44dca1xuwomca3pb3recav02a5ocaosbkvhcacfc9cccazkpf80ca4y54ercabmq065cahto6jecabmvkpccaen34oecaf7vnbncal7pt6xcaba2b6wca3bzqc9.jpg\" alt=\"zhgcaydo7fdcaqje7z6ca6c1mqhca68u44dca1xuwomca3pb3recav02a5ocaosbkvhcacfc9cccazkpf80ca4y54ercabmq065cahto6jecabmvkpccaen34oecaf7vnbncal7pt6xcaba2b6wca3bzqc9\" width=\"111\" height=\"111\" \/><\/a>\u00a0<a href=\"http:\/\/blog.espol.edu.ec\/gevelez\/files\/2009\/08\/kofca8fkl1qcaswtcdecauq9cytcaczxjpgcaewqgk7cajsv75ucad71gefca99vq2gcafxzjxtcaetb3fdcaxsos46caaqvwyzcan129z3ca9j56x2cam1dcyucakgl9yhcahlwmd6cagavrwhcacm10jb.jpg\"><img loading=\"lazy\" decoding=\"async\" class=\"size-full wp-image-250  alignleft\" src=\"http:\/\/blog.espol.edu.ec\/gevelez\/files\/2009\/08\/kofca8fkl1qcaswtcdecauq9cytcaczxjpgcaewqgk7cajsv75ucad71gefca99vq2gcafxzjxtcaetb3fdcaxsos46caaqvwyzcan129z3ca9j56x2cam1dcyucakgl9yhcahlwmd6cagavrwhcacm10jb.jpg\" alt=\"kofca8fkl1qcaswtcdecauq9cytcaczxjpgcaewqgk7cajsv75ucad71gefca99vq2gcafxzjxtcaetb3fdcaxsos46caaqvwyzcan129z3ca9j56x2cam1dcyucakgl9yhcahlwmd6cagavrwhcacm10jb\" width=\"111\" height=\"78\" \/><\/a><\/div>\n<div dir=\"ltr\"><a href=\"http:\/\/blog.espol.edu.ec\/gevelez\/files\/2009\/08\/paca.jpg\"><\/a>\u00a0<\/div>\n<p>\u00a0<\/p>\n<p>\u00a0<\/p>\n<div><\/div>\n<p><span lang=\"EN-US\"><\/p>\n<h4 class=\"MsoNormal\" style=\"text-align: center\"><span style=\"font-size: 12pt;font-family: &quot;Times New Roman&quot;,&quot;serif&amp;quot\"><span style=\"color: #ff00ff\">REFERENCIAS BIBLIOGRAFICAS<\/span><\/span><\/h4>\n<ul>\n<li>\n<h5><span style=\"color: #333399\">[1]\u00a0CONCEJO PROVINCIAL DE MANABI(2009)\"EL CARMEN\"[en linea],concejo provincial de manab\u00ed,obtenido el 14 de agosto de 2009, desde <a href=\"http:\/\/images.google.com.ec\/imgres?imgurl=http:\/\/www.manabi.gov.ec\/images08\/canton-elcarmen.jpg&amp;imgrefurl=http:\/\/www.manabi.gov.ec\/cantones14-el-carmen\/&amp;usg=___Kr317MmoUDkWN8QG694xxjQX3o=&amp;h=380&amp;w=550&amp;sz=70&amp;hl=es&amp;start=10&amp;um=1&amp;tbnid=-1GRu6_b3zcbBM:&amp;tbnh=92&amp;tbnw=133&amp;prev=\/images%3Fq%3DECUADOR%252BMANABI%252BEL%2BCARMEN%26hl%3Des%26um%3D1\">http:\/\/images.google.com.ec\/imgres?imgurl=http:\/\/www.manabi.gov.ec\/images08\/canton-elcarmen.jpg&amp;imgrefurl=http:\/\/www.manabi.gov.ec\/cantones14-el-carmen\/&amp;usg=___Kr317MmoUDkWN8QG694xxjQX3o=&amp;h=380&amp;w=550&amp;sz=70&amp;hl=es&amp;start=10&amp;um=1&amp;tbnid=-1GRu6_b3zcbBM:&amp;tbnh=92&amp;tbnw=133&amp;prev=\/images%3Fq%3DECUADOR%252BMANABI%252BEL%2BCARMEN%26hl%3Des%26um%3D1<\/a><\/span><span style=\"color: #333399\">, Guayaquil-Ecuador.<\/span><\/h5>\n<\/li>\n<\/ul>\n<p>\u00a0<\/p>\n<p><\/span><\/p>\n","protected":false},"excerpt":{"rendered":"<p>CANTONES MANABITAS La provincia es la m\u00e1s privilegiada de la costa del Ecuador con sus 350 kil\u00f3metro de playas\u00a0 El Carmen Se la denomina \u201cLa Puerta de Oro de Manab\u00ed\u201d, por su producci\u00f3n de pl\u00e1tano barraganete y el cacao, \u00fanicos en el pa\u00eds y exportado al mundo. \u00a0 Conserva muchos r\u00edos, donde se han instalado [&hellip;]<\/p>\n","protected":false},"author":1391,"featured_media":0,"parent":0,"menu_order":0,"comment_status":"open","ping_status":"open","template":"","meta":{"footnotes":""},"class_list":["post-226","page","type-page","status-publish","hentry"],"_links":{"self":[{"href":"https:\/\/blog.espol.edu.ec\/gevelez\/wp-json\/wp\/v2\/pages\/226","targetHints":{"allow":["GET"]}}],"collection":[{"href":"https:\/\/blog.espol.edu.ec\/gevelez\/wp-json\/wp\/v2\/pages"}],"about":[{"href":"https:\/\/blog.espol.edu.ec\/gevelez\/wp-json\/wp\/v2\/types\/page"}],"author":[{"embeddable":true,"href":"https:\/\/blog.espol.edu.ec\/gevelez\/wp-json\/wp\/v2\/users\/1391"}],"replies":[{"embeddable":true,"href":"https:\/\/blog.espol.edu.ec\/gevelez\/wp-json\/wp\/v2\/comments?post=226"}],"version-history":[{"count":5,"href":"https:\/\/blog.espol.edu.ec\/gevelez\/wp-json\/wp\/v2\/pages\/226\/revisions"}],"predecessor-version":[{"id":257,"href":"https:\/\/blog.espol.edu.ec\/gevelez\/wp-json\/wp\/v2\/pages\/226\/revisions\/257"}],"wp:attachment":[{"href":"https:\/\/blog.espol.edu.ec\/gevelez\/wp-json\/wp\/v2\/media?parent=226"}],"curies":[{"name":"wp","href":"https:\/\/api.w.org\/{rel}","templated":true}]}}