{"id":35,"date":"2009-03-06T22:23:33","date_gmt":"2009-03-07T03:23:33","guid":{"rendered":"http:\/\/blog.espol.edu.ec\/gevelez\/?page_id=35"},"modified":"2010-05-18T11:45:31","modified_gmt":"2010-05-18T16:45:31","slug":"la-musica","status":"publish","type":"page","link":"https:\/\/blog.espol.edu.ec\/gevelez\/la-musica\/","title":{"rendered":"LA M\u00fasica"},"content":{"rendered":"<p><object width=\"425\" height=\"344\"><param name=\"data\" value=\"http:\/\/www.youtube.com\/v\/E2tMV96xULk&amp;hl=es&amp;fs=1&amp;\" \/><param name=\"allowFullScreen\" value=\"true\" \/><param name=\"allowscriptaccess\" value=\"always\" \/><param name=\"src\" value=\"http:\/\/www.youtube.com\/v\/E2tMV96xULk&amp;hl=es&amp;fs=1&amp;\" \/><param name=\"allowfullscreen\" value=\"true\" \/><embed type=\"application\/x-shockwave-flash\" width=\"425\" height=\"344\" src=\"http:\/\/www.youtube.com\/v\/E2tMV96xULk&amp;hl=es&amp;fs=1&amp;\"><\/embed><\/object><\/p>\n<p><object width=\"425\" height=\"344\"><param name=\"data\" value=\"http:\/\/www.youtube.com\/v\/hoJ8JAevzGY&amp;hl=en&amp;fs=1\" \/><param name=\"allowFullScreen\" value=\"true\" \/><param name=\"allowscriptaccess\" value=\"always\" \/><param name=\"src\" value=\"http:\/\/www.youtube.com\/v\/hoJ8JAevzGY&amp;hl=en&amp;fs=1\" \/><param name=\"allowfullscreen\" value=\"true\" \/><embed type=\"application\/x-shockwave-flash\" width=\"425\" height=\"344\" src=\"http:\/\/www.youtube.com\/v\/hoJ8JAevzGY&amp;hl=en&amp;fs=1\"><\/embed><\/object><\/p>\n<h1 class=\"firstHeading\">Historia de la m\u00fasica<\/h1>\n<div id=\"bodyContent\"><!-- start content -->La <strong>Historia de la m\u00fasica<\/strong> es el estudio de las diferentes tradiciones en la <a title=\"M\u00fasica\" href=\"http:\/\/blog.espol.edu.ec\/wiki\/M%C3%BAsica\">m\u00fasica<\/a> y su ordenaci\u00f3n en el tiempo.<\/div>\n<p>Dado que toda <a title=\"Cultura\" href=\"http:\/\/blog.espol.edu.ec\/wiki\/Cultura\">cultura<\/a> conocida ha tenido alguna forma de manifestaci\u00f3n musical, la Historia de la m\u00fasica abarca a todas las sociedades y \u00e9pocas, y no se limita, como ha venido siendo habitual, a occidente, donde se ha utilizado la expresi\u00f3n <em>historia de la m\u00fasica<\/em> para referirse a la historia de lo que actualmente se denomina <a title=\"M\u00fasica docta\" href=\"http:\/\/blog.espol.edu.ec\/wiki\/M%C3%BAsica_docta\">m\u00fasica docta<\/a> (incorrectamente llamada <a title=\"M\u00fasica cl\u00e1sica\" href=\"http:\/\/blog.espol.edu.ec\/wiki\/M%C3%BAsica_cl%C3%A1sica\">m\u00fasica cl\u00e1sica<\/a>).<\/p>\n<p>La expresi\u00f3n de las <a title=\"Emoci\u00f3n\" href=\"http:\/\/blog.espol.edu.ec\/wiki\/Emoci%C3%B3n\">emociones<\/a> y las <a title=\"Idea\" href=\"http:\/\/blog.espol.edu.ec\/wiki\/Idea\">ideas<\/a> a trav\u00e9s de la m\u00fasica est\u00e1 estrechamente relacionado con todos los dem\u00e1s aspectos de esa misma cultura, como la organizaci\u00f3n <a title=\"Pol\u00edtica\" href=\"http:\/\/blog.espol.edu.ec\/wiki\/Pol%C3%ADtica\">pol\u00edtica<\/a> y <a title=\"Econom\u00eda\" href=\"http:\/\/blog.espol.edu.ec\/wiki\/Econom%C3%ADa\">econ\u00f3mica<\/a>, el desarrollo t\u00e9cnico, la actitud de los <a title=\"Compositor\" href=\"http:\/\/blog.espol.edu.ec\/wiki\/Compositor\">compositores<\/a> y su relaci\u00f3n con los oyentes, las ideas <a title=\"Est\u00e9tica\" href=\"http:\/\/blog.espol.edu.ec\/wiki\/Est%C3%A9tica\">est\u00e9ticas<\/a> m\u00e1s generalizadas de cada comunidad, la visi\u00f3n acerca de la funci\u00f3n del <a title=\"Arte\" href=\"http:\/\/blog.espol.edu.ec\/wiki\/Arte\">arte<\/a> en la <a title=\"Sociedad\" href=\"http:\/\/blog.espol.edu.ec\/wiki\/Sociedad\">sociedad<\/a>, as\u00ed como las variantes biogr\u00e1ficas de cada <a title=\"Autor\" href=\"http:\/\/blog.espol.edu.ec\/wiki\/Autor\">autor<\/a>.<\/p>\n<p>En su sentido m\u00e1s amplio, la m\u00fasica nace con el ser humano, y ya estaba presente, seg\u00fan algunos estudiosos, mucho antes de la extensi\u00f3n del <a class=\"mw-redirect\" title=\"Ser humano\" href=\"http:\/\/blog.espol.edu.ec\/wiki\/Ser_humano\">ser humano<\/a> por el planeta, hace m\u00e1s de 50.000 a\u00f1os.<sup><a href=\"http:\/\/blog.espol.edu.ec\/gevelez\/wp-admin\/#cite_note-0\"><span class=\"corchete-llamada\">[<\/span>1<span class=\"corchete-llamada\">]<\/span><\/a><\/sup> Es por tanto una manifestaci\u00f3n cultural universal.<\/p>\n<p><img loading=\"lazy\" decoding=\"async\" src=\"http:\/\/upload.wikimedia.org\/wikipedia\/commons\/2\/24\/Musas.jpg\" alt=\"\" width=\"492\" height=\"240\" \/><\/p>\n<h3>\u00a0M\u00fasica en la Prehistoria<\/h3>\n<p>La <strong>m\u00fasica prehist\u00f3rica<\/strong> es la m\u00fasica que se creaba e interpretaba en la <a title=\"Prehistoria\" href=\"http:\/\/blog.espol.edu.ec\/wiki\/Prehistoria\">Prehistoria<\/a>, es decir, en <a title=\"Cultura\" href=\"http:\/\/blog.espol.edu.ec\/wiki\/Cultura\">culturas<\/a> anteriores a la <a class=\"mw-redirect\" title=\"Invenci\u00f3n de la escritura\" href=\"http:\/\/blog.espol.edu.ec\/wiki\/Invenci%C3%B3n_de_la_escritura\">invenci\u00f3n de la escritura<\/a>. En ocasiones se la denomina <strong>m\u00fasica primitiva<\/strong>, con un t\u00e9rmino que puede incluir la expresi\u00f3n musical de las culturas primitivas actuales.<\/p>\n<h3>M\u00fasica en la Antig\u00fcedad<\/h3>\n<p>El tema de la <a title=\"M\u00fasica\" href=\"http:\/\/blog.espol.edu.ec\/wiki\/M%C3%BAsica\">m\u00fasica<\/a> en la Prehistoria es complicado, ya que no quedan restos materiales, con la excepci\u00f3n de algunos <a class=\"mw-redirect\" title=\"Instrumentos musicales\" href=\"http:\/\/blog.espol.edu.ec\/wiki\/Instrumentos_musicales\">instrumentos musicales<\/a> encontrados en <a title=\"Yacimiento arqueol\u00f3gico\" href=\"http:\/\/blog.espol.edu.ec\/wiki\/Yacimiento_arqueol%C3%B3gico\">yacimientos arqueol\u00f3gicos<\/a>, o de objetos que pudieron ser utilizados como instrumentos. Por lo tanto es un campo muy te\u00f3rico, y tiene en la <a title=\"Etnolog\u00eda\" href=\"http:\/\/blog.espol.edu.ec\/wiki\/Etnolog%C3%ADa\">Etnolog\u00eda<\/a> musical o <a title=\"Musicolog\u00eda\" href=\"http:\/\/blog.espol.edu.ec\/wiki\/Musicolog%C3%ADa\">Musicolog\u00eda<\/a> comparada, es decir, la comparaci\u00f3n de la m\u00fasica de pueblos primitivos actuales con la que pudieron realizar en las culturas prehist\u00f3ricas, una de sus principales fuentes de estudio, junto con an\u00e1lisis cognitivos y de comportamiento, estudios anat\u00f3micos y del registro arqueol\u00f3gico.<\/p>\n<p>La <strong>m\u00fasica en la Antig\u00fcedad<\/strong> es la <a title=\"Historia de la m\u00fasica\" href=\"http:\/\/blog.espol.edu.ec\/wiki\/Historia_de_la_m%C3%BAsica\">historia de la m\u00fasica<\/a> de la <a class=\"mw-redirect\" title=\"Edad Antigua\" href=\"http:\/\/blog.espol.edu.ec\/wiki\/Edad_Antigua\">Edad Antigua<\/a> y (dado que la <a title=\"M\u00fasica\" href=\"http:\/\/blog.espol.edu.ec\/wiki\/M%C3%BAsica\">m\u00fasica<\/a> es algo connatural al <a class=\"mw-redirect\" title=\"Ser humano\" href=\"http:\/\/blog.espol.edu.ec\/wiki\/Ser_humano\">ser humano<\/a>, como ha probado la <a title=\"Antropolog\u00eda\" href=\"http:\/\/blog.espol.edu.ec\/wiki\/Antropolog%C3%ADa\">antropolog\u00eda<\/a>) tambi\u00e9n de la que se produc\u00eda en periodos anteriores, no hist\u00f3ricos (la <a title=\"Prehistoria\" href=\"http:\/\/blog.espol.edu.ec\/wiki\/Prehistoria\">Prehistoria<\/a>), a pesar de que para unos periodos habr\u00e1 testimonios escritos y para otros \u00fanicamente los restos de la <a class=\"mw-redirect\" title=\"Cultura material\" href=\"http:\/\/blog.espol.edu.ec\/wiki\/Cultura_material\">cultura material<\/a> ligada a la m\u00fasica (los propios <a class=\"mw-redirect\" title=\"Instrumentos musicales\" href=\"http:\/\/blog.espol.edu.ec\/wiki\/Instrumentos_musicales\">instrumentos musicales<\/a>).<\/p>\n<p>No debe confundirse con el concepto de <a title=\"M\u00fasica antigua\" href=\"http:\/\/blog.espol.edu.ec\/wiki\/M%C3%BAsica_antigua\">M\u00fasica antigua<\/a>, que se utiliza de forma equivalente a la <a title=\"M\u00fasica cl\u00e1sica\" href=\"http:\/\/blog.espol.edu.ec\/wiki\/M%C3%BAsica_cl%C3%A1sica\">m\u00fasica cl\u00e1sica<\/a> anterior al <a title=\"Siglo XVIII\" href=\"http:\/\/blog.espol.edu.ec\/wiki\/Siglo_XVIII\">siglo XVIII<\/a> y limitada geogr\u00e1ficamente a <a title=\"Europa Occidental\" href=\"http:\/\/blog.espol.edu.ec\/wiki\/Europa_Occidental\">Europa Occidental<\/a><\/p>\n<h3>M\u00fasica medieval<\/h3>\n<p>La <strong>M\u00fasica medieval<\/strong> comprende toda la <a class=\"mw-redirect\" title=\"M\u00fasica cl\u00e1sica europea\" href=\"http:\/\/blog.espol.edu.ec\/wiki\/M%C3%BAsica_cl%C3%A1sica_europea\">m\u00fasica europea<\/a> compuesta durante la <a title=\"Edad Media\" href=\"http:\/\/blog.espol.edu.ec\/wiki\/Edad_Media\">Edad Media<\/a>. Esta etapa comienza con la <a title=\"Ca\u00edda del Imperio Romano\" href=\"http:\/\/blog.espol.edu.ec\/wiki\/Ca%C3%ADda_del_Imperio_Romano\">ca\u00edda del Imperio Romano<\/a> en <a title=\"476\" href=\"http:\/\/blog.espol.edu.ec\/wiki\/476\">476<\/a> y finaliza aproximadamente hacia mediados del <a title=\"Siglo XV\" href=\"http:\/\/blog.espol.edu.ec\/wiki\/Siglo_XV\">siglo XV<\/a>. Pese a que el fin de la \u00e9poca medieval y el comienzo del <a title=\"Renacimiento\" href=\"http:\/\/blog.espol.edu.ec\/wiki\/Renacimiento\">Renacimiento<\/a> es un l\u00edmite claramente arbitrario y difuso, lo consideraremos situado hacia <a title=\"1400\" href=\"http:\/\/blog.espol.edu.ec\/wiki\/1400\">1400<\/a>.<\/p>\n<p><span class=\"mw-headline\">Instrumentos<\/span><\/p>\n<p>Muchos de los instrumentos usados en la \u00e9poca medieval perviven a\u00fan hoy d\u00eda con algunas variaciones. La flauta se hac\u00eda de madera m\u00e1s que de plata u otro metal, y puede tocarse desde un costado o desde el extremo. La flauta dulce, por otro lado, ha conservado m\u00e1s o menos su forma. El gemshorn se parece a la flauta dulce en cuanto tiene orificios para los dedos en su frente, aunque pertenece en realidad a la familia de la ocarina. Uno de los predecesores de la flauta, la zampo\u00f1a o flauta de pan, fue popular en el medioevo, y es posiblemente de origen hel\u00e9nico. Los tubos de este instrumento estaban hechos de madera, graduados en longitudes diferentes para producir diferentes tonos.<\/p>\n<p>La m\u00fasica medieval utiliza muchos instrumentos de cuerda, tales como el la\u00fad, la guitarra morisca o mandora, la guiterna y el salterio. Los dulc\u00e9meles, similares en estructura a los salterios y c\u00edtaras, eran originalmente punteados.<\/p>\n<p style=\"text-align: center\"><span style=\"color: #0000ff\">REFERENCIAS<\/span> <span style=\"color: #0000ff\">BIBLIOGRAFICAS<\/span><\/p>\n<ul>\n<li><span style=\"color: #333399\">[1]\u00a0WIKIPEDIA(2009)\u201dLa M\u00fasica\u201d[en linea],<a href=\"http:\/\/creativecommons.org\/licenses\/by-sa\/3.0\/deed.es\">Licencia Creative Commons <\/a>,obtenido el 14 de agosto de 2009, desde <a href=\"http:\/\/es.wikipedia.org\/wiki\/M%C3%BAsica\">http:\/\/es.wikipedia.org\/wiki\/M%C3%BAsica<\/a><\/span><span style=\"color: #333399\">, Guayaquil-Ecuador.<\/span><\/li>\n<\/ul>\n","protected":false},"excerpt":{"rendered":"<p>Historia de la m\u00fasica La Historia de la m\u00fasica es el estudio de las diferentes tradiciones en la m\u00fasica y su ordenaci\u00f3n en el tiempo. Dado que toda cultura conocida ha tenido alguna forma de manifestaci\u00f3n musical, la Historia de la m\u00fasica abarca a todas las sociedades y \u00e9pocas, y no se limita, como ha [&hellip;]<\/p>\n","protected":false},"author":1391,"featured_media":0,"parent":0,"menu_order":0,"comment_status":"open","ping_status":"open","template":"","meta":{"footnotes":""},"class_list":["post-35","page","type-page","status-publish","hentry"],"_links":{"self":[{"href":"https:\/\/blog.espol.edu.ec\/gevelez\/wp-json\/wp\/v2\/pages\/35","targetHints":{"allow":["GET"]}}],"collection":[{"href":"https:\/\/blog.espol.edu.ec\/gevelez\/wp-json\/wp\/v2\/pages"}],"about":[{"href":"https:\/\/blog.espol.edu.ec\/gevelez\/wp-json\/wp\/v2\/types\/page"}],"author":[{"embeddable":true,"href":"https:\/\/blog.espol.edu.ec\/gevelez\/wp-json\/wp\/v2\/users\/1391"}],"replies":[{"embeddable":true,"href":"https:\/\/blog.espol.edu.ec\/gevelez\/wp-json\/wp\/v2\/comments?post=35"}],"version-history":[{"count":9,"href":"https:\/\/blog.espol.edu.ec\/gevelez\/wp-json\/wp\/v2\/pages\/35\/revisions"}],"predecessor-version":[{"id":46,"href":"https:\/\/blog.espol.edu.ec\/gevelez\/wp-json\/wp\/v2\/pages\/35\/revisions\/46"}],"wp:attachment":[{"href":"https:\/\/blog.espol.edu.ec\/gevelez\/wp-json\/wp\/v2\/media?parent=35"}],"curies":[{"name":"wp","href":"https:\/\/api.w.org\/{rel}","templated":true}]}}