{"id":33,"date":"2009-03-04T09:52:37","date_gmt":"2009-03-04T14:52:37","guid":{"rendered":"http:\/\/blog.espol.edu.ec\/gfnoboa\/?page_id=33"},"modified":"2009-03-06T15:05:19","modified_gmt":"2009-03-06T20:05:19","slug":"about-me","status":"publish","type":"page","link":"https:\/\/blog.espol.edu.ec\/gfnoboa\/about-me\/","title":{"rendered":"About Me....!!"},"content":{"rendered":"<p><em><\/em><br \/>\n<a href=\"http:\/\/www.glittergraphics.us\" target=\"_blank\"><img decoding=\"async\" src=\"http:\/\/i72.photobucket.com\/albums\/i185\/glittergus\/alph\/23\/a.gif\" border=\"0\" alt=\"Myspace Glitter Graphics, MySpace Graphics, Glitter Graphics\" \/><\/a><a href=\"http:\/\/www.glittergraphics.us\" target=\"_blank\"><img decoding=\"async\" src=\"http:\/\/i72.photobucket.com\/albums\/i185\/glittergus\/alph\/23\/b.gif\" border=\"0\" alt=\"Myspace Glitter Graphics, MySpace Graphics, Glitter Graphics\" \/><\/a><a href=\"http:\/\/www.glittergraphics.us\" target=\"_blank\"><img decoding=\"async\" src=\"http:\/\/i72.photobucket.com\/albums\/i185\/glittergus\/alph\/23\/o.gif\" border=\"0\" alt=\"Myspace Glitter Graphics, MySpace Graphics, Glitter Graphics\" \/><\/a><a href=\"http:\/\/www.glittergraphics.us\" target=\"_blank\"><img decoding=\"async\" src=\"http:\/\/i72.photobucket.com\/albums\/i185\/glittergus\/alph\/23\/u.gif\" border=\"0\" alt=\"Myspace Glitter Graphics, MySpace Graphics, Glitter Graphics\" \/><\/a><a href=\"http:\/\/www.glittergraphics.us\" target=\"_blank\"><img decoding=\"async\" src=\"http:\/\/i72.photobucket.com\/albums\/i185\/glittergus\/alph\/23\/t.gif\" border=\"0\" alt=\"Myspace Glitter Graphics, MySpace Graphics, Glitter Graphics\" \/><\/a>--<a href=\"http:\/\/www.glittergraphics.us\" target=\"_blank\"><img decoding=\"async\" src=\"http:\/\/i72.photobucket.com\/albums\/i185\/glittergus\/alph\/23\/m.gif\" border=\"0\" alt=\"Myspace Glitter Graphics, MySpace Graphics, Glitter Graphics\" \/><\/a><a href=\"http:\/\/www.glittergraphics.us\" target=\"_blank\"><img decoding=\"async\" src=\"http:\/\/i72.photobucket.com\/albums\/i185\/glittergus\/alph\/23\/e.gif\" border=\"0\" alt=\"Myspace Glitter Graphics, MySpace Graphics, Glitter Graphics\" \/><\/a><br \/>\n<em><\/em><\/p>\n<p><em><span style=\"color: #00ccff\">Mi nombre es Gino Noboa Gonz\u00e1lez, nac\u00ed bajo el signo Sagitario,sigo la carrera de Ingenier\u00eda en Auditor\u00eda y Control de Gesti\u00f3n, en la ESPOL,  me considero unna persona muy pero muy \"amigable\" y respetuoso; creo que hacer amigos es algo \u00fanico pero sobre todo conocer gente nueva con otras culturas es algo mejor.<\/span><\/em><\/p>\n<p><em><span style=\"color: #00ccff\">Mi primaria la realic\u00e9 en el \"Espiritu Santo\", ha sido hasta ahora la mejor experiencia que he tenido, conoc\u00ed personas que son mis grandes amigos pero lamentablemente hoy en d\u00eda no los veo, pero s\u00f3lo el recordar los buenos momentos siento que est\u00e1n a mi lado todo momento. Al final de mi Primaria llegu\u00e9 a ser Escolta de la Bandera del Ecuador.<\/span><\/em><\/p>\n<p><em><span style=\"color: #00ccff\">Al culminar esta etapa me di\u00f3 paso a la maravillosa e inolvidable secundaria, la cual la realic\u00e9 en la Academia Naval Almirante Illingworth, all\u00ed aprend\u00ed nuevas cosas las cuales espero nunca borrarlas de mi mente. Adem\u00e1s en la ANAI, por ser unos de los mejores alumnosnos ganabamos estrellas, las cuales significaban una jerarqu\u00eda mayor que la de un alumno normal y en realidad eso era emocionante.<\/span><\/em><\/p>\n<p><em><span style=\"color: #00ccff\">El paso m\u00e1s duro no s\u00f3lo mio sino de todos los adolescentes que est\u00e1n por terminar su secundaria, es la elecci\u00f3n de una Universidad pero sin pensarlo dos veces me decid\u00ed por la mejor del Pa\u00eds \"ESPOL\" y aqu\u00ed empieza una nueva historia, la cual sus p\u00e1ginas a\u00fan no est\u00e1n completas por la sencilla raz\u00f3n de que estos son mis primeros pasos en mi vida Universitaria, me falta mucho lo s\u00e9 espero seguir adelante y cumplir todas mis metas.<\/span><\/em><\/p>\n<p><em><\/em><\/p>\n<p><em><\/em><\/p>\n<p><em><\/em><\/p>\n<p><em><img loading=\"lazy\" decoding=\"async\" class=\"alignnone\" style=\"float: left;margin: 10px 10px 0px;border: 1px solid\" src=\"http:\/\/tbn0.google.com\/images?q=tbn:w4vATNe_zWAYGM:http:\/\/www.marcsweb.de\/bilder\/Superman%2520blue.jpg\" alt=\"See full size image\" width=\"118\" height=\"84\" \/><\/em><\/p>\n<p><em><\/em><\/p>\n<p><em><\/em><\/p>\n<p><em><\/em><\/p>\n<p><span style=\"color: #ffff00\"><em><span><a class=\"aligncenter\" title=\"Visitame\" href=\"http:\/\/www.icm.espol.edu.ec\/estudiantes\/2008\/200803880\" target=\"_blank\">Visita mi Sitio Web<\/a><\/span><\/em><\/span><\/p>\n<p><a class=\"aligncenter\" title=\"Comentarios\" href=\"http:\/\/gfnoboa@espol.edu.ec\" target=\"_blank\">Comentarios a Mi Correo<\/a><\/p>\n","protected":false},"excerpt":{"rendered":"<p>-- Mi nombre es Gino Noboa Gonz\u00e1lez, nac\u00ed bajo el signo Sagitario,sigo la carrera de Ingenier\u00eda en Auditor\u00eda y Control de Gesti\u00f3n, en la ESPOL, me considero unna persona muy pero muy \"amigable\" y respetuoso; creo que hacer amigos es algo \u00fanico pero sobre todo conocer gente nueva con otras culturas es algo mejor. Mi [&hellip;]<\/p>\n","protected":false},"author":1393,"featured_media":0,"parent":0,"menu_order":0,"comment_status":"open","ping_status":"open","template":"","meta":{"footnotes":""},"class_list":["post-33","page","type-page","status-publish","hentry"],"_links":{"self":[{"href":"https:\/\/blog.espol.edu.ec\/gfnoboa\/wp-json\/wp\/v2\/pages\/33","targetHints":{"allow":["GET"]}}],"collection":[{"href":"https:\/\/blog.espol.edu.ec\/gfnoboa\/wp-json\/wp\/v2\/pages"}],"about":[{"href":"https:\/\/blog.espol.edu.ec\/gfnoboa\/wp-json\/wp\/v2\/types\/page"}],"author":[{"embeddable":true,"href":"https:\/\/blog.espol.edu.ec\/gfnoboa\/wp-json\/wp\/v2\/users\/1393"}],"replies":[{"embeddable":true,"href":"https:\/\/blog.espol.edu.ec\/gfnoboa\/wp-json\/wp\/v2\/comments?post=33"}],"version-history":[{"count":8,"href":"https:\/\/blog.espol.edu.ec\/gfnoboa\/wp-json\/wp\/v2\/pages\/33\/revisions"}],"predecessor-version":[{"id":36,"href":"https:\/\/blog.espol.edu.ec\/gfnoboa\/wp-json\/wp\/v2\/pages\/33\/revisions\/36"}],"wp:attachment":[{"href":"https:\/\/blog.espol.edu.ec\/gfnoboa\/wp-json\/wp\/v2\/media?parent=33"}],"curies":[{"name":"wp","href":"https:\/\/api.w.org\/{rel}","templated":true}]}}