{"id":2232,"date":"2015-03-27T12:37:14","date_gmt":"2015-03-27T12:37:14","guid":{"rendered":"http:\/\/blog.espol.edu.ec\/edelros\/?page_id=4"},"modified":"2025-04-07T11:20:06","modified_gmt":"2025-04-07T16:20:06","slug":"inicio","status":"publish","type":"page","link":"https:\/\/blog.espol.edu.ec\/girni\/","title":{"rendered":"Inicio"},"content":{"rendered":"<p><strong>G<\/strong>rupo de <strong>I<\/strong>nvestigaci\u00f3n de <strong>R<\/strong>edes de i<strong>N<\/strong>formaci\u00f3n <strong>I<\/strong>nal\u00e1mbricas<\/p>\n<p><a href=\"http:\/\/blog.espol.edu.ec\/girni\/ide-arduino-con-heltec-cubecell-lora\/\">Taller LoRa\u00a0 Evento Aplicaciones Inalambricas<\/a><\/p>\n<h2>Esquemas Abiertos<\/h2>\n<p><a href=\"http:\/\/blog.espol.edu.ec\/girni\/files\/2020\/06\/EsquemaBasico01.png\"><img loading=\"lazy\" decoding=\"async\" class=\"alignnone wp-image-2328 size-full\" src=\"http:\/\/blog.espol.edu.ec\/girni\/files\/2020\/06\/EsquemaBasico01.png\" alt=\"Esquemas Abiertos\" width=\"1156\" height=\"563\" srcset=\"https:\/\/blog.espol.edu.ec\/girni\/files\/2020\/06\/EsquemaBasico01.png 1156w, https:\/\/blog.espol.edu.ec\/girni\/files\/2020\/06\/EsquemaBasico01-300x146.png 300w, https:\/\/blog.espol.edu.ec\/girni\/files\/2020\/06\/EsquemaBasico01-768x374.png 768w, https:\/\/blog.espol.edu.ec\/girni\/files\/2020\/06\/EsquemaBasico01-1024x499.png 1024w\" sizes=\"auto, (max-width: 767px) 89vw, (max-width: 1000px) 54vw, (max-width: 1071px) 543px, 580px\" \/><\/a><\/p>\n","protected":false},"excerpt":{"rendered":"<p>Grupo de Investigaci\u00f3n de Redes de iNformaci\u00f3n Inal\u00e1mbricas Taller LoRa\u00a0 Evento Aplicaciones Inalambricas Esquemas Abiertos<\/p>\n","protected":false},"author":8043,"featured_media":0,"parent":0,"menu_order":0,"comment_status":"closed","ping_status":"closed","template":"","meta":{"footnotes":""},"class_list":["post-2232","page","type-page","status-publish","hentry"],"_links":{"self":[{"href":"https:\/\/blog.espol.edu.ec\/girni\/wp-json\/wp\/v2\/pages\/2232","targetHints":{"allow":["GET"]}}],"collection":[{"href":"https:\/\/blog.espol.edu.ec\/girni\/wp-json\/wp\/v2\/pages"}],"about":[{"href":"https:\/\/blog.espol.edu.ec\/girni\/wp-json\/wp\/v2\/types\/page"}],"author":[{"embeddable":true,"href":"https:\/\/blog.espol.edu.ec\/girni\/wp-json\/wp\/v2\/users\/8043"}],"replies":[{"embeddable":true,"href":"https:\/\/blog.espol.edu.ec\/girni\/wp-json\/wp\/v2\/comments?post=2232"}],"version-history":[{"count":9,"href":"https:\/\/blog.espol.edu.ec\/girni\/wp-json\/wp\/v2\/pages\/2232\/revisions"}],"predecessor-version":[{"id":4141,"href":"https:\/\/blog.espol.edu.ec\/girni\/wp-json\/wp\/v2\/pages\/2232\/revisions\/4141"}],"wp:attachment":[{"href":"https:\/\/blog.espol.edu.ec\/girni\/wp-json\/wp\/v2\/media?parent=2232"}],"curies":[{"name":"wp","href":"https:\/\/api.w.org\/{rel}","templated":true}]}}