{"id":2298,"date":"2020-05-29T00:27:21","date_gmt":"2020-05-28T22:27:21","guid":{"rendered":"http:\/\/blog.espol.edu.ec\/girni\/?page_id=2298"},"modified":"2021-01-10T16:52:25","modified_gmt":"2021-01-10T21:52:25","slug":"integrantes","status":"publish","type":"page","link":"https:\/\/blog.espol.edu.ec\/girni\/acerca-de\/integrantes\/","title":{"rendered":"Integrantes"},"content":{"rendered":"<h1>Director<\/h1>\n<p><a href=\"https:\/\/www.fiec.espol.edu.ec\/es\/cv\/ramos-s%C3%A1nchez-boris-gabriel\">Ramos S\u00e1nchez, Boris Gabriel<\/a>, PhD<\/p>\n<p>e-mail: bramos@fiec.espol.edu.ec , bramos@espol.edu.ec<\/p>\n<p>\u00c1reas de Investigaci\u00f3n: Wireless Communications<\/p>\n<h1>Integrantes<\/h1>\n<p><a href=\"https:\/\/www.fiec.espol.edu.ec\/en\/node\/197\">Dom\u00ednguez Bonini, Federico Xavier<\/a>, PhD.<\/p>\n<p>e-mail: fexadomi@fiec.espol.edu.ec, fexadomi@espol.edu.ec<\/p>\n<p>\u00c1reas de Investigaci\u00f3n: Signal Processing<\/p>\n<p><a href=\"http:\/\/www.fcnm.espol.edu.ec\/es\/cv\/del-rosario-camposano-edison\">Del Rosario Camposano, Edison Isa\u00edas<\/a> M.A.<\/p>\n<p>e-mail: edelros@espol.edu.ec<\/p>\n<h1>Colaboradores Invitados<\/h1>\n","protected":false},"excerpt":{"rendered":"<p>Director Ramos S\u00e1nchez, Boris Gabriel, PhD e-mail: bramos@fiec.espol.edu.ec , bramos@espol.edu.ec \u00c1reas de Investigaci\u00f3n: Wireless Communications Integrantes Dom\u00ednguez Bonini, Federico Xavier, PhD. e-mail: fexadomi@fiec.espol.edu.ec, fexadomi@espol.edu.ec \u00c1reas de Investigaci\u00f3n: Signal Processing Del Rosario Camposano, Edison Isa\u00edas M.A. e-mail: edelros@espol.edu.ec Colaboradores Invitados<\/p>\n","protected":false},"author":8043,"featured_media":0,"parent":2292,"menu_order":0,"comment_status":"closed","ping_status":"closed","template":"","meta":{"footnotes":""},"class_list":["post-2298","page","type-page","status-publish","hentry"],"_links":{"self":[{"href":"https:\/\/blog.espol.edu.ec\/girni\/wp-json\/wp\/v2\/pages\/2298","targetHints":{"allow":["GET"]}}],"collection":[{"href":"https:\/\/blog.espol.edu.ec\/girni\/wp-json\/wp\/v2\/pages"}],"about":[{"href":"https:\/\/blog.espol.edu.ec\/girni\/wp-json\/wp\/v2\/types\/page"}],"author":[{"embeddable":true,"href":"https:\/\/blog.espol.edu.ec\/girni\/wp-json\/wp\/v2\/users\/8043"}],"replies":[{"embeddable":true,"href":"https:\/\/blog.espol.edu.ec\/girni\/wp-json\/wp\/v2\/comments?post=2298"}],"version-history":[{"count":4,"href":"https:\/\/blog.espol.edu.ec\/girni\/wp-json\/wp\/v2\/pages\/2298\/revisions"}],"predecessor-version":[{"id":2942,"href":"https:\/\/blog.espol.edu.ec\/girni\/wp-json\/wp\/v2\/pages\/2298\/revisions\/2942"}],"up":[{"embeddable":true,"href":"https:\/\/blog.espol.edu.ec\/girni\/wp-json\/wp\/v2\/pages\/2292"}],"wp:attachment":[{"href":"https:\/\/blog.espol.edu.ec\/girni\/wp-json\/wp\/v2\/media?parent=2298"}],"curies":[{"name":"wp","href":"https:\/\/api.w.org\/{rel}","templated":true}]}}