{"id":161,"date":"2015-11-10T00:35:15","date_gmt":"2015-11-10T00:35:15","guid":{"rendered":"http:\/\/blog.espol.edu.ec\/giscacri\/?page_id=161"},"modified":"2015-11-10T00:35:48","modified_gmt":"2015-11-10T00:35:48","slug":"reserva-buenaventura","status":"publish","type":"page","link":"https:\/\/blog.espol.edu.ec\/giscacri\/centros-turisticos\/reserva-buenaventura\/","title":{"rendered":"Reserva Buenaventura"},"content":{"rendered":"<div class=\"texto\"><\/div>\n<div class=\"texto\"><\/div>\n<div class=\"texto\"><img loading=\"lazy\" decoding=\"async\" class=\"\" src=\"http:\/\/ciudadorquidea.com\/images\/stories\/Act\/Ciu\/11_plan%20eco%20jocotoco%202.jpg\" alt=\"\" width=\"281\" height=\"188\" \/><img loading=\"lazy\" decoding=\"async\" class=\"alignnone\" src=\"https:\/\/c2.staticflickr.com\/6\/5172\/5412940829_fab24cee0a_b.jpg\" alt=\"\" width=\"292\" height=\"194\" \/><img loading=\"lazy\" decoding=\"async\" class=\"alignleft\" src=\"http:\/\/mw2.google.com\/mw-panoramio\/photos\/medium\/57958412.jpg\" alt=\"\" width=\"265\" height=\"199\" \/><\/div>\n<div class=\"texto\">La Reserva Buenaventura est\u00e1 ubicada en la parte alta de la provincia del Oro cerca de la ciudad de Pi\u00f1as, esta reserva presenta una gran diversidad de aves, especies vegetales e insectos.<\/div>\n<div class=\"texto\"><\/div>\n<div class=\"texto\">La zona es conocida por ser uno de las m\u00e1s ricas en sitios de ornitolog\u00eda de f\u00e1cil acceso en Los Andes ecuatorianos. Protege una angosta zona de bosque nublado y de h\u00e1bitat y otra zona de laderas secas al oeste de los Andes en el sur de Ecuador.<\/div>\n<p><b>Ubicaci\u00f3n<\/b><\/p>\n<div class=\"texto\">Ubicada a 60 minutos de la ciudad de Machala en la v\u00eda Santa Rosa \u2013 Pi\u00f1as.<\/div>\n<p><b>Extensi\u00f3n<\/b><\/p>\n<div class=\"texto\">La Reserva Buenaventura fue adquirida por la Fundaci\u00f3n Jocotoco en 1999, compro 300 hect\u00e1reas de terrenos con bosques y pastos. Desde su inauguraci\u00f3n la reserva se ha ampliado progresivamente, y para finales de 2005 se ampli\u00f3 cerca de 1500 hect\u00e1reas. El objetivo del tama\u00f1o de la reserva es de 5000 hect\u00e1reas.<\/div>\n<p><b>Clima<\/b><\/p>\n<div class=\"texto\">Su clima promedio es de 14 y 26 grados cent\u00edgrados.<\/div>\n<div class=\"titulo1\">Fauna<\/div>\n<table border=\"0\" width=\"99%\" cellspacing=\"0\" cellpadding=\"0\">\n<tbody>\n<tr>\n<td valign=\"top\" width=\"75%\" height=\"14\">\n<div class=\"texto\">\n<p>La reserva de Buenaventura es el hogar de m\u00e1s de 320 especies de aves. Doce de las estas se encuentran en peligro global y treinta son especies end\u00e9micas. Adem\u00e1s de la gran variedad de aves algunos observadores han visto al\u00a0ocelote, varios grupos de mono chil\u00f3n.<\/p>\n<div class=\"texto\">En la reserva Buenaventura se pudo identificar 255 especies de mariposas, 60 pertenecientes a mariposas diurnas y 195 a mariposas nocturnas dentro de estas se pudo determinar que la familia que mas especies presenta es la familia Arctidae, y uno de sus g\u00e9neros Euceron es el que mas especies posee.<\/div>\n<\/div>\n<\/td>\n<td align=\"center\"><img loading=\"lazy\" decoding=\"async\" src=\"http:\/\/www.viajandox.com\/eloro\/eloro_pinas_reserva1.gif\" alt=\"\" width=\"140\" height=\"94\" border=\"0\" \/><\/td>\n<\/tr>\n<\/tbody>\n<\/table>\n<div class=\"texto\"><\/div>\n<table border=\"1\" width=\"100%\" cellspacing=\"0\">\n<tbody>\n<tr>\n<td align=\"center\" width=\"22%\"><b><a class=\"textosmenured\" href=\"http:\/\/www.viajandox.com\/eloro\/pinas-como-llegar-atractivo.htm#reserva\">Como Llegar<\/a><\/b><\/td>\n<td class=\"textonegro\" bgcolor=\"#FFFFCC\" width=\"81%\"><\/td>\n<\/tr>\n<\/tbody>\n<\/table>\n<p>Entre las especies m\u00e1s importantes que podemos encontrar en esta Reserva tenemos:<\/p>\n<p>\u2022 <i><b>Aves:<\/b><\/i> Perico de orc\u00e9s, p\u00e1jaro paraguas longuip\u00e9ndulo, gavil\u00e1n dorsigris, chachalaca cabecirrufa, pava crestada, paloma ventriocr\u00e1cea, ninfa ventriesmeralda, ermita\u00f1o de bar\u00f3n, buco Bigotiblanco, tuc\u00e1n de swainson, gralaria escamada.<\/p>\n<div class=\"texto\">\u2022 <i><b>Anfibios y Reptiles:<\/b><\/i> Ranita Punta de Flecha, end\u00e9mica del Ecuador, ranas arbor\u00edcolas, lagartijas y serpientes.<\/div>\n<div class=\"texto\">\u2022 <i><b>Mam\u00edferos:<\/b><\/i> Cuchucho, cabeza de mate, mono ahullador, tigrillo, puma, guatuza, flor de balsa, tumulle o armadillo, puerco del monte.<\/div>\n<table border=\"0\" width=\"99%\" cellspacing=\"0\" cellpadding=\"0\">\n<tbody>\n<tr>\n<td align=\"center\"><img loading=\"lazy\" decoding=\"async\" src=\"http:\/\/www.viajandox.com\/eloro\/eloro_pinas_reserva4.jpg\" alt=\"\" width=\"140\" height=\"94\" border=\"0\" \/><\/td>\n<td valign=\"top\" width=\"75%\" height=\"14\">\n<div class=\"titulo1\">Flora<\/div>\n<div class=\"texto\">En este lugar se puede encontrar una gran variedad de plantas en las que sobresalen las orqu\u00eddeas, en este lugar se conocen dos de las trece especies las cuales solo pueden ser encontradas en<\/div>\n<\/td>\n<\/tr>\n<\/tbody>\n<\/table>\n<div class=\"texto\">esta regi\u00f3n.<\/div>\n<div class=\"titulo1\">Atractivos<\/div>\n<div class=\"texto\">\n<p><i><b>Senderos:<\/b><\/i> La reserva cuenta con diferentes senderos a diferentes altitudes destinados principalmente para la observaci\u00f3n de aves, con su respectiva se\u00f1alizaci\u00f3n.<\/p>\n<p>\u2022 <i><b>Sendero Ecol\u00f3gico:<\/b><\/i> El abandono de la antigua carretera a Machala Pi\u00f1as pasa por el centro de la reserva. Durante el a\u00f1o 2005 este fue reparado y ahora puede ser utilizado como un sendero ecol\u00f3gico de un tramo de seis kil\u00f3metros de largo para los visitantes, empezando cerca de la ermita y descendiendo atr\u00e1s de la reserva.<\/p>\n<\/div>\n<div class=\"texto\">\u2022 Su bosque protege la m\u00e1s importante poblaci\u00f3n del Perico de Orc\u00e9s, con cerca de 70 parejas, y el Tapaculo de el Oro, con 30 parejas, ambos end\u00e9micos de esta regi\u00f3n y en peligro de extinci\u00f3n.<\/div>\n<div class=\"texto\">\u2022 Buenaventura tiene un de los mas exitosos para la observaci\u00f3n del ex\u00f3tico P\u00e1jaro Paraguas Longip\u00e9ndulo.<\/div>\n","protected":false},"excerpt":{"rendered":"<p>La Reserva Buenaventura est\u00e1 ubicada en la parte alta de la provincia del Oro cerca de la ciudad de Pi\u00f1as, esta reserva presenta una gran diversidad de aves, especies vegetales e insectos. La zona es conocida por ser uno de las m\u00e1s ricas en sitios de ornitolog\u00eda de f\u00e1cil acceso en Los Andes ecuatorianos. Protege &hellip; <\/p>\n<p><a class=\"more-link btn\" href=\"https:\/\/blog.espol.edu.ec\/giscacri\/centros-turisticos\/reserva-buenaventura\/\">Seguir leyendo<\/a><\/p>\n","protected":false},"author":9958,"featured_media":0,"parent":153,"menu_order":0,"comment_status":"closed","ping_status":"closed","template":"","meta":{"footnotes":""},"class_list":["post-161","page","type-page","status-publish","hentry","nodate","item-wrap"],"_links":{"self":[{"href":"https:\/\/blog.espol.edu.ec\/giscacri\/wp-json\/wp\/v2\/pages\/161","targetHints":{"allow":["GET"]}}],"collection":[{"href":"https:\/\/blog.espol.edu.ec\/giscacri\/wp-json\/wp\/v2\/pages"}],"about":[{"href":"https:\/\/blog.espol.edu.ec\/giscacri\/wp-json\/wp\/v2\/types\/page"}],"author":[{"embeddable":true,"href":"https:\/\/blog.espol.edu.ec\/giscacri\/wp-json\/wp\/v2\/users\/9958"}],"replies":[{"embeddable":true,"href":"https:\/\/blog.espol.edu.ec\/giscacri\/wp-json\/wp\/v2\/comments?post=161"}],"version-history":[{"count":2,"href":"https:\/\/blog.espol.edu.ec\/giscacri\/wp-json\/wp\/v2\/pages\/161\/revisions"}],"predecessor-version":[{"id":163,"href":"https:\/\/blog.espol.edu.ec\/giscacri\/wp-json\/wp\/v2\/pages\/161\/revisions\/163"}],"up":[{"embeddable":true,"href":"https:\/\/blog.espol.edu.ec\/giscacri\/wp-json\/wp\/v2\/pages\/153"}],"wp:attachment":[{"href":"https:\/\/blog.espol.edu.ec\/giscacri\/wp-json\/wp\/v2\/media?parent=161"}],"curies":[{"name":"wp","href":"https:\/\/api.w.org\/{rel}","templated":true}]}}