{"id":164,"date":"2015-11-10T00:39:37","date_gmt":"2015-11-10T00:39:37","guid":{"rendered":"http:\/\/blog.espol.edu.ec\/giscacri\/?page_id=164"},"modified":"2015-11-10T00:39:37","modified_gmt":"2015-11-10T00:39:37","slug":"cascada-la-florida","status":"publish","type":"page","link":"https:\/\/blog.espol.edu.ec\/giscacri\/centros-turisticos\/cascada-la-florida\/","title":{"rendered":"Cascada \"La Florida\""},"content":{"rendered":"<table border=\"0\" width=\"99%\" cellspacing=\"0\" cellpadding=\"0\">\n<tbody>\n<tr>\n<td valign=\"top\" width=\"75%\" height=\"14\">\n<div class=\"texto\"><\/div>\n<div class=\"texto\"><img decoding=\"async\" class=\"alignleft\" src=\"http:\/\/mw2.google.com\/mw-panoramio\/photos\/medium\/116347867.jpg\" alt=\"\" \/><\/div>\n<div class=\"texto\"><\/div>\n<div class=\"texto\"><\/div>\n<div class=\"texto\">Un lugar donde puede disfrutar de un ambiente c\u00e1lido y lleno de numerosas maravillas que solo la naturaleza nos la puede ofrecer. Se encuentra rodeada de una reserva de 2 Hect\u00e1reas de bosque natural, cuenta con una explanada en la que se puede observar monta\u00f1as, paisajes lleno&nbsp;<\/p>\n<p><b>Ubicaci\u00f3n<\/b><\/p>\n<div class=\"texto\">La Cascada La Florida se encuentra ubicada a 30 minutos del sitio El Carmen, cant\u00f3n Pi\u00f1as, nace en el cerro del lobo a una altura de 20 y 40 metros\u00a0de flora y fa&nbsp;<\/p>\n<p><b>Clima<\/b><\/p>\n<div class=\"texto\">Su temperatura oscila entre los 12 a 25 grados cent\u00edgrados.<\/div>\n<\/div>\n<div class=\"texto\"><\/div>\n<\/div>\n<\/td>\n<\/tr>\n<\/tbody>\n<\/table>\n<div align=\"center\"><\/div>\n<div class=\"texto\"><\/div>\n<div class=\"texto\">. . . . . . . . . . . . . . . . . . . . . . . . . . . . . . . . . . . . . . . . . .<\/div>\n<p>&nbsp;<\/p>\n<p>&nbsp;<\/p>\n<table border=\"0\" width=\"99%\" cellspacing=\"0\" cellpadding=\"0\">\n<tbody>\n<tr>\n<td valign=\"top\" width=\"75%\" height=\"14\">\n<div class=\"titulo1\">Flora<\/div>\n<div class=\"texto\">La Quebrada obscura presenta en su estructura vertical cinco estratos correspondientes a los h\u00e1bitos: Arb\u00f3reo, arbustivo, herb\u00e1ceo, trepador y epifito.<\/div>\n<\/td>\n<td align=\"center\"><img loading=\"lazy\" decoding=\"async\" src=\"http:\/\/www.viajandox.com\/eloro\/eloro_pinas_cascadaflorida2.jpg\" alt=\"\" width=\"140\" height=\"94\" border=\"0\" \/><\/td>\n<\/tr>\n<\/tbody>\n<\/table>\n<p>En esta zona se encuentra una gran variedad de frutas tropicales como: Naranja, mandarina, lim\u00f3n, aguacate, guayaba, pomarrosa, pi\u00f1a y otras frutas tropicales.<\/p>\n<table border=\"0\" width=\"99%\" cellspacing=\"0\" cellpadding=\"0\">\n<tbody>\n<tr>\n<td align=\"center\"><img loading=\"lazy\" decoding=\"async\" src=\"http:\/\/www.viajandox.com\/eloro\/eloro_pinas_cascadaflorida1.jpg\" alt=\"\" width=\"140\" height=\"94\" border=\"0\" \/><\/td>\n<td valign=\"top\" width=\"75%\" height=\"14\">\n<div class=\"titulo1\">Fauna<\/div>\n<div class=\"texto\">En este lugar se puede avistar: pavas de monte, perdices, loras, t\u00f3rtolas, tangaras, colibr\u00edes, b\u00fahos, mariposas de diversos colores, mam\u00edferos como: sahino, armadillo, guanta, guatusa, raposa, conejos silvestres y algunos reptiles.<\/div>\n<\/td>\n<\/tr>\n<\/tbody>\n<\/table>\n<div class=\"titulo1\"><\/div>\n<div class=\"titulo1\">Atractivos<\/div>\n<p>\u2022 <i><b>Caminata:<\/b><\/i> En una caminata por caminos preparados principalmente para disfrutar de los parajes de este hermoso sector, donde la diversidad de flora y fauna es su atractivo principal.<\/p>\n<div class=\"texto\">\u2022 <i><b>Observaci\u00f3n de flora y fauna:<\/b><\/i> En este hermoso lugar se puede observar una variedad de flores y mariposas de distintos colores y tama\u00f1os.<\/div>\n<div class=\"texto\">\u2022 Despu\u00e9s de atravesar un bosque de tagua, guayabas, caimitos, naranjas, mandarinas, y epifitas, refugio ideal para aves, mam\u00edferos, pavas de monte, y si el tiempo es el adecuado puede observar el gallo de la pe\u00f1a.<\/div>\n<p>&nbsp;<\/p>\n<div class=\"texto\"><\/div>\n","protected":false},"excerpt":{"rendered":"<p>Un lugar donde puede disfrutar de un ambiente c\u00e1lido y lleno de numerosas maravillas que solo la naturaleza nos la puede ofrecer. Se encuentra rodeada de una reserva de 2 Hect\u00e1reas de bosque natural, cuenta con una explanada en la que se puede observar monta\u00f1as, paisajes lleno&nbsp; Ubicaci\u00f3n La Cascada La Florida se encuentra ubicada &hellip; <\/p>\n<p><a class=\"more-link btn\" href=\"https:\/\/blog.espol.edu.ec\/giscacri\/centros-turisticos\/cascada-la-florida\/\">Seguir leyendo<\/a><\/p>\n","protected":false},"author":9958,"featured_media":0,"parent":153,"menu_order":0,"comment_status":"closed","ping_status":"closed","template":"","meta":{"footnotes":""},"class_list":["post-164","page","type-page","status-publish","hentry","nodate","item-wrap"],"_links":{"self":[{"href":"https:\/\/blog.espol.edu.ec\/giscacri\/wp-json\/wp\/v2\/pages\/164","targetHints":{"allow":["GET"]}}],"collection":[{"href":"https:\/\/blog.espol.edu.ec\/giscacri\/wp-json\/wp\/v2\/pages"}],"about":[{"href":"https:\/\/blog.espol.edu.ec\/giscacri\/wp-json\/wp\/v2\/types\/page"}],"author":[{"embeddable":true,"href":"https:\/\/blog.espol.edu.ec\/giscacri\/wp-json\/wp\/v2\/users\/9958"}],"replies":[{"embeddable":true,"href":"https:\/\/blog.espol.edu.ec\/giscacri\/wp-json\/wp\/v2\/comments?post=164"}],"version-history":[{"count":1,"href":"https:\/\/blog.espol.edu.ec\/giscacri\/wp-json\/wp\/v2\/pages\/164\/revisions"}],"predecessor-version":[{"id":165,"href":"https:\/\/blog.espol.edu.ec\/giscacri\/wp-json\/wp\/v2\/pages\/164\/revisions\/165"}],"up":[{"embeddable":true,"href":"https:\/\/blog.espol.edu.ec\/giscacri\/wp-json\/wp\/v2\/pages\/153"}],"wp:attachment":[{"href":"https:\/\/blog.espol.edu.ec\/giscacri\/wp-json\/wp\/v2\/media?parent=164"}],"curies":[{"name":"wp","href":"https:\/\/api.w.org\/{rel}","templated":true}]}}