{"id":166,"date":"2015-11-10T00:47:07","date_gmt":"2015-11-10T00:47:07","guid":{"rendered":"http:\/\/blog.espol.edu.ec\/giscacri\/?page_id=166"},"modified":"2015-11-10T00:47:07","modified_gmt":"2015-11-10T00:47:07","slug":"chorro-el-viringo","status":"publish","type":"page","link":"https:\/\/blog.espol.edu.ec\/giscacri\/centros-turisticos\/chorro-el-viringo\/","title":{"rendered":"Chorro El Viringo"},"content":{"rendered":"<p><img loading=\"lazy\" decoding=\"async\" class=\"alignleft\" src=\"https:\/\/pbs.twimg.com\/media\/Bqlx2LlIMAASkhv.jpg\" alt=\"\" width=\"288\" height=\"288\" \/><img loading=\"lazy\" decoding=\"async\" class=\"alignleft\" src=\"http:\/\/i.ytimg.com\/vi\/41utvnWweso\/maxresdefault.jpg\" alt=\"\" width=\"289\" height=\"162\" \/><\/p>\n<p>&nbsp;<\/p>\n<p>&nbsp;<\/p>\n<p>Es un lugar para refrescar el alma, con agua natural, nacida desde la monta\u00f1a de Buenaventura, es un sitio para deleitarse de la naturaleza.<\/p>\n<div class=\"texto\"><b>Altura<\/b><\/div>\n<div class=\"texto\">La cascada cuenta con una altura aproximada de 10 metros.<\/div>\n<p><b>Ubicaci\u00f3n<\/b><\/p>\n<div class=\"texto\">Ubicado a 6 Km. De la ciudad de Pi\u00f1as, al pie de la carretera y el ingreso no tiene ning\u00fan costo.<\/div>\n<p><b>Clima<\/b><\/p>\n<div class=\"texto\">Su temperatura oscila entre los 12 a 25 grados cent\u00edgrados.<\/div>\n<table border=\"0\" width=\"99%\" cellspacing=\"0\" cellpadding=\"0\">\n<tbody>\n<tr>\n<td valign=\"top\" width=\"75%\" height=\"14\">\n<div class=\"titulo1\">Flora<\/div>\n<div class=\"texto\">En este lugar se puede encontrar una gran variedad de plantas en las que sobresalen las orqu\u00eddeas y helechos.<\/div>\n<\/td>\n<td align=\"center\"><img loading=\"lazy\" decoding=\"async\" src=\"http:\/\/www.viajandox.com\/eloro\/eloro_pinas_banosviringo2.jpg\" alt=\"\" width=\"140\" height=\"94\" border=\"0\" \/><\/td>\n<\/tr>\n<\/tbody>\n<\/table>\n<div class=\"texto\">\n<p>&nbsp;<\/p>\n<\/div>\n<table border=\"0\" width=\"99%\" cellspacing=\"0\" cellpadding=\"0\">\n<tbody>\n<tr>\n<td align=\"center\"><img loading=\"lazy\" decoding=\"async\" src=\"http:\/\/www.viajandox.com\/eloro\/eloro_pinas_banosviringo1.jpg\" alt=\"\" width=\"140\" height=\"94\" border=\"0\" \/><\/td>\n<td valign=\"top\" width=\"75%\" height=\"14\">\n<div class=\"titulo1\">Fauna<\/div>\n<div class=\"texto\">En los alrededores de la cascada se puede observar algunas especies de p\u00e1jaros, colibr\u00edes, reptiles como: ranas arbor\u00edcolas, lagartijas y serpientes. Adem\u00e1s se puede ver mariposas de diferentes colores y tama\u00f1os.<\/div>\n<\/td>\n<\/tr>\n<\/tbody>\n<\/table>\n<div class=\"titulo1\"><\/div>\n<div class=\"titulo1\">Atractivos<\/div>\n<p>\u2022 <i><b><a class=\"texto\" href=\"http:\/\/www.viajandox.com\/eloro\/reserva-buenaventura-pinas.htm\">Reserva Buenaventura:<\/a><\/b><\/i> Est\u00e1 ubicada en la parte alta de la provincia del Oro cerca de la ciudad de Pi\u00f1as, esta reserva presenta una gran diversidad de aves, especies vegetales e insectos.<\/p>\n<p>La zona es conocida por ser uno de las m\u00e1s ricas en sitios de ornitolog\u00eda de f\u00e1cil acceso en Los Andes ecuatorianos. Protege una angosta zona de bosque nublado y de h\u00e1bitat y otra zona de laderas secas al oeste de los Andes en el sur de Ecuador.<\/p>\n<div class=\"texto\">\n<p>Su bosque protege la m\u00e1s importante poblaci\u00f3n del Perico de Orc\u00e9s, con cerca de 70 parejas, y el Tapaculo de el Oro, con 30 parejas, ambos end\u00e9micos de esta regi\u00f3n y en peligro de extinci\u00f3n. <a class=\"textosmenured\" href=\"http:\/\/www.viajandox.com\/eloro\/reserva-buenaventura-pinas.htm\">Detalles<\/a><\/p>\n<div class=\"titulo1\">Leyenda<\/div>\n<div class=\"texto\">Esta ca\u00edda de agua natural, cuyo nombre: <i><b>\"viringo\"<\/b><\/i>, significa <i><b>\"desnudo\"<\/b><\/i>, se lo denomina as\u00ed porque antiguamente, los transportistas que tomaban esta ruta, debido al intenso calor de la zona, se deten\u00edan en esta peque\u00f1a fuente para refrescarse totalmente desnudos y as\u00ed poder continuar su camino sin dormirse.<\/div>\n<\/div>\n","protected":false},"excerpt":{"rendered":"<p>&nbsp; &nbsp; Es un lugar para refrescar el alma, con agua natural, nacida desde la monta\u00f1a de Buenaventura, es un sitio para deleitarse de la naturaleza. Altura La cascada cuenta con una altura aproximada de 10 metros. Ubicaci\u00f3n Ubicado a 6 Km. De la ciudad de Pi\u00f1as, al pie de la carretera y el ingreso &hellip; <\/p>\n<p><a class=\"more-link btn\" href=\"https:\/\/blog.espol.edu.ec\/giscacri\/centros-turisticos\/chorro-el-viringo\/\">Seguir leyendo<\/a><\/p>\n","protected":false},"author":9958,"featured_media":0,"parent":153,"menu_order":0,"comment_status":"closed","ping_status":"closed","template":"","meta":{"footnotes":""},"class_list":["post-166","page","type-page","status-publish","hentry","nodate","item-wrap"],"_links":{"self":[{"href":"https:\/\/blog.espol.edu.ec\/giscacri\/wp-json\/wp\/v2\/pages\/166","targetHints":{"allow":["GET"]}}],"collection":[{"href":"https:\/\/blog.espol.edu.ec\/giscacri\/wp-json\/wp\/v2\/pages"}],"about":[{"href":"https:\/\/blog.espol.edu.ec\/giscacri\/wp-json\/wp\/v2\/types\/page"}],"author":[{"embeddable":true,"href":"https:\/\/blog.espol.edu.ec\/giscacri\/wp-json\/wp\/v2\/users\/9958"}],"replies":[{"embeddable":true,"href":"https:\/\/blog.espol.edu.ec\/giscacri\/wp-json\/wp\/v2\/comments?post=166"}],"version-history":[{"count":2,"href":"https:\/\/blog.espol.edu.ec\/giscacri\/wp-json\/wp\/v2\/pages\/166\/revisions"}],"predecessor-version":[{"id":168,"href":"https:\/\/blog.espol.edu.ec\/giscacri\/wp-json\/wp\/v2\/pages\/166\/revisions\/168"}],"up":[{"embeddable":true,"href":"https:\/\/blog.espol.edu.ec\/giscacri\/wp-json\/wp\/v2\/pages\/153"}],"wp:attachment":[{"href":"https:\/\/blog.espol.edu.ec\/giscacri\/wp-json\/wp\/v2\/media?parent=166"}],"curies":[{"name":"wp","href":"https:\/\/api.w.org\/{rel}","templated":true}]}}