{"id":1,"date":"2008-10-22T14:47:55","date_gmt":"2008-10-22T18:47:55","guid":{"rendered":""},"modified":"2012-12-15T21:10:01","modified_gmt":"2012-12-16T01:10:01","slug":"about","status":"publish","type":"page","link":"https:\/\/blog.espol.edu.ec\/giselle\/about\/","title":{"rendered":"Algo de MI"},"content":{"rendered":"<p>El blog que he creado abarca diversos temas que me parecen interesante tratarlos por ende pretende ser multitem\u00e1tico y hol\u00edstico, de tal forma que los lectores encuentre un lugar propicio para la lectura y la comunicaci\u00f3n.<br \/>\n<a href=\"http:\/\/blog.espol.edu.ec\/giselle\/files\/2008\/10\/nueva2.jpg\"><img loading=\"lazy\" decoding=\"async\" class=\"alignnone size-full wp-image-323\" src=\"http:\/\/blog.espol.edu.ec\/giselle\/files\/2008\/10\/nueva2.jpg\" alt=\"\" width=\"372\" height=\"371\" srcset=\"https:\/\/blog.espol.edu.ec\/giselle\/files\/2008\/10\/nueva2.jpg 372w, https:\/\/blog.espol.edu.ec\/giselle\/files\/2008\/10\/nueva2-150x150.jpg 150w, https:\/\/blog.espol.edu.ec\/giselle\/files\/2008\/10\/nueva2-300x299.jpg 300w\" sizes=\"auto, (max-width: 372px) 100vw, 372px\" \/><\/a><\/p>\n<p>En el caso de que se deesen comunicarse pueden enviar un comentario en la pagina comentarios de este blog.<\/p>\n<p>Espero que  la informaci\u00f3n que encuentran sea un aporte en algun tema que deseen tratar y contribuya en cierta medida a despejar sus dudas.<\/p>\n<p style=\"text-align: center\"><a href=\"http:\/\/blog.espol.edu.ec\/giselle\/files\/2008\/10\/100_05141.jpg\"><img loading=\"lazy\" decoding=\"async\" class=\"size-medium wp-image-242 aligncenter\" src=\"http:\/\/blog.espol.edu.ec\/giselle\/files\/2008\/10\/100_05141-199x300.jpg\" alt=\"\" width=\"172\" height=\"230\" \/><\/a><\/p>\n<p><strong>MUSICA<\/strong><\/p>\n<p>Adicionalmente le presento el video de los artistas de mis alumnos de la maestria<\/p>\n<p><iframe loading=\"lazy\" width=\"560\" height=\"315\" src=\"http:\/\/www.youtube.com\/embed\/osrJQTGkQ-w\" frameborder=\"0\" allowfullscreen><\/iframe><\/p>\n<form id=\"vozme_form_d41d8cd98f00b204e9800998ecf8427e\" method=\"post\" name=\"vozme_form_d41d8cd98f00b204e9800998ecf8427e\" target=\"d41d8cd98f00b204e9800998ecf8427e\" action=\"http:\/\/vozme.com\/text2voice.php\"><input name=\"text\" type=\"hidden\" value=\"Algo de MI. El blog que he creado abarca diversos temas que me parecen interesante tratarlos por ende pretende ser multitem\u00e1tico y hol\u00edstico, de tal forma que los lectores encuentre un lugar propicio para la lectura y la comunicaci\u00f3n.\n\nEn el caso de que se deesen comunicarse pueden enviar un comentario en la pagina comentarios de este blog.\nEspero que  la informaci\u00f3n que encuentran sea un aporte en algun tema que deseen tratar y contribuya en cierta medida a despejar sus dudas.\n\nMUSICA\nAdicionalmente le presento el video de los artistas de mis alumnos de la maestria\n\n\" \/><input name=\"lang\" type=\"hidden\" value=\"en\" \/><input name=\"gn\" type=\"hidden\" value=\"ml\" \/><input type=\"hidden\" id=\"interface\" name=\"interface\" value=\"full\" \/>\n\t\t\t<div style=\"margin-left:40%;\">\n\t\t\t\n\t\t\t\t<input style=\"float:left;\" type=\"image\" width=\"40\" height=\"40\" src=\"http:\/\/blog.espol.edu.ec\/giselle\/wp-content\/plugins\/vozme\/img\/megaphone40x40w.gif\" alt=\"Hear this post\" onclick=\"window.open('', 'd41d8cd98f00b204e9800998ecf8427e', 'width=600,height=370,scrollbars=yes,location=yes,menubar=yes,resizable=yes,status=yes,toolbar=yes');\">\n\t\t\t\t<div style=\"margin-left:48px; text-align:left;\"><a style=\"font-size:12px;\" href=\"javascript:void(0);\" onclick=\"window.open('', 'd41d8cd98f00b204e9800998ecf8427e', 'width=600,height=370,scrollbars=yes,location=yes,menubar=yes,resizable=yes,status=yes,toolbar=yes'); document.getElementById('vozme_form_d41d8cd98f00b204e9800998ecf8427e').submit();\">Hear<br\/>this post<\/a><\/div>\n\t\t\t<\/div><\/form>","protected":false},"excerpt":{"rendered":"<p>El blog que he creado abarca diversos temas que me parecen interesante tratarlos por ende pretende ser multitem\u00e1tico y hol\u00edstico, de tal forma que los lectores encuentre un lugar propicio para la lectura y la comunicaci\u00f3n. En el caso de que se deesen comunicarse pueden enviar un comentario en la pagina comentarios de este blog. [&hellip;]<\/p>\n","protected":false},"author":232,"featured_media":0,"parent":0,"menu_order":0,"comment_status":"open","ping_status":"open","template":"","meta":{"_monsterinsights_skip_tracking":false,"_monsterinsights_sitenote_active":false,"_monsterinsights_sitenote_note":"","_monsterinsights_sitenote_category":0,"footnotes":""},"class_list":["post-1","page","type-page","status-publish","hentry"],"_links":{"self":[{"href":"https:\/\/blog.espol.edu.ec\/giselle\/wp-json\/wp\/v2\/pages\/1","targetHints":{"allow":["GET"]}}],"collection":[{"href":"https:\/\/blog.espol.edu.ec\/giselle\/wp-json\/wp\/v2\/pages"}],"about":[{"href":"https:\/\/blog.espol.edu.ec\/giselle\/wp-json\/wp\/v2\/types\/page"}],"author":[{"embeddable":true,"href":"https:\/\/blog.espol.edu.ec\/giselle\/wp-json\/wp\/v2\/users\/232"}],"replies":[{"embeddable":true,"href":"https:\/\/blog.espol.edu.ec\/giselle\/wp-json\/wp\/v2\/comments?post=1"}],"version-history":[{"count":11,"href":"https:\/\/blog.espol.edu.ec\/giselle\/wp-json\/wp\/v2\/pages\/1\/revisions"}],"predecessor-version":[{"id":562,"href":"https:\/\/blog.espol.edu.ec\/giselle\/wp-json\/wp\/v2\/pages\/1\/revisions\/562"}],"wp:attachment":[{"href":"https:\/\/blog.espol.edu.ec\/giselle\/wp-json\/wp\/v2\/media?parent=1"}],"curies":[{"name":"wp","href":"https:\/\/api.w.org\/{rel}","templated":true}]}}