{"id":29,"date":"2009-06-15T15:38:25","date_gmt":"2009-06-15T19:38:25","guid":{"rendered":"http:\/\/blog.espol.edu.ec\/gjfranco\/?page_id=29"},"modified":"2009-07-02T10:21:14","modified_gmt":"2009-07-02T14:21:14","slug":"smarty","status":"publish","type":"page","link":"https:\/\/blog.espol.edu.ec\/gjfranco\/smarty\/","title":{"rendered":"Smarty"},"content":{"rendered":"<p>Smarty es un motor de plantillas para PHP.  M\u00e1s concretamente, esta herramienta facilita la manera de separar la aplicaci\u00f3n l\u00f3gica y el contenido de su presentaci\u00f3n.  La mejor descripci\u00f3n esta en una situaci\u00f3n donde la aplicaci\u00f3n del programador y la plantilla del dise\u00f1ador juegan diferentes roles, o en la mayor\u00eda de los casos no son lo mismo.<\/p>\n<div style=\"width:477px;text-align:left\" id=\"__ss_1673788\"><a href=\"http:\/\/www.slideshare.net\/jeaneth_84\/smarty-2614-docs\" title=\"Smarty 2.6.14 Docs\">Smarty 2.6.14 Docs<\/a><object style=\"margin:0px\" width=\"477\" height=\"510\"><param name=\"movie\" value=\"http:\/\/static.slidesharecdn.com\/swf\/ssplayerd.swf?doc=smarty-2-6-14-docs-090702090625-phpapp01&amp;stripped_title=smarty-2614-docs\" \/><param name=\"allowFullScreen\"><param name=\"allowScriptAccess\"><embed src=\"http:\/\/static.slidesharecdn.com\/swf\/ssplayerd.swf?doc=smarty-2-6-14-docs-090702090625-phpapp01&amp;stripped_title=smarty-2614-docs\" type=\"application\/x-shockwave-flash\" width=\"477\" height=\"510\"><\/embed><\/object><\/p>\n<div style=\"font-size:11px;font-family:tahoma,arial;height:26px;padding-top:2px\">View more <a href=\"http:\/\/www.slideshare.net\/\">documents<\/a> from <a href=\"http:\/\/www.slideshare.net\/jeaneth_84\">jeaneth_84<\/a>.<\/div>\n<\/div>\n","protected":false},"excerpt":{"rendered":"<p>Smarty es un motor de plantillas para PHP. M\u00e1s concretamente, esta herramienta facilita la manera de separar la aplicaci\u00f3n l\u00f3gica y el contenido de su presentaci\u00f3n. La mejor descripci\u00f3n esta en una situaci\u00f3n donde la aplicaci\u00f3n del programador y la plantilla del dise\u00f1ador juegan diferentes roles, o en la mayor\u00eda de los casos no son [&hellip;]<\/p>\n","protected":false},"author":2140,"featured_media":0,"parent":0,"menu_order":0,"comment_status":"open","ping_status":"open","template":"","meta":{"_monsterinsights_skip_tracking":false,"_monsterinsights_sitenote_active":false,"_monsterinsights_sitenote_note":"","_monsterinsights_sitenote_category":0,"footnotes":""},"class_list":["post-29","page","type-page","status-publish","hentry"],"_links":{"self":[{"href":"https:\/\/blog.espol.edu.ec\/gjfranco\/wp-json\/wp\/v2\/pages\/29","targetHints":{"allow":["GET"]}}],"collection":[{"href":"https:\/\/blog.espol.edu.ec\/gjfranco\/wp-json\/wp\/v2\/pages"}],"about":[{"href":"https:\/\/blog.espol.edu.ec\/gjfranco\/wp-json\/wp\/v2\/types\/page"}],"author":[{"embeddable":true,"href":"https:\/\/blog.espol.edu.ec\/gjfranco\/wp-json\/wp\/v2\/users\/2140"}],"replies":[{"embeddable":true,"href":"https:\/\/blog.espol.edu.ec\/gjfranco\/wp-json\/wp\/v2\/comments?post=29"}],"version-history":[{"count":3,"href":"https:\/\/blog.espol.edu.ec\/gjfranco\/wp-json\/wp\/v2\/pages\/29\/revisions"}],"predecessor-version":[{"id":73,"href":"https:\/\/blog.espol.edu.ec\/gjfranco\/wp-json\/wp\/v2\/pages\/29\/revisions\/73"}],"wp:attachment":[{"href":"https:\/\/blog.espol.edu.ec\/gjfranco\/wp-json\/wp\/v2\/media?parent=29"}],"curies":[{"name":"wp","href":"https:\/\/api.w.org\/{rel}","templated":true}]}}