{"id":170,"date":"2009-08-10T12:19:31","date_gmt":"2009-08-10T17:19:31","guid":{"rendered":"http:\/\/blog.espol.edu.ec\/gjprado\/?page_id=170"},"modified":"2009-08-10T12:19:31","modified_gmt":"2009-08-10T17:19:31","slug":"about-me","status":"publish","type":"page","link":"https:\/\/blog.espol.edu.ec\/gjprado\/about-me\/","title":{"rendered":"About me!!!"},"content":{"rendered":"<p style=\"text-align: center\"><!-- Facebook Badge START --><a title=\"Gustavo Prado\" href=\"http:\/\/es-la.facebook.com\/guxtavitox\" target=\"_TOP\">Gustavo Prado<\/a><br \/>\n<a title=\"Gustavo Prado\" href=\"http:\/\/es-la.facebook.com\/guxtavitox\" target=\"_TOP\"><img decoding=\"async\" class=\"aligncenter\" style=\"border: 0px\" src=\"http:\/\/badge.facebook.com\/badge\/613203020.1505.360568440.png\" alt=\"Gustavo Prado\" \/><\/a><\/p>\n<p>Gustavo... soy un estudiante politecnico de Ing. en Petroleos, tengo 18 y estoy en mi primer t\u00e9rmino, me gusta escuchar m\u00fasica, hacer amigos, deporte, tocar guitarra, divertirme, salir a farrear, pero cuando y que ser responsable, hay que ser responsable!!! jejeje... xateo de vez en cuando (todos los d\u00edas jajaja!!) ah\u00ed les dejo mi mail por cualquier cosa gustavo_ucb_100@hotmail.com... agreguenme a su facebook, hi5, sonico etc etc... Este es mi blog, vis\u00edtenlo periodicamente y encontrar\u00e1n temas de inter\u00e9s, noticias, curiosidades, im\u00e1genes graciosas, dipositivas chevres, informaci\u00f3n importante y... no tan importante =D..., espero les agrade, participen de las encuestas, dejen sus comentarios y disfruten jijiji gracias...!!!!! =P<\/p>\n","protected":false},"excerpt":{"rendered":"<p>Gustavo Prado Gustavo... soy un estudiante politecnico de Ing. en Petroleos, tengo 18 y estoy en mi primer t\u00e9rmino, me gusta escuchar m\u00fasica, hacer amigos, deporte, tocar guitarra, divertirme, salir a farrear, pero cuando y que ser responsable, hay que ser responsable!!! jejeje... xateo de vez en cuando (todos los d\u00edas jajaja!!) ah\u00ed les dejo [&hellip;]<\/p>\n","protected":false},"author":2137,"featured_media":0,"parent":0,"menu_order":0,"comment_status":"open","ping_status":"open","template":"","meta":{"footnotes":""},"class_list":["post-170","page","type-page","status-publish","hentry"],"_links":{"self":[{"href":"https:\/\/blog.espol.edu.ec\/gjprado\/wp-json\/wp\/v2\/pages\/170","targetHints":{"allow":["GET"]}}],"collection":[{"href":"https:\/\/blog.espol.edu.ec\/gjprado\/wp-json\/wp\/v2\/pages"}],"about":[{"href":"https:\/\/blog.espol.edu.ec\/gjprado\/wp-json\/wp\/v2\/types\/page"}],"author":[{"embeddable":true,"href":"https:\/\/blog.espol.edu.ec\/gjprado\/wp-json\/wp\/v2\/users\/2137"}],"replies":[{"embeddable":true,"href":"https:\/\/blog.espol.edu.ec\/gjprado\/wp-json\/wp\/v2\/comments?post=170"}],"version-history":[{"count":1,"href":"https:\/\/blog.espol.edu.ec\/gjprado\/wp-json\/wp\/v2\/pages\/170\/revisions"}],"predecessor-version":[{"id":171,"href":"https:\/\/blog.espol.edu.ec\/gjprado\/wp-json\/wp\/v2\/pages\/170\/revisions\/171"}],"wp:attachment":[{"href":"https:\/\/blog.espol.edu.ec\/gjprado\/wp-json\/wp\/v2\/media?parent=170"}],"curies":[{"name":"wp","href":"https:\/\/api.w.org\/{rel}","templated":true}]}}