{"id":63,"date":"2014-06-10T00:38:59","date_gmt":"2014-06-10T00:38:59","guid":{"rendered":"http:\/\/blog.espol.edu.ec\/glalvare\/?page_id=63"},"modified":"2014-06-10T03:55:45","modified_gmt":"2014-06-10T03:55:45","slug":"acuarela","status":"publish","type":"page","link":"https:\/\/blog.espol.edu.ec\/glalvare\/acuarela\/","title":{"rendered":"Acuarela"},"content":{"rendered":"<p>La\u00a0<a href=\"http:\/\/www.watercolor.es\/galeria\/acuarelistas\">acuarela<\/a>\u00a0es una pintura sobre papel o cartulina\u00a0\u00a0con colores diluidos en agua. Los colores utilizados son transparentes (seg\u00fan la cantidad de agua en la mezcla) y a veces dejan ver el fondo del papel (blanco), que act\u00faa como otro verdadero tono. Se compone de pigmentos aglutinados con goma arabiga o miel\u00a0. En sus procedimientos se emplea la pintura por capas transparentes, a fin de lograr mayor brillo y soltura en la composici\u00f3n que se est\u00e1 realizando. En Japon, la acuarela ejecutada con tinta es denominada Sumi-e\u00a0En la\u00a0Pintura China,\u00a0Coreana\u00a0y japonesa\u00a0ha sido un medio pict\u00f3rico dominante, realizado frecuentemente en tonalidades monocrom\u00e1ticas negras o sepia<\/p>\n<p><a href=\"http:\/\/blog.espol.edu.ec\/glalvare\/files\/2014\/06\/02.jpeg\"><img loading=\"lazy\" decoding=\"async\" class=\" wp-image-58 aligncenter\" src=\"http:\/\/blog.espol.edu.ec\/glalvare\/files\/2014\/06\/02-300x300.jpeg\" alt=\"02\" width=\"427\" height=\"427\" srcset=\"https:\/\/blog.espol.edu.ec\/glalvare\/files\/2014\/06\/02-300x300.jpeg 300w, https:\/\/blog.espol.edu.ec\/glalvare\/files\/2014\/06\/02-150x150.jpeg 150w, https:\/\/blog.espol.edu.ec\/glalvare\/files\/2014\/06\/02.jpeg 721w\" sizes=\"auto, (max-width: 427px) 100vw, 427px\" \/><\/a><\/p>\n<hr \/>\n<p><strong>Historia de la Acuarela<\/strong><\/p>\n<p>La pintura a la acuarela empez\u00f3 con la invenci\u00f3n del\u00a0papel\u00a0en China\u00a0poco despu\u00e9s de 100 a.C.\u00a0En el siglo\u00a0XII\u00a0los arabes\u00a0introdujeron la fabricaci\u00f3n del papel en\u00a0Espa\u00f1a\u00a0y la tecnolog\u00eda se extendi\u00f3 a\u00a0Italia\u00a0d\u00e9cadas m\u00e1s tarde. Algunos de los m\u00e1s antiguos fabricantes de papel incluyen a \u00a0Fabriano\u00a0(en Italia), abierto en\u00a01276, y Arches (en Francia), abierto en 1492.<\/p>\n<p>El antecesor de la acuarela en Europa fue el fresco\u00a0\u2014 pintura mural usando pigmentos en un medio acuoso sobre yeso\u00a0h\u00famedo. Un buen ejemplo de fresco es la Capilla Sixtina, iniciado en 1508\u00a0y completado en 1514.<\/p>\n<p>El primer uso conocido de la acuarela en Europa es por el pintor renacentista italiano Raffaello Santi (1483-1520), quien pintaba en grandes cartulinas como bocetos de tapices.<\/p>\n<p>En Alemania, Alberto Durero (1471-1528)\u00a0pint\u00f3 acuarelas en el siglo XV. La primera escuela de acuarela en Europa fue liderada por Hans Bol (1534-1593), influida por las creaciones de Durero.<\/p>\n<p>Otros famosos artistas usaron la acuarela para completar su obra al\u00a0oleo, incluyendo a Van Dyck (1599- 1641), Thomas Gainsborough (1727 - 1788), y John Constable (1776 - 1837)<\/p>\n<p>En la\u00a0Gran Breta\u00f1a\u00a0del siglo XVlll, Paul Sandby (1725-1809)\u00a0fue llamado padre de la acuarela brit\u00e1nica.<\/p>\n<p>Uno de los acuarelistas m\u00e1s famosos es Joseph Mallord William Turner\u00a0(1775-1850), precursor de las t\u00e9cnicas que posteriormente desarrollar\u00edan las vanguardias. Sus cuadros reflejan magn\u00edficamente la luz y el movimiento.<\/p>\n<p>En la pintura espa\u00f1ola del s. XX cabe destacar en acuarela al maestro Ceferino Olive\u00a0\u00a0(1907-1995) y sus disc\u00edpulos Pere Caldero Ripoll\u00a0(1916-2009), Francisco Torne Gavalda(1917-2008) y\u00a0Rafael Alonso Lopez Montero\u00a0(1921-2009 )<\/p>\n<p>&nbsp;<\/p>\n<p><a href=\"http:\/\/blog.espol.edu.ec\/glalvare\/files\/2014\/06\/images.jpg\"><img loading=\"lazy\" decoding=\"async\" class=\" wp-image-53 aligncenter\" src=\"http:\/\/blog.espol.edu.ec\/glalvare\/files\/2014\/06\/images.jpg\" alt=\"images\" width=\"352\" height=\"243\" \/><\/a><\/p>\n<p><a href=\"http:\/\/blog.espol.edu.ec\/glalvare\/files\/2014\/06\/paisaje-asturiano.2.jpg\"><img loading=\"lazy\" decoding=\"async\" class=\"wp-image-54 aligncenter\" src=\"http:\/\/blog.espol.edu.ec\/glalvare\/files\/2014\/06\/paisaje-asturiano.2-300x223.jpg\" alt=\"paisaje asturiano.2\" width=\"359\" height=\"267\" srcset=\"https:\/\/blog.espol.edu.ec\/glalvare\/files\/2014\/06\/paisaje-asturiano.2-300x223.jpg 300w, https:\/\/blog.espol.edu.ec\/glalvare\/files\/2014\/06\/paisaje-asturiano.2.jpg 1000w\" sizes=\"auto, (max-width: 359px) 100vw, 359px\" \/><\/a><\/p>\n<hr \/>\n<p><strong>Como se forma la acuarela<\/strong><\/p>\n<p>El t\u00e9rmino\u00a0<em>acuarela<\/em>\u00a0se refiere frecuentemente a la acuarela transparente o al\u00a0gouache\u00a0(una forma opaca de la misma pintura.).<\/p>\n<p>La acuarela est\u00e1 hecha de\u00a0pigmento\u00a0\u00a0fino o tinta mezclada con\u00a0goma\u00a0arabiga\u00a0para darle cuerpo y\u00a0glicerina\u00a0o\u00a0mie<img loading=\"lazy\" decoding=\"async\" class=\"size-medium wp-image-45 alignright\" src=\"http:\/\/blog.espol.edu.ec\/glalvare\/files\/2014\/06\/como_hacer-tintas_de_estampar_caseras_06-300x169.jpg\" alt=\"como_hacer-tintas_de_estampar_caseras_06\" width=\"300\" height=\"169\" srcset=\"https:\/\/blog.espol.edu.ec\/glalvare\/files\/2014\/06\/como_hacer-tintas_de_estampar_caseras_06-300x169.jpg 300w, https:\/\/blog.espol.edu.ec\/glalvare\/files\/2014\/06\/como_hacer-tintas_de_estampar_caseras_06.jpg 800w\" sizes=\"auto, (max-width: 300px) 100vw, 300px\" \/>l\u00a0para darle\u00a0viscosidad\u00a0y unir el colorante a la superficie a pintar. Un relleno sin pigmentar se a\u00f1ade al gouache para dar\u00a0opacidad a la pintura.<\/p>\n<p>Toda acuarela palidece si se expone al sol, los colores permanecen cuanto m\u00e1s calidad tienen los\u00a0pigmentos. Es posible encontrar los colores en tubos o pastillas, en las dos formas se aprecian las diferencias entre pigmentos, por ejemplo con el azul de\u00a0manganeso\u00a0se obtiene una granulaci\u00f3n.<\/p>\n<p><a href=\"http:\/\/blog.espol.edu.ec\/glalvare\/files\/2014\/06\/pinturas-hechas-con-acuarela-dos.jpg\"><img loading=\"lazy\" decoding=\"async\" class=\" wp-image-47 aligncenter\" src=\"http:\/\/blog.espol.edu.ec\/glalvare\/files\/2014\/06\/pinturas-hechas-con-acuarela-dos-297x300.jpg\" alt=\"pinturas-hechas-con-acuarela-dos\" width=\"357\" height=\"361\" srcset=\"https:\/\/blog.espol.edu.ec\/glalvare\/files\/2014\/06\/pinturas-hechas-con-acuarela-dos-297x300.jpg 297w, https:\/\/blog.espol.edu.ec\/glalvare\/files\/2014\/06\/pinturas-hechas-con-acuarela-dos.jpg 600w\" sizes=\"auto, (max-width: 357px) 100vw, 357px\" \/><\/a><\/p>\n<hr \/>\n<p><strong>T\u00e9cnica<\/strong><\/p>\n<p>La\u00a0<a href=\"http:\/\/www.todacultura.com\/acuarelas\/\">t\u00e9cnica<\/a>\u00a0\u00abtransparente\u00bb de la acuarela implica la superposici\u00f3n de lavados finos y se basa en la blancura del papel para obtener sus efectos y los toques de luz. A medida que se superponen m\u00e1s lavados el color se hace m\u00e1s profundo. El color de la acuarela se puede modificar a\u00f1adiendo o quitando agua, usando pinceles, esponjas o trapos.<\/p>\n<p>La acuarela da muchas posibilidades: la t\u00e9cnica del lavado permite crear degradados o lavados uniformes, incluso superposici\u00f3n de colores. Con la t\u00e9cnica h\u00famedo sobre h\u00famedo se pinta con la acuarela sobre el soporte previamente humedecido, obteniendo un efecto diferente. Tambi\u00e9n se pueden realizar lavados del pigmento una vez seco, dependiendo del papel, del pigmento y la temperatura del agua. La limpieza con esponja u otro elemento absorbente, el raspado, son algunos ejemplos de las amplias posibilidades que ofrece la acuarela.<br \/>\n<a href=\"http:\/\/blog.espol.edu.ec\/glalvare\/files\/2014\/06\/untitled.jpg\"><img loading=\"lazy\" decoding=\"async\" class=\"wp-image-37 aligncenter\" src=\"http:\/\/blog.espol.edu.ec\/glalvare\/files\/2014\/06\/untitled.jpg\" alt=\"untitled\" width=\"335\" height=\"223\" \/><\/a><\/p>\n<hr \/>\n<p><strong>Tecnica Basica Acuarela<\/strong><br \/>\n<iframe loading=\"lazy\" src=\"\/\/www.youtube.com\/embed\/pEFS0a1fV7A\" width=\"420\" height=\"315\" frameborder=\"0\" allowfullscreen=\"allowfullscreen\"><\/iframe><\/p>\n<p>&nbsp;<\/p>\n<hr \/>\n<p><strong>El Soporte<\/strong><\/p>\n<p>El soporte m\u00e1s corriente para esta t\u00e9cnica es el\u00a0papel\u00a0y hay gran variedad de texturas, pesos y colores, y su elecci\u00f3n depende del estilo del artista. Existen tres tipos est\u00e1ndar:<\/p>\n<p>&nbsp;<\/p>\n<ul>\n<li>Papel prensado en caliente\u00a0(hp), tiene una\u00a0superficie\u00a0dura y lisa, muchos artistas consideran una superficie demasiado resbalosa y lisa para la acuarela.<\/li>\n<li>Papel prensado en fr\u00edo\u00a0(no), es texturado, semi\u00e1spero, adecuado para lavados amplios y lisos.<\/li>\n<li>Papel\u00a0\u00e1spero, una superficie granulada, cuando se aplica un lavado se obtiene un efecto moteado por las cavidades del papel.<\/li>\n<\/ul>\n<p>&nbsp;<\/p>\n<p>El gramaje del papel es la segunda consideraci\u00f3n para su elecci\u00f3n, ya que un papel m\u00e1s grueso tiene menos tendencia a ondularse. Para evitar que el papel se ondule hay que tensarlo.<\/p>\n<p><a href=\"http:\/\/blog.espol.edu.ec\/glalvare\/files\/2014\/06\/images-1.jpg\"><img loading=\"lazy\" decoding=\"async\" class=\"alignnone  wp-image-23\" src=\"http:\/\/blog.espol.edu.ec\/glalvare\/files\/2014\/06\/images-1.jpg\" alt=\"images (1)\" width=\"225\" height=\"163\" \/><\/a>\u00a0 \u00a0 \u00a0 \u00a0 \u00a0 \u00a0 \u00a0 \u00a0 \u00a0<a href=\"http:\/\/blog.espol.edu.ec\/glalvare\/files\/2014\/06\/instrumentos-preparaci\u00f3n-acuarela.jpg\"><img loading=\"lazy\" decoding=\"async\" class=\"alignnone  wp-image-24\" src=\"http:\/\/blog.espol.edu.ec\/glalvare\/files\/2014\/06\/instrumentos-preparaci\u00f3n-acuarela-300x199.jpg\" alt=\"instrumentos preparaci\u00f3n acuarela\" width=\"241\" height=\"160\" srcset=\"https:\/\/blog.espol.edu.ec\/glalvare\/files\/2014\/06\/instrumentos-preparaci\u00f3n-acuarela-300x199.jpg 300w, https:\/\/blog.espol.edu.ec\/glalvare\/files\/2014\/06\/instrumentos-preparaci\u00f3n-acuarela-1024x682.jpg 1024w, https:\/\/blog.espol.edu.ec\/glalvare\/files\/2014\/06\/instrumentos-preparaci\u00f3n-acuarela.jpg 1184w\" sizes=\"auto, (max-width: 241px) 100vw, 241px\" \/><\/a><\/p>\n<hr \/>\n<p><strong>Acuarelas Edcom 2014<\/strong><br \/>\n<iframe loading=\"lazy\" src=\"\/\/www.youtube.com\/embed\/n8QJBlLxX1c\" width=\"420\" height=\"315\" frameborder=\"0\" allowfullscreen=\"allowfullscreen\"><\/iframe><\/p>\n","protected":false},"excerpt":{"rendered":"<p>La\u00a0acuarela\u00a0es una pintura sobre papel o cartulina\u00a0\u00a0con colores diluidos en agua. Los colores utilizados son transparentes (seg\u00fan la cantidad de agua en la mezcla) y a veces dejan ver el fondo del papel (blanco), que act\u00faa como otro verdadero tono. Se compone de pigmentos aglutinados con goma arabiga o miel\u00a0. En sus procedimientos se emplea [&hellip;]<\/p>\n","protected":false},"author":9130,"featured_media":0,"parent":0,"menu_order":0,"comment_status":"open","ping_status":"closed","template":"","meta":{"footnotes":""},"class_list":["post-63","page","type-page","status-publish","hentry"],"_links":{"self":[{"href":"https:\/\/blog.espol.edu.ec\/glalvare\/wp-json\/wp\/v2\/pages\/63","targetHints":{"allow":["GET"]}}],"collection":[{"href":"https:\/\/blog.espol.edu.ec\/glalvare\/wp-json\/wp\/v2\/pages"}],"about":[{"href":"https:\/\/blog.espol.edu.ec\/glalvare\/wp-json\/wp\/v2\/types\/page"}],"author":[{"embeddable":true,"href":"https:\/\/blog.espol.edu.ec\/glalvare\/wp-json\/wp\/v2\/users\/9130"}],"replies":[{"embeddable":true,"href":"https:\/\/blog.espol.edu.ec\/glalvare\/wp-json\/wp\/v2\/comments?post=63"}],"version-history":[{"count":7,"href":"https:\/\/blog.espol.edu.ec\/glalvare\/wp-json\/wp\/v2\/pages\/63\/revisions"}],"predecessor-version":[{"id":78,"href":"https:\/\/blog.espol.edu.ec\/glalvare\/wp-json\/wp\/v2\/pages\/63\/revisions\/78"}],"wp:attachment":[{"href":"https:\/\/blog.espol.edu.ec\/glalvare\/wp-json\/wp\/v2\/media?parent=63"}],"curies":[{"name":"wp","href":"https:\/\/api.w.org\/{rel}","templated":true}]}}