{"id":53,"date":"2015-05-30T20:55:13","date_gmt":"2015-05-30T20:55:13","guid":{"rendered":"http:\/\/blog.espol.edu.ec\/glendaprado\/?page_id=53"},"modified":"2015-05-30T20:55:13","modified_gmt":"2015-05-30T20:55:13","slug":"teoria-del-big-bang-origen-de-la-evolucion","status":"publish","type":"page","link":"https:\/\/blog.espol.edu.ec\/glendaprado\/teoria-del-big-bang-origen-de-la-evolucion\/","title":{"rendered":"TEOR\u00cdA DEL BIG BANG (Origen de la evoluci\u00f3n)"},"content":{"rendered":"<header>\n<p class=\"entry-title page-title\">\n<\/header>\n<div class=\"entry-content\">\n<p>&nbsp;<\/p>\n<p>La teor\u00eda m\u00e1s conocida sobre el origen del universo se centra en un<a href=\"http:\/\/es.thefreedictionary.com\/cataclismo\"> cataclismo c\u00f3smico<\/a> sin igual en la historia: el <strong>BIG\u00a0BANG<\/strong>. Esta teor\u00eda surgi\u00f3 de la observaci\u00f3n del alejamiento a gran velocidad de otras galaxias respecto a la nuestra en todas direcciones, como si hubieran sido repelidas por una antigua fuerza explosiva.<\/p>\n<p><a href=\"http:\/\/blog.espol.edu.ec\/glendaprado\/files\/2015\/05\/gsdf.jpg\"><img loading=\"lazy\" decoding=\"async\" class=\"aligncenter size-full wp-image-54\" src=\"http:\/\/blog.espol.edu.ec\/glendaprado\/files\/2015\/05\/gsdf.jpg\" alt=\"gsdf\" width=\"234\" height=\"216\" \/><\/a><\/p>\n<p>Cient\u00edficos sugieren que hace unos 10.000 o 20.000 millones de a\u00f1os, una onda expansiva masiva permiti\u00f3 que toda la energ\u00eda y materia conocidas del universo (incluso el espacio y el tiempo) surgieran a partir de alg\u00fan tipo de energ\u00eda desconocido.<\/p>\n<p>La teor\u00eda mantiene que, en un instante (una trillon\u00e9sima parte de un segundo) tras el <strong>BIG\u00a0BANG<\/strong>, el universo se expandi\u00f3 con una velocidad incomprensible desde su origen del tama\u00f1o de un guijarro a un alcance astron\u00f3mico. La expansi\u00f3n aparentemente ha continuado, pero mucho m\u00e1s despacio, durante los siguientes miles de millones de a\u00f1os.<\/p>\n<p>Los cient\u00edficos no pueden saber con exactitud el modo en que el universo evolucion\u00f3 tras el\u00a0<strong>BIG\u00a0BANG.<\/strong><\/p>\n<p><strong>Or\u00edgenes de la teor\u00eda<\/strong><\/p>\n<p>Un sacerdote belga, de nombre <a href=\"http:\/\/www.biografiasyvidas.com\/biografia\/l\/lemaitre.htm\">George Lema\u00eetre<\/a>, sugiri\u00f3 por primera vez la teor\u00eda del big bang en los a\u00f1os 20, cuando propuso que el universo comenz\u00f3 a partir de un \u00fanico \u00e1tomo primigenio. Esta idea gan\u00f3 empuje m\u00e1s tarde gracias a las observaciones de Edwin Hubble de las galaxias alej\u00e1ndose de nosotros a gran velocidad en todas direcciones, y a partir del descubrimiento de la\u00a0radiaci\u00f3n c\u00f3smica de microondas de Arno Penzias y Robert Wilson.<\/p>\n<p>El brillo de la radiaci\u00f3n de fondo de microondas c\u00f3smicas, que puede encontrarse en todo el universo, se piensa que es un remanente tangible de los restos de luz del big bang. La radiaci\u00f3n es similar a la que se utiliza para transmitir se\u00f1ales de televisi\u00f3n mediante antenas. Pero se trata de la radiaci\u00f3n m\u00e1s antigua conocida y puede guardar muchos secretos sobre los primeros momentos del universo.<\/p>\n<p>La teor\u00eda del big bang deja muchas preguntas importantes sin respuesta. Una es la causa original del mismo big bang. Se han propuesto muchas respuestas para abordar esta pregunta fundamental, pero ninguna ha sido probada, es m\u00e1s, una prueba adecuada de ellas supondr\u00eda un reto formidable.<\/p>\n<p><a href=\"http:\/\/blog.espol.edu.ec\/glendaprado\/files\/2015\/05\/dsas.jpg\"><img loading=\"lazy\" decoding=\"async\" class=\"aligncenter size-full wp-image-55\" src=\"http:\/\/blog.espol.edu.ec\/glendaprado\/files\/2015\/05\/dsas.jpg\" alt=\"dsas\" width=\"300\" height=\"168\" \/><\/a> <a href=\"http:\/\/blog.espol.edu.ec\/glendaprado\/files\/2015\/05\/descarga-3.jpg\"><img loading=\"lazy\" decoding=\"async\" class=\"aligncenter size-full wp-image-56\" src=\"http:\/\/blog.espol.edu.ec\/glendaprado\/files\/2015\/05\/descarga-3.jpg\" alt=\"descarga (3)\" width=\"232\" height=\"217\" \/><\/a><\/p>\n<\/div>\n","protected":false},"excerpt":{"rendered":"<p>&nbsp; La teor\u00eda m\u00e1s conocida sobre el origen del universo se centra en un cataclismo c\u00f3smico sin igual en la historia: el BIG\u00a0BANG. Esta teor\u00eda surgi\u00f3 de la observaci\u00f3n del alejamiento a gran velocidad de otras galaxias respecto a la nuestra en todas direcciones, como si hubieran sido repelidas por una antigua fuerza explosiva. Cient\u00edficos [&hellip;]<\/p>\n","protected":false},"author":9580,"featured_media":0,"parent":0,"menu_order":0,"comment_status":"open","ping_status":"open","template":"","meta":{"footnotes":""},"class_list":["post-53","page","type-page","status-publish","hentry"],"_links":{"self":[{"href":"https:\/\/blog.espol.edu.ec\/glendaprado\/wp-json\/wp\/v2\/pages\/53","targetHints":{"allow":["GET"]}}],"collection":[{"href":"https:\/\/blog.espol.edu.ec\/glendaprado\/wp-json\/wp\/v2\/pages"}],"about":[{"href":"https:\/\/blog.espol.edu.ec\/glendaprado\/wp-json\/wp\/v2\/types\/page"}],"author":[{"embeddable":true,"href":"https:\/\/blog.espol.edu.ec\/glendaprado\/wp-json\/wp\/v2\/users\/9580"}],"replies":[{"embeddable":true,"href":"https:\/\/blog.espol.edu.ec\/glendaprado\/wp-json\/wp\/v2\/comments?post=53"}],"version-history":[{"count":1,"href":"https:\/\/blog.espol.edu.ec\/glendaprado\/wp-json\/wp\/v2\/pages\/53\/revisions"}],"predecessor-version":[{"id":57,"href":"https:\/\/blog.espol.edu.ec\/glendaprado\/wp-json\/wp\/v2\/pages\/53\/revisions\/57"}],"wp:attachment":[{"href":"https:\/\/blog.espol.edu.ec\/glendaprado\/wp-json\/wp\/v2\/media?parent=53"}],"curies":[{"name":"wp","href":"https:\/\/api.w.org\/{rel}","templated":true}]}}