{"id":6,"date":"2015-05-18T17:15:56","date_gmt":"2015-05-18T17:15:56","guid":{"rendered":"http:\/\/blog.espol.edu.ec\/glendaprado\/?page_id=6"},"modified":"2015-05-29T04:35:18","modified_gmt":"2015-05-29T04:35:18","slug":"mi-primera-pagina","status":"publish","type":"page","link":"https:\/\/blog.espol.edu.ec\/glendaprado\/mi-primera-pagina\/","title":{"rendered":"7 maravillas del mundo"},"content":{"rendered":"<p><strong>1. AMAZONAS<\/strong><\/p>\n<p align=\"center\"><img decoding=\"async\" src=\"http:\/\/www.serviciosiasa.com\/imagenes_sites\/EstiloHoy\/enero2011\/maravillas_naturales1.jpg\" alt=\"\" \/><\/p>\n<p>El R\u00edo Amazonas es uno de los lugares favoritos para ser una se las siete maravillas naturales, puesto que cuenta con una selva amaz\u00f3nica, tropical llena de flora y fauna.<\/p>\n<p><strong>2. EL SALTO \u00c1NGEL<\/strong><\/p>\n<p align=\"center\"><img decoding=\"async\" src=\"http:\/\/www.serviciosiasa.com\/imagenes_sites\/EstiloHoy\/enero2011\/maravillas_naturales2.jpg\" alt=\"\" \/><\/p>\n<p>La cascada m\u00e1s grande del mundo .El Salto \u00c1ngel tiene\u00a0una altura de mil 2 metros. Est\u00e1 ubicada en el territorio del Parque Nacional Canaima, en el estado Bol\u00edvar, en la frontera que une Venezuela con <a href=\"http:\/\/www.guiarte.com\/destinos\/america-del-sur\/brasil.html\"><strong>Brasil<\/strong>.<\/a>En proporciones es aproximadamente 19 veces m\u00e1s alto que las Cataratas del Ni\u00e1gara.<\/p>\n<p><strong>3. CATARATAS DE IGUAZ\u00da<\/strong><\/p>\n<p align=\"center\"><img decoding=\"async\" src=\"http:\/\/www.serviciosiasa.com\/imagenes_sites\/EstiloHoy\/enero2011\/maravillas_naturales3.jpg\" alt=\"\" \/><\/p>\n<p>Las cataratas de Iguaz\u00fa se encuentran en la provincia de Misiones, en el Parque Nacional Iguaz\u00fa, Argentina y en el Parque Nacional do Igua\u00e7u del estado de Paran\u00e1, Brasil.Ambos parques son selvas subtropicales,\u00a0hogar de\u00a0cientos de especies de flora y fauna en peligro de extinci\u00f3n.<\/p>\n<p><a href=\"http:\/\/www.iguazuargentina.com\/\"><strong>Las cataratas del Iguaz\u00fa<\/strong>\u00a0\u00a0<\/a>se extienden a trav\u00e9s de dos mil 700 metros en forma semicircular. De las 275 cataratas que las conforman, la \"Garganta del Diablo\" es el mayor salto con 80 metros.<\/p>\n<p>&nbsp;<\/p>\n<p>&nbsp;<\/p>\n<p><strong>4. MAR MUERTO<\/strong><\/p>\n<p align=\"center\"><strong><img decoding=\"async\" src=\"http:\/\/www.serviciosiasa.com\/imagenes_sites\/EstiloHoy\/enero2011\/maravillas_naturales4.jpg\" alt=\"\" \/><\/strong><\/p>\n<p>Se trata de un lago de agua salada ubicado a 420 metros bajo el nivel del mar, entre Israel, Jordania y los territorios palestinos. Es el lugar m\u00e1s bajo de la Tierra, y es 8.6 veces m\u00e1s salado que los oc\u00e9anos.<br \/>\n<strong>5. ISLAS GAL\u00c1PAGOS<\/strong><\/p>\n<p align=\"center\"><img decoding=\"async\" src=\"http:\/\/www.serviciosiasa.com\/imagenes_sites\/EstiloHoy\/enero2011\/maravillas_naturales5.jpg\" alt=\"\" \/><\/p>\n<p align=\"center\">\n<p>Tambi\u00e9n van por una posici\u00f3n dentro de la lista. Forman un archipi\u00e9lago de islas volc\u00e1nicas dentro del oc\u00e9ano Pac\u00edfico, espec\u00edficamente a 965 kil\u00f3metros de la costa de Ecuador.<br \/>\n<strong>6. MALDIVAS<\/strong><\/p>\n<p align=\"center\"><img decoding=\"async\" src=\"http:\/\/www.serviciosiasa.com\/imagenes_sites\/EstiloHoy\/enero2011\/maravillas_naturales6.jpg\" alt=\"\" \/><\/p>\n<p>Las Islas Maldivas son un pa\u00eds insular, ubicado en el oc\u00e9ano \u00cdndico, al sudoeste de Sri Lanka e India. Est\u00e1n compuestas por un total de\u00a0 mil 196 islas, pero s\u00f3lo 203 est\u00e1n habitadas.<\/p>\n<p><strong>7. GRAN CA\u00d1ON<\/strong><\/p>\n<p align=\"center\"><img decoding=\"async\" src=\"http:\/\/www.serviciosiasa.com\/imagenes_sites\/EstiloHoy\/enero2011\/maravillas_naturales7.jpg\" alt=\"\" \/><\/p>\n<p style=\"text-align: justify\" align=\"center\">Otro de los paisajes m\u00e1s impresionantes que han sido creados por la naturaleza.<br \/>\nEl Gran Ca\u00f1\u00f3n\u00a0del r\u00edo Colorado, que se encuentra al norte de Arizona, y cuyo cauce socav\u00f3 el terreno durante 6 millones de a\u00f1os.\n<\/p>\n<p>&nbsp;<\/p>\n","protected":false},"excerpt":{"rendered":"<p>1. AMAZONAS El R\u00edo Amazonas es uno de los lugares favoritos para ser una se las siete maravillas naturales, puesto que cuenta con una selva amaz\u00f3nica, tropical llena de flora y fauna. 2. EL SALTO \u00c1NGEL La cascada m\u00e1s grande del mundo .El Salto \u00c1ngel tiene\u00a0una altura de mil 2 metros. Est\u00e1 ubicada en el [&hellip;]<\/p>\n","protected":false},"author":9580,"featured_media":0,"parent":0,"menu_order":0,"comment_status":"open","ping_status":"open","template":"","meta":{"footnotes":""},"class_list":["post-6","page","type-page","status-publish","hentry"],"_links":{"self":[{"href":"https:\/\/blog.espol.edu.ec\/glendaprado\/wp-json\/wp\/v2\/pages\/6","targetHints":{"allow":["GET"]}}],"collection":[{"href":"https:\/\/blog.espol.edu.ec\/glendaprado\/wp-json\/wp\/v2\/pages"}],"about":[{"href":"https:\/\/blog.espol.edu.ec\/glendaprado\/wp-json\/wp\/v2\/types\/page"}],"author":[{"embeddable":true,"href":"https:\/\/blog.espol.edu.ec\/glendaprado\/wp-json\/wp\/v2\/users\/9580"}],"replies":[{"embeddable":true,"href":"https:\/\/blog.espol.edu.ec\/glendaprado\/wp-json\/wp\/v2\/comments?post=6"}],"version-history":[{"count":3,"href":"https:\/\/blog.espol.edu.ec\/glendaprado\/wp-json\/wp\/v2\/pages\/6\/revisions"}],"predecessor-version":[{"id":49,"href":"https:\/\/blog.espol.edu.ec\/glendaprado\/wp-json\/wp\/v2\/pages\/6\/revisions\/49"}],"wp:attachment":[{"href":"https:\/\/blog.espol.edu.ec\/glendaprado\/wp-json\/wp\/v2\/media?parent=6"}],"curies":[{"name":"wp","href":"https:\/\/api.w.org\/{rel}","templated":true}]}}