{"id":64,"date":"2013-06-02T21:53:18","date_gmt":"2013-06-03T02:53:18","guid":{"rendered":"http:\/\/blog.espol.edu.ec\/gmerazo\/?page_id=64"},"modified":"2013-06-02T21:53:18","modified_gmt":"2013-06-03T02:53:18","slug":"proyecto-huella-ecologica","status":"publish","type":"page","link":"https:\/\/blog.espol.edu.ec\/gmerazo\/proyecto-huella-ecologica\/","title":{"rendered":"Proyecto Huella Ecol\u00f3gica"},"content":{"rendered":"<p><strong><\/strong><\/p>\n<p>El proyecto \u201cHuella Ecol\u00f3gica\u201d se cre\u00f3 con el fin\u00a0de crear conciencia en adolescentes y j\u00f3venes para que puedan evaluar el impacto sobre el planeta de las actividades que realizan cotidianamente, incentivando mejores pr\u00e1cticas ambientales, a trav\u00e9s de la visitas al sendero del Vivero en el Bosque Protector Prosperina, esta actividad no solo se realiza con estudiantes de ESPOL, tambi\u00e9n se traen colegios buscando la manera de reducir su huella ecol\u00f3gica.<\/p>\n<p>Los colegios son tra\u00eddos y se les proyecta un video en el cual se define lo que es huella ecol\u00f3gica, se hace un peque\u00f1o foro con ellos para escuchar sus opiniones, y que entendieron del video, luego de esto se los lleva al vivero en donde visitan las diferentes estaciones que este posee, que son:<\/p>\n<ul>\n<li>\u00a0Reciclaje de Papel<\/li>\n<li>\u00a0Reciclaje de Pl\u00e1sticos<\/li>\n<li>\u00a0Compostaje Org\u00e1nico<\/li>\n<li>\u00a0Compostaje L\u00edquido-Biol<\/li>\n<li>Galer\u00eda de Im\u00e1genes (Informaci\u00f3n del Bosque)<a href=\"http:\/\/blog.espol.edu.ec\/gmerazo\/files\/2013\/06\/27292_10200339948925310_1313240263_n1.jpg\"><img loading=\"lazy\" decoding=\"async\" class=\"alignnone size-full wp-image-66\" src=\"http:\/\/blog.espol.edu.ec\/gmerazo\/files\/2013\/06\/27292_10200339948925310_1313240263_n1.jpg\" alt=\"\" width=\"316\" height=\"391\" srcset=\"https:\/\/blog.espol.edu.ec\/gmerazo\/files\/2013\/06\/27292_10200339948925310_1313240263_n1.jpg 316w, https:\/\/blog.espol.edu.ec\/gmerazo\/files\/2013\/06\/27292_10200339948925310_1313240263_n1-242x300.jpg 242w\" sizes=\"auto, (max-width: 316px) 100vw, 316px\" \/><\/a><\/li>\n<\/ul>\n","protected":false},"excerpt":{"rendered":"<p>El proyecto \u201cHuella Ecol\u00f3gica\u201d se cre\u00f3 con el fin\u00a0de crear conciencia en adolescentes y j\u00f3venes para que puedan evaluar el impacto sobre el planeta de las actividades que realizan cotidianamente, incentivando mejores pr\u00e1cticas ambientales, a trav\u00e9s de la visitas al &hellip; <a href=\"https:\/\/blog.espol.edu.ec\/gmerazo\/proyecto-huella-ecologica\/\">Sigue leyendo <span class=\"meta-nav\">&rarr;<\/span><\/a><\/p>\n","protected":false},"author":8566,"featured_media":0,"parent":0,"menu_order":0,"comment_status":"open","ping_status":"open","template":"","meta":{"footnotes":""},"class_list":["post-64","page","type-page","status-publish","hentry"],"_links":{"self":[{"href":"https:\/\/blog.espol.edu.ec\/gmerazo\/wp-json\/wp\/v2\/pages\/64","targetHints":{"allow":["GET"]}}],"collection":[{"href":"https:\/\/blog.espol.edu.ec\/gmerazo\/wp-json\/wp\/v2\/pages"}],"about":[{"href":"https:\/\/blog.espol.edu.ec\/gmerazo\/wp-json\/wp\/v2\/types\/page"}],"author":[{"embeddable":true,"href":"https:\/\/blog.espol.edu.ec\/gmerazo\/wp-json\/wp\/v2\/users\/8566"}],"replies":[{"embeddable":true,"href":"https:\/\/blog.espol.edu.ec\/gmerazo\/wp-json\/wp\/v2\/comments?post=64"}],"version-history":[{"count":1,"href":"https:\/\/blog.espol.edu.ec\/gmerazo\/wp-json\/wp\/v2\/pages\/64\/revisions"}],"predecessor-version":[{"id":67,"href":"https:\/\/blog.espol.edu.ec\/gmerazo\/wp-json\/wp\/v2\/pages\/64\/revisions\/67"}],"wp:attachment":[{"href":"https:\/\/blog.espol.edu.ec\/gmerazo\/wp-json\/wp\/v2\/media?parent=64"}],"curies":[{"name":"wp","href":"https:\/\/api.w.org\/{rel}","templated":true}]}}