{"id":73,"date":"2013-06-02T22:03:57","date_gmt":"2013-06-03T03:03:57","guid":{"rendered":"http:\/\/blog.espol.edu.ec\/gmerazo\/?page_id=73"},"modified":"2013-06-02T22:03:57","modified_gmt":"2013-06-03T03:03:57","slug":"reciclaje-de-papel","status":"publish","type":"page","link":"https:\/\/blog.espol.edu.ec\/gmerazo\/reciclaje-de-papel\/","title":{"rendered":"Reciclaje de Papel"},"content":{"rendered":"<p>En esta estaci\u00f3n se les da a conocer a los estudiantes como se recicla el papel y los tetra pack (envases de leches pasteurizadas), se les explica el manejo de la m\u00e1quina y como se lleva a cabo el proceso de elaboraci\u00f3n de nuevas hojas de papel a partir de hojas ya utilizadas y envases tetra pack.<\/p>\n<p>&nbsp;<\/p>\n<p><span style=\"text-decoration: underline\"><strong>Como reciclar papel desde el Hogar<\/strong><\/span><\/p>\n<p><strong>Materiales<\/strong><\/p>\n<ol>\n<li>Solo papel<\/li>\n<li>Tetrabrick (La empresa que lo fabrica se llama TETRAPACK)<\/li>\n<li>Papel y Tetrabrick<\/li>\n<\/ol>\n<p><strong>Procedimiento:<\/strong><\/p>\n<p>Remoja en trozos el tetrapack en agua durante dos d\u00edas m\u00e1ximo, 3 para licuadoras caseras, el material que se usar\u00e1 ser\u00e1 el siguiente en la medida que se indica:<\/p>\n<p>Agua \u00be, papel\/tetrapack \u00bc<\/p>\n<ol>\n<li>10 minutos est\u00e1 listo si es solo papel<\/li>\n<li>20 a 30 minutos si es\u00a0 tetrabrick<\/li>\n<li>15 a 25 minutos si es papel con tetrabrick<\/li>\n<\/ol>\n<p>En el caso de la tinta que tiene el material, se puede usar vinagre blanco, ya que es m\u00e1s econ\u00f3mico y amigable con el ambiente, se lo a\u00f1ade cuando se est\u00e1 triturando, \u00a0agregando de 6 a 12 onzas por cada litro de agua. Se puede usar cloro pero no es amigable al ambiente. En casos extremos se lo usa, solamente2 gotas por cada litro de agua dependiendo de la cantidad de tinta que tengan las hojas de papel.<\/p>\n<p>La maquina tiene una capacidad de aproximadamente 2 litros de agua.<\/p>\n<p>Una vez triturado pasamos al proceso de colado o cernido,\u00a0 en las cuales tendremos los siguiente escenarios<\/p>\n<ol>\n<li>En caso de quedar grumos, se vuelve a triturar.<\/li>\n<li>Se separa el pl\u00e1stico y el aluminio<\/li>\n<li>En caso del tetrabrick se procede a retirar el aluminio y pl\u00e1stico y los grumos se los vuelve a triturar.<\/li>\n<\/ol>\n<ul>\n<li>Lo que esta en la coladera no se usa, se usa lo de afuera.<\/li>\n<li>Se lo pone en el molde que esta hecho de tela bastidor (tiendas de serigraf\u00eda o de tela).<\/li>\n<li>El molde debe ser de preferencia mayor al formato que se desea hacer el papel, usualmente de 0,50 cm a 1 cm adicional de cada lado.<\/li>\n<li>El molde peque\u00f1o es el macho, y la hembra es el m\u00e1s grande.<\/li>\n<li>No debe quedar apretado ni flojo, y deben tener pinzas.<\/li>\n<li>Bandeja con 2 o 3 cm de agua.<\/li>\n<li>Molde hembra no debe tener grumos, se vierte el agua en la bandeja.<\/li>\n<li>Levanta despacio y se pone el molde macho.<\/li>\n<li>Se presiona para que se escurra y se puede usar tambi\u00e9n una esp\u00e1tula de caucho para quitar el exceso de agua, el proceso de secado depende del clima que puede ser de 2 a 3 horas en d\u00edas soleados o de 5 a 6 en d\u00edas nublados.<\/li>\n<\/ul>\n<p>&nbsp;<\/p>\n","protected":false},"excerpt":{"rendered":"<p>En esta estaci\u00f3n se les da a conocer a los estudiantes como se recicla el papel y los tetra pack (envases de leches pasteurizadas), se les explica el manejo de la m\u00e1quina y como se lleva a cabo el proceso &hellip; <a href=\"https:\/\/blog.espol.edu.ec\/gmerazo\/reciclaje-de-papel\/\">Sigue leyendo <span class=\"meta-nav\">&rarr;<\/span><\/a><\/p>\n","protected":false},"author":8566,"featured_media":0,"parent":0,"menu_order":0,"comment_status":"open","ping_status":"open","template":"","meta":{"footnotes":""},"class_list":["post-73","page","type-page","status-publish","hentry"],"_links":{"self":[{"href":"https:\/\/blog.espol.edu.ec\/gmerazo\/wp-json\/wp\/v2\/pages\/73","targetHints":{"allow":["GET"]}}],"collection":[{"href":"https:\/\/blog.espol.edu.ec\/gmerazo\/wp-json\/wp\/v2\/pages"}],"about":[{"href":"https:\/\/blog.espol.edu.ec\/gmerazo\/wp-json\/wp\/v2\/types\/page"}],"author":[{"embeddable":true,"href":"https:\/\/blog.espol.edu.ec\/gmerazo\/wp-json\/wp\/v2\/users\/8566"}],"replies":[{"embeddable":true,"href":"https:\/\/blog.espol.edu.ec\/gmerazo\/wp-json\/wp\/v2\/comments?post=73"}],"version-history":[{"count":1,"href":"https:\/\/blog.espol.edu.ec\/gmerazo\/wp-json\/wp\/v2\/pages\/73\/revisions"}],"predecessor-version":[{"id":74,"href":"https:\/\/blog.espol.edu.ec\/gmerazo\/wp-json\/wp\/v2\/pages\/73\/revisions\/74"}],"wp:attachment":[{"href":"https:\/\/blog.espol.edu.ec\/gmerazo\/wp-json\/wp\/v2\/media?parent=73"}],"curies":[{"name":"wp","href":"https:\/\/api.w.org\/{rel}","templated":true}]}}