{"id":79,"date":"2013-06-02T22:17:18","date_gmt":"2013-06-03T03:17:18","guid":{"rendered":"http:\/\/blog.espol.edu.ec\/gmerazo\/?page_id=79"},"modified":"2013-06-02T22:21:27","modified_gmt":"2013-06-03T03:21:27","slug":"centros-de-acopio","status":"publish","type":"page","link":"https:\/\/blog.espol.edu.ec\/gmerazo\/centros-de-acopio\/","title":{"rendered":"Centros de Acopio"},"content":{"rendered":"<p>ESPOL cuenta con 68 estaciones de reciclaje en las \u00e1reas externas del campus y 100 estaciones de reciclaje en las \u00e1reas internas.<\/p>\n<p>Se divide la basura en 3 tipos (separaci\u00f3n en la fuente):<\/p>\n<ul>\n<li>Org\u00e1nicos<\/li>\n<li>Papel, cart\u00f3n<\/li>\n<li>Vidrio, Lata , Pl\u00e1stico<\/li>\n<\/ul>\n<p>Todo el material es vendido a empresas recicladoras, cuyos fondos son de asunto administrativo. (Cart\u00f3n y vidrio se vende)<\/p>\n<p><strong>Estaciones:<\/strong><\/p>\n<p>Se almacena lo que se ha recolectado diariamente en ESPOL.<\/p>\n<p><strong>1.\u00a0\u00a0\u00a0\u00a0\u00a0 <\/strong><strong>PAPEL Y CART\u00d3N<\/strong><\/p>\n<p>Los animales de la foto galer\u00eda se protegen de manera indirecta, que usualmente se pierde por tala y por incendios.El reciclaje del papel es una forma de preservar los \u00e1rboles.<\/p>\n<p><strong>2.\u00a0\u00a0\u00a0\u00a0\u00a0 <\/strong><strong>VIDRIO Y LATA<\/strong><\/p>\n<p>Estos se los almacena para ser vendidos posteriormente<\/p>\n<p><strong>3.\u00a0\u00a0\u00a0\u00a0\u00a0 <\/strong><strong>BOTELLAS DE PL\u00c1STICO<\/strong><\/p>\n<p>En esta estaci\u00f3n se les explica a los estudiantes de qu\u00e9 manera se pueden reciclar las botellas de pl\u00e1stico, haciendo adornos para nuestros hogares o rellen\u00e1ndolas con arcilla para que sirvan como bloques para la construcci\u00f3n de una casa hecha de botellas.<\/p>\n<p>El pl\u00e1stico es elaborado en base al petr\u00f3leo, este se encuentra debajo de la tierra, y por lo tanto para poder extraerlo se talan arboles, se destruyen hect\u00e1reas de bosques.<\/p>\n<p>Las botellas tienen tres tipos de pl\u00e1sticos:<\/p>\n<ol>\n<li>Cuerpo de la botella<\/li>\n<li>Tapa de la botella<\/li>\n<li>Etiqueta de la botella<\/li>\n<\/ol>\n<p>En ESPOL se trata principalmente el punto 1 y 2<\/p>\n<p>Se separa la tapa (PEAD Polietileno alta densidad 2 o PP Polopropileno ) y el envase (PET 1-Polietileno tereftalato). Se los vende por separado, porque es distinto el material pl\u00e1stico.<\/p>\n<p>ESPOL tiene una m\u00e1quina que corta en tiras los cuerpos de las botellas, de esta forma se vende el material y se puede realizar una nueva botella.<\/p>\n<p>Con las tapas de las botellas se puede hacer fundas para la basura (se lo derrite y se hacen hilachas semejantes a las de un queso rallado).<\/p>\n<p>&nbsp;<\/p>\n","protected":false},"excerpt":{"rendered":"<p>ESPOL cuenta con 68 estaciones de reciclaje en las \u00e1reas externas del campus y 100 estaciones de reciclaje en las \u00e1reas internas. Se divide la basura en 3 tipos (separaci\u00f3n en la fuente): Org\u00e1nicos Papel, cart\u00f3n Vidrio, Lata , Pl\u00e1stico &hellip; <a href=\"https:\/\/blog.espol.edu.ec\/gmerazo\/centros-de-acopio\/\">Sigue leyendo <span class=\"meta-nav\">&rarr;<\/span><\/a><\/p>\n","protected":false},"author":8566,"featured_media":0,"parent":0,"menu_order":0,"comment_status":"open","ping_status":"open","template":"","meta":{"footnotes":""},"class_list":["post-79","page","type-page","status-publish","hentry"],"_links":{"self":[{"href":"https:\/\/blog.espol.edu.ec\/gmerazo\/wp-json\/wp\/v2\/pages\/79","targetHints":{"allow":["GET"]}}],"collection":[{"href":"https:\/\/blog.espol.edu.ec\/gmerazo\/wp-json\/wp\/v2\/pages"}],"about":[{"href":"https:\/\/blog.espol.edu.ec\/gmerazo\/wp-json\/wp\/v2\/types\/page"}],"author":[{"embeddable":true,"href":"https:\/\/blog.espol.edu.ec\/gmerazo\/wp-json\/wp\/v2\/users\/8566"}],"replies":[{"embeddable":true,"href":"https:\/\/blog.espol.edu.ec\/gmerazo\/wp-json\/wp\/v2\/comments?post=79"}],"version-history":[{"count":3,"href":"https:\/\/blog.espol.edu.ec\/gmerazo\/wp-json\/wp\/v2\/pages\/79\/revisions"}],"predecessor-version":[{"id":81,"href":"https:\/\/blog.espol.edu.ec\/gmerazo\/wp-json\/wp\/v2\/pages\/79\/revisions\/81"}],"wp:attachment":[{"href":"https:\/\/blog.espol.edu.ec\/gmerazo\/wp-json\/wp\/v2\/media?parent=79"}],"curies":[{"name":"wp","href":"https:\/\/api.w.org\/{rel}","templated":true}]}}