{"id":12,"date":"2010-01-19T12:02:51","date_gmt":"2010-01-19T17:02:51","guid":{"rendered":"http:\/\/blog.espol.edu.ec\/gpacp\/?page_id=12"},"modified":"2010-02-05T00:02:24","modified_gmt":"2010-02-05T05:02:24","slug":"ayudanos","status":"publish","type":"page","link":"https:\/\/blog.espol.edu.ec\/gpacp\/ayudanos\/","title":{"rendered":"Ay\u00fadanos"},"content":{"rendered":"<p>GPA con la contribuci\u00f3n de la Espol y algunos auspiciantes ha elaborado un divertido calendario en los que presentamos a los animalitos que son protegidos por el grupo, este calendario busca recaudar fondos para la alimentaci\u00f3n y cuidados m\u00e9dicos de aquellos animales.<\/p>\n<p>Costo de calendario: $2<\/p>\n<p>Comunicate con nosotros:<\/p>\n<p><strong>Tel\u00e9fono:<\/strong> 097671096<br \/>\n<strong>Mail:<\/strong> <a href=\"mailto:no_animales_tristes@hotmail.com\">no_animales_tristes@hotmail.com<\/a><\/p>\n<p style=\"text-align: center\"><a id=\"myphotolink\" href=\"http:\/\/www.facebook.com\/photo.php?pid=2894161&amp;id=666798001&amp;op=2&amp;view=global&amp;subj=204087551334&amp;oid=204087551334\"><img loading=\"lazy\" decoding=\"async\" src=\"http:\/\/photos-g.ak.fbcdn.net\/hphotos-ak-snc3\/hs182.snc3\/18965_1286331288169_1526770084_30785293_8281924_n.jpg\" alt=\"\" width=\"311\" height=\"327\" \/><\/a><\/p>\n<p style=\"text-align: left\"><strong>URGENTE:<\/strong><\/p>\n<ul>\n<li>\n<div style=\"text-align: left\">Debido al incremento de poblaci\u00f3n de gatos, estamos en crisis de comida. Necesitamos de tu ayuda con la donaci\u00f3n de comida para gatos,\u00a0ellos\u00a0te necesitan!!!...<\/div>\n<\/li>\n<li>\n<div style=\"text-align: left\">Tambi\u00e9n necesitamos insumos b\u00e1sicos para curaciones tales como gasa, yodopovidin, violeta de genciana, etc.<\/div>\n<\/li>\n<\/ul>\n<p style=\"text-align: left\"><strong>Tel\u00e9fono:<\/strong> 082509600<\/p>\n<p style=\"text-align: left\"><strong>Mail:<\/strong> <a href=\"mailto:no_animales_tristes@hotmail.com\">no_animales_tristes@hotmail.com<\/a><\/p>\n","protected":false},"excerpt":{"rendered":"<p>GPA con la contribuci\u00f3n de la Espol y algunos auspiciantes ha elaborado un divertido calendario en los que presentamos a los animalitos que son protegidos por el grupo, este calendario busca recaudar fondos para la alimentaci\u00f3n y cuidados m\u00e9dicos de aquellos animales. Costo de calendario: $2 Comunicate con nosotros: Tel\u00e9fono: 097671096 Mail: no_animales_tristes@hotmail.com URGENTE: Debido [&hellip;]<\/p>\n","protected":false},"author":3632,"featured_media":0,"parent":0,"menu_order":0,"comment_status":"open","ping_status":"open","template":"","meta":{"footnotes":""},"class_list":["post-12","page","type-page","status-publish","hentry"],"_links":{"self":[{"href":"https:\/\/blog.espol.edu.ec\/gpacp\/wp-json\/wp\/v2\/pages\/12","targetHints":{"allow":["GET"]}}],"collection":[{"href":"https:\/\/blog.espol.edu.ec\/gpacp\/wp-json\/wp\/v2\/pages"}],"about":[{"href":"https:\/\/blog.espol.edu.ec\/gpacp\/wp-json\/wp\/v2\/types\/page"}],"author":[{"embeddable":true,"href":"https:\/\/blog.espol.edu.ec\/gpacp\/wp-json\/wp\/v2\/users\/3632"}],"replies":[{"embeddable":true,"href":"https:\/\/blog.espol.edu.ec\/gpacp\/wp-json\/wp\/v2\/comments?post=12"}],"version-history":[{"count":10,"href":"https:\/\/blog.espol.edu.ec\/gpacp\/wp-json\/wp\/v2\/pages\/12\/revisions"}],"predecessor-version":[{"id":15,"href":"https:\/\/blog.espol.edu.ec\/gpacp\/wp-json\/wp\/v2\/pages\/12\/revisions\/15"}],"wp:attachment":[{"href":"https:\/\/blog.espol.edu.ec\/gpacp\/wp-json\/wp\/v2\/media?parent=12"}],"curies":[{"name":"wp","href":"https:\/\/api.w.org\/{rel}","templated":true}]}}