{"id":26,"date":"2010-01-31T22:39:16","date_gmt":"2010-02-01T03:39:16","guid":{"rendered":"http:\/\/blog.espol.edu.ec\/gpacp\/?page_id=26"},"modified":"2010-02-05T00:05:04","modified_gmt":"2010-02-05T05:05:04","slug":"adopciones","status":"publish","type":"page","link":"https:\/\/blog.espol.edu.ec\/gpacp\/adopciones\/","title":{"rendered":"En adopci\u00f3n"},"content":{"rendered":"<p style=\"text-align: justify\">En esta secci\u00f3n encontrar\u00e1s animalitos que necesitan de un hogar donde les den cuidados y sobre todo mucho amor, a cambio ellos llenar\u00e1n de alegr\u00eda tu vida...an\u00edmate y adopta uno!<\/p>\n<p style=\"text-align: center\">\u00a0<a id=\"myphotolink\" href=\"http:\/\/www.facebook.com\/photo.php?pid=30860855&amp;id=1449396174&amp;op=1&amp;view=all&amp;subj=204087551334&amp;aid=-1&amp;oid=204087551334\"><img loading=\"lazy\" decoding=\"async\" src=\"http:\/\/photos-e.ak.fbcdn.net\/hphotos-ak-snc3\/hs137.snc3\/18455_1321851213566_1449396174_30877932_299937_n.jpg\" alt=\"\" width=\"279\" height=\"176\" \/><\/a><a id=\"myphotolink\" href=\"http:\/\/www.facebook.com\/photo.php?pid=30860855&amp;id=1449396174&amp;op=1&amp;view=all&amp;subj=204087551334&amp;aid=-1&amp;oid=204087551334\"><\/a><\/p>\n<p style=\"text-align: center\">Lindas trillizas rubias de 2 meses\u00a0encontradas en la calle botadas en una caja.<\/p>\n<p style=\"text-align: center\">\u00a0<\/p>\n<p style=\"text-align: center\">\u00a0<a id=\"myphotolink\" href=\"http:\/\/www.facebook.com\/photo.php?pid=30875316&amp;id=1526770084&amp;op=1&amp;view=all&amp;subj=204087551334&amp;aid=-1&amp;oid=204087551334\"><img loading=\"lazy\" decoding=\"async\" src=\"http:\/\/photos-d.ak.fbcdn.net\/hphotos-ak-snc3\/hs187.snc3\/19465_1321926578029_1526770084_30875325_6487040_n.jpg\" alt=\"\" width=\"260\" height=\"196\" \/><\/a><\/p>\n<p style=\"text-align: justify\"><a id=\"myphotolink\" href=\"http:\/\/www.facebook.com\/photo.php?pid=30877933&amp;id=1449396174&amp;op=1&amp;view=all&amp;subj=204087551334&amp;aid=-1&amp;oid=204087551334\"><\/a><\/p>\n<p style=\"text-align: center\">Gatito\u00a0encontrado en los alrededores del rectorado de la Espol, necesita tratamiento contra parasitos y su ojito, pero sobretodo necesita un hogar.<\/p>\n<p style=\"text-align: center\">\u00a0<\/p>\n<p style=\"text-align: center\">\u00a0<a id=\"myphotolink\" href=\"http:\/\/www.facebook.com\/photo.php?pid=30875437&amp;id=1526770084&amp;op=1&amp;view=all&amp;subj=204087551334&amp;aid=-1&amp;oid=204087551334\"><img loading=\"lazy\" decoding=\"async\" src=\"http:\/\/photos-e.ak.fbcdn.net\/hphotos-ak-snc3\/hs137.snc3\/18455_1321960416296_1449396174_30878249_1386712_n.jpg\" alt=\"\" width=\"256\" height=\"183\" \/><\/a><\/p>\n<p style=\"text-align: center\"><a id=\"myphotolink\" href=\"http:\/\/www.facebook.com\/photo.php?pid=30875437&amp;id=1526770084&amp;op=1&amp;view=all&amp;subj=204087551334&amp;aid=-1&amp;oid=204087551334\"><\/a><\/p>\n<p style=\"text-align: justify\"><a id=\"myphotolink\" href=\"http:\/\/www.facebook.com\/photo.php?pid=30877933&amp;id=1449396174&amp;op=1&amp;view=user&amp;subj=204087551334&amp;aid=-1&amp;oid=204087551334\"><\/a><\/p>\n<p style=\"text-align: justify\"><a id=\"myphotolink\" href=\"http:\/\/www.facebook.com\/photo.php?pid=30877933&amp;id=1449396174&amp;op=1&amp;view=user&amp;subj=204087551334&amp;aid=-1&amp;oid=204087551334\"><\/a><\/p>\n<p style=\"text-align: center\">Dos tiernas\u00a0gatitas que dejaron botadas en Espol Pe\u00f1as, dales un hogar...<\/p>\n<p style=\"text-align: center\">\u00a0<\/p>\n<p style=\"text-align: center\"><a id=\"myphotolink\" href=\"http:\/\/www.facebook.com\/photo.php?pid=30879914&amp;id=1449396174&amp;op=1&amp;view=user&amp;subj=204087551334&amp;aid=-1&amp;oid=204087551334\"><img loading=\"lazy\" decoding=\"async\" src=\"http:\/\/photos-d.ak.fbcdn.net\/hphotos-ak-snc3\/hs157.snc3\/18455_1322728035486_1449396174_30879913_2717940_n.jpg\" alt=\"\" width=\"264\" height=\"200\" \/><\/a><\/p>\n<p style=\"text-align: center\"><a id=\"myphotolink\" href=\"http:\/\/www.facebook.com\/photo.php?pid=30879914&amp;id=1449396174&amp;op=1&amp;view=user&amp;subj=204087551334&amp;aid=-1&amp;oid=204087551334\"><img loading=\"lazy\" decoding=\"async\" src=\"http:\/\/photos-a.ak.fbcdn.net\/hphotos-ak-snc3\/hs137.snc3\/18455_1322728075487_1449396174_30879914_5808067_n.jpg\" alt=\"\" width=\"261\" height=\"177\" \/><\/a><\/p>\n<p style=\"text-align: center\">Dos peque\u00f1as de un mes de edad proximadamente, encontradas botadas necesitan de hogar... an\u00edmate...adopa una!!!<\/p>\n","protected":false},"excerpt":{"rendered":"<p>En esta secci\u00f3n encontrar\u00e1s animalitos que necesitan de un hogar donde les den cuidados y sobre todo mucho amor, a cambio ellos llenar\u00e1n de alegr\u00eda tu vida...an\u00edmate y adopta uno! \u00a0 Lindas trillizas rubias de 2 meses\u00a0encontradas en la calle botadas en una caja. \u00a0 \u00a0 Gatito\u00a0encontrado en los alrededores del rectorado de la Espol, [&hellip;]<\/p>\n","protected":false},"author":3632,"featured_media":0,"parent":0,"menu_order":0,"comment_status":"open","ping_status":"open","template":"","meta":{"footnotes":""},"class_list":["post-26","page","type-page","status-publish","hentry"],"_links":{"self":[{"href":"https:\/\/blog.espol.edu.ec\/gpacp\/wp-json\/wp\/v2\/pages\/26","targetHints":{"allow":["GET"]}}],"collection":[{"href":"https:\/\/blog.espol.edu.ec\/gpacp\/wp-json\/wp\/v2\/pages"}],"about":[{"href":"https:\/\/blog.espol.edu.ec\/gpacp\/wp-json\/wp\/v2\/types\/page"}],"author":[{"embeddable":true,"href":"https:\/\/blog.espol.edu.ec\/gpacp\/wp-json\/wp\/v2\/users\/3632"}],"replies":[{"embeddable":true,"href":"https:\/\/blog.espol.edu.ec\/gpacp\/wp-json\/wp\/v2\/comments?post=26"}],"version-history":[{"count":14,"href":"https:\/\/blog.espol.edu.ec\/gpacp\/wp-json\/wp\/v2\/pages\/26\/revisions"}],"predecessor-version":[{"id":35,"href":"https:\/\/blog.espol.edu.ec\/gpacp\/wp-json\/wp\/v2\/pages\/26\/revisions\/35"}],"wp:attachment":[{"href":"https:\/\/blog.espol.edu.ec\/gpacp\/wp-json\/wp\/v2\/media?parent=26"}],"curies":[{"name":"wp","href":"https:\/\/api.w.org\/{rel}","templated":true}]}}