{"id":58,"date":"2010-02-02T22:58:04","date_gmt":"2010-02-03T03:58:04","guid":{"rendered":"http:\/\/blog.espol.edu.ec\/gpacp\/?page_id=58"},"modified":"2010-02-02T23:05:39","modified_gmt":"2010-02-03T04:05:39","slug":"ayuda-recibida","status":"publish","type":"page","link":"https:\/\/blog.espol.edu.ec\/gpacp\/ayuda-recibida\/","title":{"rendered":"Ayuda Recibida"},"content":{"rendered":"<p style=\"text-align: justify\">Esta secci\u00f3n se la dirigimos a todas las personas de buen coraz\u00f3n, que acuden al llamado GPA. Sin ustedes el cuidado de los animalitos no ser\u00eda posible.<\/p>\n<ul>\n<li>Donaci\u00f3n de Insumos M\u00e9dicos:<\/li>\n<\/ul>\n<p style=\"text-align: center\"><img loading=\"lazy\" decoding=\"async\" class=\"thumbnail\" src=\"http:\/\/blog.espol.edu.ec\/gpacp\/files\/2010\/02\/01022010010-150x150.jpg\" alt=\"\" width=\"146\" height=\"133\" \/>\u00a0<\/p>\n<p style=\"text-align: center\"><img decoding=\"async\" class=\"thumbnail\" src=\"http:\/\/blog.espol.edu.ec\/gpacp\/files\/2010\/02\/01022010014-150x150.jpg\" alt=\"\" \/><\/p>\n<p style=\"text-align: center\">Le agradecemos a nuestros amigos Gabriel Espa\u00f1a y Leo da Silva por colaborar con nosotros!! \ud83d\ude42<\/p>\n<p style=\"text-align: center\">\u00a0<\/p>\n","protected":false},"excerpt":{"rendered":"<p>Esta secci\u00f3n se la dirigimos a todas las personas de buen coraz\u00f3n, que acuden al llamado GPA. Sin ustedes el cuidado de los animalitos no ser\u00eda posible. Donaci\u00f3n de Insumos M\u00e9dicos: \u00a0 Le agradecemos a nuestros amigos Gabriel Espa\u00f1a y Leo da Silva por colaborar con nosotros!! \ud83d\ude42 \u00a0<\/p>\n","protected":false},"author":3632,"featured_media":0,"parent":0,"menu_order":0,"comment_status":"open","ping_status":"open","template":"","meta":{"footnotes":""},"class_list":["post-58","page","type-page","status-publish","hentry"],"_links":{"self":[{"href":"https:\/\/blog.espol.edu.ec\/gpacp\/wp-json\/wp\/v2\/pages\/58","targetHints":{"allow":["GET"]}}],"collection":[{"href":"https:\/\/blog.espol.edu.ec\/gpacp\/wp-json\/wp\/v2\/pages"}],"about":[{"href":"https:\/\/blog.espol.edu.ec\/gpacp\/wp-json\/wp\/v2\/types\/page"}],"author":[{"embeddable":true,"href":"https:\/\/blog.espol.edu.ec\/gpacp\/wp-json\/wp\/v2\/users\/3632"}],"replies":[{"embeddable":true,"href":"https:\/\/blog.espol.edu.ec\/gpacp\/wp-json\/wp\/v2\/comments?post=58"}],"version-history":[{"count":6,"href":"https:\/\/blog.espol.edu.ec\/gpacp\/wp-json\/wp\/v2\/pages\/58\/revisions"}],"predecessor-version":[{"id":64,"href":"https:\/\/blog.espol.edu.ec\/gpacp\/wp-json\/wp\/v2\/pages\/58\/revisions\/64"}],"wp:attachment":[{"href":"https:\/\/blog.espol.edu.ec\/gpacp\/wp-json\/wp\/v2\/media?parent=58"}],"curies":[{"name":"wp","href":"https:\/\/api.w.org\/{rel}","templated":true}]}}