{"id":7,"date":"2010-01-19T11:13:13","date_gmt":"2010-01-19T16:13:13","guid":{"rendered":"http:\/\/blog.espol.edu.ec\/gpacp\/?page_id=7"},"modified":"2010-01-19T11:13:13","modified_gmt":"2010-01-19T16:13:13","slug":"sobre-nosotros","status":"publish","type":"page","link":"https:\/\/blog.espol.edu.ec\/gpacp\/sobre-nosotros\/","title":{"rendered":"Sobre nosotros"},"content":{"rendered":"<p style=\"text-align: center\"><img loading=\"lazy\" decoding=\"async\" class=\"size-medium wp-image-4 aligncenter\" src=\"http:\/\/blog.espol.edu.ec\/gpacp\/files\/2010\/01\/gpa-claudia-poppe-291x300.jpg\" alt=\"gpa-claudia-poppe\" width=\"291\" height=\"300\" srcset=\"https:\/\/blog.espol.edu.ec\/gpacp\/files\/2010\/01\/gpa-claudia-poppe-291x300.jpg 291w, https:\/\/blog.espol.edu.ec\/gpacp\/files\/2010\/01\/gpa-claudia-poppe-993x1024.jpg 993w, https:\/\/blog.espol.edu.ec\/gpacp\/files\/2010\/01\/gpa-claudia-poppe.jpg 1412w\" sizes=\"auto, (max-width: 291px) 100vw, 291px\" \/><\/p>\n<p style=\"text-align: center\">\n<p style=\"text-align: center\"><strong>Misi\u00f3n GPA<\/strong><\/p>\n<p>Ayudar a los animalitos desamparados por medio de\u00a0 autogesti\u00f3n y donaciones; controlando la sobrepoblaci\u00f3n de \u00e9stos con esterilizaciones, gesti\u00f3n de adopci\u00f3n y concienciaci\u00f3n del respeto a los animales<\/p>\n<p><strong>Visi\u00f3n GPA<\/strong><\/p>\n<p>Llegar a ser un s\u00f3lido grupo, con infraestructura adecuada y miembros voluntarios tales, que sea un grupo reconocido por la comunidad.<\/p>\n","protected":false},"excerpt":{"rendered":"<p>Misi\u00f3n GPA Ayudar a los animalitos desamparados por medio de\u00a0 autogesti\u00f3n y donaciones; controlando la sobrepoblaci\u00f3n de \u00e9stos con esterilizaciones, gesti\u00f3n de adopci\u00f3n y concienciaci\u00f3n del respeto a los animales Visi\u00f3n GPA Llegar a ser un s\u00f3lido grupo, con infraestructura adecuada y miembros voluntarios tales, que sea un grupo reconocido por la comunidad.<\/p>\n","protected":false},"author":3632,"featured_media":0,"parent":0,"menu_order":0,"comment_status":"open","ping_status":"open","template":"","meta":{"footnotes":""},"class_list":["post-7","page","type-page","status-publish","hentry"],"_links":{"self":[{"href":"https:\/\/blog.espol.edu.ec\/gpacp\/wp-json\/wp\/v2\/pages\/7","targetHints":{"allow":["GET"]}}],"collection":[{"href":"https:\/\/blog.espol.edu.ec\/gpacp\/wp-json\/wp\/v2\/pages"}],"about":[{"href":"https:\/\/blog.espol.edu.ec\/gpacp\/wp-json\/wp\/v2\/types\/page"}],"author":[{"embeddable":true,"href":"https:\/\/blog.espol.edu.ec\/gpacp\/wp-json\/wp\/v2\/users\/3632"}],"replies":[{"embeddable":true,"href":"https:\/\/blog.espol.edu.ec\/gpacp\/wp-json\/wp\/v2\/comments?post=7"}],"version-history":[{"count":1,"href":"https:\/\/blog.espol.edu.ec\/gpacp\/wp-json\/wp\/v2\/pages\/7\/revisions"}],"predecessor-version":[{"id":8,"href":"https:\/\/blog.espol.edu.ec\/gpacp\/wp-json\/wp\/v2\/pages\/7\/revisions\/8"}],"wp:attachment":[{"href":"https:\/\/blog.espol.edu.ec\/gpacp\/wp-json\/wp\/v2\/media?parent=7"}],"curies":[{"name":"wp","href":"https:\/\/api.w.org\/{rel}","templated":true}]}}