{"id":189,"date":"2011-02-02T22:46:56","date_gmt":"2011-02-03T03:46:56","guid":{"rendered":"http:\/\/blog.espol.edu.ec\/grosado\/189\/"},"modified":"2011-02-02T22:47:22","modified_gmt":"2011-02-03T03:47:22","slug":"189","status":"publish","type":"page","link":"https:\/\/blog.espol.edu.ec\/grosado\/189\/","title":{"rendered":"ESPECIES EN PELIGRO"},"content":{"rendered":"<h1 id=\"firstHeading\" style=\"text-align: center\">Especie en Peligro de Extinci\u00f3n<\/h1>\n<div id=\"siteSub\" style=\"text-align: center\">De Wikipedia, la enciclopedia libre<\/div>\n<div id=\"jump-to-nav\" style=\"text-align: center\">Saltar a <a href=\"http:\/\/es.wikipedia.org\/wiki\/Especie_en_peligro_de_extinci%C3%B3n#mw-head\">navegaci\u00f3n<\/a>, \t\t\t\t\t<a href=\"http:\/\/es.wikipedia.org\/wiki\/Especie_en_peligro_de_extinci%C3%B3n#p-search\">b\u00fasqueda<\/a><\/div>\n<div>\n<div><a href=\"http:\/\/es.wikipedia.org\/wiki\/Archivo:Linces1.jpg\"><\/a><\/p>\n<div style=\"text-align: center\">\n<div><a title=\"Aumentar\" href=\"http:\/\/es.wikipedia.org\/wiki\/Archivo:Linces1.jpg\"><br \/>\n<\/a><\/div>\n<p>El <a title=\"Lince ib\u00e9rico\" href=\"http:\/\/es.wikipedia.org\/wiki\/Lince_ib%C3%A9rico\">lince ib\u00e9rico<\/a> es una especie <a title=\"Especie en peligro cr\u00edtico de extinci\u00f3n\" href=\"http:\/\/es.wikipedia.org\/wiki\/Especie_en_peligro_cr%C3%ADtico_de_extinci%C3%B3n\">en peligro cr\u00edtico<\/a> de desaparecer.<\/p>\n<\/div>\n<\/div>\n<p style=\"text-align: center\"><img loading=\"lazy\" decoding=\"async\" src=\"http:\/\/upload.wikimedia.org\/wikipedia\/commons\/thumb\/c\/cf\/Linces1.jpg\/200px-Linces1.jpg\" alt=\"\" width=\"200\" height=\"259\" \/><\/p>\n<\/div>\n<p>Una especie se considera <strong>en peligro de extinci\u00f3n<\/strong>, sea <a title=\"Vegetal\" href=\"http:\/\/es.wikipedia.org\/wiki\/Vegetal\">vegetal<\/a> o <a title=\"Animal\" href=\"http:\/\/es.wikipedia.org\/wiki\/Animal\">animal<\/a>, cuando se encuentra comprometida su existencia globalmente. Esto se puede deber tanto a la <a title=\"Depredaci\u00f3n\" href=\"http:\/\/es.wikipedia.org\/wiki\/Depredaci%C3%B3n\">depredaci\u00f3n<\/a> directa sobre la especie como a la desaparici\u00f3n de un <a title=\"Recurso natural\" href=\"http:\/\/es.wikipedia.org\/wiki\/Recurso_natural\">recurso<\/a> del cual esta dependa, tanto por la acci\u00f3n del hombre, debido a cambios en el <a title=\"H\u00e1bitat\" href=\"http:\/\/es.wikipedia.org\/wiki\/H%C3%A1bitat\">h\u00e1bitat<\/a>, producto de hechos fortuitos (como <a title=\"Desastres naturales\" href=\"http:\/\/es.wikipedia.org\/wiki\/Desastres_naturales\">desastres naturales<\/a>) o por cambios graduales del <a title=\"Clima\" href=\"http:\/\/es.wikipedia.org\/wiki\/Clima\">clima<\/a>.<\/p>\n<p>En la versi\u00f3n 2009 de la <a title=\"Lista Roja (zoolog\u00eda)\" href=\"http:\/\/es.wikipedia.org\/wiki\/Lista_Roja_%28zoolog%C3%ADa%29\">Lista Roja<\/a> de la <a title=\"UICN\" href=\"http:\/\/es.wikipedia.org\/wiki\/UICN\">UICN<\/a> 2.448 <a title=\"Taxones\" href=\"http:\/\/es.wikipedia.org\/wiki\/Taxones\">taxones<\/a> de <a title=\"Animales\" href=\"http:\/\/es.wikipedia.org\/wiki\/Animales\">animales<\/a><sup><a href=\"http:\/\/es.wikipedia.org\/wiki\/Especie_en_peligro_de_extinci%C3%B3n#cite_note-tablan-0\">[1]<\/a><\/sup> y 2.280 de <a title=\"Plantas\" href=\"http:\/\/es.wikipedia.org\/wiki\/Plantas\">plantas<\/a><sup><a href=\"http:\/\/es.wikipedia.org\/wiki\/Especie_en_peligro_de_extinci%C3%B3n#cite_note-tablapl-1\">[2]<\/a><\/sup> se encuentran bajo la categor\u00eda \"En Peligro\", junto con otros 1.665 taxones de animales<sup><a href=\"http:\/\/es.wikipedia.org\/wiki\/Especie_en_peligro_de_extinci%C3%B3n#cite_note-tablan-0\">[1]<\/a><\/sup> y 1.575 de plantas<sup><a href=\"http:\/\/es.wikipedia.org\/wiki\/Especie_en_peligro_de_extinci%C3%B3n#cite_note-tablapl-1\">[2]<\/a><\/sup> que tambi\u00e9n lo hacen pero bajo la categor\u00eda de \"<a title=\"Especie en peligro cr\u00edtico de extinci\u00f3n\" href=\"http:\/\/es.wikipedia.org\/wiki\/Especie_en_peligro_cr%C3%ADtico_de_extinci%C3%B3n\">En Peligro Cr\u00edtico<\/a>\".<\/p>\n<p>Muchas naciones cuentan con leyes para proteger a las especies que  dependen de su conservaci\u00f3n para existir, por ejemplo con la prohibici\u00f3n  de su caza. Sin embargo, pocas especies obtienen una protecci\u00f3n legal  considerable, extingui\u00e9ndose muchas sin ning\u00fan tipo de reconocimiento  p\u00fablico.<\/p>\n<p>La extinci\u00f3n de una especie es irreparable y, de momento, irreversible, afectando de manera directa o indirecta a la <a title=\"Cadena alimentaria\" href=\"http:\/\/es.wikipedia.org\/wiki\/Cadena_alimentaria\">cadena alimentaria<\/a> y, eventualmente, al propio ser humano.<\/p>\n<table id=\"toc\">\n<tbody>\n<tr>\n<td>\n<div id=\"toctitle\">\n<h2>Contenido<\/h2>\n<p>[<a id=\"togglelink\" href=\"http:\/\/es.wikipedia.org\/wiki\/Especie_en_peligro_de_extinci%C3%B3n#\">ocultar<\/a>]<\/p>\n<\/div>\n<ul>\n<li><a href=\"http:\/\/es.wikipedia.org\/wiki\/Especie_en_peligro_de_extinci%C3%B3n#Estado_de_conservaci.C3.B3n\">1 Estado de conservaci\u00f3n<\/a>\n<ul>\n<li><a href=\"http:\/\/es.wikipedia.org\/wiki\/Especie_en_peligro_de_extinci%C3%B3n#Lista_Roja\">1.1 Lista Roja<\/a><\/li>\n<li><a href=\"http:\/\/es.wikipedia.org\/wiki\/Especie_en_peligro_de_extinci%C3%B3n#CITES\">1.2 CITES<\/a><\/li>\n<li><a href=\"http:\/\/es.wikipedia.org\/wiki\/Especie_en_peligro_de_extinci%C3%B3n#Clasificaciones_nacionales\">1.3 Clasificaciones nacionales<\/a><\/li>\n<\/ul>\n<\/li>\n<li><a href=\"http:\/\/es.wikipedia.org\/wiki\/Especie_en_peligro_de_extinci%C3%B3n#V.C3.A9ase_tambi.C3.A9n\">2 V\u00e9ase tambi\u00e9n<\/a><\/li>\n<li><a href=\"http:\/\/es.wikipedia.org\/wiki\/Especie_en_peligro_de_extinci%C3%B3n#Referencias\">3 Referencias<\/a><\/li>\n<\/ul>\n<\/td>\n<\/tr>\n<\/tbody>\n<\/table>\n<h2>[<a title=\"Editar secci\u00f3n: Estado de conservaci\u00f3n\" href=\"http:\/\/es.wikipedia.org\/w\/index.php?title=Especie_en_peligro_de_extinci%C3%B3n&amp;action=edit&amp;section=1\">editar<\/a>] Estado de conservaci\u00f3n<\/h2>\n<div><em>Art\u00edculo principal: <a title=\"Estado de conservaci\u00f3n\" href=\"http:\/\/es.wikipedia.org\/wiki\/Estado_de_conservaci%C3%B3n\">Estado de conservaci\u00f3n<\/a><\/em><\/div>\n<p>Los <a title=\"Estados de conservaci\u00f3n\" href=\"http:\/\/es.wikipedia.org\/wiki\/Estados_de_conservaci%C3%B3n\">estados de conservaci\u00f3n<\/a> son los indicadores b\u00e1sicos de las probabilidades de que una especie  siga existiendo en el corto o mediano plazo, en vista de factores tales  como la poblaci\u00f3n y su distribuci\u00f3n, su historia natural y biol\u00f3gica,  sus depredadores y otros aspectos.<\/p>\n<h3>[<a title=\"Editar secci\u00f3n: Lista Roja\" href=\"http:\/\/es.wikipedia.org\/w\/index.php?title=Especie_en_peligro_de_extinci%C3%B3n&amp;action=edit&amp;section=2\">editar<\/a>] Lista Roja<\/h3>\n<div>\n<div><a href=\"http:\/\/es.wikipedia.org\/wiki\/Archivo:Status_iucn3.1_EN_es.svg\"><img loading=\"lazy\" decoding=\"async\" src=\"http:\/\/upload.wikimedia.org\/wikipedia\/commons\/thumb\/0\/08\/Status_iucn3.1_EN_es.svg\/250px-Status_iucn3.1_EN_es.svg.png\" alt=\"\" width=\"250\" height=\"67\" \/><\/a><\/p>\n<div>\n<div><a title=\"Aumentar\" href=\"http:\/\/es.wikipedia.org\/wiki\/Archivo:Status_iucn3.1_EN_es.svg\"><img loading=\"lazy\" decoding=\"async\" src=\"http:\/\/bits.wikimedia.org\/skins-1.5\/common\/images\/magnify-clip.png\" alt=\"\" width=\"15\" height=\"11\" \/><\/a><\/div>\n<p>La categor\u00eda \"En Peligro\" en la versi\u00f3n 3.1 de <a title=\"2008\" href=\"http:\/\/es.wikipedia.org\/wiki\/2008\">2008<\/a> de la <a title=\"Lista Roja (zoolog\u00eda)\" href=\"http:\/\/es.wikipedia.org\/wiki\/Lista_Roja_%28zoolog%C3%ADa%29\">Lista Roja<\/a> de la <a title=\"UICN\" href=\"http:\/\/es.wikipedia.org\/wiki\/UICN\">UICN<\/a>.<\/p>\n<\/div>\n<\/div>\n<\/div>\n<div>\n<div><a href=\"http:\/\/es.wikipedia.org\/wiki\/Archivo:Status_iucn3.1_CR_es.svg\"><img loading=\"lazy\" decoding=\"async\" src=\"http:\/\/upload.wikimedia.org\/wikipedia\/commons\/thumb\/0\/0e\/Status_iucn3.1_CR_es.svg\/250px-Status_iucn3.1_CR_es.svg.png\" alt=\"\" width=\"250\" height=\"67\" \/><\/a><\/p>\n<div>\n<div><a title=\"Aumentar\" href=\"http:\/\/es.wikipedia.org\/wiki\/Archivo:Status_iucn3.1_CR_es.svg\"><img loading=\"lazy\" decoding=\"async\" src=\"http:\/\/bits.wikimedia.org\/skins-1.5\/common\/images\/magnify-clip.png\" alt=\"\" width=\"15\" height=\"11\" \/><\/a><\/div>\n<p>La categor\u00eda \"<a title=\"Especie en peligro cr\u00edtico de extinci\u00f3n\" href=\"http:\/\/es.wikipedia.org\/wiki\/Especie_en_peligro_cr%C3%ADtico_de_extinci%C3%B3n\">En Peligro Cr\u00edtico<\/a>\" en la versi\u00f3n 3.1 de <a title=\"2008\" href=\"http:\/\/es.wikipedia.org\/wiki\/2008\">2008<\/a> de la <a title=\"Lista Roja (zoolog\u00eda)\" href=\"http:\/\/es.wikipedia.org\/wiki\/Lista_Roja_%28zoolog%C3%ADa%29\">Lista Roja<\/a> de la <a title=\"UICN\" href=\"http:\/\/es.wikipedia.org\/wiki\/UICN\">UICN<\/a>.<\/p>\n<\/div>\n<\/div>\n<\/div>\n<p>La <a title=\"Lista Roja (zoolog\u00eda)\" href=\"http:\/\/es.wikipedia.org\/wiki\/Lista_Roja_%28zoolog%C3%ADa%29\">Lista Roja<\/a> elaborada por la <a title=\"UICN\" href=\"http:\/\/es.wikipedia.org\/wiki\/UICN\">UICN<\/a> es la m\u00e1s difundida de las clasificaciones de los <a title=\"Estados de conservaci\u00f3n\" href=\"http:\/\/es.wikipedia.org\/wiki\/Estados_de_conservaci%C3%B3n\">estados de conservaci\u00f3n<\/a> de las especies. En la lista, hay dos categor\u00edas con criterios espec\u00edficos en los cuales son clasificados los <a title=\"Taxones\" href=\"http:\/\/es.wikipedia.org\/wiki\/Taxones\">taxones<\/a> que corren el riesgo de desaparecer: \"en peligro\" (abreviado oficialmente como <strong>EN<\/strong> desde su nombre original en <a title=\"Idioma ingl\u00e9s\" href=\"http:\/\/es.wikipedia.org\/wiki\/Idioma_ingl%C3%A9s\">ingl\u00e9s<\/a>, <em>Endangered<\/em>) y \"<a title=\"Especie en peligro cr\u00edtico de extinci\u00f3n\" href=\"http:\/\/es.wikipedia.org\/wiki\/Especie_en_peligro_cr%C3%ADtico_de_extinci%C3%B3n\">en peligro cr\u00edtico<\/a>\" (abreviado oficialmente como <em>CR<\/em> desde su nombre original en <a title=\"Idioma ingl\u00e9s\" href=\"http:\/\/es.wikipedia.org\/wiki\/Idioma_ingl%C3%A9s\">ingl\u00e9s<\/a>, <em>Critically Endangered<\/em>). Estas \u00faltimas dos categor\u00edas, junto con \"<a title=\"Especie vulnerable\" href=\"http:\/\/es.wikipedia.org\/wiki\/Especie_vulnerable\">Vulnerable<\/a>\", integran a las <a title=\"Especies amenazadas\" href=\"http:\/\/es.wikipedia.org\/wiki\/Especies_amenazadas\">especies amenazadas<\/a> dentro de la lista.<\/p>\n<p>Las categor\u00edas de \"en peligro\" y \"<a title=\"Especie en peligro cr\u00edtico de extinci\u00f3n\" href=\"http:\/\/es.wikipedia.org\/wiki\/Especie_en_peligro_cr%C3%ADtico_de_extinci%C3%B3n\">en peligro cr\u00edtico<\/a>\"  contienen a todos las especies que han mostrado importantes  fluctuaciones en su distribuci\u00f3n geogr\u00e1fica, junto con una disminuci\u00f3n o  fragmentaci\u00f3n de ella; una poblaci\u00f3n de individuos maduros menor de los  250 o los 2500 ejemplares con una probabilidad de un 50% o un 20% de  extinci\u00f3n en su forma silvestre; y una fuerte disminuci\u00f3n en su  poblaci\u00f3n general en los \u00faltimos 10 a\u00f1os o tres generaciones, en orden  del 70% y el 90%, respectivamente.<sup><a href=\"http:\/\/es.wikipedia.org\/wiki\/Especie_en_peligro_de_extinci%C3%B3n#cite_note-uicndoc-2\">[3]<\/a><\/sup><\/p>\n<h3>[<a title=\"Editar secci\u00f3n: CITES\" href=\"http:\/\/es.wikipedia.org\/w\/index.php?title=Especie_en_peligro_de_extinci%C3%B3n&amp;action=edit&amp;section=3\">editar<\/a>] CITES<\/h3>\n<div><em>Art\u00edculo principal: <a title=\"CITES\" href=\"http:\/\/es.wikipedia.org\/wiki\/CITES\">CITES<\/a><\/em><\/div>\n<p>La <a title=\"Convenci\u00f3n sobre el Comercio Internacional de Especies Amenazadas de Fauna y Flora Silvestres\" href=\"http:\/\/es.wikipedia.org\/wiki\/Convenci%C3%B3n_sobre_el_Comercio_Internacional_de_Especies_Amenazadas_de_Fauna_y_Flora_Silvestres\">Convenci\u00f3n sobre el Comercio Internacional de Especies Amenazadas de Fauna y Flora Silvestres<\/a> (<em>CITES<\/em> por sus siglas en <a title=\"Idioma ingl\u00e9s\" href=\"http:\/\/es.wikipedia.org\/wiki\/Idioma_ingl%C3%A9s\">ingl\u00e9s<\/a>)  regula el comercio de las especies amenazadas, con el objeto de  asegurar su supervivencia. Consta de tres \"ap\u00e9ndices\" en los cuales  estas especies son clasificadas. Todas las especies que se encuentran en  peligro de extinci\u00f3n son clasificadas en el Ap\u00e9ndice I, el que impone  mayores restricciones y restringe el comercio de estas especies solo a  casos excepcionales.<sup><a href=\"http:\/\/es.wikipedia.org\/wiki\/Especie_en_peligro_de_extinci%C3%B3n#cite_note-cites1-3\">[4]<\/a><\/sup> A <a title=\"2009\" href=\"http:\/\/es.wikipedia.org\/wiki\/2009\">2009<\/a>, 175 pa\u00edses se hab\u00edan adherido al tratado.<sup><a href=\"http:\/\/es.wikipedia.org\/wiki\/Especie_en_peligro_de_extinci%C3%B3n#cite_note-cites2-4\">[5]<\/a><\/sup><\/p>\n<h3>[<a title=\"Editar secci\u00f3n: Clasificaciones nacionales\" href=\"http:\/\/es.wikipedia.org\/w\/index.php?title=Especie_en_peligro_de_extinci%C3%B3n&amp;action=edit&amp;section=4\">editar<\/a>] Clasificaciones nacionales<\/h3>\n<div>\n<div><a href=\"http:\/\/es.wikipedia.org\/wiki\/Archivo:Status_ESA_LE_es.svg\"><img loading=\"lazy\" decoding=\"async\" src=\"http:\/\/upload.wikimedia.org\/wikipedia\/commons\/thumb\/a\/af\/Status_ESA_LE_es.svg\/250px-Status_ESA_LE_es.svg.png\" alt=\"\" width=\"250\" height=\"67\" \/><\/a><\/p>\n<div>\n<div><a title=\"Aumentar\" href=\"http:\/\/es.wikipedia.org\/wiki\/Archivo:Status_ESA_LE_es.svg\"><img loading=\"lazy\" decoding=\"async\" src=\"http:\/\/bits.wikimedia.org\/skins-1.5\/common\/images\/magnify-clip.png\" alt=\"\" width=\"15\" height=\"11\" \/><\/a><\/div>\n<p>La categor\u00eda \"En Peligro\" en la <a title=\"Lista de especies amenazadas del Departamento de Pesca y Vida Silvestre de Estados Unidos (a\u00fan no redactado)\" href=\"http:\/\/es.wikipedia.org\/w\/index.php?title=Lista_de_especies_amenazadas_del_Departamento_de_Pesca_y_Vida_Silvestre_de_Estados_Unidos&amp;action=edit&amp;redlink=1\">lista de especies amenazadas<\/a> de <a title=\"Estados Unidos\" href=\"http:\/\/es.wikipedia.org\/wiki\/Estados_Unidos\">Estados Unidos<\/a>.<\/p>\n<\/div>\n<\/div>\n<\/div>\n<p>En <a title=\"Australia\" href=\"http:\/\/es.wikipedia.org\/wiki\/Australia\">Australia<\/a>, el <a title=\"Acta de Protecci\u00f3n Medioambiental y Conservaci\u00f3n de la Biodiversidad de 1999 (a\u00fan no redactado)\" href=\"http:\/\/es.wikipedia.org\/w\/index.php?title=Acta_de_Protecci%C3%B3n_Medioambiental_y_Conservaci%C3%B3n_de_la_Biodiversidad_de_1999&amp;action=edit&amp;redlink=1\">Acta de Protecci\u00f3n Medioambiental y Conservaci\u00f3n de la Biodiversidad de 1999<\/a> clasifica a las especies en riesgo de desaparecer en las categor\u00edas \"en  peligro\" y \"en peligro cr\u00edtico\", de manera similar a la <a title=\"Lista Roja (zoolog\u00eda)\" href=\"http:\/\/es.wikipedia.org\/wiki\/Lista_Roja_%28zoolog%C3%ADa%29\">Lista Roja<\/a> de la <a title=\"UICN\" href=\"http:\/\/es.wikipedia.org\/wiki\/UICN\">UICN<\/a>. La <a title=\"Lista de especies en vida salvaje bajo riesgo (a\u00fan no redactado)\" href=\"http:\/\/es.wikipedia.org\/w\/index.php?title=Lista_de_especies_en_vida_salvaje_bajo_riesgo&amp;action=edit&amp;redlink=1\">Lista de especies en vida salvaje bajo riesgo<\/a> de <a title=\"Canad\u00e1\" href=\"http:\/\/es.wikipedia.org\/wiki\/Canad%C3%A1\">Canad\u00e1<\/a> posee las categor\u00edas \"en peligro\" y \"extirpadas\" para las especies en  peligro de desaparecer y las que ya lo hicieron a nivel local,  respectivamente.<\/p>\n<p>En <a title=\"Estados Unidos\" href=\"http:\/\/es.wikipedia.org\/wiki\/Estados_Unidos\">Estados Unidos<\/a> la categor\u00eda \"en peligro\" de la <a title=\"Lista de especies amenazadas del Departamento de Pesca y Vida Silvestre de Estados Unidos (a\u00fan no redactado)\" href=\"http:\/\/es.wikipedia.org\/w\/index.php?title=Lista_de_especies_amenazadas_del_Departamento_de_Pesca_y_Vida_Silvestre_de_Estados_Unidos&amp;action=edit&amp;redlink=1\">Lista de especies amenazadas del Departamento de Pesca y Vida Silvestre de Estados Unidos<\/a> es la que ofrece m\u00e1s protecci\u00f3n, mientras que en <a title=\"Nueva Zelanda\" href=\"http:\/\/es.wikipedia.org\/wiki\/Nueva_Zelanda\">Nueva Zelanda<\/a> las categor\u00edas \"cr\u00edtico a nivel nacional\" y \"en peligro a nivel nacional\" integran a las especies con un alto riesgo.<\/p>\n<h2>[<a title=\"Editar secci\u00f3n: V\u00e9ase tambi\u00e9n\" href=\"http:\/\/es.wikipedia.org\/w\/index.php?title=Especie_en_peligro_de_extinci%C3%B3n&amp;action=edit&amp;section=5\">editar<\/a>] V\u00e9ase tambi\u00e9n<\/h2>\n<ul>\n<li><a title=\"Categor\u00eda:Especies en peligro de extinci\u00f3n\" href=\"http:\/\/es.wikipedia.org\/wiki\/Categor%C3%ADa:Especies_en_peligro_de_extinci%C3%B3n\">Art\u00edculos sobre especies en peligro de extinci\u00f3n<\/a><\/li>\n<li><a title=\"Extinci\u00f3n\" href=\"http:\/\/es.wikipedia.org\/wiki\/Extinci%C3%B3n\">Extinci\u00f3n<\/a><\/li>\n<li><a title=\"Extinci\u00f3n masiva\" href=\"http:\/\/es.wikipedia.org\/wiki\/Extinci%C3%B3n_masiva\">Extinci\u00f3n masiva<\/a><\/li>\n<li><a title=\"Extinci\u00f3n local (a\u00fan no redactado)\" href=\"http:\/\/es.wikipedia.org\/w\/index.php?title=Extinci%C3%B3n_local&amp;action=edit&amp;redlink=1\">Extinci\u00f3n local<\/a><\/li>\n<li><a title=\"Especie en peligro cr\u00edtico de extinci\u00f3n\" href=\"http:\/\/es.wikipedia.org\/wiki\/Especie_en_peligro_cr%C3%ADtico_de_extinci%C3%B3n\">Especie en peligro cr\u00edtico de extinci\u00f3n<\/a><\/li>\n<li><a title=\"Especie amenazada\" href=\"http:\/\/es.wikipedia.org\/wiki\/Especie_amenazada\">Especie amenazada<\/a><\/li>\n<\/ul>\n<h2>[<a title=\"Editar secci\u00f3n: Referencias\" href=\"http:\/\/es.wikipedia.org\/w\/index.php?title=Especie_en_peligro_de_extinci%C3%B3n&amp;action=edit&amp;section=6\">editar<\/a>] Referencias<\/h2>\n<div>\n<ol>\n<li>\u2191 <a href=\"http:\/\/es.wikipedia.org\/wiki\/Especie_en_peligro_de_extinci%C3%B3n#cite_ref-tablan_0-0\"><sup><em><strong>a<\/strong><\/em><\/sup><\/a> <a href=\"http:\/\/es.wikipedia.org\/wiki\/Especie_en_peligro_de_extinci%C3%B3n#cite_ref-tablan_0-1\"><sup><em><strong>b<\/strong><\/em><\/sup><\/a> <a title=\"UICN\" href=\"http:\/\/es.wikipedia.org\/wiki\/UICN\">UICN<\/a> (2008) (en ingl\u00e9s, PDF). <a rel=\"nofollow\" href=\"http:\/\/www.iucnredlist.org\/documents\/2008RL_stats_table_3a_v1223294385.pdf\"><em>2008 Red List, Table 3a: Status category summary by major taxonomic group (animals)<\/em><\/a>. <a rel=\"nofollow\" href=\"http:\/\/www.iucnredlist.org\/documents\/2008RL_stats_table_3a_v1223294385.pdf\">http:\/\/www.iucnredlist.org\/documents\/2008RL_stats_table_3a_v1223294385.pdf<\/a>. Consultado el 23 de febrero.<\/li>\n<li>\u2191 <a href=\"http:\/\/es.wikipedia.org\/wiki\/Especie_en_peligro_de_extinci%C3%B3n#cite_ref-tablapl_1-0\"><sup><em><strong>a<\/strong><\/em><\/sup><\/a> <a href=\"http:\/\/es.wikipedia.org\/wiki\/Especie_en_peligro_de_extinci%C3%B3n#cite_ref-tablapl_1-1\"><sup><em><strong>b<\/strong><\/em><\/sup><\/a> <a title=\"UICN\" href=\"http:\/\/es.wikipedia.org\/wiki\/UICN\">UICN<\/a> (2008) (en ingl\u00e9s, PDF). <a rel=\"nofollow\" href=\"http:\/\/www.iucnredlist.org\/documents\/2008RL_stats_table_3b_v1223294385.pdf\"><em>2008 Red List, Table 3b: Status category summary by major taxonomic group (plants)<\/em><\/a>. <a rel=\"nofollow\" href=\"http:\/\/www.iucnredlist.org\/documents\/2008RL_stats_table_3b_v1223294385.pdf\">http:\/\/www.iucnredlist.org\/documents\/2008RL_stats_table_3b_v1223294385.pdf<\/a>. Consultado el 23 de febrero.<\/li>\n<li><a href=\"http:\/\/es.wikipedia.org\/wiki\/Especie_en_peligro_de_extinci%C3%B3n#cite_ref-uicndoc_2-0\">\u2191<\/a> <a title=\"UICN\" href=\"http:\/\/es.wikipedia.org\/wiki\/UICN\">UICN<\/a>. (<a title=\"2001\" href=\"http:\/\/es.wikipedia.org\/wiki\/2001\">2001<\/a>). <em>Categor\u00edas y Criterios de la Lista Roja de la UICN: Versi\u00f3n 3.1<\/em>. Comisi\u00f3n de Supervivencia de Especies de la UICN. UICN, Gland, Suiza y Cambridge, Reino Unido. ii + 33 pp. Disponible <a rel=\"nofollow\" href=\"http:\/\/www.iucnredlist.org\/documents\/redlist_cats_crit_sp_v1223290226.pdf\">en el sitio oficial de la UICN<\/a>.<\/li>\n<li><a href=\"http:\/\/es.wikipedia.org\/wiki\/Especie_en_peligro_de_extinci%C3%B3n#cite_ref-cites1_3-0\">\u2191<\/a> <a title=\"CITES\" href=\"http:\/\/es.wikipedia.org\/wiki\/CITES\">CITES<\/a>. \u00ab<a rel=\"nofollow\" href=\"http:\/\/www.cites.org\/esp\/disc\/how.shtml\">\u00bfC\u00f3mo funciona la CITES?<\/a>\u00bb. Consultado el 13 de febrero de 2009.<\/li>\n<li><a href=\"http:\/\/es.wikipedia.org\/wiki\/Especie_en_peligro_de_extinci%C3%B3n#cite_ref-cites2_4-0\">\u2191<\/a> <a title=\"CITES\" href=\"http:\/\/es.wikipedia.org\/wiki\/CITES\">CITES<\/a>. \u00ab<a rel=\"nofollow\" href=\"http:\/\/www.cites.org\/esp\/disc\/parties\/index.shtml\">Pa\u00edses miembros<\/a>\u00bb. Consultado el 13 de febrero de 2009.<\/li>\n<\/ol>\n<\/div>\n","protected":false},"excerpt":{"rendered":"<p>Especie en Peligro de Extinci\u00f3n De Wikipedia, la enciclopedia libre Saltar a navegaci\u00f3n, b\u00fasqueda El lince ib\u00e9rico es una especie en peligro cr\u00edtico de desaparecer. Una especie se considera en peligro de extinci\u00f3n, sea vegetal o animal, cuando se encuentra comprometida su existencia globalmente. Esto se puede deber tanto a la depredaci\u00f3n directa sobre la [&hellip;]<\/p>\n","protected":false},"author":5545,"featured_media":0,"parent":0,"menu_order":0,"comment_status":"open","ping_status":"open","template":"","meta":{"_monsterinsights_skip_tracking":false,"_monsterinsights_sitenote_active":false,"_monsterinsights_sitenote_note":"","_monsterinsights_sitenote_category":0,"footnotes":""},"class_list":["post-189","page","type-page","status-publish","hentry"],"aioseo_notices":[],"_links":{"self":[{"href":"https:\/\/blog.espol.edu.ec\/grosado\/wp-json\/wp\/v2\/pages\/189","targetHints":{"allow":["GET"]}}],"collection":[{"href":"https:\/\/blog.espol.edu.ec\/grosado\/wp-json\/wp\/v2\/pages"}],"about":[{"href":"https:\/\/blog.espol.edu.ec\/grosado\/wp-json\/wp\/v2\/types\/page"}],"author":[{"embeddable":true,"href":"https:\/\/blog.espol.edu.ec\/grosado\/wp-json\/wp\/v2\/users\/5545"}],"replies":[{"embeddable":true,"href":"https:\/\/blog.espol.edu.ec\/grosado\/wp-json\/wp\/v2\/comments?post=189"}],"version-history":[{"count":2,"href":"https:\/\/blog.espol.edu.ec\/grosado\/wp-json\/wp\/v2\/pages\/189\/revisions"}],"predecessor-version":[{"id":191,"href":"https:\/\/blog.espol.edu.ec\/grosado\/wp-json\/wp\/v2\/pages\/189\/revisions\/191"}],"wp:attachment":[{"href":"https:\/\/blog.espol.edu.ec\/grosado\/wp-json\/wp\/v2\/media?parent=189"}],"curies":[{"name":"wp","href":"https:\/\/api.w.org\/{rel}","templated":true}]}}