{"id":103,"date":"2009-11-12T11:57:42","date_gmt":"2009-11-12T16:57:42","guid":{"rendered":"http:\/\/blog.espol.edu.ec\/guerreroskyline\/?page_id=103"},"modified":"2009-11-12T11:57:42","modified_gmt":"2009-11-12T16:57:42","slug":"zona-arte-ecuatoriana","status":"publish","type":"page","link":"https:\/\/blog.espol.edu.ec\/guerreroskyline\/zona-arte-ecuatoriana\/","title":{"rendered":"Zona Arte Ecuatoriana"},"content":{"rendered":"<h2><span style=\"text-decoration: underline\"><span style=\"color: #666633\"><strong><strong>J<\/strong><\/strong><strong><span style=\"color: #000000\"><strong>ORGE<br \/>\nVELASCO MACKENZIE<\/strong><\/span><\/strong><\/span><\/span><\/h2>\n<h2><span style=\"color: #666633\"><strong><\/strong><\/span><\/h2>\n<p style=\"text-align: left\"><span style=\"color: #666633\"><strong><span style=\"color: #000000\"><br \/>\n<\/span><\/strong><\/span><span style=\"color: #666633\">ESCRITOR.-<br \/>\nNaci\u00f3 en Guayaquil el 16 de Enero de 1949.<br \/>\nHijo leg\u00edtimo de Alfredo Velasco Hern\u00e1ndez,<br \/>\nindustrial guayaquile\u00f1o graduado en la escuela<br \/>\nde la Filantr\u00f3pica, propietario de una f\u00e1brica<br \/>\nde botones de tagua que quebr\u00f3 cuando aparecieron<br \/>\nlos de pl\u00e1stico. Entonces instal\u00f3 una<br \/>\nf\u00e1brica de fideos que a\u00fan mantiene;<br \/>\ny de A\u00edda Mackenzie Zambrano, natural de Palestina,<br \/>\nhija de propietarios agr\u00edcolas.<\/span><\/p>\n<p style=\"text-align: left\"><span style=\"color: #666633\">Fue el segundo de una familia<br \/>\nde tres hermanos que alquilaban un departamento en<br \/>\nBoyac\u00e1 y Loja. Cuando ten\u00eda ocho a\u00f1os<br \/>\nunos parientes subieron a su abuelo materno William<br \/>\nMackenzie muy enfermo. Era un hombronazo que tocaba<br \/>\nmuy bien la guitarra, hijo de un obrero de Jamaica<br \/>\nvendido al pa\u00eds para lo del ferrocarril.<\/span><\/p>\n<p style=\"text-align: left\"><span style=\"color: #666633\">Durante unas vacaciones en<br \/>\nel campo le dio la difteria y su madre. arm\u00e1ndose<br \/>\nde valor y con una simple hoja de afeitar le practic\u00f3<br \/>\nla traqueotom\u00eda, introduci\u00e9ndole por<br \/>\nel orificio una pluma de pavo para que pudiera respirar.<br \/>\nEnseguida fue tra\u00eddo a la Cl\u00ednica Alc\u00edvar<br \/>\npero el viaje fue demorado por el lento paso de la<br \/>\ngabarra sobre el r\u00edo Daule. Despu\u00e9s<br \/>\njug\u00f3 Base Ball en la escuela fundada por el<br \/>\nProf. Ricardo Chac\u00f3n.<\/span><\/p>\n<p style=\"text-align: left\"><span style=\"color: #666633\">En 1970 se gradu\u00f3 de<br \/>\nContador en el Colegio Mercantil. En sus ratos de<br \/>\nocio escrib\u00eda poes\u00eda amatoria pero lo<br \/>\nque m\u00e1s le interesaba eran las artes pl\u00e1sticas,<br \/>\nas\u00ed fue como ingres\u00f3 de oyente nocturno<br \/>\na la Escuela de Bellas Artes, de la que sali\u00f3<br \/>\nen 1972, despu\u00e9s de ser admitido en el Sal\u00f3n<br \/>\nde Julio, por una excesiva conciencia autocr\u00edtica;<br \/>\ndedic\u00e1ndose de lleno a la creaci\u00f3n literaria<br \/>\ny para contraer matrimonio con Ana Cabrera Anda. Habitan<br \/>\nun departamento en el Callej\u00f3n Zavala Gangotena<br \/>\ny Los R\u00edos, donde han nacido sus tres hijos.<\/span><\/p>\n<p style=\"text-align: left\"><span style=\"color: #666633\">Ese a\u00f1o se matricul\u00f3<br \/>\nen la Facultad de Filosof\u00eda y Letras de la<br \/>\nUniversidad de Guayaquil y sigui\u00f3 estudios<br \/>\nde Literatura hasta 1976 que logr\u00f3 la Licenciatura<br \/>\nen Ciencias de la Educaci\u00f3n.<\/span><\/p>\n<p style=\"text-align: left\"><span style=\"color: #666633\">En 1973 empez\u00f3 a colaborar<br \/>\nen el suplemento Paratodos de El Universo que dirig\u00eda<br \/>\nNancy Bravo de Ramsey con art\u00edculos de Arte<br \/>\ny Literatura- relacionados con el boom latinoamericano,<br \/>\nartistas y escritores ecuatorianos y hasta mantuvo<br \/>\nalgunas pol\u00e9micas. Recuerda una con Alcino<br \/>\nRam\u00edrez y otra sobre orientaci\u00f3n de<br \/>\nla cr\u00edtica con Sonia Manzano.<\/span><\/p>\n<p style=\"text-align: left\"><span style=\"color: #666633\">Ese a\u00f1o 73 comenz\u00f3<br \/>\na dictar las materias de Literatura e Idioma Nacional<br \/>\nen el Colegio Particular \"Zen\u00f3n V\u00e9lez<br \/>\nViteri\" por S\/. 12 la hora, all\u00ed permaneci\u00f3<br \/>\ncuatro a\u00f1os.<\/span><\/p>\n<p style=\"text-align: left\"><span style=\"color: #666633\">El 74 viaj\u00f3 a Cali con<br \/>\nCarlos Calder\u00f3n Chico invitados por la Universidad<br \/>\ndel Valle al IV Congreso de la Nueva Narrativa Hispanoamericana<br \/>\ny public\u00f3 su primer texto \"Aeropuerto\"<br \/>\nen la importante revista quite\u00f1a \"La Bufanda<br \/>\ndel Sol\".<\/span><\/p>\n<p style=\"text-align: left\"><span style=\"color: #666633\">El 75 gan\u00f3 el Primer<br \/>\nPremio consistente en S\/. 8.000 en el Concurso de<br \/>\nCuentos de la Universidad T\u00e9cnica de Machala<br \/>\ncon \"Aeropuerto\", cuyo argumento se le ocurri\u00f3<br \/>\nal despedir a una prima que viajaba a los Estados<br \/>\nUnidos. Tambi\u00e9n logr\u00f3 el Primer Premio<br \/>\ndel Concurso Nacional del Poema Mural organizado por<br \/>\nla Municipalidad de Guayaquil. Rafael D\u00edaz<br \/>\nYcaza, Presidente del N\u00facleo del Guayas, incluy\u00f3<br \/>\nsu primer libro de relatos \"De Vuelta al Para\u00edso\"<br \/>\nen el Volumen cuarto de la Colecci\u00f3n \"Letras<br \/>\ndel Ecuador\", que se abre con Aeropuerto y contiene<br \/>\nocho cuentos m\u00e1s, habiendo quedado finalista<br \/>\nen el Concurso de la Universidad Cat\u00f3lica de<br \/>\nQuito. El libro se hizo solo, relata los conflictos<br \/>\nde la adolescencia, la inclusi\u00f3n de una ideolog\u00eda<br \/>\ndefinida por el Socialismo y el rechazo al sistema<br \/>\nimperante. Aeropuerto fue reproducido el 76 en la<br \/>\nrevista \"Puesto de Combate\" de Bogot\u00e1<br \/>\ny en \"Ancas\" de Caracas.<\/span><\/p>\n<p style=\"text-align: left\"><span style=\"color: #666633\">En 1977 D\u00edaz Icaza le<br \/>\nedit\u00f3 su segundo libro de relatos \"Como<br \/>\ngato en tempestad\" en el volumen 52 de la misma<br \/>\ncolecci\u00f3n. \"Lo quiero como a un hijo que<br \/>\nme naci\u00f3 enfermo. Soy consciente de sus defectos<br \/>\ncomo tambi\u00e9n de su espontaneidad y frescura.<br \/>\nCuenta los problemas de la adultez y t\u00e9cnicamente<br \/>\naspir\u00f3 al perfeccionamiento de la forma\",<br \/>\nha dicho su autor.<\/span><\/p>\n<p style=\"text-align: left\"><span style=\"color: #666633\">Su amigo el poeta Fernando<br \/>\nNieto Cadena le llev\u00f3 a la Universidad T\u00e9cnica<br \/>\nde Babahoyo como profesor accidental de las c\u00e1tedras<br \/>\nde Teor\u00eda Literaria y Poes\u00eda del Siglo<br \/>\nXX. El 79 alcanz\u00f3 la titularidad y a\u00fan<br \/>\ncontin\u00faa dictando ambas materias.<\/span><\/p>\n<p style=\"text-align: left\"><span style=\"color: #666633\">El 78 obtuvo el Segundo Premio<br \/>\nde S\/. 10.000 en el V Concurso Nacional de Poes\u00eda<br \/>\nMedardo \u00c1ngel Silva de la Municipalidad de<br \/>\nGuayaquil con \"Manual de Acci\u00f3n Imaginaria\".<\/span><\/p>\n<p style=\"text-align: left\"><span style=\"color: #666633\">Ese a\u00f1o conform\u00f3<br \/>\nel grupo \"Sicoseo\u201d, palabra tomada del<br \/>\nargot guayaquile\u00f1o que equivale a algo conflictuado<br \/>\no a una tomadura de pelo. Sus miembros aspiraban a<br \/>\ndevolver a los temas populares cierto valor est\u00e9tico,<br \/>\ndesacralizar la literatura con una nueva actitud frente<br \/>\nal trabajo literario, lejos de la inspiraci\u00f3n<br \/>\nrom\u00e1ntica de anta\u00f1o. Pensaban que escribir<br \/>\nes algo tan agotador como cualquier otro trabajo.<br \/>\nHay que modelar el lenguaje, que en fin de cuentas<br \/>\nes la herramienta de la que se valen los literatos<br \/>\npara elaborar sus creaciones. Por eso escribir requiere<br \/>\nuna gota de inspiraci\u00f3n y toneladas de transpiraci\u00f3n.<br \/>\nPronto Sicoseo se har\u00eda un grupo famoso pues<br \/>\nfue cuna de escritores de \u00e9xito. El grupo dur\u00f3<br \/>\npoco m\u00e1s de un a\u00f1o pero le sirvi\u00f3<br \/>\npara comprender que era necesaria una dedicaci\u00f3n<br \/>\ncompleta como escritor de ficciones.<\/span><\/p>\n<p style=\"text-align: left\"><span style=\"color: #666633\">El 79 present\u00f3 al Concurso<br \/>\norganizado por el C\u00edrculo de Lectores con sede<br \/>\nen Quito, el primero de los cap\u00edtulos de una<br \/>\nnovela en ciernes, mentalizada bajo el t\u00edtulo<br \/>\nde \"El Rinc\u00f3n de los Justos\", y obtuvo<br \/>\nuna beca de un a\u00f1o para viajar por varios pa\u00edses<br \/>\nde Europa. Estuvo en Espa\u00f1a, Italia y Portugal<br \/>\ny tras siete meses de ausencia regres\u00f3 por<br \/>\nCanad\u00e1 y M\u00e9xico, antes de tiempo, porque<br \/>\nextra\u00f1aba mucho a su familia (1)<\/span><\/p>\n<p style=\"text-align: left\"><span style=\"color: #666633\">Nuevamente en Guayaquil edit\u00f3<br \/>\nun tercer libro de relatos \"Raymundo y la creaci\u00f3n<br \/>\ndel mundo\" dividido en el libro de Raymundo y<br \/>\nen el libro del Mundo, con temas aislados originados<br \/>\nen diferentes lugares y pa\u00edses, excepto la<br \/>\npeque\u00f1a saga de Lomas de Sargentillo, escrita<br \/>\nde un solo tir\u00f3n y distribuida a trav\u00e9s<br \/>\ndel libro como cuentos individuales. La obra tiene<br \/>\nun personaje determinado y una circunstancia. Raymundo<br \/>\nes todo el mundo, por tanto no tiene unidad sino m\u00e1s<br \/>\nbien lineamientos generales.<\/span><\/p>\n<p style=\"text-align: left\"><span style=\"color: #666633\">\"El contacto directo con<br \/>\ndestacados poetas de mi generaci\u00f3n en grupos<br \/>\nliterarios de avanzada, me impuls\u00f3 a antologar<br \/>\ny prologar un libro sobre diecisiete poetas contempor\u00e1neos<br \/>\nque titul\u00f3 \"Colectivo\" y sali\u00f3<br \/>\nen 1980 en la colecci\u00f3n \"Imagen\"<br \/>\nde Luis Mar\u00edn Nieto, \"pero tuve serios<br \/>\nconflictos personales con algunos escritores que no<br \/>\nestuvieron conformes con mis apreciaciones y se sintieron<br \/>\nafectados porque la cr\u00edtica literaria en el<br \/>\nEcuador siempre se torna pol\u00e9mica y en ocasiones<br \/>\nhasta peligrosa, quiz\u00e1 por eso no he reincidido<br \/>\nen esta clase de obras.<\/span><\/p>\n<p style=\"text-align: left\"><span style=\"color: #666633\">El 81 edit\u00f3 en el N\u00facleo<br \/>\ndel Guayas un peque\u00f1o plaquet de poemas titulado<br \/>\n\u201cAlgunos tambores que suenan as\u00ed\u201d<br \/>\nen solo 46 pags. y 300 ejemplares edici\u00f3n casi<br \/>\nclandestina por su parvedad. Y como consider\u00f3<br \/>\nque era un libro demasiado personal, casi intimista,<br \/>\nse arrepinti\u00f3 de su publicaci\u00f3n y lo<br \/>\ninciner\u00f3 en la terraza del edificio, salv\u00e1ndose<br \/>\nuna media docena de ejemplares que hab\u00eda distribuido<br \/>\nentres sus m\u00e1s \u00edntimos amigos. Por eso<br \/>\nes una obra fantasma, que muy pocos conocen. <\/span><\/p>\n<p style=\"text-align: left\"><span style=\"color: #666633\"><br \/>\n(1) La Beca consist\u00eda en $300 mensuales, m\u00e1s<br \/>\npasaje adicional por cada ciudad que visitase.<\/span><\/p>\n<p style=\"text-align: left\"><span style=\"color: #666633\">El 83 gan\u00f3 el Primer<br \/>\nPremio en el X Congreso Nacional de Relato Jos\u00e9<br \/>\nde la Cuadra de la Municipalidad de Guayaquil, consistente<br \/>\nen $25.000 con su cuarto libro de cuentos \u201cM\u00fasicos<br \/>\ny Amaneceres\u201d editado el 86 en Colombia mediante<br \/>\nconvenio con la editorial El Conejo en 10.000 ejemplares<br \/>\nque se vendieron r\u00e1pidamente.<\/span><\/p>\n<p style=\"text-align: left\"><span style=\"color: #666633\">Tambi\u00e9n el 83 obtuvo<br \/>\nel Primer Premio de $15.000 en el IX Congreso Nacional<br \/>\nde obras de Teatro organizado por la Municipalidad<br \/>\nde Guayaquil con \u201cEn esta casa de enfermos\u201d<br \/>\neditado en el N\u00b0 13 de la Revista de la Universidad<br \/>\nCat\u00f3lica y estrenada en Julio del 91 en la<br \/>\nAlianza Francesa por el grupo Dram\u00e1tico \u201cLuz<br \/>\ny Sombra\u201d. La obra trata sobre un di\u00e1logo<br \/>\nimaginario entre Gallegos Lara y Pablo Palacios, el<br \/>\nuno cojo y el otro loco, producto de los conflictos<br \/>\nplanteados en la Direcci\u00f3n de la Revista \u201cSicoseo\u201d.<\/span><\/p>\n<p style=\"text-align: left\"><span style=\"color: #666633\">Tambi\u00e9n apareci\u00f3<br \/>\nese mismo a\u00f1o su novela escrita en Europa \u201cEl<br \/>\nRinc\u00f3n de los Justos\u201d, calificada no<br \/>\nsin raz\u00f3n como una desgarradora visi\u00f3n<br \/>\nsobre el mundo marginal Guayaquile\u00f1o, incursi\u00f3n<br \/>\nen el g\u00e9nero populachero del suburbio del puerto<br \/>\n\u2013barrio imaginario de Mata Vivela- donde la<br \/>\ngente vive de alienaciones cotidianas, de modestas<br \/>\nilusiones, de enfebrecidas obsesiones. Pathos heroico<br \/>\ny anti heroico. Narrada en primera persona. Una obra<br \/>\nmaestra en su g\u00e9nero y su autor pas\u00f3<br \/>\npor derecho propio a constar en la lista de los mayores<br \/>\nnarradores ecuatorianos de todos los tiempos.<\/span><\/p>\n<p style=\"text-align: left\"><span style=\"color: #666633\">La obra obtuvo el 84 el Premio<br \/>\na la Mejor Novela editada en el pa\u00eds en el<br \/>\na\u00f1o anterior, de $100.000 para su autor y desde<br \/>\nentonces ha visto tres ediciones, dos del Conejo,<br \/>\nla segunda en la colecci\u00f3n \u201cGrandes Novelas<br \/>\nEcuatorianas\u201d y la tercera en Libresa en 1991.<\/span><\/p>\n<p style=\"text-align: left\"><span style=\"color: #666633\">Jorge me ha referido que los<br \/>\nestudiantes de la Escuela de Sociolog\u00eda de<br \/>\nla Universidad de Guayaquil la tienen de texto para<br \/>\nexplicar la marginalidad de los personajes. Femando<br \/>\nIt\u00farburo Rivadeneira incluy\u00f3 su estudio,<br \/>\ncomo parte de la tesis que sustent\u00f3 en la Sorbona.<\/span><\/p>\n<p>El 85 gan\u00f3 el Primer Premio del Concurso Nacional<br \/>\nde Novela Grupo Guayaquil organizado por el N\u00facleo<br \/>\ndel Guayas con su segunda novela \"Tambores para<br \/>\nuna canci\u00f3n perdida\", escrita el 84. \"Historia<br \/>\nm\u00edtica de Margarito el Cantador, negro cimarr\u00f3n<br \/>\nque sin saber que ya hab\u00eda sido decretada la<br \/>\nmanumisi\u00f3n de los esclavos por el General Jos\u00e9<br \/>\nMaria Urbina, huy\u00f3 durante cien a\u00f1os<br \/>\ny sin envejecer, recorriendo la historia republicana.<br \/>\n\"Un hombre que descubre su ancestro, el universo<br \/>\ny sus dioses. Novela de elaboraci\u00f3n ling\u00fc\u00edstica<br \/>\ny po\u00e9tica con tono narrativo, prof\u00e9tica<br \/>\ny ritual, con la que pagu\u00e9 mi deuda con la<br \/>\nnegritud, escrita \u00edntegramente en el Taller<br \/>\nLiterario de Miguel Donoso Pareja, por lo que fue<br \/>\nuna experiencia fascinadora\".<\/p>\n<p style=\"text-align: left\"><span style=\"color: #666633\">Pocos d\u00edas despu\u00e9s<br \/>\nde su publicaci\u00f3n Diego Araujo denunci\u00f3<br \/>\nque las D\u00e9cimas aparecidas en la obra hab\u00edan<br \/>\nsido tomadas del libro de investigaci\u00f3n sociol\u00f3gica<br \/>\ny literaria de Laura Hidalgo y aunque el asunto fue<br \/>\ndebidamente aclarado, no dej\u00f3 de causarle disgustos.<br \/>\n(2)<\/span><\/p>\n<p style=\"text-align: left\"><span style=\"color: #666633\">Ese a\u00f1o tambi\u00e9n<br \/>\nalcanz\u00f3 el Primer Premio de S\/. 100.000 en<br \/>\nel Concurso del Cuento de las Mil Palabras de la Revista<br \/>\n\"Vistazo\" con \"El fantasma y el cuento<br \/>\nimposible\" que incluy\u00f3 en una Antalog\u00eda<br \/>\neditada por el N\u00facleo del Azuay y en la Colecci\u00f3n<br \/>\n\"Libros para el Pueblo\", bajo el t\u00edtulo<br \/>\nde \"Palabra de Maromero\" con varios otros<br \/>\ncuentos, incluso con uno in\u00e9dito \"Clown\"<br \/>\ny fue contratado como Coordinador de los talleres<br \/>\nLiterarios del N\u00facleo del Guayas.<\/span><\/p>\n<p style=\"text-align: left\"><span style=\"color: #666633\">(2) Jorge Velasco hab\u00eda<br \/>\npreparado una p\u00e1gina donde consignaba su Agradecimiento<br \/>\ny citaba las Fuentes, que no envi\u00f3 al Concurso<br \/>\npara no ser identificado. Cuando la novela apareci\u00f3<br \/>\nimpresa, dicha p\u00e1gina tampoco sali\u00f3<br \/>\npor falla de la Editorial, quedando en pie la discusi\u00f3n<br \/>\nte\u00f3rica que debi\u00f3 darse y no se dio,<br \/>\nde si un autor de ficci\u00f3n puede nutrirse de<br \/>\nlos trabajos de los investigadores sin que eso vaya<br \/>\nen detrimento de su capacidad creadora, o si por el<br \/>\ncontrario no lo debe hacer, lo cual ser\u00eda absurdo.<\/span><\/p>\n<p>El 88, la Universidad T\u00e9cnica de Babahoyo dio<br \/>\na la luz una selecci\u00f3n suya \"Clown y otros<br \/>\ncuentos\". El 89 entr\u00f3 a la Direcci\u00f3n<br \/>\nProvincial de Cultura del Guayas de T\u00e9cnico<br \/>\ndocente y Jefe de Promoci\u00f3n Cultural. El 90<br \/>\ningres\u00f3 a la escuela de Arte Dram\u00e1tico<br \/>\nde la FACSO como profesor por contrato, y apareci\u00f3<br \/>\nsu tercera novela \"El Ladr\u00f3n de levita\",<br \/>\nmenos ambiciosa que sus anteriores pero que sin embargo<br \/>\nrevela su alto oficio de escritor por ser \"Una<br \/>\nrecreaci\u00f3n libre de un famoso personaje, en<br \/>\ndonde todas las acciones convergen hacia un protagonista,<br \/>\nque es el que lleva el hilo conductor de la narrativa<br \/>\nen cuatro mon\u00f3logos revelados por su conciencia,<br \/>\nque cuentan su vida. Alegato humano acerca de la trasgresi\u00f3n<br \/>\nde la norma en la realidad social\".<\/p>\n<p style=\"text-align: left\"><span style=\"color: #666633\">En 1991 logr\u00f3 el Tercer<br \/>\nPremio del Concurso Nacional de Cuento del Diario<br \/>\nEl Universo con S\/. 2.000.000 por su libro \"Desde<br \/>\nuna oscura vigilia\", volumen que delata a un<br \/>\nescritor \"que utiliza permanentemente recursos<br \/>\nt\u00e9cnicos, con cuentos bien construidos, maestros<br \/>\ny aconteceres y ambientes subreales, casi existencialista\".<\/span><\/p>\n<p style=\"text-align: left\"><span style=\"color: #666633\">Su estatura mediana, trigue\u00f1o,<br \/>\npelo negro y crespo, ojos de igual color. <\/span><\/p>\n<p style=\"text-align: left\"><span style=\"color: #666633\">En 1993 comenz\u00f3 a trabajar<br \/>\nen la subdirecci\u00f3n Provincial de Cultura del<br \/>\nGuayas.<\/span><\/p>\n<p style=\"text-align: left\"><span style=\"color: #666633\">En 1996 dio a la luz \u201cEn<br \/>\nnombre de un amor imaginario\u201d que obtuvo el<br \/>\nPrimer Premio en la IV Bienal de la Novela. La obra<br \/>\ncontiene asuntos literarios englobantes y comienza<br \/>\ncon la llegada de los miembros de la Misi\u00f3n<br \/>\nGeod\u00e9sica francesa a la Audiencia de Quito<br \/>\nen el siglo XVIII y el matrimonio de God\u00edn<br \/>\ncon Isabel Grandmaisson y sus veinte a\u00f1os de<br \/>\nla espera en Riobamba.<\/span><\/p>\n<p style=\"text-align: left\"><span style=\"color: #666633\">Desde 1997 se encuentra trabajando<br \/>\nuna edici\u00f3n cr\u00edtica de las obras completas<br \/>\nde Hugo Mayo.<\/span><\/p>\n<div id=\"attachment_107\" style=\"width: 310px\" class=\"wp-caption aligncenter\"><img loading=\"lazy\" decoding=\"async\" aria-describedby=\"caption-attachment-107\" class=\"size-medium wp-image-107\" src=\"http:\/\/blog.espol.edu.ec\/guerreroskyline\/files\/2009\/11\/viejo-loco-300x225.jpg\" alt=\"Sentado en el Malecon de la Cdla Abel Gilbert una tarde cualquiera\" width=\"300\" height=\"225\" srcset=\"https:\/\/blog.espol.edu.ec\/guerreroskyline\/files\/2009\/11\/viejo-loco-300x225.jpg 300w, https:\/\/blog.espol.edu.ec\/guerreroskyline\/files\/2009\/11\/viejo-loco.jpg 1000w\" sizes=\"auto, (max-width: 300px) 100vw, 300px\" \/><p id=\"caption-attachment-107\" class=\"wp-caption-text\">Sentado en el Malecon de la Cdla Abel Gilbert una tarde cualquiera<\/p><\/div>\n","protected":false},"excerpt":{"rendered":"<p>JORGE VELASCO MACKENZIE ESCRITOR.- Naci\u00f3 en Guayaquil el 16 de Enero de 1949. Hijo leg\u00edtimo de Alfredo Velasco Hern\u00e1ndez, industrial guayaquile\u00f1o graduado en la escuela de la Filantr\u00f3pica, propietario de una f\u00e1brica de botones de tagua que quebr\u00f3 cuando aparecieron los de pl\u00e1stico. Entonces instal\u00f3 una f\u00e1brica de fideos que a\u00fan mantiene; y de A\u00edda [&hellip;]<\/p>\n","protected":false},"author":3104,"featured_media":0,"parent":0,"menu_order":0,"comment_status":"open","ping_status":"open","template":"","meta":{"footnotes":""},"class_list":["post-103","page","type-page","status-publish","hentry"],"aioseo_notices":[],"_links":{"self":[{"href":"https:\/\/blog.espol.edu.ec\/guerreroskyline\/wp-json\/wp\/v2\/pages\/103","targetHints":{"allow":["GET"]}}],"collection":[{"href":"https:\/\/blog.espol.edu.ec\/guerreroskyline\/wp-json\/wp\/v2\/pages"}],"about":[{"href":"https:\/\/blog.espol.edu.ec\/guerreroskyline\/wp-json\/wp\/v2\/types\/page"}],"author":[{"embeddable":true,"href":"https:\/\/blog.espol.edu.ec\/guerreroskyline\/wp-json\/wp\/v2\/users\/3104"}],"replies":[{"embeddable":true,"href":"https:\/\/blog.espol.edu.ec\/guerreroskyline\/wp-json\/wp\/v2\/comments?post=103"}],"version-history":[{"count":6,"href":"https:\/\/blog.espol.edu.ec\/guerreroskyline\/wp-json\/wp\/v2\/pages\/103\/revisions"}],"predecessor-version":[{"id":113,"href":"https:\/\/blog.espol.edu.ec\/guerreroskyline\/wp-json\/wp\/v2\/pages\/103\/revisions\/113"}],"wp:attachment":[{"href":"https:\/\/blog.espol.edu.ec\/guerreroskyline\/wp-json\/wp\/v2\/media?parent=103"}],"curies":[{"name":"wp","href":"https:\/\/api.w.org\/{rel}","templated":true}]}}