{"id":132,"date":"2009-11-14T10:45:44","date_gmt":"2009-11-14T15:45:44","guid":{"rendered":"http:\/\/blog.espol.edu.ec\/guerreroskyline\/?page_id=132"},"modified":"2009-11-14T10:45:44","modified_gmt":"2009-11-14T15:45:44","slug":"windows-7","status":"publish","type":"page","link":"https:\/\/blog.espol.edu.ec\/guerreroskyline\/windows-7\/","title":{"rendered":"Windows 7"},"content":{"rendered":"<h2><a href=\"http:\/\/es.wikipedia.org\/wiki\/Windows_7\"><strong>Windows 7<\/strong><\/a><\/h2>\n<p>Es la m\u00e1s reciente versi\u00f3n de <a title=\"Microsoft\" href=\"http:\/\/es.wikipedia.org\/wiki\/Microsoft\">Microsoft<\/a> <a class=\"mw-redirect\" title=\"Windows\" href=\"http:\/\/es.wikipedia.org\/wiki\/Windows\">Windows<\/a>, un <a title=\"Sistema operativo\" href=\"http:\/\/es.wikipedia.org\/wiki\/Sistema_operativo\">sistema operativo<\/a> producido por <a class=\"mw-redirect\" title=\"Microsoft Corporation\" href=\"http:\/\/es.wikipedia.org\/wiki\/Microsoft_Corporation\">Microsoft Corporation<\/a> para uso en <a title=\"Computadora personal\" href=\"http:\/\/es.wikipedia.org\/wiki\/Computadora_personal\">PC<\/a>, incluyendo <a title=\"Computadora de escritorio\" href=\"http:\/\/es.wikipedia.org\/wiki\/Computadora_de_escritorio\">equipos de escritorio<\/a> en hogares y oficinas, <a title=\"Computadora port\u00e1til\" href=\"http:\/\/es.wikipedia.org\/wiki\/Computadora_port%C3%A1til\">equipos port\u00e1tiles<\/a>, \"<a title=\"Tablet PC\" href=\"http:\/\/es.wikipedia.org\/wiki\/Tablet_PC\">tablet PC<\/a>\", \"<a title=\"Netbook\" href=\"http:\/\/es.wikipedia.org\/wiki\/Netbook\">netbooks<\/a>\" y equipos <a class=\"mw-redirect\" title=\"Centro multimedia\" href=\"http:\/\/es.wikipedia.org\/wiki\/Centro_multimedia\">media center<\/a>.<sup><a href=\"http:\/\/es.wikipedia.org\/wiki\/Windows_7#cite_note-1\"><span class=\"corchete-llamada\">[<\/span>2<span class=\"corchete-llamada\">]<\/span><\/a><\/sup> El desarrollo de Windows 7 se complet\u00f3 el 22 de julio de 2009, siendo entonces confirmada su fecha de venta oficial para el 22 de octubre de 2009.<sup><a href=\"http:\/\/es.wikipedia.org\/wiki\/Windows_7#cite_note-2\"><span class=\"corchete-llamada\">[<\/span>3<span class=\"corchete-llamada\">]<\/span><\/a><\/sup> Su equivalente para servidores, <a class=\"mw-redirect\" title=\"Windows Server 2008 R2\" href=\"http:\/\/es.wikipedia.org\/wiki\/Windows_Server_2008_R2\">Windows Server 2008 R2<\/a>, ser\u00e1 lanzado al mismo tiempo.<\/p>\n<p>A diferencia de su antecesor, Windows 7 es una actualizaci\u00f3n incremental del n\u00facleo <a title=\"Windows NT\" href=\"http:\/\/es.wikipedia.org\/wiki\/Windows_NT\">NT 6.0<\/a>, lo que tiene como fin el mantener cierto grado de compatibilidad con <a title=\"Software\" href=\"http:\/\/es.wikipedia.org\/wiki\/Software\">aplicaciones<\/a> y <a title=\"Hardware\" href=\"http:\/\/es.wikipedia.org\/wiki\/Hardware\">hardware<\/a> en los que <a title=\"Windows Vista\" href=\"http:\/\/es.wikipedia.org\/wiki\/Windows_Vista\">Windows Vista<\/a> ya era compatible.<sup><a href=\"http:\/\/es.wikipedia.org\/wiki\/Windows_7#cite_note-3\"><span class=\"corchete-llamada\">[<\/span>4<span class=\"corchete-llamada\">]<\/span><\/a><\/sup> Las metas de desarrollo para Windows 7 fueron el mejorar su interfaz para hacerla m\u00e1s amigable al usuario e incluir nuevas caracter\u00edsticas que permitieran hacer tareas de una manera m\u00e1s f\u00e1cil y r\u00e1pida, al mismo tiempo en que se realizar\u00edan esfuerzos para lograr un sistema m\u00e1s ligero, estable y r\u00e1pido.<sup><a href=\"http:\/\/es.wikipedia.org\/wiki\/Windows_7#cite_note-4\"><span class=\"corchete-llamada\">[<\/span>5<span class=\"corchete-llamada\">]<\/span><\/a><\/sup><\/p>\n<p>Diversas presentaciones dadas por la compa\u00f1\u00eda en el 2008 se enfocaron en demostrar capacidades <a title=\"Multit\u00e1ctil\" href=\"http:\/\/es.wikipedia.org\/wiki\/Multit%C3%A1ctil\">multit\u00e1ctiles<\/a>, una <a title=\"Windows Shell\" href=\"http:\/\/es.wikipedia.org\/wiki\/Windows_Shell\">interfaz<\/a> redise\u00f1ada junto con una nueva <a title=\"Barra de tareas\" href=\"http:\/\/es.wikipedia.org\/wiki\/Barra_de_tareas\">barra de tareas<\/a> y un sistema de redes dom\u00e9sticas denominado <em>Grupo en el Hogar<\/em>,<sup><a href=\"http:\/\/es.wikipedia.org\/wiki\/Windows_7#cite_note-leblanchomegroup-5\"><span class=\"corchete-llamada\">[<\/span>6<span class=\"corchete-llamada\">]<\/span><\/a><\/sup> adem\u00e1s de mejoras de rendimiento.<\/p>\n<p><img loading=\"lazy\" decoding=\"async\" class=\"aligncenter size-medium wp-image-133\" src=\"http:\/\/blog.espol.edu.ec\/guerreroskyline\/files\/2009\/11\/windows-7-300x225.jpg\" alt=\"windows-7\" width=\"300\" height=\"225\" srcset=\"https:\/\/blog.espol.edu.ec\/guerreroskyline\/files\/2009\/11\/windows-7-300x225.jpg 300w, https:\/\/blog.espol.edu.ec\/guerreroskyline\/files\/2009\/11\/windows-7.jpg 1024w\" sizes=\"auto, (max-width: 300px) 100vw, 300px\" \/><\/p>\n<p>Ademas de este buen contenido les dejo un enlace muy bueno como instalar su nuevo sistemas operativo<\/p>\n<p><a href=\"http:\/\/blogwindows7.com\/\">http:\/\/blogwindows7.com\/<\/a><\/p>\n","protected":false},"excerpt":{"rendered":"<p>Windows 7 Es la m\u00e1s reciente versi\u00f3n de Microsoft Windows, un sistema operativo producido por Microsoft Corporation para uso en PC, incluyendo equipos de escritorio en hogares y oficinas, equipos port\u00e1tiles, \"tablet PC\", \"netbooks\" y equipos media center.[2] El desarrollo de Windows 7 se complet\u00f3 el 22 de julio de 2009, siendo entonces confirmada su [&hellip;]<\/p>\n","protected":false},"author":3104,"featured_media":0,"parent":0,"menu_order":0,"comment_status":"open","ping_status":"open","template":"","meta":{"footnotes":""},"class_list":["post-132","page","type-page","status-publish","hentry"],"aioseo_notices":[],"_links":{"self":[{"href":"https:\/\/blog.espol.edu.ec\/guerreroskyline\/wp-json\/wp\/v2\/pages\/132","targetHints":{"allow":["GET"]}}],"collection":[{"href":"https:\/\/blog.espol.edu.ec\/guerreroskyline\/wp-json\/wp\/v2\/pages"}],"about":[{"href":"https:\/\/blog.espol.edu.ec\/guerreroskyline\/wp-json\/wp\/v2\/types\/page"}],"author":[{"embeddable":true,"href":"https:\/\/blog.espol.edu.ec\/guerreroskyline\/wp-json\/wp\/v2\/users\/3104"}],"replies":[{"embeddable":true,"href":"https:\/\/blog.espol.edu.ec\/guerreroskyline\/wp-json\/wp\/v2\/comments?post=132"}],"version-history":[{"count":2,"href":"https:\/\/blog.espol.edu.ec\/guerreroskyline\/wp-json\/wp\/v2\/pages\/132\/revisions"}],"predecessor-version":[{"id":136,"href":"https:\/\/blog.espol.edu.ec\/guerreroskyline\/wp-json\/wp\/v2\/pages\/132\/revisions\/136"}],"wp:attachment":[{"href":"https:\/\/blog.espol.edu.ec\/guerreroskyline\/wp-json\/wp\/v2\/media?parent=132"}],"curies":[{"name":"wp","href":"https:\/\/api.w.org\/{rel}","templated":true}]}}