{"id":142,"date":"2009-11-14T12:32:55","date_gmt":"2009-11-14T17:32:55","guid":{"rendered":"http:\/\/blog.espol.edu.ec\/guerreroskyline\/?page_id=142"},"modified":"2009-11-14T12:32:55","modified_gmt":"2009-11-14T17:32:55","slug":"call-of-duty-gran-estreno-gran-entrega","status":"publish","type":"page","link":"https:\/\/blog.espol.edu.ec\/guerreroskyline\/call-of-duty-gran-estreno-gran-entrega\/","title":{"rendered":"\"Call of Duty\" Gran estreno, Gran entrega!"},"content":{"rendered":"<h1 class=\"titu\"><span style=\"color: #000080\">\"Call of Duty\" logra registro hist\u00f3rico en su estreno Blizzard <\/span><\/h1>\n<p><span style=\"color: #000080\"><img loading=\"lazy\" decoding=\"async\" class=\"aligncenter size-medium wp-image-143\" src=\"http:\/\/blog.espol.edu.ec\/guerreroskyline\/files\/2009\/11\/callofdutyelmundo_456_336-300x221.jpg\" alt=\"callofdutyelmundo_456_336\" width=\"300\" height=\"221\" srcset=\"https:\/\/blog.espol.edu.ec\/guerreroskyline\/files\/2009\/11\/callofdutyelmundo_456_336-300x221.jpg 300w, https:\/\/blog.espol.edu.ec\/guerreroskyline\/files\/2009\/11\/callofdutyelmundo_456_336.jpg 456w\" sizes=\"auto, (max-width: 300px) 100vw, 300px\" \/><\/span><\/p>\n<p>Blizzard, compa\u00f1\u00eda subsidiaria de Activision, anunci\u00f3 la venta de <span style=\"font-weight: bold\">4,7 millones unidades<\/span> de su videojuego \"Call of Duty: Modern Warfare 2\", <span style=\"font-weight: bold\">generando ingresos por 310 millones de d\u00f3lares<\/span> el d\u00eda de su lanzamiento y marcando un nuevo r\u00e9cord en la industria.<\/p>\n<p>El juego de acci\u00f3n, el estreno m\u00e1s esperado del a\u00f1o, fue puesto a la venta el martes. Sus seguidores formaron por horas a las puertas de minoristas como GameStop a la espera de su lanzamiento.<\/p>\n<p>Los <span style=\"font-weight: bold\">analistas proyectaban ventas de 11 y 13 millones unidades de ventas hasta fines del 2009<\/span>, debido a que los jugadores de \"Call of Duty\" est\u00e1n dispuestos a pagar 60 d\u00f3lares por \u00e9l, pese a la d\u00e9bil econom\u00eda.<\/p>\n<p>Las estimaciones en torno al d\u00eda del lanzamiento se situaban entre 300 y 340 millones de d\u00f3lares.<\/p>\n<p>Las acciones de Activision subieron un 1,5 por ciento despu\u00e9s de que se revelaran las cifras de ventas del jueves.<\/p>\n<p>\"Grand Theft Auto IV\", de Take-Two Interactive Software, pose\u00eda los mayores ingresos hist\u00f3ricos previos, tras vender el a\u00f1o pasado 3,6 millones de unidades \u00f3 310 millones de d\u00f3lares en su primer d\u00eda de lanzamiento.<\/p>\n<p><a href=\"http:\/\/www.vidaextra.com\/producto\/call-of-duty-world-at-war\"><span style=\"font-weight: bold\">La \u00faltima versi\u00f3n de \"Call of Duty\" es la sexta de la saga<\/span><\/a> y apunta principalmente a hombres j\u00f3venes, que se estima que representan 50.000 millones de d\u00f3lares del sector global de videojuegos.<\/p>\n<p>El juego tiene poca competencia entre otros t\u00edtulos de renombre, ahora que los rivales de Activision han adelantado o atrasado al pr\u00f3ximo a\u00f1o la distribuci\u00f3n de sus juegos.<\/p>\n<div id=\"attachment_144\" style=\"width: 310px\" class=\"wp-caption aligncenter\"><img loading=\"lazy\" decoding=\"async\" aria-describedby=\"caption-attachment-144\" class=\"size-medium wp-image-144\" src=\"http:\/\/blog.espol.edu.ec\/guerreroskyline\/files\/2009\/11\/cod5110209ac-300x168.jpg\" alt=\"Escena del video Juego\" width=\"300\" height=\"168\" srcset=\"https:\/\/blog.espol.edu.ec\/guerreroskyline\/files\/2009\/11\/cod5110209ac-300x168.jpg 300w, https:\/\/blog.espol.edu.ec\/guerreroskyline\/files\/2009\/11\/cod5110209ac.jpg 500w\" sizes=\"auto, (max-width: 300px) 100vw, 300px\" \/><p id=\"caption-attachment-144\" class=\"wp-caption-text\">Escena del video Juego<\/p><\/div>\n<p><span style=\"color: #000080\"><br \/>\n<\/span><\/p>\n","protected":false},"excerpt":{"rendered":"<p>\"Call of Duty\" logra registro hist\u00f3rico en su estreno Blizzard Blizzard, compa\u00f1\u00eda subsidiaria de Activision, anunci\u00f3 la venta de 4,7 millones unidades de su videojuego \"Call of Duty: Modern Warfare 2\", generando ingresos por 310 millones de d\u00f3lares el d\u00eda de su lanzamiento y marcando un nuevo r\u00e9cord en la industria. El juego de acci\u00f3n, [&hellip;]<\/p>\n","protected":false},"author":3104,"featured_media":0,"parent":0,"menu_order":0,"comment_status":"open","ping_status":"open","template":"","meta":{"footnotes":""},"class_list":["post-142","page","type-page","status-publish","hentry"],"aioseo_notices":[],"_links":{"self":[{"href":"https:\/\/blog.espol.edu.ec\/guerreroskyline\/wp-json\/wp\/v2\/pages\/142","targetHints":{"allow":["GET"]}}],"collection":[{"href":"https:\/\/blog.espol.edu.ec\/guerreroskyline\/wp-json\/wp\/v2\/pages"}],"about":[{"href":"https:\/\/blog.espol.edu.ec\/guerreroskyline\/wp-json\/wp\/v2\/types\/page"}],"author":[{"embeddable":true,"href":"https:\/\/blog.espol.edu.ec\/guerreroskyline\/wp-json\/wp\/v2\/users\/3104"}],"replies":[{"embeddable":true,"href":"https:\/\/blog.espol.edu.ec\/guerreroskyline\/wp-json\/wp\/v2\/comments?post=142"}],"version-history":[{"count":2,"href":"https:\/\/blog.espol.edu.ec\/guerreroskyline\/wp-json\/wp\/v2\/pages\/142\/revisions"}],"predecessor-version":[{"id":146,"href":"https:\/\/blog.espol.edu.ec\/guerreroskyline\/wp-json\/wp\/v2\/pages\/142\/revisions\/146"}],"wp:attachment":[{"href":"https:\/\/blog.espol.edu.ec\/guerreroskyline\/wp-json\/wp\/v2\/media?parent=142"}],"curies":[{"name":"wp","href":"https:\/\/api.w.org\/{rel}","templated":true}]}}