{"id":153,"date":"2009-11-16T20:58:09","date_gmt":"2009-11-17T01:58:09","guid":{"rendered":"http:\/\/blog.espol.edu.ec\/guerreroskyline\/?page_id=153"},"modified":"2009-11-22T22:19:01","modified_gmt":"2009-11-23T03:19:01","slug":"autos-increibleschip-foose","status":"publish","type":"page","link":"https:\/\/blog.espol.edu.ec\/guerreroskyline\/autos-increibleschip-foose\/","title":{"rendered":"Autos Increibles=Chip Foose"},"content":{"rendered":"<h2><span><span style=\"color: #000080\">Chip Foose<\/span> <span class=\"mw-formatted-date\" title=\"1963-10-13\"><a title=\"13 de octubre\" href=\"http:\/\/translate.googleusercontent.com\/translate_c?hl=es&amp;sl=en&amp;u=http:\/\/en.wikipedia.org\/wiki\/October_13&amp;prev=\/search%3Fq%3Dchip%2Bfoose%26hl%3Des%26lr%3D&amp;rurl=translate.google.com.ec&amp;usg=ALkJrhgGoT0QLGhYTx_npu0xitwKWSwcKw\"><\/a><\/span>es un<a title=\"Hot Rod\" href=\"http:\/\/translate.googleusercontent.com\/translate_c?hl=es&amp;sl=en&amp;u=http:\/\/en.wikipedia.org\/wiki\/Hot_rod&amp;prev=\/search%3Fq%3Dchip%2Bfoose%26hl%3Des%26lr%3D&amp;rurl=translate.google.com.ec&amp;usg=ALkJrhhFvulrCET1ipDhuPEziBRhfHnZsw\"><\/a> dise\u00f1ador y fabricante de autom\u00f3viles, y la estrella de <\/span><\/h2>\n<h2><span>Overhaulin!!!<\/span><\/h2>\n<p><img loading=\"lazy\" decoding=\"async\" class=\"aligncenter size-full wp-image-155\" src=\"http:\/\/blog.espol.edu.ec\/guerreroskyline\/files\/2009\/11\/wowwww.jpg\" alt=\"wowwww\" width=\"640\" height=\"480\" srcset=\"https:\/\/blog.espol.edu.ec\/guerreroskyline\/files\/2009\/11\/wowwww.jpg 640w, https:\/\/blog.espol.edu.ec\/guerreroskyline\/files\/2009\/11\/wowwww-300x225.jpg 300w\" sizes=\"auto, (max-width: 640px) 100vw, 640px\" \/><\/p>\n<h2><a href=\"http:\/\/translate.google.com.ec\/translate?hl=es&amp;sl=en&amp;u=http:\/\/en.wikipedia.org\/wiki\/Chip_Foose&amp;ei=0QECS5HIIcXHlAeuqPGFCw&amp;sa=X&amp;oi=translate&amp;ct=result&amp;resnum=2&amp;ved=0CBoQ7gEwAQ&amp;prev=\/search%3Fq%3Dchip%2Bfoose%26hl%3Des%26lr%3D\"><span><span class=\"mw-headline\">Antecedentes<\/span><\/span><\/a><\/h2>\n<p><span>Foose comenz\u00f3 a trabajar en los autom\u00f3viles a los siete a\u00f1os para la compa\u00f1\u00eda de su padre, de Dise\u00f1o de Proyectos, en Santa Barbara, California. <a href=\"http:\/\/translate.googleusercontent.com\/translate_c?hl=es&amp;sl=en&amp;u=http:\/\/en.wikipedia.org\/wiki\/Chip_Foose&amp;prev=\/search%3Fq%3Dchip%2Bfoose%26hl%3Des%26lr%3D&amp;rurl=translate.google.com.ec&amp;usg=ALkJrhgbzg9pBAHcvqDGmjh9qLSf54W_oQ#cite_note-autofieldguide-0\"><sup>[1]<\/sup><\/a> Alentados por <a class=\"mw-redirect\" title=\"Ford\" href=\"http:\/\/translate.googleusercontent.com\/translate_c?hl=es&amp;sl=en&amp;u=http:\/\/en.wikipedia.org\/wiki\/Ford&amp;prev=\/search%3Fq%3Dchip%2Bfoose%26hl%3Des%26lr%3D&amp;rurl=translate.google.com.ec&amp;usg=ALkJrhgh2E_I7NEUsQOA-hObEj6mEzj5nw\">Ford<\/a> y <a title=\"Preston Tucker\" href=\"http:\/\/translate.googleusercontent.com\/translate_c?hl=es&amp;sl=en&amp;u=http:\/\/en.wikipedia.org\/wiki\/Preston_Tucker&amp;prev=\/search%3Fq%3Dchip%2Bfoose%26hl%3Des%26lr%3D&amp;rurl=translate.google.com.ec&amp;usg=ALkJrhhSmoEyUEuvHSurQPbkNYfOo7stlg\">Preston Tucker<\/a> dise\u00f1ador <a title=\"Alex Tremulis\" href=\"http:\/\/translate.googleusercontent.com\/translate_c?hl=es&amp;sl=en&amp;u=http:\/\/en.wikipedia.org\/wiki\/Alex_Tremulis&amp;prev=\/search%3Fq%3Dchip%2Bfoose%26hl%3Des%26lr%3D&amp;rurl=translate.google.com.ec&amp;usg=ALkJrhi79-LOzfQMS4OFnC4qtRsfFtT3NQ\">Alex Tremulis,<\/a> Foose comenz\u00f3 a asistir a la <a title=\"Art Center College of Design\" href=\"http:\/\/translate.googleusercontent.com\/translate_c?hl=es&amp;sl=en&amp;u=http:\/\/en.wikipedia.org\/wiki\/Art_Center_College_of_Design&amp;prev=\/search%3Fq%3Dchip%2Bfoose%26hl%3Des%26lr%3D&amp;rurl=translate.google.com.ec&amp;usg=ALkJrhg5svy0UKSPqon4Cbff2MFLcMOkQg\">Art Center College of Design<\/a> en 1982, pero cay\u00f3 despu\u00e9s de dos a\u00f1os, debido a dificultades financieras.\u00a0 Despu\u00e9s de trabajar durante cuatro a\u00f1os en <a class=\"new\" title=\"ASHA, Inc. (p\u00e1gina no existe)\" href=\"http:\/\/translate.googleusercontent.com\/translate_c?hl=es&amp;sl=en&amp;u=http:\/\/en.wikipedia.org\/w\/index.php%3Ftitle%3DASHA_Corp.%26action%3Dedit%26redlink%3D1&amp;prev=\/search%3Fq%3Dchip%2Bfoose%26hl%3Des%26lr%3D&amp;rurl=translate.google.com.ec&amp;usg=ALkJrhhDDnnDxKuBl_GNVzbD2V06QPhY3A\">ASHA, Inc.,<\/a> Foose regres\u00f3 al Centro de Arte para completar su educaci\u00f3n.<\/span> <span> Despu\u00e9s de graduarse en 1990, Foose trabajado a tiempo completo para el dise\u00f1o y Sterenberger a tiempo parcial por <a title=\"Boyd Coddington\" href=\"http:\/\/translate.googleusercontent.com\/translate_c?hl=es&amp;sl=en&amp;u=http:\/\/en.wikipedia.org\/wiki\/Boyd_Coddington&amp;prev=\/search%3Fq%3Dchip%2Bfoose%26hl%3Des%26lr%3D&amp;rurl=translate.google.com.ec&amp;usg=ALkJrhgd2bjglRPezngVpPAxXpqvDzF_tA\">Boyd Coddington.<\/a> En 1993, renunci\u00f3 a Foose Sterenberger a trabajar por <a title=\"J Mays\" href=\"http:\/\/translate.googleusercontent.com\/translate_c?hl=es&amp;sl=en&amp;u=http:\/\/en.wikipedia.org\/wiki\/J_Mays&amp;prev=\/search%3Fq%3Dchip%2Bfoose%26hl%3Des%26lr%3D&amp;rurl=translate.google.com.ec&amp;usg=ALkJrhgh3wtWiJBWbMQBwBPA4bOFQLIr7A\">J Mays<\/a> en Ford, sin embargo Coddington fue capaz de convencer Foose a trabajar para \u00e9l en su lugar.\u00a0 Trabajo para Coddington a tiempo completo, Foose finalmente se convirti\u00f3 en el presidente de la compa\u00f1\u00eda Coddington's Hot Rods de Boyd.<\/span> <span><span class=\"google-src-text\" style=\"text-align: left\"><\/span> Mientras trabajaba para Coddington, Foose dise\u00f1ado muchas de las creaciones de conocidos Coddington, tales como la Boydster I y II. <\/span><\/p>\n<p><span><span class=\"google-src-text\" style=\"text-align: left\">.\"<\/span> En 1998, con Hot Rods de Boyd frente a <a title=\"Quiebra\" href=\"http:\/\/translate.googleusercontent.com\/translate_c?hl=es&amp;sl=en&amp;u=http:\/\/en.wikipedia.org\/wiki\/Bankruptcy&amp;prev=\/search%3Fq%3Dchip%2Bfoose%26hl%3Des%26lr%3D&amp;rurl=translate.google.com.ec&amp;usg=ALkJrhilOUdPdZyypgrXUKR7PzqnMSbEZQ\">la quiebra,<\/a> Foose dej\u00f3 su puesto y con su esposa Lynne cre\u00f3 su propia empresa de dise\u00f1o de automoci\u00f3n y producto llamado Foose Design en <a title=\"Huntington Beach, California,\" href=\"http:\/\/translate.googleusercontent.com\/translate_c?hl=es&amp;sl=en&amp;u=http:\/\/en.wikipedia.org\/wiki\/Huntington_Beach,_California&amp;prev=\/search%3Fq%3Dchip%2Bfoose%26hl%3Des%26lr%3D&amp;rurl=translate.google.com.ec&amp;usg=ALkJrhi71eNxeUL0XD2JmTpwb2C-hkEh5g\">Huntington Beach, California.<\/a> <sup><a href=\"http:\/\/translate.googleusercontent.com\/translate_c?hl=es&amp;sl=en&amp;u=http:\/\/en.wikipedia.org\/wiki\/Chip_Foose&amp;prev=\/search%3Fq%3Dchip%2Bfoose%26hl%3Des%26lr%3D&amp;rurl=translate.google.com.ec&amp;usg=ALkJrhgbzg9pBAHcvqDGmjh9qLSf54W_oQ#cite_note-autofieldguide-0\">[1]<\/a><\/sup> la salida Foose en Borges no era uno m\u00e1s amistoso en una entrevista en 2006, Foose declar\u00f3: \"Borges ha optado por no tener relaciones conmigo, desde que dej\u00e9 de trabajar en su tienda.<\/span><span>Una de las principales razones de la amarga relaci\u00f3n entre Borges y Chip se afirma que es que Chip conservado muchos de los constructores de talento de Boyd Coddington, donde la salida de Mike y Charley fue transmitida por el \"American Hot Rod\". <sup><a href=\"http:\/\/translate.googleusercontent.com\/translate_c?hl=es&amp;sl=en&amp;u=http:\/\/en.wikipedia.org\/wiki\/Chip_Foose&amp;prev=\/search%3Fq%3Dchip%2Bfoose%26hl%3Des%26lr%3D&amp;rurl=translate.google.com.ec&amp;usg=ALkJrhgbzg9pBAHcvqDGmjh9qLSf54W_oQ#cite_note-sporttruck-2\">[3]<\/a><\/sup><\/span><\/p>\n<p><span><span class=\"google-src-text\" style=\"text-align: left\"><\/span> Foose ganado m\u00e1s exposici\u00f3n en el a\u00f1o 2003 como resultado de un documental de TLC en su dise\u00f1o y creaci\u00f3n de una versi\u00f3n modificada de 2002 <a title=\"Ford Thunderbird\" href=\"http:\/\/translate.googleusercontent.com\/translate_c?hl=es&amp;sl=en&amp;u=http:\/\/en.wikipedia.org\/wiki\/Ford_Thunderbird&amp;prev=\/search%3Fq%3Dchip%2Bfoose%26hl%3Des%26lr%3D&amp;rurl=translate.google.com.ec&amp;usg=ALkJrhjgGSjBAuJcKVs54AXbjFr4xyYzTQ\">Ford Thunderbird<\/a> llamado Speedbird. En 2004, el programa de TLC <a title=\"Overhaulin '\" href=\"http:\/\/translate.googleusercontent.com\/translate_c?hl=es&amp;sl=en&amp;u=http:\/\/en.wikipedia.org\/wiki\/Overhaulin%27&amp;prev=\/search%3Fq%3Dchip%2Bfoose%26hl%3Des%26lr%3D&amp;rurl=translate.google.com.ec&amp;usg=ALkJrhg8vzQoTtnK9W63TRPMu-p1DtYLyg\">Overhaulin 'comenz\u00f3<\/a> a aire con Foose como la estrella de espect\u00e1culo.<\/span> <span><span class=\"google-src-text\" style=\"text-align: left\">.<\/span> En el 2005 Specialty Equipment Market Association <a title=\"SEMA\" href=\"http:\/\/translate.googleusercontent.com\/translate_c?hl=es&amp;sl=en&amp;u=http:\/\/en.wikipedia.org\/wiki\/SEMA&amp;prev=\/search%3Fq%3Dchip%2Bfoose%26hl%3Des%26lr%3D&amp;rurl=translate.google.com.ec&amp;usg=ALkJrhjF4pf_zlvh4hhW0AsLtJBaI-E4gw\">(SEMA)<\/a> Show, una \u00fanica 1969 Dise\u00f1ado Foose Camaro Convertible se muestra, que se produjo en un coche de 500 a cargo de Unique Performance de Dallas, Texas <\/span><span><span class=\"google-src-text\" style=\"text-align: left\">.<\/span> Notas de prensa despu\u00e9s de este per\u00edodo anunciado UP tambi\u00e9n ser\u00eda el manejo de la comercializaci\u00f3n de las l\u00edneas de la costumbre de otros Foose de coches, incluyendo Hemisfear, junto con el 2006 Foose Mustang Stallion.<\/span> <span><span class=\"google-src-text\" style=\"text-align: left\">In November 2007, Foose officially severed ties to Unique Performance <a href=\"http:\/\/translate.googleusercontent.com\/translate_c?hl=es&amp;sl=en&amp;u=http:\/\/en.wikipedia.org\/wiki\/Chip_Foose&amp;prev=\/search%3Fq%3Dchip%2Bfoose%26hl%3Des%26lr%3D&amp;rurl=translate.google.com.ec&amp;usg=ALkJrhgbzg9pBAHcvqDGmjh9qLSf54W_oQ#cite_note-4\"><sup>[ 5 ]<\/sup><\/a> following police action against UP for alleged illegal activities.<\/span> En noviembre de 2007, Foose oficialmente roto sus relaciones con Unique Performance <a href=\"http:\/\/translate.googleusercontent.com\/translate_c?hl=es&amp;sl=en&amp;u=http:\/\/en.wikipedia.org\/wiki\/Chip_Foose&amp;prev=\/search%3Fq%3Dchip%2Bfoose%26hl%3Des%26lr%3D&amp;rurl=translate.google.com.ec&amp;usg=ALkJrhgbzg9pBAHcvqDGmjh9qLSf54W_oQ#cite_note-4\"><sup>[5]<\/sup><\/a> despu\u00e9s de la acci\u00f3n policial contra la UP por presuntas actividades ilegales.<\/span> <span><span class=\"google-src-text\" style=\"text-align: left\">In 2006, Foose launched a line of <a title=\"Die-cast juguete\" href=\"http:\/\/translate.googleusercontent.com\/translate_c?hl=es&amp;sl=en&amp;u=http:\/\/en.wikipedia.org\/wiki\/Die-cast_toy&amp;prev=\/search%3Fq%3Dchip%2Bfoose%26hl%3Des%26lr%3D&amp;rurl=translate.google.com.ec&amp;usg=ALkJrhgeX0O2Ez1z6bFhDomO1CREXt8pwQ\">die cast<\/a> replicas of many of his famous designs partnering with the makers of <a title=\"Johnny Lightning\" href=\"http:\/\/translate.googleusercontent.com\/translate_c?hl=es&amp;sl=en&amp;u=http:\/\/en.wikipedia.org\/wiki\/Johnny_Lightning&amp;prev=\/search%3Fq%3Dchip%2Bfoose%26hl%3Des%26lr%3D&amp;rurl=translate.google.com.ec&amp;usg=ALkJrhiqXyElQ2CuCOUztmsu5FW3aCLAXA\">Johnny Lightning<\/a> in the creation of JL Full Throttle.<\/span> En 2006, Foose lanz\u00f3 una l\u00ednea de <a title=\"Die-cast juguete\" href=\"http:\/\/translate.googleusercontent.com\/translate_c?hl=es&amp;sl=en&amp;u=http:\/\/en.wikipedia.org\/wiki\/Die-cast_toy&amp;prev=\/search%3Fq%3Dchip%2Bfoose%26hl%3Des%26lr%3D&amp;rurl=translate.google.com.ec&amp;usg=ALkJrhgeX0O2Ez1z6bFhDomO1CREXt8pwQ\">morir<\/a> r\u00e9plicas de <a title=\"Die-cast juguete\" href=\"http:\/\/translate.googleusercontent.com\/translate_c?hl=es&amp;sl=en&amp;u=http:\/\/en.wikipedia.org\/wiki\/Die-cast_toy&amp;prev=\/search%3Fq%3Dchip%2Bfoose%26hl%3Des%26lr%3D&amp;rurl=translate.google.com.ec&amp;usg=ALkJrhgeX0O2Ez1z6bFhDomO1CREXt8pwQ\">yeso<\/a> de muchos de sus famosos dise\u00f1os de la asociaci\u00f3n con los fabricantes de <a title=\"Johnny Lightning\" href=\"http:\/\/translate.googleusercontent.com\/translate_c?hl=es&amp;sl=en&amp;u=http:\/\/en.wikipedia.org\/wiki\/Johnny_Lightning&amp;prev=\/search%3Fq%3Dchip%2Bfoose%26hl%3Des%26lr%3D&amp;rurl=translate.google.com.ec&amp;usg=ALkJrhiqXyElQ2CuCOUztmsu5FW3aCLAXA\">Johnny Lightning<\/a> en la creaci\u00f3n de JL Full Throttle.<\/span> <span><span class=\"google-src-text\" style=\"text-align: left\">JL Full Throttle produced many of Foose's famous, award winning designs like Grand Master and Impression.<\/span> JL Full Throttle producido muchos de los dise\u00f1os famosos, Foose galardonado como Gran Maestro y de impresi\u00f3n.<\/span><span><span class=\"google-src-text\" style=\"text-align: left\">.<\/span> La impresi\u00f3n posteriormente gan\u00f3 el prestigioso premio Acertijo.<\/span><span><span class=\"google-src-text\" style=\"text-align: left\">.<\/span> Tambi\u00e9n se replican una serie de coches de <a title=\"Overhaulin '\" href=\"http:\/\/translate.googleusercontent.com\/translate_c?hl=es&amp;sl=en&amp;u=http:\/\/en.wikipedia.org\/wiki\/Overhaulin%27&amp;prev=\/search%3Fq%3Dchip%2Bfoose%26hl%3Des%26lr%3D&amp;rurl=translate.google.com.ec&amp;usg=ALkJrhg8vzQoTtnK9W63TRPMu-p1DtYLyg\">Overhaulin '.<\/a><\/span> <span><span class=\"google-src-text\" style=\"text-align: left\"><\/span> Anunci\u00f3 en la <a title=\"SEMA\" href=\"http:\/\/translate.googleusercontent.com\/translate_c?hl=es&amp;sl=en&amp;u=http:\/\/en.wikipedia.org\/wiki\/SEMA&amp;prev=\/search%3Fq%3Dchip%2Bfoose%26hl%3Des%26lr%3D&amp;rurl=translate.google.com.ec&amp;usg=ALkJrhjF4pf_zlvh4hhW0AsLtJBaI-E4gw\">(SEMA)<\/a> Show en 2006 fue un pacto entre Foose y <a class=\"mw-redirect\" title=\"Ford\" href=\"http:\/\/translate.googleusercontent.com\/translate_c?hl=es&amp;sl=en&amp;u=http:\/\/en.wikipedia.org\/wiki\/Ford&amp;prev=\/search%3Fq%3Dchip%2Bfoose%26hl%3Des%26lr%3D&amp;rurl=translate.google.com.ec&amp;usg=ALkJrhgh2E_I7NEUsQOA-hObEj6mEzj5nw\">Ford<\/a> Foose dise\u00f1ado para producir veh\u00edculos de Ford, la primera de las cuales se present\u00f3 en el 2007 New York Auto Show.<\/span><\/p>\n<p><span><span class=\"google-src-text\" style=\"text-align: left\"><\/span>Foose se mantuvo como consultor de dise\u00f1o para los arquitectos con elementos de estilo \u00fanico para el exterior y el interior de la expansi\u00f3n de US $ 275 millones de <a title=\"MotorCity Casino\" href=\"http:\/\/translate.googleusercontent.com\/translate_c?hl=es&amp;sl=en&amp;u=http:\/\/en.wikipedia.org\/wiki\/MotorCity_Casino&amp;prev=\/search%3Fq%3Dchip%2Bfoose%26hl%3Des%26lr%3D&amp;rurl=translate.google.com.ec&amp;usg=ALkJrhgJEvcd9bbKBQGYWH1izYA7dQhHZg\">MotorCity<\/a> <a class=\"mw-redirect\" title=\"Detroit, Michigan,\" href=\"http:\/\/translate.googleusercontent.com\/translate_c?hl=es&amp;sl=en&amp;u=http:\/\/en.wikipedia.org\/wiki\/Detroit,_Michigan&amp;prev=\/search%3Fq%3Dchip%2Bfoose%26hl%3Des%26lr%3D&amp;rurl=translate.google.com.ec&amp;usg=ALkJrhgXmK_7AjaThcXg1O3r5GztSJr5pQ\">de Detroit<\/a> <a title=\"MotorCity Casino\" href=\"http:\/\/translate.googleusercontent.com\/translate_c?hl=es&amp;sl=en&amp;u=http:\/\/en.wikipedia.org\/wiki\/MotorCity_Casino&amp;prev=\/search%3Fq%3Dchip%2Bfoose%26hl%3Des%26lr%3D&amp;rurl=translate.google.com.ec&amp;usg=ALkJrhgJEvcd9bbKBQGYWH1izYA7dQhHZg\">Casino,<\/a> prev\u00e9 que terminar\u00e1 a finales de 2007. <\/span><\/p>\n<p><span><span class=\"google-src-text\" style=\"text-align: left\"><\/span> A partir de 2007, sigue funcionando Foose Foose Design, la estrella de <a title=\"Overhaulin '\" href=\"http:\/\/translate.googleusercontent.com\/translate_c?hl=es&amp;sl=en&amp;u=http:\/\/en.wikipedia.org\/wiki\/Overhaulin%27&amp;prev=\/search%3Fq%3Dchip%2Bfoose%26hl%3Des%26lr%3D&amp;rurl=translate.google.com.ec&amp;usg=ALkJrhg8vzQoTtnK9W63TRPMu-p1DtYLyg\">Overhaulin ',<\/a> y proporcionar consultas de dise\u00f1o a los tres grandes fabricantes de autom\u00f3viles.<\/span><\/p>\n<p><span><span class=\"google-src-text\" style=\"text-align: left\"><\/span> Foose tambi\u00e9n encuentra tiempo para servir como el Vicepresidente de la Fundaci\u00f3n para la Investigaci\u00f3n <a title=\"Progeria\" href=\"http:\/\/translate.googleusercontent.com\/translate_c?hl=es&amp;sl=en&amp;u=http:\/\/en.wikipedia.org\/wiki\/Progeria&amp;prev=\/search%3Fq%3Dchip%2Bfoose%26hl%3Des%26lr%3D&amp;rurl=translate.google.com.ec&amp;usg=ALkJrhhSoQWwEzqi-BSmhnMuAdqrH5LJzQ\">de Progeria,<\/a> California cap\u00edtulo.<\/span><span> La hermana menor (Foose muri\u00f3 de Hutchinson-Gilford Progeria Syndrome). Foose tambi\u00e9n ha tenido lugar en numerosos ni\u00f1os de la beneficencia, tales como Childhelp y Victory Junction Gang Camp. Tambi\u00e9n fue nombrado Gran Mariscal de mostrar Shine SEMA Show N 'aparcamiento p\u00fablico de de los ni\u00f1os de la caridad.Foose tambi\u00e9n ayud\u00f3 a iniciar los coches personalizables <a title=\"Ridemakerz\" href=\"http:\/\/translate.googleusercontent.com\/translate_c?hl=es&amp;sl=en&amp;u=http:\/\/en.wikipedia.org\/wiki\/Ridemakerz&amp;prev=\/search%3Fq%3Dchip%2Bfoose%26hl%3Des%26lr%3D&amp;rurl=translate.google.com.ec&amp;usg=ALkJrhheZzQZyoL9WH_hSU6ndO1KLJ17ZA\">Ridemakerz<\/a> juguete de negocios en 2007.<\/span><\/p>\n<p><span>Foose y su esposa viven en el sur de <a title=\"California\" href=\"http:\/\/translate.googleusercontent.com\/translate_c?hl=es&amp;sl=en&amp;u=http:\/\/en.wikipedia.org\/wiki\/California&amp;prev=\/search%3Fq%3Dchip%2Bfoose%26hl%3Des%26lr%3D&amp;rurl=translate.google.com.ec&amp;usg=ALkJrhjdv9S4Ljx6hKbdNB3eJaAC4pvFPw\">California<\/a> con sus dos hijos y Katie Brock.<\/span><\/p>\n<p><span> Tambi\u00e9n conocido como el Foose Coupe, el Hemisfear fue dise\u00f1ado por Foose en 1990 durante su estancia en el Centro de Arte y el p\u00fablico dio a conocer en la feria SEMA en noviembre de 2006.Un modelo anterior dibujo del Hemisferio sirvi\u00f3 de inspiraci\u00f3n para el <a title=\"Plymouth Prowler\" href=\"http:\/\/translate.googleusercontent.com\/translate_c?hl=es&amp;sl=en&amp;u=http:\/\/en.wikipedia.org\/wiki\/Plymouth_Prowler&amp;prev=\/search%3Fq%3Dchip%2Bfoose%26hl%3Des%26lr%3D&amp;rurl=translate.google.com.ec&amp;usg=ALkJrhjxSmrFMsXdjCIXYGIEXpuRYZiIgg\">Plymouth Prowler.<\/a> <sup><a href=\"http:\/\/translate.googleusercontent.com\/translate_c?hl=es&amp;sl=en&amp;u=http:\/\/en.wikipedia.org\/wiki\/Chip_Foose&amp;prev=\/search%3Fq%3Dchip%2Bfoose%26hl%3Des%26lr%3D&amp;rurl=translate.google.com.ec&amp;usg=ALkJrhgbzg9pBAHcvqDGmjh9qLSf54W_oQ#cite_note-usatoday-5\">[6]<\/a><\/sup> El Hemisfear 2007 fue encargado por una nueva <a title=\"Die-cast juguete\" href=\"http:\/\/translate.googleusercontent.com\/translate_c?hl=es&amp;sl=en&amp;u=http:\/\/en.wikipedia.org\/wiki\/Die-cast_toy&amp;prev=\/search%3Fq%3Dchip%2Bfoose%26hl%3Des%26lr%3D&amp;rurl=translate.google.com.ec&amp;usg=ALkJrhgeX0O2Ez1z6bFhDomO1CREXt8pwQ\">de fundici\u00f3n a<\/a> Car Model empresa JL Full Throttle, que se hab\u00eda asociado con Foose para construir tanto la Hemisfear real y modelos a escala del coche.<\/span><\/p>\n<p><span><span class=\"google-src-text\" style=\"text-align: left\"><\/span>Un Foose Coupe se vendi\u00f3 junto con una consulta de dise\u00f1o con Foose en el <a title=\"Barrett-Jackson\" href=\"http:\/\/translate.googleusercontent.com\/translate_c?hl=es&amp;sl=en&amp;u=http:\/\/en.wikipedia.org\/wiki\/Barrett-Jackson&amp;prev=\/search%3Fq%3Dchip%2Bfoose%26hl%3Des%26lr%3D&amp;rurl=translate.google.com.ec&amp;usg=ALkJrhjH-krYYq8CAA9YRLOLpNQzUcwabA\">Barrett-subasta Jackson<\/a> en Palm Beach, Florida, a finales de marzo de 2007.<\/span> <span><span class=\"google-src-text\" style=\"text-align: left\"><\/span> La 1 \u00aa Foose Coupe Supercar fue subastada por 330.000 d\u00f3lares; vendido a <a title=\"Atlanta\" href=\"http:\/\/translate.googleusercontent.com\/translate_c?hl=es&amp;sl=en&amp;u=http:\/\/en.wikipedia.org\/wiki\/Atlanta&amp;prev=\/search%3Fq%3Dchip%2Bfoose%26hl%3Des%26lr%3D&amp;rurl=translate.google.com.ec&amp;usg=ALkJrhjgRS04Xd-jfzFOOWG0HQx1hw1Lqg\">Atlanta<\/a> concesionario de coches de \u00e9poca y \u00e1vido coleccionista de coches <a class=\"new\" title=\"Roger Burgess (p\u00e1gina no existe)\" href=\"http:\/\/translate.googleusercontent.com\/translate_c?hl=es&amp;sl=en&amp;u=http:\/\/en.wikipedia.org\/w\/index.php%3Ftitle%3DRoger_Burgess%26action%3Dedit%26redlink%3D1&amp;prev=\/search%3Fq%3Dchip%2Bfoose%26hl%3Des%26lr%3D&amp;rurl=translate.google.com.ec&amp;usg=ALkJrhhuRrne7qCdPru7Aurrl85GCcCNzg\">Roger Burgess.<\/a><\/span><\/p>\n<h2><span><span class=\"google-src-text\" style=\"text-align: left\"> <span class=\"mw-headline\"><\/span><\/span><span class=\"mw-headline\">Honores y premios<\/span><\/span><\/h2>\n<p><span><span class=\"google-src-text\" style=\"text-align: left\"><\/span> Foose ha ganado un amplio reconocimiento por la excelencia y originalidad de sus dise\u00f1os de autom\u00f3viles y creaciones. <sup><a href=\"http:\/\/translate.googleusercontent.com\/translate_c?hl=es&amp;sl=en&amp;u=http:\/\/en.wikipedia.org\/wiki\/Chip_Foose&amp;prev=\/search%3Fq%3Dchip%2Bfoose%26hl%3Des%26lr%3D&amp;rurl=translate.google.com.ec&amp;usg=ALkJrhgbzg9pBAHcvqDGmjh9qLSf54W_oQ#cite_note-chipfoose-1\">[2]<\/a><\/sup> En noviembre de 1997, Foose se convirti\u00f3 en la persona m\u00e1s joven en ser incluido en el Sal\u00f3n de la Fama de Hot Rod.<\/span> <span><span class=\"google-src-text\" style=\"text-align: left\">Additionally, <\/span> Adem\u00e1s, Foose fue incluido en el Starbird Darryl Rod &amp; Custom Car Museum Sal\u00f3n de la Fama en 2002, el Grand National Roadster Show Sal\u00f3n de la Fama en 2003, y la barra de San Francisco y Custom Motorcycle Hall of Fame en 2005.<\/span><span> Foose tambi\u00e9n ha ganado los siguientes premios por su trabajo:<\/span><\/p>\n<ul>\n<li> <span><span class=\"google-src-text\" style=\"text-align: left\">America's Most Beautiful Roadster Award in 1995, 1996, 1999, 2000, 2001, 2003, and 2006.<\/span> America's Most Beautiful Roadster Award en 1995, 1996, 1999, 2000, 2001, 2003 y 2006.<\/span> <span><span class=\"google-src-text\" style=\"text-align: left\">Some of these cars were designed by Foose and completed by other builders including such as <a title=\"Boyd Coddington\" href=\"http:\/\/translate.googleusercontent.com\/translate_c?hl=es&amp;sl=en&amp;u=http:\/\/en.wikipedia.org\/wiki\/Boyd_Coddington&amp;prev=\/search%3Fq%3Dchip%2Bfoose%26hl%3Des%26lr%3D&amp;rurl=translate.google.com.ec&amp;usg=ALkJrhgd2bjglRPezngVpPAxXpqvDzF_tA\">Boyd Coddington<\/a> , Barry White, and Bobby Alloway.<\/span> Algunos de estos coches fueron dise\u00f1ados por Foose y completado por otros constructores incluidos como <a title=\"Boyd Coddington\" href=\"http:\/\/translate.googleusercontent.com\/translate_c?hl=es&amp;sl=en&amp;u=http:\/\/en.wikipedia.org\/wiki\/Boyd_Coddington&amp;prev=\/search%3Fq%3Dchip%2Bfoose%26hl%3Des%26lr%3D&amp;rurl=translate.google.com.ec&amp;usg=ALkJrhgd2bjglRPezngVpPAxXpqvDzF_tA\">Boyd Coddington,<\/a> Barry White, y Bobby Alloway.<\/span><\/li>\n<li> <span><span class=\"google-src-text\" style=\"text-align: left\">Detroit Autorama Ridler Award in 2002, 2003 and 2005.<\/span> Detroit Autorama Ridler Premio en 2002, 2003 y 2005.<\/span><\/li>\n<li> <span><span class=\"google-src-text\" style=\"text-align: left\">The Good Guys Street Rod of the Year Award in the years 1990, 1991, 1995, 1997, 1999, and 2001.<\/span> The Good Guys Street Rod del A\u00f1o en los a\u00f1os 1990, 1991, 1995, 1997, 1999 y 2001.<\/span><\/li>\n<li> <span><span class=\"google-src-text\" style=\"text-align: left\">Diecast Hall of Fame Inductee 2009.<\/span> Diecast Sal\u00f3n de la Fama de 2009.<\/span><\/li>\n<\/ul>\n","protected":false},"excerpt":{"rendered":"<p>Chip Foose es un dise\u00f1ador y fabricante de autom\u00f3viles, y la estrella de Overhaulin!!! Antecedentes Foose comenz\u00f3 a trabajar en los autom\u00f3viles a los siete a\u00f1os para la compa\u00f1\u00eda de su padre, de Dise\u00f1o de Proyectos, en Santa Barbara, California. [1] Alentados por Ford y Preston Tucker dise\u00f1ador Alex Tremulis, Foose comenz\u00f3 a asistir a [&hellip;]<\/p>\n","protected":false},"author":3104,"featured_media":0,"parent":0,"menu_order":0,"comment_status":"open","ping_status":"open","template":"","meta":{"footnotes":""},"class_list":["post-153","page","type-page","status-publish","hentry"],"aioseo_notices":[],"_links":{"self":[{"href":"https:\/\/blog.espol.edu.ec\/guerreroskyline\/wp-json\/wp\/v2\/pages\/153","targetHints":{"allow":["GET"]}}],"collection":[{"href":"https:\/\/blog.espol.edu.ec\/guerreroskyline\/wp-json\/wp\/v2\/pages"}],"about":[{"href":"https:\/\/blog.espol.edu.ec\/guerreroskyline\/wp-json\/wp\/v2\/types\/page"}],"author":[{"embeddable":true,"href":"https:\/\/blog.espol.edu.ec\/guerreroskyline\/wp-json\/wp\/v2\/users\/3104"}],"replies":[{"embeddable":true,"href":"https:\/\/blog.espol.edu.ec\/guerreroskyline\/wp-json\/wp\/v2\/comments?post=153"}],"version-history":[{"count":7,"href":"https:\/\/blog.espol.edu.ec\/guerreroskyline\/wp-json\/wp\/v2\/pages\/153\/revisions"}],"predecessor-version":[{"id":158,"href":"https:\/\/blog.espol.edu.ec\/guerreroskyline\/wp-json\/wp\/v2\/pages\/153\/revisions\/158"}],"wp:attachment":[{"href":"https:\/\/blog.espol.edu.ec\/guerreroskyline\/wp-json\/wp\/v2\/media?parent=153"}],"curies":[{"name":"wp","href":"https:\/\/api.w.org\/{rel}","templated":true}]}}