{"id":181,"date":"2009-11-22T21:55:36","date_gmt":"2009-11-23T02:55:36","guid":{"rendered":"http:\/\/blog.espol.edu.ec\/guerreroskyline\/?page_id=181"},"modified":"2009-11-22T21:55:36","modified_gmt":"2009-11-23T02:55:36","slug":"caminatas-de-hasta-tres-horas-en-busca-de-agua-en-zonas-manabitas","status":"publish","type":"page","link":"https:\/\/blog.espol.edu.ec\/guerreroskyline\/caminatas-de-hasta-tres-horas-en-busca-de-agua-en-zonas-manabitas\/","title":{"rendered":"Caminatas de hasta tres horas en busca de agua en zonas manabitas"},"content":{"rendered":"<p style=\"text-align: center\">\n<div id=\"attachment_182\" style=\"width: 310px\" class=\"wp-caption aligncenter\"><img loading=\"lazy\" decoding=\"async\" aria-describedby=\"caption-attachment-182\" class=\"size-medium wp-image-182\" src=\"http:\/\/blog.espol.edu.ec\/guerreroskyline\/files\/2009\/11\/manabi-300x221.jpg\" alt=\"TOSAGUA, Manab\u00ed. Campesinos de diversas comunidades rurales llegan hasta el sitio la Y de la v\u00eda Tosagua-Bah\u00eda desde las 06:00 para aprovisionarse de agua.\" width=\"300\" height=\"221\" srcset=\"https:\/\/blog.espol.edu.ec\/guerreroskyline\/files\/2009\/11\/manabi-300x221.jpg 300w, https:\/\/blog.espol.edu.ec\/guerreroskyline\/files\/2009\/11\/manabi.jpg 456w\" sizes=\"auto, (max-width: 300px) 100vw, 300px\" \/><p id=\"caption-attachment-182\" class=\"wp-caption-text\">TOSAGUA, Manab\u00ed. Campesinos de diversas comunidades rurales llegan hasta el sitio la Y de la v\u00eda Tosagua-Bah\u00eda desde las 06:00 para aprovisionarse de agua.<\/p><\/div>\n<p>Las monta\u00f1as humean ante la incidencia de los incendios forestales que se presentan con mayor frecuencia en las zonas rurales manabitas afectadas por la sequ\u00eda.<\/p>\n<p>En estos lugares, una capa amarillenta de polvo y tierra con diminutas piedras cubre el bosque y lo que queda de los pastizales y sembr\u00edos. La falta de agua se nota por doquier.<\/p>\n<p>Los pozos, albarradas y lechos de r\u00edos que a\u00fan cuentan con l\u00edquido son como un oasis en medio del desierto para los campesinos que en burros los recorren hasta por tres horas para proveerse de agua.<\/p>\n<p>Mientras que la leche escasea en los potreros, donde ya se registran desde hace cerca de un mes la muerte de ganado por inanici\u00f3n.<\/p>\n<p>Algunos agricultores destinan hasta seis horas al d\u00eda para proveerse de agua con la que se asean o sirve para darle de beber a sus animales. Aunque en casos extremos se utiliza un l\u00edquido amarillento que se extrae de albarradas o pozos contaminados para consumo humano.<\/p>\n<p>En el sitio El Junco del cant\u00f3n Tosagua se ubica una de las pocas albarradas con agua de la zona. Al punto confluyen campesinos de los sitios aleda\u00f1os como Vicente Quijije, quien destina seis horas al d\u00eda a partir de la una de la tarde para llenar sus canecas.<\/p>\n<p>Su hijo Jos\u00e9 lo ayuda. Ambos se dirigen en burro hasta la albarrada en un periplo que demora una hora. Deben realizar hasta tres viajes al d\u00eda para garantizar que sus vacas al menos tengan agua para beber. \u201cEn la ma\u00f1ana me dedico a los sembr\u00edos, pero despu\u00e9s me la paso llevando agua hasta las siete de la noche, as\u00ed estamos desde hace meses\u201d, explica.<\/p>\n<p>Campesinos que sobre burros y mulares avanzan a paso lento aparecen con frecuencia por los caminos del sitio Chifornia de Tosagua, donde las vacas y caballos con sus trompas clavadas en la tierra resaltan en medio de la tierra amarillenta cubierta por hojas resecas.<\/p>\n<p>A este lugar y sus zonas aleda\u00f1as que se extiende en los costados de la v\u00eda que une Tosagua con Bah\u00eda de Car\u00e1quez se lo conoce en los mapas como \u00c1frica, debido al alto nivel de salinidad que se registra en los pozos del \u00e1rea.<\/p>\n<p>Luis Alc\u00edvar, uno de sus habitantes, afirma que la sequ\u00eda siempre est\u00e1 presente, pero ahora la situaci\u00f3n empeor\u00f3. \u201cCamino a diario dos horas desde mi casa hasta la Y en la carretera para llenar mis pomas\u201d, advierte.<\/p>\n<p>La esperanza para los campesinos de las zonas altas de Rocafuerte est\u00e1 en una albarrada ubicada en el centro del sitio Tres Charcos.<\/p>\n<p>El espejo de agua se llena mediante tuber\u00eda por la que fluye el l\u00edquido que se bombea desde las zonas bajas. Pero el agua no llega desde hace tres semanas como da cuenta Jos\u00e9 P\u00e1rraga, el encargado de dotar el l\u00edquido a camionetas y tanqueros que se acumulan en la toma de la instalaci\u00f3n como si se tratara de una gasolinera.<\/p>\n<p>\u201cEl agua parece mentira, pero es un bien preciado en esta zona casi como el dinero para comprar comida\u201d, refiere, mientras se\u00f1ala como el nivel del reservorio ha disminuido por la sequ\u00eda.<\/p>\n<p>Habitantes de unas 22 comunidades rurales de Rocafuerte pagan $ 1,50 por un tanque de 200 litros a los encargados del sistema manejado de forma comunitaria.<\/p>\n<p><span style=\"font-weight: bold\">Costos<\/span><br \/>\nUn tanque de 200 litros de agua potable puede llegar a costar hasta $ 3,50 en sitios alejados de las carreteras principales como en Venado, del cant\u00f3n Tosagua. El l\u00edquido se reparte desde la planta de agua en La Estancilla.<\/p>\n<p><span style=\"font-weight: bold\">P\u00e9rdidas<\/span><br \/>\nUnas 800 mil hect\u00e1reas de pastizales est\u00e1n afectadas por la sequ\u00eda en el norte de la provincia de Manab\u00ed, donde en algunas zonas no llueve desde febrero pasado seg\u00fan cuentan sus pobladores.<\/p>\n","protected":false},"excerpt":{"rendered":"<p>Las monta\u00f1as humean ante la incidencia de los incendios forestales que se presentan con mayor frecuencia en las zonas rurales manabitas afectadas por la sequ\u00eda. En estos lugares, una capa amarillenta de polvo y tierra con diminutas piedras cubre el bosque y lo que queda de los pastizales y sembr\u00edos. La falta de agua se [&hellip;]<\/p>\n","protected":false},"author":3104,"featured_media":0,"parent":0,"menu_order":0,"comment_status":"open","ping_status":"open","template":"","meta":{"footnotes":""},"class_list":["post-181","page","type-page","status-publish","hentry"],"aioseo_notices":[],"_links":{"self":[{"href":"https:\/\/blog.espol.edu.ec\/guerreroskyline\/wp-json\/wp\/v2\/pages\/181","targetHints":{"allow":["GET"]}}],"collection":[{"href":"https:\/\/blog.espol.edu.ec\/guerreroskyline\/wp-json\/wp\/v2\/pages"}],"about":[{"href":"https:\/\/blog.espol.edu.ec\/guerreroskyline\/wp-json\/wp\/v2\/types\/page"}],"author":[{"embeddable":true,"href":"https:\/\/blog.espol.edu.ec\/guerreroskyline\/wp-json\/wp\/v2\/users\/3104"}],"replies":[{"embeddable":true,"href":"https:\/\/blog.espol.edu.ec\/guerreroskyline\/wp-json\/wp\/v2\/comments?post=181"}],"version-history":[{"count":2,"href":"https:\/\/blog.espol.edu.ec\/guerreroskyline\/wp-json\/wp\/v2\/pages\/181\/revisions"}],"predecessor-version":[{"id":184,"href":"https:\/\/blog.espol.edu.ec\/guerreroskyline\/wp-json\/wp\/v2\/pages\/181\/revisions\/184"}],"wp:attachment":[{"href":"https:\/\/blog.espol.edu.ec\/guerreroskyline\/wp-json\/wp\/v2\/media?parent=181"}],"curies":[{"name":"wp","href":"https:\/\/api.w.org\/{rel}","templated":true}]}}