{"id":79,"date":"2009-11-12T10:42:27","date_gmt":"2009-11-12T15:42:27","guid":{"rendered":"http:\/\/blog.espol.edu.ec\/guerreroskyline\/?page_id=79"},"modified":"2009-11-12T10:42:27","modified_gmt":"2009-11-12T15:42:27","slug":"personaje-pik-lo-nuevo-de-porta","status":"publish","type":"page","link":"https:\/\/blog.espol.edu.ec\/guerreroskyline\/personaje-pik-lo-nuevo-de-porta\/","title":{"rendered":"Personaje Pik lo nuevo de porta"},"content":{"rendered":"<p><span style=\"color: #000000\"> PIK\u00a0 ofrece muchos beneficios a quienes visiten su p\u00e1gina.<br \/>\nM\u00e1s de 45.000 visitas en quince d\u00edas ha logrado este sitio web.<\/span><\/p>\n<p><img loading=\"lazy\" decoding=\"async\" class=\"aligncenter size-medium wp-image-80\" src=\"http:\/\/blog.espol.edu.ec\/guerreroskyline\/files\/2009\/11\/faustomio-300x200.jpg\" alt=\"faustomio\" width=\"300\" height=\"200\" srcset=\"https:\/\/blog.espol.edu.ec\/guerreroskyline\/files\/2009\/11\/faustomio-300x200.jpg 300w, https:\/\/blog.espol.edu.ec\/guerreroskyline\/files\/2009\/11\/faustomio.jpg 306w\" sizes=\"auto, (max-width: 300px) 100vw, 300px\" \/><\/p>\n<p>Durante las \u00faltimas 2 semanas, la p\u00e1gina web<a href=\"http:\/\/www.yoconozcoapik.com\/\"> <strong>www.yoconozcoapik.com<\/strong><\/a> ha recibido m\u00e1s de 45.000 visitas, este sitio es la v\u00eda para conocer a PIK quien es un personaje de PORTA que\u00a0 ofrece muchas novedades y beneficios a quienes ingresen\u00a0 a la p\u00e1gina y acumulen PIKS (puntos) registr\u00e1ndose y subiendo fotos.\u00a0 Al\u00a0 acumular PIKS, las\u00a0 personas pueden obtener beneficios en varios locales del pa\u00eds como Cosmic Bowling, Play Zone, Xterme, y Puma y muchos m\u00e1s que se est\u00e1n sumando.<\/p>\n<p>Adem\u00e1s de conocer a PIK en la web, los j\u00f3venes podr\u00e1n fotografiarse con este personaje en distintas ciudades del pa\u00eds como Guayaquil, Quito, Ambato y Cuenca en lugares como: Cosmic Bowling, La esquina de Cumbay\u00e1, TropiBurger, Plaza de las Am\u00e9ricas, Palacio de Hielo, Extreme, Cinemark Mall del Sol o los Centros de Atenci\u00f3n al Cliente de Porta de San Marino, Riocentro Sur, Quicentro, CCCI, San Luis, Condado o Mall del R\u00edo.<\/p>\n<p>PIK es un personaje de Porta que nace con la idea de mostrar algo diferente y divertido para sus j\u00f3venes clientes. Es una manera de atraer nuevos clientes fidelizarlos y mantener un contacto mas cercano con ello.<\/p>\n<p><img loading=\"lazy\" decoding=\"async\" class=\"aligncenter size-full wp-image-81\" src=\"http:\/\/blog.espol.edu.ec\/guerreroskyline\/files\/2009\/11\/ccalle.jpg\" alt=\"ccalle\" width=\"306\" height=\"205\" srcset=\"https:\/\/blog.espol.edu.ec\/guerreroskyline\/files\/2009\/11\/ccalle.jpg 306w, https:\/\/blog.espol.edu.ec\/guerreroskyline\/files\/2009\/11\/ccalle-300x200.jpg 300w\" sizes=\"auto, (max-width: 306px) 100vw, 306px\" \/><\/p>\n","protected":false},"excerpt":{"rendered":"<p>PIK\u00a0 ofrece muchos beneficios a quienes visiten su p\u00e1gina. M\u00e1s de 45.000 visitas en quince d\u00edas ha logrado este sitio web. Durante las \u00faltimas 2 semanas, la p\u00e1gina web www.yoconozcoapik.com ha recibido m\u00e1s de 45.000 visitas, este sitio es la v\u00eda para conocer a PIK quien es un personaje de PORTA que\u00a0 ofrece muchas novedades [&hellip;]<\/p>\n","protected":false},"author":3104,"featured_media":0,"parent":0,"menu_order":0,"comment_status":"open","ping_status":"open","template":"","meta":{"footnotes":""},"class_list":["post-79","page","type-page","status-publish","hentry"],"aioseo_notices":[],"_links":{"self":[{"href":"https:\/\/blog.espol.edu.ec\/guerreroskyline\/wp-json\/wp\/v2\/pages\/79","targetHints":{"allow":["GET"]}}],"collection":[{"href":"https:\/\/blog.espol.edu.ec\/guerreroskyline\/wp-json\/wp\/v2\/pages"}],"about":[{"href":"https:\/\/blog.espol.edu.ec\/guerreroskyline\/wp-json\/wp\/v2\/types\/page"}],"author":[{"embeddable":true,"href":"https:\/\/blog.espol.edu.ec\/guerreroskyline\/wp-json\/wp\/v2\/users\/3104"}],"replies":[{"embeddable":true,"href":"https:\/\/blog.espol.edu.ec\/guerreroskyline\/wp-json\/wp\/v2\/comments?post=79"}],"version-history":[{"count":3,"href":"https:\/\/blog.espol.edu.ec\/guerreroskyline\/wp-json\/wp\/v2\/pages\/79\/revisions"}],"predecessor-version":[{"id":84,"href":"https:\/\/blog.espol.edu.ec\/guerreroskyline\/wp-json\/wp\/v2\/pages\/79\/revisions\/84"}],"wp:attachment":[{"href":"https:\/\/blog.espol.edu.ec\/guerreroskyline\/wp-json\/wp\/v2\/media?parent=79"}],"curies":[{"name":"wp","href":"https:\/\/api.w.org\/{rel}","templated":true}]}}