{"id":85,"date":"2009-11-12T10:49:40","date_gmt":"2009-11-12T15:49:40","guid":{"rendered":"http:\/\/blog.espol.edu.ec\/guerreroskyline\/?page_id=85"},"modified":"2009-11-12T10:51:31","modified_gmt":"2009-11-12T15:51:31","slug":"%c2%a1-bienvenido-al-portal-en-espanol-donde-podras-estudiar-ingles-gratis","status":"publish","type":"page","link":"https:\/\/blog.espol.edu.ec\/guerreroskyline\/%c2%a1-bienvenido-al-portal-en-espanol-donde-podras-estudiar-ingles-gratis\/","title":{"rendered":"\u00a1 Bienvenido al portal en espa\u00f1ol donde podr\u00e1s estudiar ingl\u00e9s gratis!"},"content":{"rendered":"<p><strong>Curso de ingl\u00e9s on line<\/strong> es una web en la que podr\u00e1s <strong>aprender ingl\u00e9s <\/strong>de forma sencilla y f\u00e1cil. Encontrar\u00e1s un grupo de lecciones y esquemas con los que podr\u00e1s aprender los conceptos b\u00e1sicos de la gram\u00e1tica inglesa. Adem\u00e1s encontrar\u00e1s muchos ejercicios y tests con los que estudiar y poner en pr\u00e1ctica el idioma ingl\u00e9s. Podr\u00e1s aprender phrasal verbs, expresiones idiom\u00e1ticas, vocabulario, verbos... Adem\u00e1s dispones de muchos recursos que te ayudar\u00e1n a estudiar ingl\u00e9s.<\/p>\n<p>Puedes seguir el curso de forma ordenada accediendo desde cada nivel:<br \/>\n<a href=\"http:\/\/www.curso-ingles.com\/nivel1.php\">Nivel b\u00e1sico<\/a>, <a href=\"http:\/\/www.curso-ingles.com\/nivel2.php\">Intermedio<\/a> o<a href=\"http:\/\/www.curso-ingles.com\/nivel3.php\"> Avanzado<\/a>.<\/p>\n<p>Tambi\u00e9n puedes acceder al curso de ingl\u00e9s de forma libre, puedes elegir las lecciones de ingl\u00e9s que te interese estudiar desde este directorio: <a href=\"http:\/\/www.curso-ingles.com\/varios\/acibre.php\">Acceso libre<\/a>.<br \/>\nDe esta forma podr\u00e1s estudiar los conceptos que m\u00e1s te interese repasar.<\/p>\n<p><a href=\"http:\/\/www.curso-ingles.com\/\">http:\/\/www.curso-ingles.com\/<\/a><\/p>\n","protected":false},"excerpt":{"rendered":"<p>Curso de ingl\u00e9s on line es una web en la que podr\u00e1s aprender ingl\u00e9s de forma sencilla y f\u00e1cil. Encontrar\u00e1s un grupo de lecciones y esquemas con los que podr\u00e1s aprender los conceptos b\u00e1sicos de la gram\u00e1tica inglesa. Adem\u00e1s encontrar\u00e1s muchos ejercicios y tests con los que estudiar y poner en pr\u00e1ctica el idioma ingl\u00e9s. [&hellip;]<\/p>\n","protected":false},"author":3104,"featured_media":0,"parent":0,"menu_order":0,"comment_status":"open","ping_status":"open","template":"","meta":{"footnotes":""},"class_list":["post-85","page","type-page","status-publish","hentry"],"aioseo_notices":[],"_links":{"self":[{"href":"https:\/\/blog.espol.edu.ec\/guerreroskyline\/wp-json\/wp\/v2\/pages\/85","targetHints":{"allow":["GET"]}}],"collection":[{"href":"https:\/\/blog.espol.edu.ec\/guerreroskyline\/wp-json\/wp\/v2\/pages"}],"about":[{"href":"https:\/\/blog.espol.edu.ec\/guerreroskyline\/wp-json\/wp\/v2\/types\/page"}],"author":[{"embeddable":true,"href":"https:\/\/blog.espol.edu.ec\/guerreroskyline\/wp-json\/wp\/v2\/users\/3104"}],"replies":[{"embeddable":true,"href":"https:\/\/blog.espol.edu.ec\/guerreroskyline\/wp-json\/wp\/v2\/comments?post=85"}],"version-history":[{"count":3,"href":"https:\/\/blog.espol.edu.ec\/guerreroskyline\/wp-json\/wp\/v2\/pages\/85\/revisions"}],"predecessor-version":[{"id":88,"href":"https:\/\/blog.espol.edu.ec\/guerreroskyline\/wp-json\/wp\/v2\/pages\/85\/revisions\/88"}],"wp:attachment":[{"href":"https:\/\/blog.espol.edu.ec\/guerreroskyline\/wp-json\/wp\/v2\/media?parent=85"}],"curies":[{"name":"wp","href":"https:\/\/api.w.org\/{rel}","templated":true}]}}