{"id":97,"date":"2009-11-12T11:22:37","date_gmt":"2009-11-12T16:22:37","guid":{"rendered":"http:\/\/blog.espol.edu.ec\/guerreroskyline\/?page_id=97"},"modified":"2009-11-12T11:22:37","modified_gmt":"2009-11-12T16:22:37","slug":"shakira-una-loba-acecha-en-nueva-york","status":"publish","type":"page","link":"https:\/\/blog.espol.edu.ec\/guerreroskyline\/shakira-una-loba-acecha-en-nueva-york\/","title":{"rendered":"Shakira, una Loba acecha en Nueva York"},"content":{"rendered":"<p>Entrevista: Cantante colombiana<\/p>\n<p>La cantante colombiana Shakira sali\u00f3 al acecho para celebrar el lanzamiento estadounidense de su \u00e1lbum en ingl\u00e9s She Wolf (Loba), y su sexiportada en la revista Rolling Stone, la noche del lunes pasado en el Bowery Hotel de Nueva York (EE.UU.).<\/p>\n<p>La estrella uni\u00f3 fuerzas con Pharrell, Wyclef Jean y John Hill para el CD, que sale a la venta el 23 de noviembre. Con alt\u00edsimos tacones de aguja negros y trenzas rasta rubias, la cantante respondi\u00f3 en ingl\u00e9s la pregunta que figura en la portada de la revista: \u00bfPuede Shakira conquistar el mundo?<\/p>\n<p>AP: \u00bfPuede?<br \/>\nShakira: Signo de interrogaci\u00f3n. Hace que suene como una pel\u00edcula de suspenso. No s\u00e9. Quiero seguir laborando en lo que hago, t\u00fa sabes, construir mi carrera, poner un ladrillo sobre otro bajo el sol con sudor y arduo trabajo. Eso es lo \u00fanico que s\u00e9.<\/p>\n<p>\u00bfQu\u00e9 significa el \u00e1lbum para ti?<br \/>\nLa consolidaci\u00f3n de muchos sue\u00f1os, los que he tenido el \u00faltimo a\u00f1o. He estado trabajando en este disco consistentemente, escribiendo canciones, arregl\u00e1ndolas, produci\u00e9ndolas, casi doce horas al d\u00eda en el estudio. As\u00ed que, finalmente, este \u00e1lbum est\u00e1 a punto de salir en Estados Unidos. Ya sali\u00f3 en Europa y Am\u00e9rica Latina y me siento feliz y con tanta adrenalina, contenta de estar, de salir de nuevo al ruedo.<\/p>\n<p>Muchos artistas han intentado traspasar idiomas y culturas. \u00bfPor qu\u00e9 crees que t\u00fa lo has logrado?<br \/>\n\u00bfSabes qu\u00e9? No tengo ni idea c\u00f3mo termin\u00e9 escribiendo en ingl\u00e9s sin siquiera hablar el idioma debidamente. Cuando comenc\u00e9 a escribir mis primeras canciones en ingl\u00e9s lo hac\u00eda con la ayuda del diccionario. Ahora es un proceso org\u00e1nico para m\u00ed. Es mucho m\u00e1s espont\u00e1neo y visceral, pero aun as\u00ed me considero muy afortunada. Cuando miro atr\u00e1s y me doy cuenta de que vengo de Barranquilla, una peque\u00f1a ciudad en Colombia, ha sido un largo camino y estoy muy agradecida.<\/p>\n<p>\u00bfQu\u00e9 te pareci\u00f3 la imitaci\u00f3n que hizo Taylor Swift de ti en Saturday Night Live?<br \/>\nSe ve\u00eda muy bien. Alguien acaba de mostrarme las im\u00e1genes. No lo puedo creer. Me siento halagada. Ella es maravillosa, un gran talento. Es hermosa. Es adorable. Quiero verlo m\u00e1s tarde en YouTube. Realmente no pude entender lo que dec\u00eda en la canci\u00f3n, pero parec\u00eda estar haciendo una buena imitaci\u00f3n as\u00ed que, \u00a1Gracias, Taylor!<\/p>\n<p>\u00bfEs cierto que tu reloj biol\u00f3gico est\u00e1 corriendo?<br \/>\n\u00bfNo corre para todos? Yo creo que s\u00ed. Me siento como una madre que acaba de tener a su beb\u00e9 as\u00ed que en este momento no tengo  energ\u00edas para nada m\u00e1s que este \u00e1lbum y para trabajar realmente duro y salir al ruedo y disfrutarlo. Pero supongo que la pr\u00f3xima gira de conciertos voy a estar... teniendo una conversaci\u00f3n con alguien (risas).<\/p>\n<p><img loading=\"lazy\" decoding=\"async\" class=\"aligncenter size-full wp-image-98\" src=\"http:\/\/blog.espol.edu.ec\/guerreroskyline\/files\/2009\/11\/shakira1.jpg\" alt=\"shakira1\" width=\"456\" height=\"336\" srcset=\"https:\/\/blog.espol.edu.ec\/guerreroskyline\/files\/2009\/11\/shakira1.jpg 456w, https:\/\/blog.espol.edu.ec\/guerreroskyline\/files\/2009\/11\/shakira1-300x221.jpg 300w\" sizes=\"auto, (max-width: 456px) 100vw, 456px\" \/><\/p>\n","protected":false},"excerpt":{"rendered":"<p>Entrevista: Cantante colombiana La cantante colombiana Shakira sali\u00f3 al acecho para celebrar el lanzamiento estadounidense de su \u00e1lbum en ingl\u00e9s She Wolf (Loba), y su sexiportada en la revista Rolling Stone, la noche del lunes pasado en el Bowery Hotel de Nueva York (EE.UU.). La estrella uni\u00f3 fuerzas con Pharrell, Wyclef Jean y John Hill [&hellip;]<\/p>\n","protected":false},"author":3104,"featured_media":0,"parent":0,"menu_order":0,"comment_status":"open","ping_status":"open","template":"","meta":{"footnotes":""},"class_list":["post-97","page","type-page","status-publish","hentry"],"aioseo_notices":[],"_links":{"self":[{"href":"https:\/\/blog.espol.edu.ec\/guerreroskyline\/wp-json\/wp\/v2\/pages\/97","targetHints":{"allow":["GET"]}}],"collection":[{"href":"https:\/\/blog.espol.edu.ec\/guerreroskyline\/wp-json\/wp\/v2\/pages"}],"about":[{"href":"https:\/\/blog.espol.edu.ec\/guerreroskyline\/wp-json\/wp\/v2\/types\/page"}],"author":[{"embeddable":true,"href":"https:\/\/blog.espol.edu.ec\/guerreroskyline\/wp-json\/wp\/v2\/users\/3104"}],"replies":[{"embeddable":true,"href":"https:\/\/blog.espol.edu.ec\/guerreroskyline\/wp-json\/wp\/v2\/comments?post=97"}],"version-history":[{"count":2,"href":"https:\/\/blog.espol.edu.ec\/guerreroskyline\/wp-json\/wp\/v2\/pages\/97\/revisions"}],"predecessor-version":[{"id":102,"href":"https:\/\/blog.espol.edu.ec\/guerreroskyline\/wp-json\/wp\/v2\/pages\/97\/revisions\/102"}],"wp:attachment":[{"href":"https:\/\/blog.espol.edu.ec\/guerreroskyline\/wp-json\/wp\/v2\/media?parent=97"}],"curies":[{"name":"wp","href":"https:\/\/api.w.org\/{rel}","templated":true}]}}