{"id":11,"date":"2014-10-27T22:05:54","date_gmt":"2014-10-27T22:05:54","guid":{"rendered":"http:\/\/blog.espol.edu.ec\/guifecep\/?page_id=11"},"modified":"2014-10-27T22:40:48","modified_gmt":"2014-10-27T22:40:48","slug":"mi-primera-pagina-introduccion-al-calculo-diferencial","status":"publish","type":"page","link":"https:\/\/blog.espol.edu.ec\/guifecep\/mi-primera-pagina-introduccion-al-calculo-diferencial\/","title":{"rendered":"Introducci\u00f3n al C\u00e1lculo Diferencial"},"content":{"rendered":"<p>El c\u00e1lculo diferencial es una parte del an\u00e1lisis matem\u00e1tico que consiste en el estudio de c\u00f3mo cambian las funciones cuando sus variables cambian. El principal objeto de estudio en el c\u00e1lculo diferencial es la derivada. Una noci\u00f3n estrechamente relacionada es la de diferencial de una funci\u00f3n.<\/p>\n<p>El estudio del cambio de una funci\u00f3n es de especial inter\u00e9s para el c\u00e1lculo diferencial, en concreto el caso en el que el cambio de las variables es infinitesimal, esto es, cuando dicho cambio tiende a cero (se hace tan peque\u00f1o como se desee). Y es que el c\u00e1lculo diferencial se apoya constantemente en el concepto b\u00e1sico del l\u00edmite. El paso al l\u00edmite es la principal herramienta que permite desarrollar la teor\u00eda del c\u00e1lculo diferencial y la que lo diferencia claramente del \u00e1lgebra.<\/p>\n<p>Desde el punto de vista matem\u00e1tico de las funciones y la geometr\u00eda, la derivada de una funci\u00f3n en un cierto punto es una medida de la tasa en la cual una funci\u00f3n cambia conforme un argumento se modifica. Esto es, una derivada involucra, en t\u00e9rminos matem\u00e1ticos, una tasa de cambio. Una derivada es el c\u00e1lculo de las pendientes instant\u00e1neas de f(x) en cada punto x. Esto se corresponde a las pendientes de las tangentes de la gr\u00e1fica de dicha funci\u00f3n en sus puntos (una tangente por punto); Las derivadas pueden ser utilizadas para conocer la concavidad de una funci\u00f3n, sus intervalos de crecimiento, sus m\u00e1ximos y m\u00ednimos.<\/p>\n","protected":false},"excerpt":{"rendered":"<p>El c\u00e1lculo diferencial es una parte del an\u00e1lisis matem\u00e1tico que consiste en el estudio de c\u00f3mo cambian las funciones cuando sus variables cambian. El principal objeto de estudio en el c\u00e1lculo diferencial es la derivada. Una noci\u00f3n estrechamente relacionada es la de diferencial de una funci\u00f3n. El estudio del cambio de una funci\u00f3n es de [&hellip;]<\/p>\n","protected":false},"author":9309,"featured_media":0,"parent":0,"menu_order":0,"comment_status":"open","ping_status":"open","template":"","meta":{"footnotes":""},"class_list":["post-11","page","type-page","status-publish","hentry"],"_links":{"self":[{"href":"https:\/\/blog.espol.edu.ec\/guifecep\/wp-json\/wp\/v2\/pages\/11","targetHints":{"allow":["GET"]}}],"collection":[{"href":"https:\/\/blog.espol.edu.ec\/guifecep\/wp-json\/wp\/v2\/pages"}],"about":[{"href":"https:\/\/blog.espol.edu.ec\/guifecep\/wp-json\/wp\/v2\/types\/page"}],"author":[{"embeddable":true,"href":"https:\/\/blog.espol.edu.ec\/guifecep\/wp-json\/wp\/v2\/users\/9309"}],"replies":[{"embeddable":true,"href":"https:\/\/blog.espol.edu.ec\/guifecep\/wp-json\/wp\/v2\/comments?post=11"}],"version-history":[{"count":2,"href":"https:\/\/blog.espol.edu.ec\/guifecep\/wp-json\/wp\/v2\/pages\/11\/revisions"}],"predecessor-version":[{"id":15,"href":"https:\/\/blog.espol.edu.ec\/guifecep\/wp-json\/wp\/v2\/pages\/11\/revisions\/15"}],"wp:attachment":[{"href":"https:\/\/blog.espol.edu.ec\/guifecep\/wp-json\/wp\/v2\/media?parent=11"}],"curies":[{"name":"wp","href":"https:\/\/api.w.org\/{rel}","templated":true}]}}