{"id":118,"date":"2014-11-03T16:01:04","date_gmt":"2014-11-03T16:01:04","guid":{"rendered":"http:\/\/blog.espol.edu.ec\/guifecep\/?page_id=118"},"modified":"2014-11-03T16:01:04","modified_gmt":"2014-11-03T16:01:04","slug":"graficacion-de-limites","status":"publish","type":"page","link":"https:\/\/blog.espol.edu.ec\/guifecep\/graficacion-de-limites\/","title":{"rendered":"Graficaci\u00f3n de l\u00edmites"},"content":{"rendered":"<p><a href=\"http:\/\/blog.espol.edu.ec\/guifecep\/files\/2014\/11\/Gr\u00e1ficaci\u00f3n-con-l\u00edmites_0001.jpg\"><img loading=\"lazy\" decoding=\"async\" width=\"212\" height=\"300\" class=\"alignnone size-medium wp-image-119\" src=\"http:\/\/blog.espol.edu.ec\/guifecep\/files\/2014\/11\/Gr\u00e1ficaci\u00f3n-con-l\u00edmites_0001-212x300.jpg\" alt=\"Gr\u00e1ficaci\u00f3n con l\u00edmites_0001\" srcset=\"https:\/\/blog.espol.edu.ec\/guifecep\/files\/2014\/11\/Gr\u00e1ficaci\u00f3n-con-l\u00edmites_0001-212x300.jpg 212w, https:\/\/blog.espol.edu.ec\/guifecep\/files\/2014\/11\/Gr\u00e1ficaci\u00f3n-con-l\u00edmites_0001-724x1024.jpg 724w\" sizes=\"auto, (max-width: 212px) 100vw, 212px\" \/><\/a> <a href=\"http:\/\/blog.espol.edu.ec\/guifecep\/files\/2014\/11\/Gr\u00e1ficaci\u00f3n-con-l\u00edmites_0002.jpg\"><img loading=\"lazy\" decoding=\"async\" width=\"212\" height=\"300\" class=\"alignnone size-medium wp-image-120\" src=\"http:\/\/blog.espol.edu.ec\/guifecep\/files\/2014\/11\/Gr\u00e1ficaci\u00f3n-con-l\u00edmites_0002-212x300.jpg\" alt=\"Gr\u00e1ficaci\u00f3n con l\u00edmites_0002\" srcset=\"https:\/\/blog.espol.edu.ec\/guifecep\/files\/2014\/11\/Gr\u00e1ficaci\u00f3n-con-l\u00edmites_0002-212x300.jpg 212w, https:\/\/blog.espol.edu.ec\/guifecep\/files\/2014\/11\/Gr\u00e1ficaci\u00f3n-con-l\u00edmites_0002-724x1024.jpg 724w\" sizes=\"auto, (max-width: 212px) 100vw, 212px\" \/><\/a> <a href=\"http:\/\/blog.espol.edu.ec\/guifecep\/files\/2014\/11\/Gr\u00e1ficaci\u00f3n-con-l\u00edmites_0003.jpg\"><img loading=\"lazy\" decoding=\"async\" width=\"212\" height=\"300\" class=\"alignnone size-medium wp-image-121\" src=\"http:\/\/blog.espol.edu.ec\/guifecep\/files\/2014\/11\/Gr\u00e1ficaci\u00f3n-con-l\u00edmites_0003-212x300.jpg\" alt=\"Gr\u00e1ficaci\u00f3n con l\u00edmites_0003\" srcset=\"https:\/\/blog.espol.edu.ec\/guifecep\/files\/2014\/11\/Gr\u00e1ficaci\u00f3n-con-l\u00edmites_0003-212x300.jpg 212w, https:\/\/blog.espol.edu.ec\/guifecep\/files\/2014\/11\/Gr\u00e1ficaci\u00f3n-con-l\u00edmites_0003-724x1024.jpg 724w\" sizes=\"auto, (max-width: 212px) 100vw, 212px\" \/><\/a><\/p>\n","protected":false},"excerpt":{"rendered":"","protected":false},"author":9309,"featured_media":0,"parent":0,"menu_order":0,"comment_status":"open","ping_status":"open","template":"","meta":{"footnotes":""},"class_list":["post-118","page","type-page","status-publish","hentry"],"_links":{"self":[{"href":"https:\/\/blog.espol.edu.ec\/guifecep\/wp-json\/wp\/v2\/pages\/118","targetHints":{"allow":["GET"]}}],"collection":[{"href":"https:\/\/blog.espol.edu.ec\/guifecep\/wp-json\/wp\/v2\/pages"}],"about":[{"href":"https:\/\/blog.espol.edu.ec\/guifecep\/wp-json\/wp\/v2\/types\/page"}],"author":[{"embeddable":true,"href":"https:\/\/blog.espol.edu.ec\/guifecep\/wp-json\/wp\/v2\/users\/9309"}],"replies":[{"embeddable":true,"href":"https:\/\/blog.espol.edu.ec\/guifecep\/wp-json\/wp\/v2\/comments?post=118"}],"version-history":[{"count":1,"href":"https:\/\/blog.espol.edu.ec\/guifecep\/wp-json\/wp\/v2\/pages\/118\/revisions"}],"predecessor-version":[{"id":122,"href":"https:\/\/blog.espol.edu.ec\/guifecep\/wp-json\/wp\/v2\/pages\/118\/revisions\/122"}],"wp:attachment":[{"href":"https:\/\/blog.espol.edu.ec\/guifecep\/wp-json\/wp\/v2\/media?parent=118"}],"curies":[{"name":"wp","href":"https:\/\/api.w.org\/{rel}","templated":true}]}}