{"id":18,"date":"2014-10-28T17:43:18","date_gmt":"2014-10-28T17:43:18","guid":{"rendered":"http:\/\/blog.espol.edu.ec\/guifecep\/?page_id=18"},"modified":"2014-10-28T17:43:18","modified_gmt":"2014-10-28T17:43:18","slug":"conocimientos-previos-al-calculo-diferencial-coordenadas-polares","status":"publish","type":"page","link":"https:\/\/blog.espol.edu.ec\/guifecep\/conocimientos-previos-al-calculo-diferencial-coordenadas-polares\/","title":{"rendered":"Conocimientos previos al C\u00e1lculo Diferencial (Coordenadas Polares)"},"content":{"rendered":"<p>* Trigonometr\u00eda<\/p>\n<p>*Geometr\u00eda Anal\u00edtica<\/p>\n<p>Recomendacion:<\/p>\n<p>Al enfrentamiento de estos temas de coordenadas polares es muy recomendado hacer uso de un juego geom\u00e9trico .<\/p>\n<p>*Comp\u00e1s<\/p>\n<p>*Regla<\/p>\n<p>*Graduador.<a href=\"http:\/\/blog.espol.edu.ec\/guifecep\/files\/2014\/10\/polares-3D-xyz-grafico.png\"><img loading=\"lazy\" decoding=\"async\" class=\"aligncenter wp-image-19 size-medium\" src=\"http:\/\/blog.espol.edu.ec\/guifecep\/files\/2014\/10\/polares-3D-xyz-grafico-300x260.png\" alt=\"polares 3D xyz grafico\" width=\"300\" height=\"260\" srcset=\"https:\/\/blog.espol.edu.ec\/guifecep\/files\/2014\/10\/polares-3D-xyz-grafico-300x260.png 300w, https:\/\/blog.espol.edu.ec\/guifecep\/files\/2014\/10\/polares-3D-xyz-grafico-1024x888.png 1024w, https:\/\/blog.espol.edu.ec\/guifecep\/files\/2014\/10\/polares-3D-xyz-grafico.png 1478w\" sizes=\"auto, (max-width: 300px) 100vw, 300px\" \/><\/a><\/p>\n","protected":false},"excerpt":{"rendered":"<p>* Trigonometr\u00eda *Geometr\u00eda Anal\u00edtica Recomendacion: Al enfrentamiento de estos temas de coordenadas polares es muy recomendado hacer uso de un juego geom\u00e9trico . *Comp\u00e1s *Regla *Graduador.<\/p>\n","protected":false},"author":9309,"featured_media":0,"parent":0,"menu_order":0,"comment_status":"open","ping_status":"open","template":"","meta":{"footnotes":""},"class_list":["post-18","page","type-page","status-publish","hentry"],"_links":{"self":[{"href":"https:\/\/blog.espol.edu.ec\/guifecep\/wp-json\/wp\/v2\/pages\/18","targetHints":{"allow":["GET"]}}],"collection":[{"href":"https:\/\/blog.espol.edu.ec\/guifecep\/wp-json\/wp\/v2\/pages"}],"about":[{"href":"https:\/\/blog.espol.edu.ec\/guifecep\/wp-json\/wp\/v2\/types\/page"}],"author":[{"embeddable":true,"href":"https:\/\/blog.espol.edu.ec\/guifecep\/wp-json\/wp\/v2\/users\/9309"}],"replies":[{"embeddable":true,"href":"https:\/\/blog.espol.edu.ec\/guifecep\/wp-json\/wp\/v2\/comments?post=18"}],"version-history":[{"count":1,"href":"https:\/\/blog.espol.edu.ec\/guifecep\/wp-json\/wp\/v2\/pages\/18\/revisions"}],"predecessor-version":[{"id":20,"href":"https:\/\/blog.espol.edu.ec\/guifecep\/wp-json\/wp\/v2\/pages\/18\/revisions\/20"}],"wp:attachment":[{"href":"https:\/\/blog.espol.edu.ec\/guifecep\/wp-json\/wp\/v2\/media?parent=18"}],"curies":[{"name":"wp","href":"https:\/\/api.w.org\/{rel}","templated":true}]}}