{"id":28,"date":"2014-10-28T17:56:21","date_gmt":"2014-10-28T17:56:21","guid":{"rendered":"http:\/\/blog.espol.edu.ec\/guifecep\/?page_id=28"},"modified":"2014-10-28T17:58:00","modified_gmt":"2014-10-28T17:58:00","slug":"coordenadas-polares","status":"publish","type":"page","link":"https:\/\/blog.espol.edu.ec\/guifecep\/coordenadas-polares\/","title":{"rendered":"Coordenadas Polares (Clase 1)"},"content":{"rendered":"<p>Las coordenadas polares o sistemas polares son un sistema de coordenadas bidimensional en el cual cada punto del plano se determina por una distancia y un \u00e1ngulo, ampliamente utilizados en f\u00edsica y trigonometr\u00eda.<\/p>\n<p>De manera m\u00e1s precisa, se toman: un punto O del plano, al que se le llama origen o polo, y una recta dirigida (o rayo, o segmento OL) que pasa por O, llamada eje polar (equivalente al eje x del sistema cartesiano), como sistema de referencia. Con este sistema de referencia y una unidad de medida m\u00e9trica (para poder asignar distancias entre cada par de puntos del plano), todo punto P del plano corresponde a un par ordenado (r, \u03b8) donde r es la distancia de P al origen y \u03b8 es el \u00e1ngulo formado entre el eje polar y la recta dirigida OP que va de O a P. El valor \u03b8 crece en sentido antihorario y decrece en sentido horario. La distancia r (r \u2265 0) se conoce como la \u00abcoordenada radial\u00bb o \u00abradio vector\u00bb, mientras que el \u00e1ngulo es la \u00abcoordenada angular\u00bb o \u00ab\u00e1ngulo polar\u00bb.<\/p>\n<p>En el caso del origen, O, el valor de r es cero, pero el valor de \u03b8 es indefinido. En ocasiones se adopta la convenci\u00f3n de representar el origen por (0,0).<\/p>\n<p><a href=\"http:\/\/blog.espol.edu.ec\/guifecep\/files\/2014\/10\/imagen2.png\"><img loading=\"lazy\" decoding=\"async\" class=\"aligncenter wp-image-29 size-medium\" src=\"http:\/\/blog.espol.edu.ec\/guifecep\/files\/2014\/10\/imagen2-300x162.png\" alt=\"imagen2\" width=\"300\" height=\"162\" srcset=\"https:\/\/blog.espol.edu.ec\/guifecep\/files\/2014\/10\/imagen2-300x162.png 300w, https:\/\/blog.espol.edu.ec\/guifecep\/files\/2014\/10\/imagen2-1024x556.png 1024w, https:\/\/blog.espol.edu.ec\/guifecep\/files\/2014\/10\/imagen2.png 1029w\" sizes=\"auto, (max-width: 300px) 100vw, 300px\" \/><\/a><\/p>\n","protected":false},"excerpt":{"rendered":"<p>Las coordenadas polares o sistemas polares son un sistema de coordenadas bidimensional en el cual cada punto del plano se determina por una distancia y un \u00e1ngulo, ampliamente utilizados en f\u00edsica y trigonometr\u00eda. De manera m\u00e1s precisa, se toman: un punto O del plano, al que se le llama origen o polo, y una recta [&hellip;]<\/p>\n","protected":false},"author":9309,"featured_media":0,"parent":0,"menu_order":0,"comment_status":"open","ping_status":"open","template":"","meta":{"footnotes":""},"class_list":["post-28","page","type-page","status-publish","hentry"],"_links":{"self":[{"href":"https:\/\/blog.espol.edu.ec\/guifecep\/wp-json\/wp\/v2\/pages\/28","targetHints":{"allow":["GET"]}}],"collection":[{"href":"https:\/\/blog.espol.edu.ec\/guifecep\/wp-json\/wp\/v2\/pages"}],"about":[{"href":"https:\/\/blog.espol.edu.ec\/guifecep\/wp-json\/wp\/v2\/types\/page"}],"author":[{"embeddable":true,"href":"https:\/\/blog.espol.edu.ec\/guifecep\/wp-json\/wp\/v2\/users\/9309"}],"replies":[{"embeddable":true,"href":"https:\/\/blog.espol.edu.ec\/guifecep\/wp-json\/wp\/v2\/comments?post=28"}],"version-history":[{"count":2,"href":"https:\/\/blog.espol.edu.ec\/guifecep\/wp-json\/wp\/v2\/pages\/28\/revisions"}],"predecessor-version":[{"id":31,"href":"https:\/\/blog.espol.edu.ec\/guifecep\/wp-json\/wp\/v2\/pages\/28\/revisions\/31"}],"wp:attachment":[{"href":"https:\/\/blog.espol.edu.ec\/guifecep\/wp-json\/wp\/v2\/media?parent=28"}],"curies":[{"name":"wp","href":"https:\/\/api.w.org\/{rel}","templated":true}]}}