{"id":347,"date":"2014-11-12T13:34:09","date_gmt":"2014-11-12T13:34:09","guid":{"rendered":"http:\/\/blog.espol.edu.ec\/guifecep\/?page_id=347"},"modified":"2014-11-12T13:35:59","modified_gmt":"2014-11-12T13:35:59","slug":"teorema-del-punto-fijo-de-banach","status":"publish","type":"page","link":"https:\/\/blog.espol.edu.ec\/guifecep\/teorema-del-punto-fijo-de-banach\/","title":{"rendered":"Teorema del punto fijo de Banach"},"content":{"rendered":"<p>En an\u00e1lisis matem\u00e1tico el teorema del punto fijo de Banach (tambi\u00e9n llamado teorema de la aplicaci\u00f3n <a title=\"Contractiva\" href=\"http:\/\/www.google.com.ec\/url?sa=t&amp;rct=j&amp;q=&amp;esrc=s&amp;source=web&amp;cd=4&amp;sqi=2&amp;ved=0CDMQFjAD&amp;url=http%3A%2F%2Fesfm.egormaximenko.com%2Fnumerical_methods%2Ffixed_point_of_a_contractive_function_es.pdf&amp;ei=r2FjVLGyC8OlNrDrg6AO&amp;usg=AFQjCNH_gfUNhA0cTRS_zeP0_pwq2Sa90A&amp;sig2=wcNPP9zTHSV_zZRJqsG8Sw\" target=\"_blank\">contractiva<\/a>) es una de las herramientas m\u00e1s importantes para demostrar la existencia de soluciones de numerosos problemas matem\u00e1ticos. El teorema garantiza la existencia y unicidad de puntos fijos de ciertas funciones definidas sobre espacios m\u00e9tricos y proporciona un m\u00e9todo para encontrarlos. Debe su nombre a Stefan Banach (1892\u20131945), quien fue el primero en enunciarlo en 1922[cita requerida].<\/p>\n<p>Enunciado<\/p>\n<p>&nbsp;<\/p>\n<p>Sea (X,d) un espacio m\u00e9trico completo y f una aplicaci\u00f3n. Se dice que f es contractiva si existe una constante K con 0&lt;K&lt;1 tal que d(f(x),f(y)) \\leq Kd(x,y) para cualesquiera x,y\\in X. Un punto fijo x_0 de f es un punto de X tal que f(x_0) = x_0. Entonces el teorema del punto fijo de Banach dice:<\/p>\n<p>&nbsp;<\/p>\n<p>Sea (X,d) un espacio m\u00e9trico completo y sea f: X \u2192 X una aplicaci\u00f3n contractiva en X. Entonces existe un \u00fanico punto fijo de f.<\/p>\n<p>&nbsp;<\/p>\n<p><a title=\"Biograf\u00eda\" href=\"http:\/\/es.wikipedia.org\/wiki\/Stefan_Banachhttp:\/\/\" target=\"_blank\">\u00a0 Stefan Banach<\/a><\/p>\n<p>&nbsp;<\/p>\n<p>Adem\u00e1s, el teorema establece que para todo punto x de X la sucesi\u00f3n { x, f(x), f(f(x)),...} <a title=\"Converge\" href=\"http:\/\/foro.migui.com\/vb\/showthread.php\/11110-Problema-series-que-quiere-decir-que-converge-a-una-funcion-f%28x%29\" target=\"_blank\">converge<\/a> a dicho punto fijo.<\/p>\n<p>Demostraci\u00f3n<\/p>\n<p>&nbsp;<\/p>\n<p>Existencia del punto fijo: La demostraci\u00f3n se sigue de que la sucesi\u00f3n as\u00ed definida es una sucesi\u00f3n de<a title=\"Cauchy\" href=\"https:\/\/www.youtube.com\/watch?v=q4daaMpmS00&amp;hd=1\" target=\"_blank\"> Cauchy<\/a> por ser la funci\u00f3n contractiva. Como X es completo, esta sucesi\u00f3n converge a un punto x_0 de X.<\/p>\n<p>&nbsp;<\/p>\n<p><a title=\"Unicidad\" href=\"http:\/\/es.wikipedia.org\/wiki\/Distancia_de_unicidad\" target=\"_blank\">Unicidad<\/a> del punto fijo: Supongamos que x_0 y y_0 son dos puntos fijos distintos de f situados a una distancia d uno del otro. Entonces,<\/p>\n<p>0 &lt; d = d(x_0,y_0) = d(f(x_0),f(y_0))<\/p>\n<p>y, como f es <a title=\"Contractiva\" href=\"http:\/\/www.google.com.ec\/url?sa=t&amp;rct=j&amp;q=&amp;esrc=s&amp;source=web&amp;cd=2&amp;ved=0CCIQFjAB&amp;url=http%3A%2F%2Fesfm.egormaximenko.com%2Fnumerical_methods%2Ffixed_point_of_a_contractive_function_es.pdf&amp;ei=el9jVMymK8OnNrH6gLgE&amp;usg=AFQjCNH_gfUNhA0cTRS_zeP0_pwq2Sa90A&amp;sig2=Cr7HXO_wrRaXmp1DRUl8lw\" target=\"_blank\">contractiva<\/a>,<\/p>\n<p>d(f(x_0),f(y_0) \\leq Kd(x_0,y_0) &lt; d(x_0,y_0) = d<\/p>\n<p>De lo anterior se sigue que d &lt; d, pero esto es absurdo, por lo que f no puede tener dos puntos fijos distintos.<\/p>\n<p>Aplicaciones<\/p>\n<p>&nbsp;<\/p>\n<p>Se trata de una herramienta b\u00e1sica en la demostraci\u00f3n de la existencia de soluciones de <a title=\"Ec. Diferenciales\" href=\"http:\/\/www.monografias.com\/trabajos97\/introduccion-ecuaciones-diferenciales-teoria-y-ejemplos-resueltos\/introduccion-ecuaciones-diferenciales-teoria-y-ejemplos-resueltos.shtml\" target=\"_blank\">ecuaciones diferenciales<\/a> (V\u00e9ase el teorema de Picard-Lindel\u00f6f). Otro de los usos de este resultado radica en el an\u00e1lisis de sistemas din\u00e1micos, que tiene numerosas aplicaciones, por ejemplo en el estudio de <a title=\"Modelos\" href=\"http:\/\/www.google.com.ec\/url?sa=t&amp;rct=j&amp;q=&amp;esrc=s&amp;source=web&amp;cd=8&amp;ved=0CFQQFjAH&amp;url=http%3A%2F%2Fwww.fceye.ull.es%2Fasepelt%2Ftrabajos%2Fcom_7_118.doc&amp;ei=7l9jVMvEKsaogwT8u4JQ&amp;usg=AFQjCNHOoh5m0hETI8nRpUR-Pv8BRR0CGw&amp;sig2=D9S4plOC-5MMb0RgoLxpGg\" target=\"_blank\">modelos de poblaci\u00f3n<\/a>, <a title=\"caotico\" href=\"http:\/\/www.google.com.ec\/url?sa=t&amp;rct=j&amp;q=&amp;esrc=s&amp;source=web&amp;cd=9&amp;ved=0CF0QFjAI&amp;url=http%3A%2F%2Fwww.esan.edu.pe%2Fpublicaciones%2F2011%2F11%2F29%2Fjournal__31_ramirez_pena.pdf&amp;ei=mGBjVNyfIsemNqHugqAH&amp;usg=AFQjCNHO11rgxs2L6LKJRv6rMqoMGJ3jIQ&amp;sig2=WJ10KhsPxRezq5jksBv10g&amp;bvm=bv.79189006,d.eXY&amp;cad=rjt\" target=\"_blank\">modelos ca\u00f3ticos<\/a>, etc\u00e9tera. Tambi\u00e9n es importante en el estudio de <a title=\"M\u00e9todos interactivos\" href=\"http:\/\/www.monografias.com\/trabajos61\/recopilacion-informacion-metodo-interactivo\/recopilacion-informacion-metodo-interactivo.shtml\" target=\"_blank\">m\u00e9todos iterativos<\/a> utilizados en el <a title=\"An\u00e1lisis num\u00e9rico\" href=\"http:\/\/aprendeenlinea.udea.edu.co\/lms\/moodle\/course\/view.php?id=229\" target=\"_blank\">c\u00e1lculo num\u00e9rico<\/a>, por ejemplo en algunos problemas de ingenier\u00eda. Incluso determinados<a title=\"Fractal\" href=\"http:\/\/es.wikipedia.org\/wiki\/Fractal\" target=\"_blank\"> fractales<\/a> son puntos fijos de ciertas contracciones.<\/p>\n","protected":false},"excerpt":{"rendered":"<p>En an\u00e1lisis matem\u00e1tico el teorema del punto fijo de Banach (tambi\u00e9n llamado teorema de la aplicaci\u00f3n contractiva) es una de las herramientas m\u00e1s importantes para demostrar la existencia de soluciones de numerosos problemas matem\u00e1ticos. El teorema garantiza la existencia y unicidad de puntos fijos de ciertas funciones definidas sobre espacios m\u00e9tricos y proporciona un m\u00e9todo [&hellip;]<\/p>\n","protected":false},"author":9309,"featured_media":0,"parent":0,"menu_order":0,"comment_status":"open","ping_status":"open","template":"","meta":{"footnotes":""},"class_list":["post-347","page","type-page","status-publish","hentry"],"_links":{"self":[{"href":"https:\/\/blog.espol.edu.ec\/guifecep\/wp-json\/wp\/v2\/pages\/347","targetHints":{"allow":["GET"]}}],"collection":[{"href":"https:\/\/blog.espol.edu.ec\/guifecep\/wp-json\/wp\/v2\/pages"}],"about":[{"href":"https:\/\/blog.espol.edu.ec\/guifecep\/wp-json\/wp\/v2\/types\/page"}],"author":[{"embeddable":true,"href":"https:\/\/blog.espol.edu.ec\/guifecep\/wp-json\/wp\/v2\/users\/9309"}],"replies":[{"embeddable":true,"href":"https:\/\/blog.espol.edu.ec\/guifecep\/wp-json\/wp\/v2\/comments?post=347"}],"version-history":[{"count":3,"href":"https:\/\/blog.espol.edu.ec\/guifecep\/wp-json\/wp\/v2\/pages\/347\/revisions"}],"predecessor-version":[{"id":350,"href":"https:\/\/blog.espol.edu.ec\/guifecep\/wp-json\/wp\/v2\/pages\/347\/revisions\/350"}],"wp:attachment":[{"href":"https:\/\/blog.espol.edu.ec\/guifecep\/wp-json\/wp\/v2\/media?parent=347"}],"curies":[{"name":"wp","href":"https:\/\/api.w.org\/{rel}","templated":true}]}}