{"id":1,"date":"2009-06-26T00:07:26","date_gmt":"2009-06-26T04:07:26","guid":{"rendered":""},"modified":"2011-02-27T04:42:46","modified_gmt":"2011-02-27T08:42:46","slug":"about","status":"publish","type":"page","link":"https:\/\/blog.espol.edu.ec\/guillermoblog\/about\/","title":{"rendered":"Ser perserverante"},"content":{"rendered":"<p style=\"text-align: justify\">Bueno mi nombre es Guillermo Qui\u00f1onez, y estudio en la Escuela Superior Polit\u00e9cnica del Litoral, este blog lo hice con el fin de aportar algo a las personas que lo vean...quiz\u00e1s vean cosas de chistosas y locas a serias, e incluso cristianas....Lo que puedo decir de mi es que soy tr\u00e1nquilo y loco a la vez, aunque no me gusta admitirlo soy muy emotivo, no me gustan las injusticias en este mundo, siempre trato de tener la razon o ver la verdadera raz\u00f3n aunque yo s\u00e9, que eso es imposible al menos para un humano, se que me voy a equivocar muchas veces pero eso no importa; soy cristiano, creo en Dios; estoy convencido que Cristo es mi forataleza y que hay cosas que para mi son imposibles y cosas de las cuales estoy muy mal y voy a caer; pero s\u00e9 que para Dios no hay imposibles y que Jesucristo me va a levantar cuando me caiga; y es m\u00e1s no va a dejar que me caiga m\u00e1s.........<\/p>\n<p style=\"text-align: justify\">Me gusta mucho imaginar, so\u00f1ar, el anime, la m\u00fasica (muchos tipos de canciones, en mi vida a\u00fan no defino que genero musical me gusta m\u00e1s), leer libros con historias interesantes (la verdad no he le\u00eddo muchos libros, pero los pocos que he le\u00eddo me han dejado pensando unas cuantas semanas), pel\u00edculas con el humor m\u00e1s absurdo o peliculas con historias muy reales y dr\u00e1maticas(sobre todo las veo cuando no me siento muy bien), al final me gusta las cosas que a cualquier persona le gusta..la diferencia esta en mi manera de analizarlas...aunque claro no lo puedo hacer porque sue\u00f1o mucho......<\/p>\n<p style=\"text-align: justify\">Pienso que cada persona en este mundo tiene un pr\u00f3posito muy grande, pero muy grande; pero pocas personas logran llevarlo a cabo, que hay muchos que se rinden, y la verdad por eso me gusta la frase, <strong>Ser Perserverante <\/strong>y es que siempre me la recuerdo porque yo la necesito bastante hay muchas veces que siento que tengo que rendirme o me im\u00e1gino que pasar\u00eda si me rindo en las metas que quiero alcanzar, por eso me recuerdo eso....ser perserverante....tengo que serlo...el paradigma lo llevo en mi, y pienso que si alguien me conoce ahora va a saber que yo no me rindo...........y no lo voy hacer.....todo esto lo digo por mi....pero se que hay personas que en este momento les sucede lo mismo que yo en cualquier aspecto de su vida que quieren tirar la toalla, cuando lo correcto es pelear hasta el final...Yo me sustent\u00f3 en Dios....<\/p>\n<p style=\"text-align: justify\">He bueno chao.........para la pr\u00f3xima vez que edite esto, ser\u00e1 cuando crezca m\u00e1s....<\/p>\n<p style=\"text-align: justify\">\n<p style=\"text-align: center\"><a href=\"http:\/\/blog.espol.edu.ec\/guillermoblog\/files\/2009\/06\/ojo.png\"><img loading=\"lazy\" decoding=\"async\" class=\"aligncenter size-full wp-image-277\" title=\"gquinone\" src=\"http:\/\/blog.espol.edu.ec\/guillermoblog\/files\/2009\/06\/ojo.png\" alt=\"\" width=\"574\" height=\"399\" srcset=\"https:\/\/blog.espol.edu.ec\/guillermoblog\/files\/2009\/06\/ojo.png 956w, https:\/\/blog.espol.edu.ec\/guillermoblog\/files\/2009\/06\/ojo-300x208.png 300w\" sizes=\"auto, (max-width: 574px) 100vw, 574px\" \/><\/a><\/p>\n<div id=\"_mcePaste\" style=\"width: 1px;height: 1px;overflow: hidden;text-align: justify\">&lt;div style=\"width:425px\" id=\"__ss_5036908\"&gt;&lt;strong style=\"display:block;margin:12px 0 4px\"&gt;&lt;a href=\"http:\/\/www.slideshare.net\/guille722\/enfermedades-hereditarias-5036908\" title=\"Enfermedades hereditarias\"&gt;Enfermedades hereditarias&lt;\/a&gt;&lt;\/strong&gt;&lt;object id=\"__sse5036908\" width=\"425\" height=\"355\"&gt;&lt;param name=\"movie\" value=\"http:\/\/static.slidesharecdn.com\/swf\/ssplayer2.swf?doc=enfermedadeshereditarias-100823044134-phpapp01&amp;stripped_title=enfermedades-hereditarias-5036908\" \/&gt;&lt;param name=\"allowFullScreen\" value=\"true\"\/&gt;&lt;param name=\"allowScriptAccess\" value=\"always\"\/&gt;&lt;embed name=\"__sse5036908\" src=\"http:\/\/static.slidesharecdn.com\/swf\/ssplayer2.swf?doc=enfermedadeshereditarias-100823044134-phpapp01&amp;stripped_title=enfermedades-hereditarias-5036908\" type=\"application\/x-shockwave-flash\" allowscriptaccess=\"always\" allowfullscreen=\"true\" width=\"425\" height=\"355\"&gt;&lt;\/embed&gt;&lt;\/object&gt;&lt;div style=\"padding:5px 0 12px\"&gt;View more &lt;a href=\"http:\/\/www.slideshare.net\/\"&gt;presentations&lt;\/a&gt; from &lt;a href=\"http:\/\/www.slideshare.net\/guille722\"&gt;guille722&lt;\/a&gt;.&lt;\/div&gt;&lt;\/div&gt;<\/div>\n","protected":false},"excerpt":{"rendered":"<p>Bueno mi nombre es Guillermo Qui\u00f1onez, y estudio en la Escuela Superior Polit\u00e9cnica del Litoral, este blog lo hice con el fin de aportar algo a las personas que lo vean...quiz\u00e1s vean cosas de chistosas y locas a serias, e incluso cristianas....Lo que puedo decir de mi es que soy tr\u00e1nquilo y loco a la [&hellip;]<\/p>\n","protected":false},"author":2744,"featured_media":0,"parent":0,"menu_order":0,"comment_status":"open","ping_status":"open","template":"","meta":{"footnotes":""},"class_list":["post-1","page","type-page","status-publish","hentry"],"_links":{"self":[{"href":"https:\/\/blog.espol.edu.ec\/guillermoblog\/wp-json\/wp\/v2\/pages\/1","targetHints":{"allow":["GET"]}}],"collection":[{"href":"https:\/\/blog.espol.edu.ec\/guillermoblog\/wp-json\/wp\/v2\/pages"}],"about":[{"href":"https:\/\/blog.espol.edu.ec\/guillermoblog\/wp-json\/wp\/v2\/types\/page"}],"author":[{"embeddable":true,"href":"https:\/\/blog.espol.edu.ec\/guillermoblog\/wp-json\/wp\/v2\/users\/2744"}],"replies":[{"embeddable":true,"href":"https:\/\/blog.espol.edu.ec\/guillermoblog\/wp-json\/wp\/v2\/comments?post=1"}],"version-history":[{"count":7,"href":"https:\/\/blog.espol.edu.ec\/guillermoblog\/wp-json\/wp\/v2\/pages\/1\/revisions"}],"predecessor-version":[{"id":90,"href":"https:\/\/blog.espol.edu.ec\/guillermoblog\/wp-json\/wp\/v2\/pages\/1\/revisions\/90"}],"wp:attachment":[{"href":"https:\/\/blog.espol.edu.ec\/guillermoblog\/wp-json\/wp\/v2\/media?parent=1"}],"curies":[{"name":"wp","href":"https:\/\/api.w.org\/{rel}","templated":true}]}}