{"id":125,"date":"2013-05-29T04:06:58","date_gmt":"2013-05-29T04:06:58","guid":{"rendered":"http:\/\/blog.espol.edu.ec\/gvillalba\/?page_id=125"},"modified":"2013-05-29T10:27:58","modified_gmt":"2013-05-29T10:27:58","slug":"mantenimiento-del-violin","status":"publish","type":"page","link":"https:\/\/blog.espol.edu.ec\/gvillalba\/mantenimiento-del-violin\/","title":{"rendered":"Mantenimiento del Viol\u00edn"},"content":{"rendered":"<p>El mejor mantenimiento que se le puede hacer a un viol\u00edn es tocarlo todos los d\u00edas. Es de esta forma como el viol\u00edn no pierde su sonido con el paso del tiempo y los cambios de temperatura. La caja del viol\u00edn es muy importante, si es una buena caja, aislar\u00e1 al viol\u00edn de la temperatura y de la humedad. Hay que tener en cuenta que las cuerdas est\u00e1n hechas de metal, y este se dilata con el calor y se contrae con las bajas temperaturas, provocando que se desafinen las cuerdas del viol\u00edn (algunas veces pueden partirse al intentar tensarlas de nuevo, especialmente el \u201cmi\u201d).<\/p>\n<p>El mantenimiento del arco es importante. Para que el arco provoque un sonido al ser frotado contra la cuerda, es necesaria una capa de resina. Esta se vende en las tiendas de instrumentos musicales. La frecuencia normal con la se le debe echar resina al arco es cada vez que toquemos el viol\u00edn. Aunque esto varia un poco, si le ponemos una buena capa (y esto requiere 5 o 6 minutos de frotar cuidadosamente el arco) puede durar varios d\u00edas. La resina se aplica sobre las celdas del arco, y se extiende por toda la superficie que frota a la cuerda (y tambi\u00e9n es recomendable aplicar en la otra cara de las celdas). Es importante tensar el arco para que la resina llegue bien a todas las celdas, y tambi\u00e9n muy importante no tocar las celdas con las manos.<\/p>\n<p>El arco del viol\u00edn se guarda siempre destensado, con las celdas mirando hacia abajo. Para tocar no hace falta tensarlo en exceso (esto podr\u00eda provocar que diera saltitos en las cuerdas y tambi\u00e9n la deformaci\u00f3n de la vara de madera que sujeta la estructura). Se puede lavar el arco del viol\u00edn usando un trapito h\u00famedo, o usando un algod\u00f3n con alcohol.<\/p>\n<p>A parte del arco, el resto de las piezas del viol\u00edn no necesitan tanta atenci\u00f3n en cuanto al mantenimiento. Es importante mantener el viol\u00edn afinado, incluso cuando hemos dejado de tocarlo. As\u00ed las cuerdas no sufren tanto. Si tensamos y destensamos con frecuencia las cuerdas probablemente tengamos que comprarlas m\u00e1s a menudo que si intentamos mantener el viol\u00edn afinado. El mi es la cuerda m\u00e1s delgada y si se ha destensado, debido a cambios de temperatura, humedad, etc. es posible que al intentar tensarla para llegar al mi se parta la cuerda.<\/p>\n<p>El viol\u00edn es un instrumento muy delicado, y su mantenimiento no es nada trivial. Por la parte del puente se produce un polvo al tocarlo (que no es m\u00e1s que la resina que hemos aplicado al arco para que suene). No se puede evitar que se ensucie esta zona del viol\u00edn. Pero es muy recomendable quitarle el polvo con un trapo suave (que no ara\u00f1e la superficie del viol\u00edn) y un producto que no se coma la madera (como la lej\u00eda o el detergente). Yo recomiendo usar un algod\u00f3n con alcohol (alcohol met\u00edlico del que cura las heridas).<\/p>\n<p>Tambi\u00e9n las cuerdas del viol\u00edn se pueden limpiar un poco, aunque no es muy com\u00fan. Para guardar el viol\u00edn hay que retirar la almohadilla (en caso de haberla usado) y destensar el arco. Es importante hacer hincapi\u00e9 en guardar el viol\u00edn afinado, y no dejarlo muchos d\u00edas sin tocarlo. Si pasan meses, cuando vuelvas a tocarlo probablemente tengas que hacer labores de restauraci\u00f3n a tu viol\u00edn.<\/p>\n<p>Por \u00faltimo, cuando el viol\u00edn est\u00e1 ya situado dentro de la caja. Hay que tener cuidado con la caja donde va el viol\u00edn guardado, no es recomendable que sufra golpes o ca\u00eddas. Los instrumentos de cuerda son muy delicados, especialmente el viol\u00edn. Tampoco se debe colocar la caja de forma que el viol\u00edn este boca abajo. Realmente s\u00f3lo hay tres lados en los que puedes recostar la caja (y normalmente vienen indicados por las piezas met\u00e1licas que protegen la tela de la superficie de apoyo).<\/p>\n<p><img decoding=\"async\" src=\"http:\/\/whos.amung.us\/swidget\/frans185.png\" alt=\"\" \/><a href=\"http:\/\/commons.wikimedia.org\/wiki\/File:Violins_%28museum%29.jpg\"><img loading=\"lazy\" decoding=\"async\" class=\"aligncenter\" src=\"http:\/\/upload.wikimedia.org\/wikipedia\/commons\/thumb\/9\/9c\/Violins_%28museum%29.jpg\/220px-Violins_%28museum%29.jpg\" alt=\"\" width=\"220\" height=\"148\" \/><\/a><\/p>\n<p><img decoding=\"async\" src=\"http:\/\/whos.amung.us\/swidget\/frans185.png\" alt=\"\" \/><\/p>\n<p><img decoding=\"async\" src=\"http:\/\/whos.amung.us\/swidget\/frans185.png\" alt=\"\" \/><\/p>\n<p><img decoding=\"async\" src=\"http:\/\/whos.amung.us\/swidget\/frans185.png\" alt=\"\" \/><\/p>\n<p><img decoding=\"async\" src=\"http:\/\/whos.amung.us\/swidget\/frans185.png\" alt=\"\" \/><\/p>\n","protected":false},"excerpt":{"rendered":"<p>El mejor mantenimiento que se le puede hacer a un viol\u00edn es tocarlo todos los d\u00edas. Es de esta forma como el viol\u00edn no pierde su sonido con el paso del tiempo y los cambios de temperatura. La caja del viol\u00edn es muy importante, si es una buena caja, aislar\u00e1 al viol\u00edn de la temperatura [&hellip;]<\/p>\n","protected":false},"author":8432,"featured_media":0,"parent":0,"menu_order":0,"comment_status":"open","ping_status":"open","template":"","meta":{"footnotes":""},"class_list":["post-125","page","type-page","status-publish","hentry"],"_links":{"self":[{"href":"https:\/\/blog.espol.edu.ec\/gvillalba\/wp-json\/wp\/v2\/pages\/125","targetHints":{"allow":["GET"]}}],"collection":[{"href":"https:\/\/blog.espol.edu.ec\/gvillalba\/wp-json\/wp\/v2\/pages"}],"about":[{"href":"https:\/\/blog.espol.edu.ec\/gvillalba\/wp-json\/wp\/v2\/types\/page"}],"author":[{"embeddable":true,"href":"https:\/\/blog.espol.edu.ec\/gvillalba\/wp-json\/wp\/v2\/users\/8432"}],"replies":[{"embeddable":true,"href":"https:\/\/blog.espol.edu.ec\/gvillalba\/wp-json\/wp\/v2\/comments?post=125"}],"version-history":[{"count":6,"href":"https:\/\/blog.espol.edu.ec\/gvillalba\/wp-json\/wp\/v2\/pages\/125\/revisions"}],"predecessor-version":[{"id":154,"href":"https:\/\/blog.espol.edu.ec\/gvillalba\/wp-json\/wp\/v2\/pages\/125\/revisions\/154"}],"wp:attachment":[{"href":"https:\/\/blog.espol.edu.ec\/gvillalba\/wp-json\/wp\/v2\/media?parent=125"}],"curies":[{"name":"wp","href":"https:\/\/api.w.org\/{rel}","templated":true}]}}