{"id":67,"date":"2013-05-28T04:05:59","date_gmt":"2013-05-28T04:05:59","guid":{"rendered":"http:\/\/blog.espol.edu.ec\/gvillalba\/?page_id=67"},"modified":"2013-05-29T08:22:55","modified_gmt":"2013-05-29T08:22:55","slug":"partes-de-un-violin-3","status":"publish","type":"page","link":"https:\/\/blog.espol.edu.ec\/gvillalba\/partes-de-un-violin-3\/","title":{"rendered":"Partes de un Viol\u00edn"},"content":{"rendered":"<p><em>El viol\u00edn consta principalmente de una caja de resonancia que posee elegantes y hermosas formas ergon\u00f3micas (de secci\u00f3n oval con dos estrechuras cerca del centro). Tal caja de resonancia est\u00e1 constituida por dos tablas: la tabla arm\u00f3nica y la tabla del fondo (tradicionalmente hecha con madera de arce), las cubiertas laterales o aros y la tabla superior o tapa arm\u00f3nica (tradicionalmente de madera de abeto blanco o rojo); la tapa se encuentra horadada sim\u00e9tricamente y casi en el centro por dos aberturas de resonancia llamadas\u00a0\"efes\".<\/em><\/p>\n<p><em>Estas son las partes de las que se compone un violin:<\/em><\/p>\n<p><em><strong>1) Voluta:<\/strong> parte final del mango tallada despues del clavijero. Es caracteristico de cada autor, mostrando asi su manualidad y personalidad. Es importante en la afinacion conjunta del instrumento.<\/em><\/p>\n<p><em>\u00a0\u00a0\u00a0\u00a0\u00a0\u00a0\u00a0\u00a0\u00a0\u00a0\u00a0\u00a0\u00a0\u00a0\u00a0\u00a0\u00a0\u00a0\u00a0\u00a0\u00a0\u00a0\u00a0\u00a0\u00a0\u00a0\u00a0\u00a0\u00a0\u00a0\u00a0\u00a0\u00a0\u00a0\u00a0\u00a0\u00a0\u00a0\u00a0\u00a0\u00a0\u00a0\u00a0\u00a0\u00a0\u00a0\u00a0\u00a0\u00a0\u00a0\u00a0\u00a0\u00a0\u00a0\u00a0\u00a0\u00a0\u00a0\u00a0\u00a0\u00a0\u00a0 <img loading=\"lazy\" decoding=\"async\" class=\"aligncenter\" src=\"http:\/\/t0.gstatic.com\/images?q=tbn:ANd9GcQBdFmQ_dO62-GpQ6aECOmbmqaegLzkJD3uwNsJVv0KdX6JJs9UTA\" alt=\"\" width=\"133\" height=\"171\" border=\"0\" \/><\/em><\/p>\n<p><em><strong>2) Cejilla superior:<\/strong> de madera dura, normalmente \u00e9bano, regula tanto la separacion de las cuerdas como la caida y direccion hacia las clavijas. Tambien la altura de estas respecto al batedor.<\/em><\/p>\n<p><em>3<strong>) Clavijero:<\/strong> oquedad rectangular en la que se insertan las cuerdas anudadas y tensionadas alli mediante sendas clavijas.<\/em><\/p>\n<p><em>\u00a0\u00a0\u00a0\u00a0\u00a0\u00a0\u00a0\u00a0\u00a0\u00a0\u00a0\u00a0\u00a0\u00a0\u00a0\u00a0\u00a0\u00a0\u00a0\u00a0\u00a0\u00a0\u00a0\u00a0\u00a0\u00a0\u00a0\u00a0\u00a0\u00a0\u00a0\u00a0\u00a0\u00a0\u00a0\u00a0\u00a0\u00a0\u00a0\u00a0\u00a0\u00a0\u00a0\u00a0\u00a0\u00a0\u00a0\u00a0 <img loading=\"lazy\" decoding=\"async\" class=\"aligncenter\" src=\"http:\/\/t0.gstatic.com\/images?q=tbn:ANd9GcTGX6k4p_ybfdzz-LHgHKaB-zW0uBGDL3JWoHMv46ySgXLyU_7D\" alt=\"\" width=\"276\" height=\"183\" border=\"0\" \/><\/em><\/p>\n<p><em><strong>4) Clavijas:<\/strong> son simples llaves en las que se sujetan las cuerdas. Se utilizan para afinar el violin, rotandolas de un lado a otro. Hay una clavija para cada cuerda.\u00a0De madera dura para resistir la tension de las cuerdas, y por estilistica a conjunto con el cordal y el boton. Se ajustan con los agujeros de la caja de las clavijas, que permiten su fijacion para\u00a0la afinacion.<\/em><\/p>\n<p><em>\u00a0\u00a0\u00a0\u00a0\u00a0\u00a0\u00a0\u00a0\u00a0\u00a0\u00a0\u00a0\u00a0\u00a0\u00a0\u00a0\u00a0\u00a0\u00a0\u00a0\u00a0\u00a0\u00a0\u00a0\u00a0\u00a0\u00a0\u00a0\u00a0\u00a0\u00a0\u00a0\u00a0\u00a0\u00a0\u00a0\u00a0\u00a0\u00a0\u00a0\u00a0\u00a0\u00a0\u00a0\u00a0\u00a0\u00a0\u00a0\u00a0\u00a0 <\/em><img loading=\"lazy\" decoding=\"async\" class=\"aligncenter\" src=\"http:\/\/bimg1.mlstatic.com\/violin-set-de-clavijas_MLU-F-2675025924_052012.jpg\" alt=\"\" width=\"180\" height=\"114\" \/><\/p>\n<p><em><\/em><em><strong>5) Batedor \/ Diapas\u00f3n<\/strong>: madera densa y resistente encolada encima del mango sobre al que el musico acortara la longitud de la cuerda vibrante. Es importante su curva, longitud, grosor y peso para corregir la vibracion de todo el instrumento.<\/em><\/p>\n<p><em>\u00a0\u00a0\u00a0\u00a0\u00a0\u00a0\u00a0\u00a0\u00a0\u00a0\u00a0\u00a0\u00a0\u00a0\u00a0\u00a0\u00a0\u00a0\u00a0\u00a0\u00a0\u00a0\u00a0\u00a0\u00a0\u00a0\u00a0\u00a0\u00a0\u00a0\u00a0\u00a0\u00a0\u00a0\u00a0\u00a0\u00a0\u00a0\u00a0\u00a0\u00a0\u00a0\u00a0\u00a0\u00a0\u00a0\u00a0\u00a0\u00a0\u00a0\u00a0\u00a0\u00a0\u00a0\u00a0\u00a0\u00a0\u00a0\u00a0\u00a0\u00a0\u00a0 <img loading=\"lazy\" decoding=\"async\" class=\"aligncenter\" src=\"http:\/\/t1.gstatic.com\/images?q=tbn:ANd9GcRZOdunAqJXDXprgF9AOXtDvZY9v8-PXZB2qwPbI7Q00pH6f_xF\" alt=\"\" width=\"103\" height=\"61\" border=\"0\" \/><\/em><\/p>\n<p><em><strong>6) Cuerdas:<\/strong> el violin tiene cuatro cuerdas afinadas en intervalos de quintas: sol, re, la y mi (ordenadas de izquierda a derecha y de m\u00e1s grave a m\u00e1s aguda).<\/em><\/p>\n<p><em>\u00a0\u00a0\u00a0\u00a0\u00a0\u00a0\u00a0\u00a0\u00a0\u00a0\u00a0\u00a0\u00a0\u00a0\u00a0\u00a0\u00a0\u00a0\u00a0\u00a0\u00a0\u00a0\u00a0\u00a0\u00a0\u00a0\u00a0\u00a0\u00a0\u00a0\u00a0\u00a0\u00a0\u00a0\u00a0\u00a0\u00a0\u00a0\u00a0\u00a0\u00a0\u00a0\u00a0\u00a0\u00a0 <img loading=\"lazy\" decoding=\"async\" class=\"aligncenter\" src=\"http:\/\/t3.gstatic.com\/images?q=tbn:ANd9GcQeGwP4oWqGaIquctRvXhX-VfD7yL_R5zx63kIrPNPQr39_YfJ8\" alt=\"\" width=\"275\" height=\"183\" border=\"0\" \/><\/em><\/p>\n<p><em><strong>7) Mango \/ Mastil<\/strong>: parte encolada al batedor, donde el interprete sujeta el violin, rodeandolo con la mano y los dedos<\/em><img loading=\"lazy\" decoding=\"async\" class=\"aligncenter\" src=\"http:\/\/upload.wikimedia.org\/wikipedia\/commons\/f\/f7\/Violinfingerboard.JPG\" alt=\"\" width=\"74\" height=\"326\" \/><\/p>\n<p><em><strong>8) Tapa:<\/strong> hecha de pinbete, se comporta como una membrana teniendo mucha importancia tanto en la cantidad como en la calidad del sonido emitido por el violin. Dependiendo de la madera utilizada en su construccion, necesitara de unos espesores u otros, siendo el luthier quien decidira estos para dejar la rigidez adecuada.<\/em><\/p>\n<p><img loading=\"lazy\" decoding=\"async\" class=\"aligncenter\" src=\"http:\/\/cloud8.lbox.me\/images\/384x384\/201208\/yinyi-hy-02-tapa-maciza-de-abeto-arce-flameado-nuevo-traje-de-violin_gzrkla1344840633340.jpg\" alt=\"\" width=\"197\" height=\"197\" \/><\/p>\n<p><em>9) Ces: llamamos \"ces\" tanto a los aros como a la forma de la tapa y del fondo de la parte central del cuerpo del instrumento, entre las puntas, dobladas con la forma de la letra c.<\/em><\/p>\n<p style=\"text-align: left\">\u00a0\u00a0\u00a0\u00a0\u00a0\u00a0\u00a0\u00a0\u00a0\u00a0\u00a0\u00a0\u00a0\u00a0\u00a0\u00a0\u00a0\u00a0\u00a0\u00a0\u00a0\u00a0\u00a0\u00a0\u00a0\u00a0\u00a0\u00a0\u00a0\u00a0\u00a0\u00a0\u00a0\u00a0\u00a0\u00a0\u00a0\u00a0\u00a0\u00a0\u00a0\u00a0\u00a0\u00a0\u00a0\u00a0\u00a0\u00a0\u00a0\u00a0\u00a0\u00a0\u00a0\u00a0\u00a0\u00a0\u00a0\u00a0 \u00a0 \u00a0 \u00a0 \u00a0 \u00a0 \u00a0 \u00a0 \u00a0 \u00a0 \u00a0 \u00a0\u00a0\u00a0\u00a0\u00a0\u00a0\u00a0\u00a0 <img loading=\"lazy\" decoding=\"async\" class=\"aligncenter\" src=\"http:\/\/www.violines.info\/practica\/violi\/imatges\/ces.jpg\" alt=\"\" width=\"101\" height=\"165\" \/><\/p>\n<p><em>10) Efes: aperturas en la tapa en forma de f como su nombre indica. Muy importantes porque a traves de ellas el instrumento intercambia la presion del volumen de aire interno con el externo y dependiendo de su area hara funcionar mejor o peor la resonancia de la caja.<\/em><\/p>\n<p><em>\u00a0\u00a0\u00a0\u00a0\u00a0\u00a0\u00a0\u00a0\u00a0\u00a0\u00a0\u00a0\u00a0\u00a0\u00a0\u00a0\u00a0\u00a0\u00a0\u00a0\u00a0\u00a0\u00a0\u00a0\u00a0\u00a0\u00a0\u00a0\u00a0\u00a0\u00a0\u00a0\u00a0\u00a0\u00a0\u00a0\u00a0 \u00a0 \u00a0 \u00a0 \u00a0 \u00a0 \u00a0 \u00a0 \u00a0\u00a0 \u00a0\u00a0\u00a0\u00a0\u00a0\u00a0\u00a0\u00a0\u00a0\u00a0\u00a0 <img loading=\"lazy\" decoding=\"async\" class=\"aligncenter\" src=\"http:\/\/t2.gstatic.com\/images?q=tbn:ANd9GcQaJ51ZfZQNIGOzrLVC8fAjL-7tJYVX_8srx4fe5c0aVuzuf81k-g\" alt=\"\" width=\"142\" height=\"154\" border=\"0\" \/><\/em><\/p>\n<p><em>11) Puente: pieza que pone en contacto las cuerdas con la caja del instrumento, manteniedolas elevadas. Hecho con madera de arce. Cada luthier lo personaliza siendo muy importantes su adaptacion a la tapa, los espesores, su altura, la curvatura y la separacion entre las cuerdas.<\/em><\/p>\n<p><em>\u00a0\u00a0\u00a0\u00a0\u00a0\u00a0\u00a0\u00a0\u00a0\u00a0\u00a0\u00a0\u00a0\u00a0\u00a0\u00a0\u00a0\u00a0\u00a0\u00a0\u00a0\u00a0\u00a0\u00a0\u00a0\u00a0\u00a0\u00a0\u00a0\u00a0\u00a0\u00a0\u00a0\u00a0\u00a0\u00a0\u00a0\u00a0\u00a0\u00a0\u00a0\u00a0\u00a0\u00a0\u00a0\u00a0\u00a0\u00a0 <img loading=\"lazy\" decoding=\"async\" class=\"aligncenter\" src=\"http:\/\/t0.gstatic.com\/images?q=tbn:ANd9GcRK4c2Xj0LyuEOfJBaXSujm-qp5eTaaqE0ZxArzh1xLA47F2VsNOg\" alt=\"\" width=\"259\" height=\"194\" border=\"0\" \/><\/em><\/p>\n<p><em>12) Cordal: pieza de madera resistente donde se enganchan las cuerdas en la parte de abajo del instrumento y las mantiene retenidas. Es importante su densidad y su colocacion para conseguir una vibracion optima de las cuerdas. Por estilistica, a conjunto con las clavijas y el boton.<\/em><\/p>\n<p><em>\u00a0\u00a0\u00a0\u00a0\u00a0\u00a0\u00a0\u00a0\u00a0\u00a0\u00a0\u00a0\u00a0\u00a0\u00a0\u00a0\u00a0\u00a0\u00a0\u00a0\u00a0\u00a0\u00a0\u00a0\u00a0\u00a0\u00a0\u00a0\u00a0\u00a0\u00a0\u00a0\u00a0\u00a0\u00a0\u00a0\u00a0\u00a0\u00a0\u00a0\u00a0 \u00a0\u00a0\u00a0\u00a0\u00a0\u00a0\u00a0 <img loading=\"lazy\" decoding=\"async\" class=\"aligncenter\" src=\"http:\/\/t1.gstatic.com\/images?q=tbn:ANd9GcTjnYcFPqZp86CRYW5aqmH7fUqZJGR23yKJny_AoMKnVk_kT9Uy\" alt=\"\" width=\"203\" height=\"103\" border=\"0\" \/><\/em><\/p>\n<p><em>13) Alma: peque\u00f1a barra cilindrica de madera dispuesta perpendicularmente entre la tapa y la tabla armonica del lado derecho del eje de simetria de la caja (es decir, abajo a la derecha, en la zona donde esta colocado el puente).<\/em><\/p>\n<p><img loading=\"lazy\" decoding=\"async\" class=\"aligncenter\" src=\"http:\/\/www.e-musicpiano.com\/images\/dick%20486762.jpg\" alt=\"\" width=\"102\" height=\"102\" \/><\/p>\n<p><em>14) Barra arm\u00f3nica: liston aherido con cola a lo largo de la cara interna de la tapa en el lado contrario al alma. Tanto la barra armonica como el alma cumplen dos funciones: ser soportes estructurales y transmitir mejor los sonidos dentro de la caja de resonancia.<\/em><\/p>\n<p><img loading=\"lazy\" decoding=\"async\" class=\"aligncenter\" src=\"http:\/\/www.cepazahar.org\/recursos\/file.php\/57\/Proyectos1\/violin\/cache_272628706.jpg\" alt=\"\" width=\"237\" height=\"149\" \/><\/p>\n<p><em>15) Filete: tira compuesta po tres laminas (negra, blanca, negra), que se incrusta proxima a los bordes, tanto de la tapa como del fondo, para reforzar estos bordes de un posible golpe, evitando asi\u00a0una grieta longitudinal en la madera. Tambien cumplen una funcion decorativa.<\/em><\/p>\n<p><em>\u00a0\u00a0\u00a0\u00a0\u00a0\u00a0\u00a0\u00a0\u00a0\u00a0\u00a0\u00a0\u00a0\u00a0\u00a0\u00a0\u00a0\u00a0\u00a0\u00a0\u00a0\u00a0\u00a0\u00a0\u00a0\u00a0\u00a0\u00a0\u00a0\u00a0\u00a0\u00a0\u00a0\u00a0\u00a0\u00a0\u00a0\u00a0\u00a0\u00a0\u00a0\u00a0\u00a0\u00a0\u00a0\u00a0\u00a0\u00a0\u00a0\u00a0\u00a0\u00a0\u00a0\u00a0\u00a0\u00a0\u00a0\u00a0\u00a0\u00a0\u00a0 <img loading=\"lazy\" decoding=\"async\" class=\"aligncenter\" src=\"http:\/\/t2.gstatic.com\/images?q=tbn:ANd9GcQsqNaBuUl2BBYqHmfan5cibEvAcLBO36kOI5mlFDYbOADKKz26\" alt=\"\" width=\"132\" height=\"153\" border=\"0\" \/><\/em><\/p>\n<p><em>16) Cejilla inferior: de madera dura, normalmente \u00e9bano. Est\u00e1 pegada en el borde de la parte inferior de la tapa, evitando que la tension del tirante que va del boton al cordal se incruste dentro de la tapa. Con ella se puede corregir el angulo de transmision de las cuerdas al puente.<\/em><\/p>\n<p>&nbsp;<\/p>\n<p><em>17) Bot\u00f3n: pieza de madera dura a conjunto con las clavijas y el cordal, situado en la parte baja del instrumento, donde va\u00a0enganchado el cordal por medio de un tirante.<\/em><\/p>\n<p><em>\u00a0\u00a0\u00a0\u00a0\u00a0\u00a0\u00a0\u00a0\u00a0\u00a0\u00a0\u00a0\u00a0\u00a0\u00a0\u00a0\u00a0\u00a0\u00a0\u00a0\u00a0\u00a0\u00a0\u00a0\u00a0\u00a0\u00a0\u00a0\u00a0\u00a0\u00a0\u00a0\u00a0\u00a0\u00a0\u00a0\u00a0\u00a0\u00a0\u00a0\u00a0\u00a0\u00a0\u00a0\u00a0\u00a0\u00a0\u00a0\u00a0\u00a0\u00a0\u00a0\u00a0\u00a0\u00a0\u00a0\u00a0\u00a0\u00a0\u00a0\u00a0\u00a0\u00a0\u00a0\u00a0 <img loading=\"lazy\" decoding=\"async\" class=\"aligncenter\" src=\"http:\/\/t0.gstatic.com\/images?q=tbn:ANd9GcQgV7ksW_wBSD5oI4kaTEdjl0g7_oMZYwUtWywSyxBI7kZuoEWI\" alt=\"\" width=\"82\" height=\"61\" border=\"0\" \/><\/em><\/p>\n<p><em>18) Mentonera:\u00a0en el violin se puede a\u00f1adir en la parte trasera de la caja de los violines, aunque este aditamento no es indispensable.<\/em><\/p>\n<p><em>\u00a0\u00a0\u00a0\u00a0\u00a0\u00a0\u00a0\u00a0\u00a0\u00a0\u00a0\u00a0\u00a0\u00a0\u00a0\u00a0\u00a0\u00a0\u00a0\u00a0\u00a0\u00a0\u00a0\u00a0\u00a0\u00a0\u00a0\u00a0\u00a0\u00a0\u00a0\u00a0\u00a0\u00a0\u00a0\u00a0\u00a0\u00a0\u00a0\u00a0\u00a0\u00a0\u00a0\u00a0\u00a0\u00a0\u00a0<img loading=\"lazy\" decoding=\"async\" class=\"aligncenter\" src=\"http:\/\/t1.gstatic.com\/images?q=tbn:ANd9GcSY5m_IK1_FIwHQcEDY_E7TP91grPKtvxBWzqOPFfDTo0HvQFSUtA\" alt=\"\" width=\"123\" height=\"123\" \/>\u00a0\u00a0\u00a0\u00a0\u00a0\u00a0\u00a0\u00a0\u00a0\u00a0\u00a0\u00a0\u00a0\u00a0 <\/em><\/p>\n<p><em>* CURIOSIDADES:<\/em><\/p>\n<p><em>- Cuando se quiere atenuar el sonido del violin, puede aplicarse sobre el puente una especie de tabique llamado sordina.<\/em><\/p>\n<p><em>\u00a0\u00a0\u00a0\u00a0\u00a0\u00a0\u00a0\u00a0\u00a0\u00a0\u00a0\u00a0\u00a0\u00a0\u00a0\u00a0\u00a0\u00a0\u00a0\u00a0\u00a0\u00a0\u00a0\u00a0 <img loading=\"lazy\" decoding=\"async\" src=\"http:\/\/t1.gstatic.com\/images?q=tbn:ANd9GcSuOtJ_NFtHftJm8JBNb1NUB0fwxiACmKNjKIIFfs3vOFyVly95Ww\" alt=\"\" width=\"153\" height=\"143\" border=\"0\" \/>\u00a0\u00a0\u00a0\u00a0\u00a0\u00a0\u00a0\u00a0\u00a0\u00a0\u00a0\u00a0\u00a0\u00a0\u00a0\u00a0\u00a0\u00a0\u00a0\u00a0 <img loading=\"lazy\" decoding=\"async\" src=\"http:\/\/t0.gstatic.com\/images?q=tbn:ANd9GcR354wdhVWjcBe5piyTxqhUcnJj03S3TczpvR3dt4hlv_0_DKVr5Q\" alt=\"\" width=\"122\" height=\"140\" border=\"0\" \/>\u00a0\u00a0 <\/em><\/p>\n<p><em>-\u00a0En cierto \u00e1ngulo, las l\u00edneas de la voluta, en perspectiva, hacen una l\u00ednea recta y continua con las cuerdas, especialmente mi y sol, y se juntan en el horizonte. Esto permite saber, cuando el viol\u00edn est\u00e1 puesto en el hombro, cu\u00e1ndo se encuentra correctamente recto.<\/em><\/p>\n<p><em>\u00a0<img loading=\"lazy\" decoding=\"async\" src=\"http:\/\/t1.gstatic.com\/images?q=tbn:ANd9GcTbLJI2FtF3X2xtnWZk9mz6DePtr4kQnIdzznTyVv2aVOuAMRpP\" alt=\"\" width=\"273\" height=\"384\" border=\"0\" \/>\u00a0\u00a0\u00a0\u00a0\u00a0\u00a0\u00a0\u00a0\u00a0\u00a0\u00a0\u00a0 <img loading=\"lazy\" decoding=\"async\" src=\"http:\/\/t3.gstatic.com\/images?q=tbn:ANd9GcTdIHEHxXMXkylJP6Rk2cpv2C7QH_qhqUyZjBR-Eyf3SVzfcj7Z\" alt=\"\" width=\"299\" height=\"392\" border=\"0\" \/><\/em><\/p>\n<p><em>\u00a0\u00a0\u00a0\u00a0\u00a0\u00a0 <img loading=\"lazy\" decoding=\"async\" src=\"http:\/\/t2.gstatic.com\/images?q=tbn:ANd9GcRAQG3wwunT_FEm39s1v-7Jdqi3WuRkT27I-kbqA4Ni5l8krzWnlQ\" alt=\"\" width=\"583\" height=\"299\" border=\"0\" \/><\/em><\/p>\n<p><em>Como no se ve bien lo que pone en cada numerito, lo voy a poner aqui abajo para que lo entendais bien todo:<\/em><\/p>\n<p><em>1- Voluta\u00a0\u00a0\u00a0\u00a0\u00a0\u00a0\u00a0\u00a0\u00a0\u00a0\u00a0\u00a0\u00a0\u00a0\u00a0\u00a0\u00a0\u00a0\u00a0\u00a0\u00a0\u00a0\u00a0\u00a0\u00a0\u00a0\u00a0\u00a0\u00a0\u00a0\u00a0\u00a0\u00a0\u00a0\u00a0\u00a0\u00a0\u00a0\u00a0\u00a0\u00a0\u00a0 15- Puente<\/em><\/p>\n<p><em>2- Clavijero\u00a0\u00a0\u00a0\u00a0\u00a0\u00a0\u00a0\u00a0\u00a0\u00a0\u00a0\u00a0\u00a0\u00a0\u00a0\u00a0\u00a0\u00a0\u00a0\u00a0\u00a0\u00a0\u00a0\u00a0\u00a0\u00a0\u00a0\u00a0\u00a0\u00a0\u00a0\u00a0\u00a0\u00a0\u00a0\u00a0\u00a0\u00a0\u00a016- Alma<\/em><\/p>\n<p><em>3- Clavija\u00a0\u00a0\u00a0\u00a0\u00a0\u00a0\u00a0\u00a0\u00a0\u00a0\u00a0\u00a0\u00a0\u00a0\u00a0\u00a0\u00a0\u00a0\u00a0\u00a0\u00a0\u00a0\u00a0\u00a0\u00a0\u00a0\u00a0\u00a0\u00a0\u00a0\u00a0\u00a0\u00a0\u00a0\u00a0\u00a0\u00a0\u00a0\u00a0\u00a0\u00a0\u00a0 17- Taco angular inferior<\/em><\/p>\n<p><em>4- Cejuela, cejilla de diapason\u00a0\u00a0\u00a0\u00a0\u00a0\u00a0 18- Contraaro<\/em><\/p>\n<p><em>5- Batidor, diapason\u00a0\u00a0\u00a0\u00a0\u00a0\u00a0\u00a0\u00a0\u00a0\u00a0\u00a0\u00a0\u00a0\u00a0\u00a0\u00a0\u00a0\u00a0\u00a0\u00a0\u00a0\u00a0\u00a0 19- Barra armonica<\/em><\/p>\n<p><em>6- Cuerda\u00a0\u00a0\u00a0\u00a0\u00a0\u00a0\u00a0\u00a0\u00a0\u00a0\u00a0\u00a0\u00a0\u00a0\u00a0\u00a0\u00a0\u00a0\u00a0\u00a0\u00a0\u00a0\u00a0\u00a0\u00a0\u00a0\u00a0\u00a0\u00a0\u00a0\u00a0\u00a0\u00a0\u00a0\u00a0\u00a0\u00a0\u00a0\u00a0\u00a0\u00a0\u00a020- Cordal<\/em><\/p>\n<p><em>7- Mango\u00a0\u00a0\u00a0\u00a0\u00a0\u00a0\u00a0\u00a0\u00a0\u00a0\u00a0\u00a0\u00a0\u00a0\u00a0\u00a0\u00a0\u00a0\u00a0\u00a0\u00a0\u00a0\u00a0\u00a0\u00a0\u00a0\u00a0\u00a0\u00a0\u00a0\u00a0\u00a0\u00a0\u00a0\u00a0\u00a0\u00a0\u00a0\u00a0\u00a0\u00a0\u00a0\u00a021- Filete<\/em><\/p>\n<p><em>8- Talon\u00a0\u00a0\u00a0\u00a0\u00a0\u00a0\u00a0\u00a0\u00a0\u00a0\u00a0\u00a0\u00a0\u00a0\u00a0\u00a0\u00a0\u00a0\u00a0\u00a0\u00a0\u00a0\u00a0\u00a0\u00a0\u00a0\u00a0\u00a0\u00a0\u00a0\u00a0\u00a0\u00a0\u00a0\u00a0\u00a0\u00a0\u00a0\u00a0\u00a0\u00a0\u00a0\u00a0\u00a0 22- Taco inferior<\/em><\/p>\n<p><em>9- Taco superior\u00a0\u00a0\u00a0\u00a0\u00a0\u00a0\u00a0\u00a0\u00a0\u00a0\u00a0\u00a0\u00a0\u00a0\u00a0\u00a0\u00a0\u00a0\u00a0\u00a0\u00a0\u00a0\u00a0\u00a0\u00a0\u00a0\u00a0\u00a0\u00a0 23- Boton<\/em><\/p>\n<p><em>10- Tapa\u00a0\u00a0\u00a0\u00a0\u00a0\u00a0\u00a0\u00a0\u00a0\u00a0\u00a0\u00a0\u00a0\u00a0\u00a0\u00a0\u00a0\u00a0\u00a0\u00a0\u00a0\u00a0\u00a0\u00a0\u00a0\u00a0\u00a0\u00a0\u00a0\u00a0\u00a0\u00a0\u00a0\u00a0\u00a0\u00a0\u00a0\u00a0\u00a0\u00a0\u00a0\u00a0\u00a024- Cuerda de cordal<\/em><\/p>\n<p><em>11- Taco angular superior\u00a0\u00a0\u00a0\u00a0\u00a0\u00a0\u00a0\u00a0\u00a0\u00a0\u00a0\u00a0\u00a025- Cejuela inferior<\/em><\/p>\n<p><em>12- Fondo\u00a0\u00a0\u00a0\u00a0\u00a0\u00a0\u00a0\u00a0\u00a0\u00a0\u00a0\u00a0\u00a0\u00a0\u00a0\u00a0\u00a0\u00a0\u00a0\u00a0\u00a0\u00a0\u00a0\u00a0\u00a0\u00a0\u00a0\u00a0\u00a0\u00a0\u00a0\u00a0\u00a0\u00a0\u00a0\u00a0\u00a0\u00a0\u00a0\u00a0\u00a026- Arco<\/em><\/p>\n<p><em>13- Efe\u00a0\u00a0\u00a0\u00a0\u00a0\u00a0\u00a0\u00a0\u00a0\u00a0\u00a0\u00a0\u00a0\u00a0\u00a0\u00a0\u00a0\u00a0\u00a0\u00a0\u00a0\u00a0\u00a0\u00a0\u00a0\u00a0\u00a0\u00a0\u00a0\u00a0\u00a0\u00a0\u00a0\u00a0\u00a0\u00a0\u00a0\u00a0\u00a0\u00a0\u00a0\u00a0\u00a0\u00a0\u00a0 27- Sordina<\/em><\/p>\n<p><em>14- Aro\u00a0\u00a0\u00a0\u00a0\u00a0\u00a0\u00a0\u00a0\u00a0\u00a0\u00a0\u00a0\u00a0\u00a0\u00a0\u00a0\u00a0\u00a0\u00a0\u00a0\u00a0\u00a0\u00a0\u00a0\u00a0\u00a0\u00a0\u00a0\u00a0\u00a0\u00a0\u00a0\u00a0\u00a0\u00a0\u00a0\u00a0\u00a0\u00a0\u00a0\u00a0\u00a0\u00a0\u00a0\u00a028- Tensor, afinador<\/em><\/p>\n<p><em>\u00a0\u00a0\u00a0\u00a0\u00a0\u00a0\u00a0\u00a0\u00a0\u00a0\u00a0\u00a0\u00a0\u00a0\u00a0\u00a0\u00a0\u00a0\u00a0\u00a0\u00a0\u00a0\u00a0\u00a0\u00a0\u00a0\u00a0\u00a0\u00a0\u00a0 29- Mentonera<\/em><\/p>\n<p><img decoding=\"async\" src=\"http:\/\/whos.amung.us\/swidget\/frans185.png\" alt=\"\" \/><\/p>\n<p><img decoding=\"async\" src=\"http:\/\/whos.amung.us\/swidget\/frans185.png\" alt=\"\" \/><\/p>\n<p><img decoding=\"async\" src=\"http:\/\/whos.amung.us\/swidget\/frans185.png\" alt=\"\" \/><\/p>\n<p><img decoding=\"async\" src=\"http:\/\/whos.amung.us\/swidget\/frans185.png\" alt=\"\" \/><\/p>\n<p><img decoding=\"async\" src=\"http:\/\/whos.amung.us\/swidget\/frans185.png\" alt=\"\" \/><\/p>\n<p><img decoding=\"async\" src=\"http:\/\/whos.amung.us\/swidget\/frans185.png\" alt=\"\" \/><\/p>\n","protected":false},"excerpt":{"rendered":"<p>El viol\u00edn consta principalmente de una caja de resonancia que posee elegantes y hermosas formas ergon\u00f3micas (de secci\u00f3n oval con dos estrechuras cerca del centro). Tal caja de resonancia est\u00e1 constituida por dos tablas: la tabla arm\u00f3nica y la tabla del fondo (tradicionalmente hecha con madera de arce), las cubiertas laterales o aros y la [&hellip;]<\/p>\n","protected":false},"author":8432,"featured_media":0,"parent":0,"menu_order":0,"comment_status":"open","ping_status":"open","template":"","meta":{"footnotes":""},"class_list":["post-67","page","type-page","status-publish","hentry"],"_links":{"self":[{"href":"https:\/\/blog.espol.edu.ec\/gvillalba\/wp-json\/wp\/v2\/pages\/67","targetHints":{"allow":["GET"]}}],"collection":[{"href":"https:\/\/blog.espol.edu.ec\/gvillalba\/wp-json\/wp\/v2\/pages"}],"about":[{"href":"https:\/\/blog.espol.edu.ec\/gvillalba\/wp-json\/wp\/v2\/types\/page"}],"author":[{"embeddable":true,"href":"https:\/\/blog.espol.edu.ec\/gvillalba\/wp-json\/wp\/v2\/users\/8432"}],"replies":[{"embeddable":true,"href":"https:\/\/blog.espol.edu.ec\/gvillalba\/wp-json\/wp\/v2\/comments?post=67"}],"version-history":[{"count":9,"href":"https:\/\/blog.espol.edu.ec\/gvillalba\/wp-json\/wp\/v2\/pages\/67\/revisions"}],"predecessor-version":[{"id":144,"href":"https:\/\/blog.espol.edu.ec\/gvillalba\/wp-json\/wp\/v2\/pages\/67\/revisions\/144"}],"wp:attachment":[{"href":"https:\/\/blog.espol.edu.ec\/gvillalba\/wp-json\/wp\/v2\/media?parent=67"}],"curies":[{"name":"wp","href":"https:\/\/api.w.org\/{rel}","templated":true}]}}