{"id":200,"date":"2009-11-22T11:51:20","date_gmt":"2009-11-22T16:51:20","guid":{"rendered":"http:\/\/blog.espol.edu.ec\/hacarrio\/?page_id=200"},"modified":"2009-11-22T11:54:11","modified_gmt":"2009-11-22T16:54:11","slug":"graduacion","status":"publish","type":"page","link":"https:\/\/blog.espol.edu.ec\/hacarrio\/graduacion\/","title":{"rendered":"GRADUACI\u00d3N"},"content":{"rendered":"<p>hernan_cristorey_@1593578246\u00f1lkjhgfdsaqwertyuyiop<a href=\"http:\/\/www.flickr.com\/photos\/44867191@N04\/4125185990\/\" title=\"DSC03897\" class=\"flickr-image alignnone\"><img decoding=\"async\" src=\"http:\/\/farm3.static.flickr.com\/2486\/4125185990_9f2bb1b2de.jpg\" alt=\"DSC03897\" class=\"\" \/><\/a><\/p>\n<p>hernan_cristorey_@1593578246\u00f1lkjhgfdsaqwertyuyiop<a href=\"http:\/\/www.flickr.com\/photos\/44867191@N04\/4124422641\/\" title=\"DSC03899\" class=\"flickr-image alignnone\"><img decoding=\"async\" src=\"http:\/\/farm3.static.flickr.com\/2798\/4124422641_b507f57a20.jpg\" alt=\"DSC03899\" class=\"\" \/><\/a><\/p>\n<p>hernan_cristorey_@1593578246\u00f1lkjhgfdsaqwertyuyiop<a href=\"http:\/\/www.flickr.com\/photos\/44867191@N04\/4125179606\/\" title=\"DSC03894\" class=\"flickr-image alignnone\"><img decoding=\"async\" src=\"http:\/\/farm3.static.flickr.com\/2737\/4125179606_656c837841.jpg\" alt=\"DSC03894\" class=\"\" \/><\/a><\/p>\n<p>hernan_cristorey_@1593578246\u00f1lkjhgfdsaqwertyuyiop<a href=\"http:\/\/www.flickr.com\/photos\/44867191@N04\/4124406695\/\" title=\"DSC03893\" class=\"flickr-image alignnone\"><img decoding=\"async\" src=\"http:\/\/farm3.static.flickr.com\/2518\/4124406695_ae1467e768.jpg\" alt=\"DSC03893\" class=\"\" \/><\/a><\/p>\n","protected":false},"excerpt":{"rendered":"<p>hernan_cristorey_@1593578246\u00f1lkjhgfdsaqwertyuyiop hernan_cristorey_@1593578246\u00f1lkjhgfdsaqwertyuyiop hernan_cristorey_@1593578246\u00f1lkjhgfdsaqwertyuyiop hernan_cristorey_@1593578246\u00f1lkjhgfdsaqwertyuyiop<\/p>\n","protected":false},"author":3017,"featured_media":0,"parent":0,"menu_order":0,"comment_status":"open","ping_status":"open","template":"","meta":{"footnotes":""},"class_list":["post-200","page","type-page","status-publish","hentry"],"_links":{"self":[{"href":"https:\/\/blog.espol.edu.ec\/hacarrio\/wp-json\/wp\/v2\/pages\/200","targetHints":{"allow":["GET"]}}],"collection":[{"href":"https:\/\/blog.espol.edu.ec\/hacarrio\/wp-json\/wp\/v2\/pages"}],"about":[{"href":"https:\/\/blog.espol.edu.ec\/hacarrio\/wp-json\/wp\/v2\/types\/page"}],"author":[{"embeddable":true,"href":"https:\/\/blog.espol.edu.ec\/hacarrio\/wp-json\/wp\/v2\/users\/3017"}],"replies":[{"embeddable":true,"href":"https:\/\/blog.espol.edu.ec\/hacarrio\/wp-json\/wp\/v2\/comments?post=200"}],"version-history":[{"count":3,"href":"https:\/\/blog.espol.edu.ec\/hacarrio\/wp-json\/wp\/v2\/pages\/200\/revisions"}],"predecessor-version":[{"id":203,"href":"https:\/\/blog.espol.edu.ec\/hacarrio\/wp-json\/wp\/v2\/pages\/200\/revisions\/203"}],"wp:attachment":[{"href":"https:\/\/blog.espol.edu.ec\/hacarrio\/wp-json\/wp\/v2\/media?parent=200"}],"curies":[{"name":"wp","href":"https:\/\/api.w.org\/{rel}","templated":true}]}}